{"id":21265,"date":"2023-12-28T14:21:08","date_gmt":"2023-12-28T13:21:08","guid":{"rendered":"https:\/\/store.nox-xtreme.com\/?post_type=product&#038;p=21265"},"modified":"2026-03-04T12:25:20","modified_gmt":"2026-03-04T11:25:20","slug":"hummer-easy-link-simple-white","status":"publish","type":"product","link":"https:\/\/store.nox-xtreme.com\/pt-pt\/producto\/hummer-easy-link-simple-white\/","title":{"rendered":"EASY LINK WHITE"},"content":{"rendered":"<p>Nox Hummer Easy Link \u00e9 um conjunto de ventoinhas que possui a mais alta tecnologia de conex\u00e3o para deixar o interior do seu chassi livre de cabos. Consiste em 3 ventoinhas LED ARGB de 120 mm ultrassilenciosas com PWM.<\/p>\n<h3>Liga\u00e7\u00e3o sem fios<\/h3>\n<p>Dispon\u00edvel em duas cores, preto e branco, este <strong>Kit de 3 ventoinhas ARGB<\/strong> incorpora uma tecnologia inovadora que permite a sua liga\u00e7\u00e3o entre si, <strong>sem necessidade de qualquer tipo de cabos<\/strong>, permitindo criar o ambiente mais limpo poss\u00edvel.<\/p>\n<h3>\u00d3timo fluxo de ar<\/h3>\n<p>Ultra-silencioso. Com o pacote de 3 ventoinhas Hummer Easy Link de 120mm, vai triplicar a ventila\u00e7\u00e3o do seu equipamento, j\u00e1 que elas atingem uma velocidade de at\u00e9 1500 RPM.<\/p>\n<p>Gra\u00e7as \u00e0 sua conex\u00e3o sem fio, poder\u00e1 junt\u00e1-las da maneira mais eficiente para a sua configura\u00e7\u00e3o, permitindo a refrigera\u00e7\u00e3o perfeita para o seu PC, ajustando assim o fluxo de ar necess\u00e1rio para manter sempre a temperatura adequada.<\/p>\n<p>Al\u00e9m disso, Hummer Easy Link, <strong>possui controlo PWM<\/strong> para se adaptar \u00e0s necessidades do seu PC em todos os momentos, criando a rela\u00e7\u00e3o perfeita entre desempenho e efici\u00eancia.<\/p>\n<h3>Ilumina\u00e7\u00e3o e design<\/h3>\n<p>Crie diferentes ambientes e sincronize as cores com o resto do seu equipamento, multiplicando por tr\u00eas o seu design inovador e a sua <strong>ilumina\u00e7\u00e3o ARGB LED<\/strong>.<\/p>\n<p>Com um design espetacular, para alcan\u00e7ar a m\u00e1xima estabilidade, cada ventoinha possui <strong>4 almofadas de borracha anti vibra\u00e7\u00e3o que amortecem o ru\u00eddo<\/strong>, para que possa maximizar a refrigera\u00e7\u00e3o mantendo o m\u00e1ximo sil\u00eancio.<\/p>\n<h3>ARGB<\/h3>\n<p>Com o Nox Hummer Easy Link, ele reflete seu estilo de jogo, podendo sincroniz\u00e1-lo com o restante dos elementos de sua configura\u00e7\u00e3o. Personalize de maneira \u00fanica, para se diferenciar ainda mais de seus rivais.<\/p>\n<h3>Instala\u00e7\u00e3o f\u00e1cil<\/h3>\n<p>Gra\u00e7as ao fato de incorporar a mais recente tecnologia de conex\u00e3o sem fio, Nox Hummer Easy Link \u00e9 confort\u00e1vel, simples e f\u00e1cil de instalar.<\/p>\n","protected":false},"excerpt":{"rendered":"<ul>\n<li>Conjunto de 3 ventoinhas LED ARGB com PWM<\/li>\n<li>Sistema de conex\u00e3o sem cabos entre ventoinhas<\/li>\n<li>9 l\u00e2minas transl\u00facidas<\/li>\n<li>Ultra silencioso com almofadas de borracha anti vibra\u00e7\u00e3o<\/li>\n<li>Tamanho \u00fanico: 120x120mm<\/li>\n<\/ul>\n","protected":false},"featured_media":21277,"comment_status":"closed","ping_status":"closed","template":"","meta":{"inline_featured_image":false},"product_brand":[],"product_cat":[178],"product_tag":[],"class_list":{"0":"post-21265","1":"product","2":"type-product","3":"status-publish","4":"has-post-thumbnail","6":"product_cat-refrigeracion-pt-pt","8":"first","9":"instock","10":"taxable","11":"shipping-taxable","12":"purchasable","13":"product-type-variable"},"yoast_head":"<!-- This site is optimized with the Yoast SEO plugin v26.7 - https:\/\/yoast.com\/wordpress\/plugins\/seo\/ -->\n<title>EASY LINK WHITE - Nox-Xtreme<\/title>\n<meta name=\"robots\" content=\"index, follow, max-snippet:-1, max-image-preview:large, max-video-preview:-1\" \/>\n<link rel=\"canonical\" href=\"https:\/\/store.nox-xtreme.com\/pt-pt\/producto\/hummer-easy-link-simple-white\/\" \/>\n<meta property=\"og:locale\" content=\"pt_PT\" \/>\n<meta property=\"og:type\" content=\"article\" \/>\n<meta property=\"og:title\" content=\"EASY LINK WHITE - Nox-Xtreme\" \/>\n<meta property=\"og:description\" content=\"Conjunto de 3 ventoinhas LED ARGB com PWMSistema de conex\u00e3o sem cabos entre ventoinhas9 l\u00e2minas transl\u00facidasUltra silencioso com almofadas de borracha anti vibra\u00e7\u00e3oTamanho \u00fanico: 120x120mm\" \/>\n<meta property=\"og:url\" content=\"https:\/\/store.nox-xtreme.com\/pt-pt\/producto\/hummer-easy-link-simple-white\/\" \/>\n<meta property=\"og:site_name\" content=\"Nox-Xtreme\" \/>\n<meta property=\"article:modified_time\" content=\"2026-03-04T11:25:20+00:00\" \/>\n<meta property=\"og:image\" content=\"https:\/\/store.nox-xtreme.com\/wp-content\/uploads\/sites\/2\/2023\/12\/hummer_easy_link_white_front.jpg\" \/>\n\t<meta property=\"og:image:width\" content=\"1049\" \/>\n\t<meta property=\"og:image:height\" content=\"1300\" \/>\n\t<meta property=\"og:image:type\" content=\"image\/jpeg\" \/>\n<meta name=\"twitter:card\" content=\"summary_large_image\" \/>\n<meta name=\"twitter:label1\" content=\"Tempo estimado de leitura\" \/>\n\t<meta name=\"twitter:data1\" content=\"2 minutos\" \/>\n<script type=\"application\/ld+json\" class=\"yoast-schema-graph\">{\"@context\":\"https:\/\/schema.org\",\"@graph\":[{\"@type\":\"WebPage\",\"@id\":\"https:\/\/store.nox-xtreme.com\/pt-pt\/producto\/hummer-easy-link-simple-white\/\",\"url\":\"https:\/\/store.nox-xtreme.com\/pt-pt\/producto\/hummer-easy-link-simple-white\/\",\"name\":\"EASY LINK WHITE - Nox-Xtreme\",\"isPartOf\":{\"@id\":\"https:\/\/store.nox-xtreme.com\/#website\"},\"primaryImageOfPage\":{\"@id\":\"https:\/\/store.nox-xtreme.com\/pt-pt\/producto\/hummer-easy-link-simple-white\/#primaryimage\"},\"image\":{\"@id\":\"https:\/\/store.nox-xtreme.com\/pt-pt\/producto\/hummer-easy-link-simple-white\/#primaryimage\"},\"thumbnailUrl\":\"https:\/\/store.nox-xtreme.com\/wp-content\/uploads\/sites\/2\/2023\/12\/hummer_easy_link_white_front.jpg\",\"datePublished\":\"2023-12-28T13:21:08+00:00\",\"dateModified\":\"2026-03-04T11:25:20+00:00\",\"breadcrumb\":{\"@id\":\"https:\/\/store.nox-xtreme.com\/pt-pt\/producto\/hummer-easy-link-simple-white\/#breadcrumb\"},\"inLanguage\":\"pt-PT\",\"potentialAction\":[{\"@type\":\"ReadAction\",\"target\":[\"https:\/\/store.nox-xtreme.com\/pt-pt\/producto\/hummer-easy-link-simple-white\/\"]}]},{\"@type\":\"ImageObject\",\"inLanguage\":\"pt-PT\",\"@id\":\"https:\/\/store.nox-xtreme.com\/pt-pt\/producto\/hummer-easy-link-simple-white\/#primaryimage\",\"url\":\"https:\/\/store.nox-xtreme.com\/wp-content\/uploads\/sites\/2\/2023\/12\/hummer_easy_link_white_front.jpg\",\"contentUrl\":\"https:\/\/store.nox-xtreme.com\/wp-content\/uploads\/sites\/2\/2023\/12\/hummer_easy_link_white_front.jpg\",\"width\":1049,\"height\":1300},{\"@type\":\"BreadcrumbList\",\"@id\":\"https:\/\/store.nox-xtreme.com\/pt-pt\/producto\/hummer-easy-link-simple-white\/#breadcrumb\",\"itemListElement\":[{\"@type\":\"ListItem\",\"position\":1,\"name\":\"Portada\",\"item\":\"https:\/\/store.nox-xtreme.com\/pt-pt\/\"},{\"@type\":\"ListItem\",\"position\":2,\"name\":\"Productos\",\"item\":\"https:\/\/store.nox-xtreme.com\/shop\/\"},{\"@type\":\"ListItem\",\"position\":3,\"name\":\"EASY LINK WHITE\"}]},{\"@type\":\"WebSite\",\"@id\":\"https:\/\/store.nox-xtreme.com\/#website\",\"url\":\"https:\/\/store.nox-xtreme.com\/\",\"name\":\"Nox-Xtreme\",\"description\":\"Boosting You Performance\",\"potentialAction\":[{\"@type\":\"SearchAction\",\"target\":{\"@type\":\"EntryPoint\",\"urlTemplate\":\"https:\/\/store.nox-xtreme.com\/?s={search_term_string}\"},\"query-input\":{\"@type\":\"PropertyValueSpecification\",\"valueRequired\":true,\"valueName\":\"search_term_string\"}}],\"inLanguage\":\"pt-PT\"}]}<\/script>\n<!-- \/ Yoast SEO plugin. -->","yoast_head_json":{"title":"EASY LINK WHITE - Nox-Xtreme","robots":{"index":"index","follow":"follow","max-snippet":"max-snippet:-1","max-image-preview":"max-image-preview:large","max-video-preview":"max-video-preview:-1"},"canonical":"https:\/\/store.nox-xtreme.com\/pt-pt\/producto\/hummer-easy-link-simple-white\/","og_locale":"pt_PT","og_type":"article","og_title":"EASY LINK WHITE - Nox-Xtreme","og_description":"Conjunto de 3 ventoinhas LED ARGB com PWMSistema de conex\u00e3o sem cabos entre ventoinhas9 l\u00e2minas transl\u00facidasUltra silencioso com almofadas de borracha anti vibra\u00e7\u00e3oTamanho \u00fanico: 120x120mm","og_url":"https:\/\/store.nox-xtreme.com\/pt-pt\/producto\/hummer-easy-link-simple-white\/","og_site_name":"Nox-Xtreme","article_modified_time":"2026-03-04T11:25:20+00:00","og_image":[{"width":1049,"height":1300,"url":"https:\/\/store.nox-xtreme.com\/wp-content\/uploads\/sites\/2\/2023\/12\/hummer_easy_link_white_front.jpg","type":"image\/jpeg"}],"twitter_card":"summary_large_image","twitter_misc":{"Tempo estimado de leitura":"2 minutos"},"schema":{"@context":"https:\/\/schema.org","@graph":[{"@type":"WebPage","@id":"https:\/\/store.nox-xtreme.com\/pt-pt\/producto\/hummer-easy-link-simple-white\/","url":"https:\/\/store.nox-xtreme.com\/pt-pt\/producto\/hummer-easy-link-simple-white\/","name":"EASY LINK WHITE - Nox-Xtreme","isPartOf":{"@id":"https:\/\/store.nox-xtreme.com\/#website"},"primaryImageOfPage":{"@id":"https:\/\/store.nox-xtreme.com\/pt-pt\/producto\/hummer-easy-link-simple-white\/#primaryimage"},"image":{"@id":"https:\/\/store.nox-xtreme.com\/pt-pt\/producto\/hummer-easy-link-simple-white\/#primaryimage"},"thumbnailUrl":"https:\/\/store.nox-xtreme.com\/wp-content\/uploads\/sites\/2\/2023\/12\/hummer_easy_link_white_front.jpg","datePublished":"2023-12-28T13:21:08+00:00","dateModified":"2026-03-04T11:25:20+00:00","breadcrumb":{"@id":"https:\/\/store.nox-xtreme.com\/pt-pt\/producto\/hummer-easy-link-simple-white\/#breadcrumb"},"inLanguage":"pt-PT","potentialAction":[{"@type":"ReadAction","target":["https:\/\/store.nox-xtreme.com\/pt-pt\/producto\/hummer-easy-link-simple-white\/"]}]},{"@type":"ImageObject","inLanguage":"pt-PT","@id":"https:\/\/store.nox-xtreme.com\/pt-pt\/producto\/hummer-easy-link-simple-white\/#primaryimage","url":"https:\/\/store.nox-xtreme.com\/wp-content\/uploads\/sites\/2\/2023\/12\/hummer_easy_link_white_front.jpg","contentUrl":"https:\/\/store.nox-xtreme.com\/wp-content\/uploads\/sites\/2\/2023\/12\/hummer_easy_link_white_front.jpg","width":1049,"height":1300},{"@type":"BreadcrumbList","@id":"https:\/\/store.nox-xtreme.com\/pt-pt\/producto\/hummer-easy-link-simple-white\/#breadcrumb","itemListElement":[{"@type":"ListItem","position":1,"name":"Portada","item":"https:\/\/store.nox-xtreme.com\/pt-pt\/"},{"@type":"ListItem","position":2,"name":"Productos","item":"https:\/\/store.nox-xtreme.com\/shop\/"},{"@type":"ListItem","position":3,"name":"EASY LINK WHITE"}]},{"@type":"WebSite","@id":"https:\/\/store.nox-xtreme.com\/#website","url":"https:\/\/store.nox-xtreme.com\/","name":"Nox-Xtreme","description":"Boosting You Performance","potentialAction":[{"@type":"SearchAction","target":{"@type":"EntryPoint","urlTemplate":"https:\/\/store.nox-xtreme.com\/?s={search_term_string}"},"query-input":{"@type":"PropertyValueSpecification","valueRequired":true,"valueName":"search_term_string"}}],"inLanguage":"pt-PT"}]}},"_links":{"self":[{"href":"https:\/\/store.nox-xtreme.com\/pt-pt\/wp-json\/wp\/v2\/product\/21265","targetHints":{"allow":["GET"]}}],"collection":[{"href":"https:\/\/store.nox-xtreme.com\/pt-pt\/wp-json\/wp\/v2\/product"}],"about":[{"href":"https:\/\/store.nox-xtreme.com\/pt-pt\/wp-json\/wp\/v2\/types\/product"}],"replies":[{"embeddable":true,"href":"https:\/\/store.nox-xtreme.com\/pt-pt\/wp-json\/wp\/v2\/comments?post=21265"}],"wp:featuredmedia":[{"embeddable":true,"href":"https:\/\/store.nox-xtreme.com\/pt-pt\/wp-json\/wp\/v2\/media\/21277"}],"wp:attachment":[{"href":"https:\/\/store.nox-xtreme.com\/pt-pt\/wp-json\/wp\/v2\/media?parent=21265"}],"wp:term":[{"taxonomy":"product_brand","embeddable":true,"href":"https:\/\/store.nox-xtreme.com\/pt-pt\/wp-json\/wp\/v2\/product_brand?post=21265"},{"taxonomy":"product_cat","embeddable":true,"href":"https:\/\/store.nox-xtreme.com\/pt-pt\/wp-json\/wp\/v2\/product_cat?post=21265"},{"taxonomy":"product_tag","embeddable":true,"href":"https:\/\/store.nox-xtreme.com\/pt-pt\/wp-json\/wp\/v2\/product_tag?post=21265"}],"curies":[{"name":"wp","href":"https:\/\/api.w.org\/{rel}","templated":true}]}}