{"id":21042,"date":"2023-12-12T09:57:02","date_gmt":"2023-12-12T08:57:02","guid":{"rendered":"https:\/\/store.nox-xtreme.com\/?post_type=product&#038;p=21042"},"modified":"2026-03-04T12:23:43","modified_gmt":"2026-03-04T11:23:43","slug":"hummer-vision-white","status":"publish","type":"product","link":"https:\/\/store.nox-xtreme.com\/pt-pt\/producto\/hummer-vision-white\/","title":{"rendered":"Hummer Vision White"},"content":{"rendered":"<h3>Hummer VISION<\/h3>\n<p>Nox Hummer Vision es una semitorre elegante con un impactante dise\u00f1o minimal que ofrece unas vistas panor\u00e1micas a su interior. Con doble cristal templado, este chasis es una obra de arte. Esta caja de acero es compatible con gr\u00e1ficas de gran tama\u00f1o, de hasta 300 mm, y sistemas de refrigeraci\u00f3n l\u00edquida de hasta 240 mm. Adem\u00e1s, cuenta con capacidad para montar hasta un total de 5 ventiladores. Esta semitorre de Nox, ha sido pensada para sofisticar tu setup.<\/p>\n<h3>Elegancia y sofistificaci\u00f3n<\/h3>\n<p>Disponible en dos colores, blanco o negro, la cautivadora est\u00e9tica de la Nox Hummer Vision presenta un dise\u00f1o minimalista. Creada para experimentar un espect\u00e1culo visual de m\u00e1ximo nivel con su doble cristal templado, uno en su frontal y otro en el lateral, creando una gran ventana por la cu\u00e1l asomarte al interior de tu configuraci\u00f3n.<\/p>\n<p>Construido en acero s\u00f3lido de 0,55 mm, posee acabados excelentes gracias a materiales de alta calidad, que contribuye a protegerla de ara\u00f1azos o golpes. Las patas de la Hummer Vision cuentan con una base de goma para evitar las molestas vibraciones.<\/p>\n<p>As\u00ed mismo, cuenta con un filtro antipolvo extra\u00edble en la parte superior que facilita la limpieza, ayudando a un mantenimiento superior de los componentes. Adem\u00e1s, incluye un excelente sistema de cableado que favorece un f\u00e1cil montaje.<\/p>\n<h3>Alzate con la victoria<\/h3>\n<p>Con esta caja de Nox te podr\u00e1s centrar en lo que realmente importa, alzarte con la victoria, ya que concentra los accesos principales en su parte superior. Aqu\u00ed encontrar\u00e1s un puerto dedicado al USB 3.0 y tambi\u00e9n dos puertos USB 2.0, as\u00ed como las conexiones HD audio y micr\u00f3fono.<\/p>\n<h3>Capacidad superior<\/h3>\n<p>Compatible con configuraciones de capacidad may\u00fasculas, la Nox Hummer Vision permite montar tarjeta gr\u00e1fica de 300 mm y CPU de 165 mm, permitiendo adaptar el equipo a tus necesidades actuales y las que puedan ir surgiendo con el paso del tiempo.<\/p>\n<h3>Flujo de aire extraordinario<\/h3>\n<p>Podr\u00e1s instalar hasta cinco ventiladores de 120 mm, uno en la parte trasera, dos en la zona interior y dos en la zona superior. Crea la iluminaci\u00f3n perfecta para tu setup y disfruta de ella con su doble cristal templado.<\/p>\n<h3>Incre\u00edbles prestaciones<\/h3>\n<p>Nox Hummer Vision es compatible con los formatos ATX y Micro ATX. Tambi\u00e9n admite m\u00faltiples combinaciones de hasta tres discos duros: podr\u00e1s instalar 1 x 3.5 y 2 x 2.5&#8243;.<\/p>\n","protected":false},"excerpt":{"rendered":"<ul>\n<li>Ventana lateral y frontal de cristal templado<\/li>\n<li>Espacio para instalar hasta 5 ventiladores<\/li>\n<li>Compatible con gr\u00e1ficas de gran tama\u00f1o<\/li>\n<li>USB 3.0 de alta velocidad<\/li>\n<li>Sistema de organizaci\u00f3n de cables de 25 mm<\/li>\n<li>Filtro antipolvo magn\u00e9tico<\/li>\n<\/ul>\n","protected":false},"featured_media":22201,"comment_status":"closed","ping_status":"closed","template":"","meta":{"inline_featured_image":false},"product_brand":[],"product_cat":[176],"product_tag":[],"class_list":{"0":"post-21042","1":"product","2":"type-product","3":"status-publish","4":"has-post-thumbnail","6":"product_cat-cajas-pt-pt-2","8":"first","9":"instock","10":"taxable","11":"shipping-taxable","12":"purchasable","13":"product-type-variable"},"yoast_head":"<!-- This site is optimized with the Yoast SEO plugin v26.7 - https:\/\/yoast.com\/wordpress\/plugins\/seo\/ -->\n<title>Hummer Vision White - Nox-Xtreme<\/title>\n<meta name=\"robots\" content=\"index, follow, max-snippet:-1, max-image-preview:large, max-video-preview:-1\" \/>\n<link rel=\"canonical\" href=\"https:\/\/store.nox-xtreme.com\/pt-pt\/producto\/hummer-vision-white\/\" \/>\n<meta property=\"og:locale\" content=\"pt_PT\" \/>\n<meta property=\"og:type\" content=\"article\" \/>\n<meta property=\"og:title\" content=\"Hummer Vision White - Nox-Xtreme\" \/>\n<meta property=\"og:description\" content=\"Ventana lateral y frontal de cristal templado  Espacio para instalar hasta 5 ventiladores  Compatible con gr\u00e1ficas de gran tama\u00f1o  USB 3.0 de alta velocidad  Sistema de organizaci\u00f3n de cables de 25 mm  Filtro antipolvo magn\u00e9tico\" \/>\n<meta property=\"og:url\" content=\"https:\/\/store.nox-xtreme.com\/pt-pt\/producto\/hummer-vision-white\/\" \/>\n<meta property=\"og:site_name\" content=\"Nox-Xtreme\" \/>\n<meta property=\"article:modified_time\" content=\"2026-03-04T11:23:43+00:00\" \/>\n<meta property=\"og:image\" content=\"https:\/\/store.nox-xtreme.com\/wp-content\/uploads\/sites\/2\/2023\/12\/nox_hummer_vision_white_conf_main_2.jpg\" \/>\n\t<meta property=\"og:image:width\" content=\"1049\" \/>\n\t<meta property=\"og:image:height\" content=\"1300\" \/>\n\t<meta property=\"og:image:type\" content=\"image\/jpeg\" \/>\n<meta name=\"twitter:card\" content=\"summary_large_image\" \/>\n<meta name=\"twitter:label1\" content=\"Tempo estimado de leitura\" \/>\n\t<meta name=\"twitter:data1\" content=\"2 minutos\" \/>\n<script type=\"application\/ld+json\" class=\"yoast-schema-graph\">{\"@context\":\"https:\/\/schema.org\",\"@graph\":[{\"@type\":\"WebPage\",\"@id\":\"https:\/\/store.nox-xtreme.com\/pt-pt\/producto\/hummer-vision-white\/\",\"url\":\"https:\/\/store.nox-xtreme.com\/pt-pt\/producto\/hummer-vision-white\/\",\"name\":\"Hummer Vision White - Nox-Xtreme\",\"isPartOf\":{\"@id\":\"https:\/\/store.nox-xtreme.com\/#website\"},\"primaryImageOfPage\":{\"@id\":\"https:\/\/store.nox-xtreme.com\/pt-pt\/producto\/hummer-vision-white\/#primaryimage\"},\"image\":{\"@id\":\"https:\/\/store.nox-xtreme.com\/pt-pt\/producto\/hummer-vision-white\/#primaryimage\"},\"thumbnailUrl\":\"https:\/\/store.nox-xtreme.com\/wp-content\/uploads\/sites\/2\/2023\/12\/nox_hummer_vision_white_conf_main_2.jpg\",\"datePublished\":\"2023-12-12T08:57:02+00:00\",\"dateModified\":\"2026-03-04T11:23:43+00:00\",\"breadcrumb\":{\"@id\":\"https:\/\/store.nox-xtreme.com\/pt-pt\/producto\/hummer-vision-white\/#breadcrumb\"},\"inLanguage\":\"pt-PT\",\"potentialAction\":[{\"@type\":\"ReadAction\",\"target\":[\"https:\/\/store.nox-xtreme.com\/pt-pt\/producto\/hummer-vision-white\/\"]}]},{\"@type\":\"ImageObject\",\"inLanguage\":\"pt-PT\",\"@id\":\"https:\/\/store.nox-xtreme.com\/pt-pt\/producto\/hummer-vision-white\/#primaryimage\",\"url\":\"https:\/\/store.nox-xtreme.com\/wp-content\/uploads\/sites\/2\/2023\/12\/nox_hummer_vision_white_conf_main_2.jpg\",\"contentUrl\":\"https:\/\/store.nox-xtreme.com\/wp-content\/uploads\/sites\/2\/2023\/12\/nox_hummer_vision_white_conf_main_2.jpg\",\"width\":1049,\"height\":1300},{\"@type\":\"BreadcrumbList\",\"@id\":\"https:\/\/store.nox-xtreme.com\/pt-pt\/producto\/hummer-vision-white\/#breadcrumb\",\"itemListElement\":[{\"@type\":\"ListItem\",\"position\":1,\"name\":\"Portada\",\"item\":\"https:\/\/store.nox-xtreme.com\/pt-pt\/\"},{\"@type\":\"ListItem\",\"position\":2,\"name\":\"Productos\",\"item\":\"https:\/\/store.nox-xtreme.com\/shop\/\"},{\"@type\":\"ListItem\",\"position\":3,\"name\":\"Hummer Vision White\"}]},{\"@type\":\"WebSite\",\"@id\":\"https:\/\/store.nox-xtreme.com\/#website\",\"url\":\"https:\/\/store.nox-xtreme.com\/\",\"name\":\"Nox-Xtreme\",\"description\":\"Boosting You Performance\",\"potentialAction\":[{\"@type\":\"SearchAction\",\"target\":{\"@type\":\"EntryPoint\",\"urlTemplate\":\"https:\/\/store.nox-xtreme.com\/?s={search_term_string}\"},\"query-input\":{\"@type\":\"PropertyValueSpecification\",\"valueRequired\":true,\"valueName\":\"search_term_string\"}}],\"inLanguage\":\"pt-PT\"}]}<\/script>\n<!-- \/ Yoast SEO plugin. -->","yoast_head_json":{"title":"Hummer Vision White - Nox-Xtreme","robots":{"index":"index","follow":"follow","max-snippet":"max-snippet:-1","max-image-preview":"max-image-preview:large","max-video-preview":"max-video-preview:-1"},"canonical":"https:\/\/store.nox-xtreme.com\/pt-pt\/producto\/hummer-vision-white\/","og_locale":"pt_PT","og_type":"article","og_title":"Hummer Vision White - Nox-Xtreme","og_description":"Ventana lateral y frontal de cristal templado  Espacio para instalar hasta 5 ventiladores  Compatible con gr\u00e1ficas de gran tama\u00f1o  USB 3.0 de alta velocidad  Sistema de organizaci\u00f3n de cables de 25 mm  Filtro antipolvo magn\u00e9tico","og_url":"https:\/\/store.nox-xtreme.com\/pt-pt\/producto\/hummer-vision-white\/","og_site_name":"Nox-Xtreme","article_modified_time":"2026-03-04T11:23:43+00:00","og_image":[{"width":1049,"height":1300,"url":"https:\/\/store.nox-xtreme.com\/wp-content\/uploads\/sites\/2\/2023\/12\/nox_hummer_vision_white_conf_main_2.jpg","type":"image\/jpeg"}],"twitter_card":"summary_large_image","twitter_misc":{"Tempo estimado de leitura":"2 minutos"},"schema":{"@context":"https:\/\/schema.org","@graph":[{"@type":"WebPage","@id":"https:\/\/store.nox-xtreme.com\/pt-pt\/producto\/hummer-vision-white\/","url":"https:\/\/store.nox-xtreme.com\/pt-pt\/producto\/hummer-vision-white\/","name":"Hummer Vision White - Nox-Xtreme","isPartOf":{"@id":"https:\/\/store.nox-xtreme.com\/#website"},"primaryImageOfPage":{"@id":"https:\/\/store.nox-xtreme.com\/pt-pt\/producto\/hummer-vision-white\/#primaryimage"},"image":{"@id":"https:\/\/store.nox-xtreme.com\/pt-pt\/producto\/hummer-vision-white\/#primaryimage"},"thumbnailUrl":"https:\/\/store.nox-xtreme.com\/wp-content\/uploads\/sites\/2\/2023\/12\/nox_hummer_vision_white_conf_main_2.jpg","datePublished":"2023-12-12T08:57:02+00:00","dateModified":"2026-03-04T11:23:43+00:00","breadcrumb":{"@id":"https:\/\/store.nox-xtreme.com\/pt-pt\/producto\/hummer-vision-white\/#breadcrumb"},"inLanguage":"pt-PT","potentialAction":[{"@type":"ReadAction","target":["https:\/\/store.nox-xtreme.com\/pt-pt\/producto\/hummer-vision-white\/"]}]},{"@type":"ImageObject","inLanguage":"pt-PT","@id":"https:\/\/store.nox-xtreme.com\/pt-pt\/producto\/hummer-vision-white\/#primaryimage","url":"https:\/\/store.nox-xtreme.com\/wp-content\/uploads\/sites\/2\/2023\/12\/nox_hummer_vision_white_conf_main_2.jpg","contentUrl":"https:\/\/store.nox-xtreme.com\/wp-content\/uploads\/sites\/2\/2023\/12\/nox_hummer_vision_white_conf_main_2.jpg","width":1049,"height":1300},{"@type":"BreadcrumbList","@id":"https:\/\/store.nox-xtreme.com\/pt-pt\/producto\/hummer-vision-white\/#breadcrumb","itemListElement":[{"@type":"ListItem","position":1,"name":"Portada","item":"https:\/\/store.nox-xtreme.com\/pt-pt\/"},{"@type":"ListItem","position":2,"name":"Productos","item":"https:\/\/store.nox-xtreme.com\/shop\/"},{"@type":"ListItem","position":3,"name":"Hummer Vision White"}]},{"@type":"WebSite","@id":"https:\/\/store.nox-xtreme.com\/#website","url":"https:\/\/store.nox-xtreme.com\/","name":"Nox-Xtreme","description":"Boosting You Performance","potentialAction":[{"@type":"SearchAction","target":{"@type":"EntryPoint","urlTemplate":"https:\/\/store.nox-xtreme.com\/?s={search_term_string}"},"query-input":{"@type":"PropertyValueSpecification","valueRequired":true,"valueName":"search_term_string"}}],"inLanguage":"pt-PT"}]}},"_links":{"self":[{"href":"https:\/\/store.nox-xtreme.com\/pt-pt\/wp-json\/wp\/v2\/product\/21042","targetHints":{"allow":["GET"]}}],"collection":[{"href":"https:\/\/store.nox-xtreme.com\/pt-pt\/wp-json\/wp\/v2\/product"}],"about":[{"href":"https:\/\/store.nox-xtreme.com\/pt-pt\/wp-json\/wp\/v2\/types\/product"}],"replies":[{"embeddable":true,"href":"https:\/\/store.nox-xtreme.com\/pt-pt\/wp-json\/wp\/v2\/comments?post=21042"}],"wp:featuredmedia":[{"embeddable":true,"href":"https:\/\/store.nox-xtreme.com\/pt-pt\/wp-json\/wp\/v2\/media\/22201"}],"wp:attachment":[{"href":"https:\/\/store.nox-xtreme.com\/pt-pt\/wp-json\/wp\/v2\/media?parent=21042"}],"wp:term":[{"taxonomy":"product_brand","embeddable":true,"href":"https:\/\/store.nox-xtreme.com\/pt-pt\/wp-json\/wp\/v2\/product_brand?post=21042"},{"taxonomy":"product_cat","embeddable":true,"href":"https:\/\/store.nox-xtreme.com\/pt-pt\/wp-json\/wp\/v2\/product_cat?post=21042"},{"taxonomy":"product_tag","embeddable":true,"href":"https:\/\/store.nox-xtreme.com\/pt-pt\/wp-json\/wp\/v2\/product_tag?post=21042"}],"curies":[{"name":"wp","href":"https:\/\/api.w.org\/{rel}","templated":true}]}}