{"id":20969,"date":"2023-11-30T09:38:15","date_gmt":"2023-11-30T08:38:15","guid":{"rendered":"https:\/\/store.nox-xtreme.com\/?post_type=product&#038;p=20969"},"modified":"2026-03-04T11:44:09","modified_gmt":"2026-03-04T10:44:09","slug":"hummer-p-1000w-platinum","status":"publish","type":"product","link":"https:\/\/store.nox-xtreme.com\/pt-pt\/producto\/hummer-p-1000w-platinum\/","title":{"rendered":"HUMMER P 1000W PLATINUM"},"content":{"rendered":"<h3>Hummer P 1000W<\/h3>\n<p>Nox Hummer P 1000W Platinum Edition es una fuente que ha sido creada para aquellas <strong>configuraciones de alto rendimiento<\/strong> equipadas con las nuevas generaciones de tarjetas gr\u00e1ficas. Con Certificaci\u00f3n 80 Plus Platinum, esta fuente de alimentaci\u00f3n completamente modular cuenta con un ultrasilencioso ventilador de 140 mm que incorpora un controlador de velocidad.<\/p>\n<h3>CERTIFICACI\u00d3N 80 PLUS PLATINUM<\/h3>\n<p>La fuente de alimentaci\u00f3n Nox Hummer P 1000W Platinum Edition es una fuente dise\u00f1ada para tarjetas gr\u00e1ficas de gran consumo. Cuenta con condensadores electrol\u00edticos taiwaneses de alta gama, unos componentes de alta calidad que permiten una potencia real con voltaje estable y fiabilidad en el tiempo. Traduci\u00e9ndose esto una menor resistencia al paso de corriente y por lo tanto un menor calentamiento del equipo.<\/p>\n<p>Construida en materiales premium, Nox Hummer P 1000W Platinum cuenta con <strong>Certificaci\u00f3n 80 Plus Platinum<\/strong>, que garantiza una eficiencia m\u00ednima del 90 %, siendo el m\u00e1ximo el 94% cuando la carga se encuentra al 50 por ciento, ayudando a reducir el consumo energ\u00e9tico, contribuyendo de esta forma al ahorro.<\/p>\n<h3>Preparada para el futuro<\/h3>\n<p>Nox Hummer P 1000W es una unidad de alimentaci\u00f3n <strong>ATX 3.0<\/strong> compatible con la plataforma <strong>PCIe Gen 5 de \u00faltima generaci\u00f3n<\/strong>. Esto hace que esta fuente de alimentaci\u00f3n sea extremadamente vers\u00e1til y la opci\u00f3n ideal para las configuraciones de alta gama.<\/p>\n<h3>Potencia Ultrasilenciosa<\/h3>\n<p>Esta fuente de 1000 vatios completamente modular presenta un gran control del voltaje y un funcionamiento ultrasilencioso. Nox Hummer P 1000W incluye un potente ventilador de 140 mm de baja sonoridad, que reduce de manera eficiente el calor, garantizando un rendimiento excelente.<\/p>\n<p>El ventilador que integra esta fuente de alimentaci\u00f3n incorpora un controlador de velocidad, para que puedas regular de manera \u00f3ptima la temperatura que mejor se adapta a tu equipo.<\/p>\n<h3>Completamente modular<\/h3>\n<p>Nox Hummer P 1000W Platinum Edition ha sido dise\u00f1ada para montajes r\u00e1pidos y limpios en equipos de alto rendimiento. <strong>Su cableado es totalmente modular<\/strong>, facilitando el ensamblaje y brindando una apropiada gesti\u00f3n del interior del chasis, manteniendo el equipo la temperatura adecuada, favoreciendo el flujo de aire.<\/p>\n<p>Se trata, adem\u00e1s, de una fuente para PC con protecciones OVP, SCP, OPP y UVP que garantizan un funcionamiento seguro en diferentes circunstancias.<\/p>\n","protected":false},"excerpt":{"rendered":"<ul>\n<li>Certificado 80 PLUS Platinum que garantiza una eficiencia del 94% a media carga<\/li>\n<li>ATX 3.0 con PFC activo<\/li>\n<li>PCIE 5.0<\/li>\n<li>Protecci\u00f3nes OVP \/ UVP \/ SCP \/ OPP<\/li>\n<li>Ventilador ultra silencioso de 140 mm con control de velocidad<\/li>\n<li>Cables modulares, planos y extra largos<\/li>\n<li>Condensadores electrol\u00edticos TEAPO certificados para trabajar hasta 105\u00baC<\/li>\n<\/ul>\n","protected":false},"featured_media":20972,"comment_status":"closed","ping_status":"closed","template":"","meta":{"inline_featured_image":false},"product_brand":[],"product_cat":[177],"product_tag":[199],"class_list":{"0":"post-20969","1":"product","2":"type-product","3":"status-publish","4":"has-post-thumbnail","6":"product_cat-fuentes-pt-pt","7":"product_tag-hummer-pt-pt","9":"first","10":"instock","11":"taxable","12":"shipping-taxable","13":"purchasable","14":"product-type-simple"},"yoast_head":"<!-- This site is optimized with the Yoast SEO plugin v26.7 - https:\/\/yoast.com\/wordpress\/plugins\/seo\/ -->\n<title>HUMMER P 1000W PLATINUM - Nox-Xtreme<\/title>\n<meta name=\"robots\" content=\"index, follow, max-snippet:-1, max-image-preview:large, max-video-preview:-1\" \/>\n<link rel=\"canonical\" href=\"https:\/\/store.nox-xtreme.com\/pt-pt\/producto\/hummer-p-1000w-platinum\/\" \/>\n<meta property=\"og:locale\" content=\"pt_PT\" \/>\n<meta property=\"og:type\" content=\"article\" \/>\n<meta property=\"og:title\" content=\"HUMMER P 1000W PLATINUM - Nox-Xtreme\" \/>\n<meta property=\"og:description\" content=\"Certificado 80 PLUS Platinum que garantiza una eficiencia del 94% a media carga  ATX 3.0 con PFC activo  PCIE 5.0  Protecci\u00f3nes OVP \/ UVP \/ SCP \/ OPP  Ventilador ultra silencioso de 140 mm con control de velocidad  Cables modulares, planos y extra largos  Condensadores electrol\u00edticos TEAPO certificados para trabajar hasta 105\u00baC\" \/>\n<meta property=\"og:url\" content=\"https:\/\/store.nox-xtreme.com\/pt-pt\/producto\/hummer-p-1000w-platinum\/\" \/>\n<meta property=\"og:site_name\" content=\"Nox-Xtreme\" \/>\n<meta property=\"article:modified_time\" content=\"2026-03-04T10:44:09+00:00\" \/>\n<meta property=\"og:image\" content=\"https:\/\/store.nox-xtreme.com\/wp-content\/uploads\/sites\/2\/2023\/11\/nox_hummer_p_1000w_01.jpg\" \/>\n\t<meta property=\"og:image:width\" content=\"1049\" \/>\n\t<meta property=\"og:image:height\" content=\"1300\" \/>\n\t<meta property=\"og:image:type\" content=\"image\/jpeg\" \/>\n<meta name=\"twitter:card\" content=\"summary_large_image\" \/>\n<meta name=\"twitter:label1\" content=\"Tempo estimado de leitura\" \/>\n\t<meta name=\"twitter:data1\" content=\"2 minutos\" \/>\n<script type=\"application\/ld+json\" class=\"yoast-schema-graph\">{\"@context\":\"https:\/\/schema.org\",\"@graph\":[{\"@type\":\"WebPage\",\"@id\":\"https:\/\/store.nox-xtreme.com\/pt-pt\/producto\/hummer-p-1000w-platinum\/\",\"url\":\"https:\/\/store.nox-xtreme.com\/pt-pt\/producto\/hummer-p-1000w-platinum\/\",\"name\":\"HUMMER P 1000W PLATINUM - Nox-Xtreme\",\"isPartOf\":{\"@id\":\"https:\/\/store.nox-xtreme.com\/#website\"},\"primaryImageOfPage\":{\"@id\":\"https:\/\/store.nox-xtreme.com\/pt-pt\/producto\/hummer-p-1000w-platinum\/#primaryimage\"},\"image\":{\"@id\":\"https:\/\/store.nox-xtreme.com\/pt-pt\/producto\/hummer-p-1000w-platinum\/#primaryimage\"},\"thumbnailUrl\":\"https:\/\/store.nox-xtreme.com\/wp-content\/uploads\/sites\/2\/2023\/11\/nox_hummer_p_1000w_01.jpg\",\"datePublished\":\"2023-11-30T08:38:15+00:00\",\"dateModified\":\"2026-03-04T10:44:09+00:00\",\"breadcrumb\":{\"@id\":\"https:\/\/store.nox-xtreme.com\/pt-pt\/producto\/hummer-p-1000w-platinum\/#breadcrumb\"},\"inLanguage\":\"pt-PT\",\"potentialAction\":[{\"@type\":\"ReadAction\",\"target\":[\"https:\/\/store.nox-xtreme.com\/pt-pt\/producto\/hummer-p-1000w-platinum\/\"]}]},{\"@type\":\"ImageObject\",\"inLanguage\":\"pt-PT\",\"@id\":\"https:\/\/store.nox-xtreme.com\/pt-pt\/producto\/hummer-p-1000w-platinum\/#primaryimage\",\"url\":\"https:\/\/store.nox-xtreme.com\/wp-content\/uploads\/sites\/2\/2023\/11\/nox_hummer_p_1000w_01.jpg\",\"contentUrl\":\"https:\/\/store.nox-xtreme.com\/wp-content\/uploads\/sites\/2\/2023\/11\/nox_hummer_p_1000w_01.jpg\",\"width\":1049,\"height\":1300},{\"@type\":\"BreadcrumbList\",\"@id\":\"https:\/\/store.nox-xtreme.com\/pt-pt\/producto\/hummer-p-1000w-platinum\/#breadcrumb\",\"itemListElement\":[{\"@type\":\"ListItem\",\"position\":1,\"name\":\"Portada\",\"item\":\"https:\/\/store.nox-xtreme.com\/pt-pt\/\"},{\"@type\":\"ListItem\",\"position\":2,\"name\":\"Productos\",\"item\":\"https:\/\/store.nox-xtreme.com\/shop\/\"},{\"@type\":\"ListItem\",\"position\":3,\"name\":\"HUMMER P 1000W PLATINUM\"}]},{\"@type\":\"WebSite\",\"@id\":\"https:\/\/store.nox-xtreme.com\/#website\",\"url\":\"https:\/\/store.nox-xtreme.com\/\",\"name\":\"Nox-Xtreme\",\"description\":\"Boosting You Performance\",\"potentialAction\":[{\"@type\":\"SearchAction\",\"target\":{\"@type\":\"EntryPoint\",\"urlTemplate\":\"https:\/\/store.nox-xtreme.com\/?s={search_term_string}\"},\"query-input\":{\"@type\":\"PropertyValueSpecification\",\"valueRequired\":true,\"valueName\":\"search_term_string\"}}],\"inLanguage\":\"pt-PT\"}]}<\/script>\n<!-- \/ Yoast SEO plugin. -->","yoast_head_json":{"title":"HUMMER P 1000W PLATINUM - Nox-Xtreme","robots":{"index":"index","follow":"follow","max-snippet":"max-snippet:-1","max-image-preview":"max-image-preview:large","max-video-preview":"max-video-preview:-1"},"canonical":"https:\/\/store.nox-xtreme.com\/pt-pt\/producto\/hummer-p-1000w-platinum\/","og_locale":"pt_PT","og_type":"article","og_title":"HUMMER P 1000W PLATINUM - Nox-Xtreme","og_description":"Certificado 80 PLUS Platinum que garantiza una eficiencia del 94% a media carga  ATX 3.0 con PFC activo  PCIE 5.0  Protecci\u00f3nes OVP \/ UVP \/ SCP \/ OPP  Ventilador ultra silencioso de 140 mm con control de velocidad  Cables modulares, planos y extra largos  Condensadores electrol\u00edticos TEAPO certificados para trabajar hasta 105\u00baC","og_url":"https:\/\/store.nox-xtreme.com\/pt-pt\/producto\/hummer-p-1000w-platinum\/","og_site_name":"Nox-Xtreme","article_modified_time":"2026-03-04T10:44:09+00:00","og_image":[{"width":1049,"height":1300,"url":"https:\/\/store.nox-xtreme.com\/wp-content\/uploads\/sites\/2\/2023\/11\/nox_hummer_p_1000w_01.jpg","type":"image\/jpeg"}],"twitter_card":"summary_large_image","twitter_misc":{"Tempo estimado de leitura":"2 minutos"},"schema":{"@context":"https:\/\/schema.org","@graph":[{"@type":"WebPage","@id":"https:\/\/store.nox-xtreme.com\/pt-pt\/producto\/hummer-p-1000w-platinum\/","url":"https:\/\/store.nox-xtreme.com\/pt-pt\/producto\/hummer-p-1000w-platinum\/","name":"HUMMER P 1000W PLATINUM - Nox-Xtreme","isPartOf":{"@id":"https:\/\/store.nox-xtreme.com\/#website"},"primaryImageOfPage":{"@id":"https:\/\/store.nox-xtreme.com\/pt-pt\/producto\/hummer-p-1000w-platinum\/#primaryimage"},"image":{"@id":"https:\/\/store.nox-xtreme.com\/pt-pt\/producto\/hummer-p-1000w-platinum\/#primaryimage"},"thumbnailUrl":"https:\/\/store.nox-xtreme.com\/wp-content\/uploads\/sites\/2\/2023\/11\/nox_hummer_p_1000w_01.jpg","datePublished":"2023-11-30T08:38:15+00:00","dateModified":"2026-03-04T10:44:09+00:00","breadcrumb":{"@id":"https:\/\/store.nox-xtreme.com\/pt-pt\/producto\/hummer-p-1000w-platinum\/#breadcrumb"},"inLanguage":"pt-PT","potentialAction":[{"@type":"ReadAction","target":["https:\/\/store.nox-xtreme.com\/pt-pt\/producto\/hummer-p-1000w-platinum\/"]}]},{"@type":"ImageObject","inLanguage":"pt-PT","@id":"https:\/\/store.nox-xtreme.com\/pt-pt\/producto\/hummer-p-1000w-platinum\/#primaryimage","url":"https:\/\/store.nox-xtreme.com\/wp-content\/uploads\/sites\/2\/2023\/11\/nox_hummer_p_1000w_01.jpg","contentUrl":"https:\/\/store.nox-xtreme.com\/wp-content\/uploads\/sites\/2\/2023\/11\/nox_hummer_p_1000w_01.jpg","width":1049,"height":1300},{"@type":"BreadcrumbList","@id":"https:\/\/store.nox-xtreme.com\/pt-pt\/producto\/hummer-p-1000w-platinum\/#breadcrumb","itemListElement":[{"@type":"ListItem","position":1,"name":"Portada","item":"https:\/\/store.nox-xtreme.com\/pt-pt\/"},{"@type":"ListItem","position":2,"name":"Productos","item":"https:\/\/store.nox-xtreme.com\/shop\/"},{"@type":"ListItem","position":3,"name":"HUMMER P 1000W PLATINUM"}]},{"@type":"WebSite","@id":"https:\/\/store.nox-xtreme.com\/#website","url":"https:\/\/store.nox-xtreme.com\/","name":"Nox-Xtreme","description":"Boosting You Performance","potentialAction":[{"@type":"SearchAction","target":{"@type":"EntryPoint","urlTemplate":"https:\/\/store.nox-xtreme.com\/?s={search_term_string}"},"query-input":{"@type":"PropertyValueSpecification","valueRequired":true,"valueName":"search_term_string"}}],"inLanguage":"pt-PT"}]}},"_links":{"self":[{"href":"https:\/\/store.nox-xtreme.com\/pt-pt\/wp-json\/wp\/v2\/product\/20969","targetHints":{"allow":["GET"]}}],"collection":[{"href":"https:\/\/store.nox-xtreme.com\/pt-pt\/wp-json\/wp\/v2\/product"}],"about":[{"href":"https:\/\/store.nox-xtreme.com\/pt-pt\/wp-json\/wp\/v2\/types\/product"}],"replies":[{"embeddable":true,"href":"https:\/\/store.nox-xtreme.com\/pt-pt\/wp-json\/wp\/v2\/comments?post=20969"}],"wp:featuredmedia":[{"embeddable":true,"href":"https:\/\/store.nox-xtreme.com\/pt-pt\/wp-json\/wp\/v2\/media\/20972"}],"wp:attachment":[{"href":"https:\/\/store.nox-xtreme.com\/pt-pt\/wp-json\/wp\/v2\/media?parent=20969"}],"wp:term":[{"taxonomy":"product_brand","embeddable":true,"href":"https:\/\/store.nox-xtreme.com\/pt-pt\/wp-json\/wp\/v2\/product_brand?post=20969"},{"taxonomy":"product_cat","embeddable":true,"href":"https:\/\/store.nox-xtreme.com\/pt-pt\/wp-json\/wp\/v2\/product_cat?post=20969"},{"taxonomy":"product_tag","embeddable":true,"href":"https:\/\/store.nox-xtreme.com\/pt-pt\/wp-json\/wp\/v2\/product_tag?post=20969"}],"curies":[{"name":"wp","href":"https:\/\/api.w.org\/{rel}","templated":true}]}}