{"id":20916,"date":"2023-11-23T17:47:44","date_gmt":"2023-11-23T16:47:44","guid":{"rendered":"https:\/\/store.nox-xtreme.com\/?post_type=product&#038;p=20916"},"modified":"2026-03-04T11:44:59","modified_gmt":"2026-03-04T10:44:59","slug":"hummer_x750w_80_plus_gold","status":"publish","type":"product","link":"https:\/\/store.nox-xtreme.com\/pt-pt\/producto\/hummer_x750w_80_plus_gold\/","title":{"rendered":"HUMMER X 750W 80 PLUS GOLD"},"content":{"rendered":"<h3>HUMMER X 750W \u00b7 GOLD EDITION<\/h3>\n<p>A nova adi\u00e7\u00e3o \u00e0 fam\u00edlia de fontes Nox, a Hummer X, surpreende com um acabamento imbat\u00edvel e uma tecnologia que assegura 90% de efici\u00eancia gra\u00e7as ao certificado 80 + Gold. O seu acabamento premium e sistemas de prote\u00e7\u00e3o garantem \u00e0 sua fonte um ciclo de vida muito longo. Sendo uma fonte modular, pode ainda desfrutar de uma montagem muito mais limpa e eficiente.<\/p>\n<h3>CERTIFICADO 80+ GOLD<\/h3>\n<p>Um dos benef\u00edcios mais importantes de qualquer fonte de alimenta\u00e7\u00e3o \u00e9 a efici\u00eancia energ\u00e9tica. As fontes de alimenta\u00e7\u00e3o Hummer X 750W Gold Edition t\u00eam o certificado 80+ Gold que garante a otimiza\u00e7\u00e3o de 90% energia quando a fonte est\u00e1 com desempenho m\u00e1ximo. Gra\u00e7as a essa tecnologia, o volume de ru\u00eddo e temperatura ser\u00e3o mantido a um n\u00edvel ideal, evitando tamb\u00e9m o desperd\u00edcio involunt\u00e1rio de energia el\u00e9trica.<\/p>\n<h3>VENTOINHA ULTRA SILENCIOSA<\/h3>\n<p>As fontes da gama Hummer X t\u00eam ventoinha de 120 mm controlada termicamente, ou seja, que s\u00f3 funcionar\u00e1 com a pot\u00eancia m\u00e1xima, se necess\u00e1rio. Dessa forma, a fonte estar\u00e1 sempre na temperatura ideal, garantindo um som baixo. O seu design \u00e9 funcional e din\u00e2mico, para obter a m\u00e1xima dissipa\u00e7\u00e3o de calor e um desempenho perfeito.<\/p>\n<h3>BENEF\u00cdCIOS E ALTO DESEMPENHO<\/h3>\n<p>Maior desempenho e menor imped\u00e2ncia. \u00c9 assim que a nova fonte 750w Gold da linha Hummer X pode ser resumida. Possui ainda caracter\u00edsticas como cabos planos que permitem desfrutar de uma montagem muito mais f\u00e1cil e mais limpa. Al\u00e9m disso, foi fabricada com condensadores japoneses de alta qualidade.<\/p>\n","protected":false},"excerpt":{"rendered":"<ul>\n<li>Certificado 80 PLUS Gold<\/li>\n<li>Ventoinha ultra silenciosa de 120 mm<\/li>\n<li>Compat\u00edvel com ATX12V v2.31<\/li>\n<li>Prote\u00e7\u00f5es OVP, SCP, OPP, SIP, UVP<\/li>\n<li>Condensadores eletrol\u00edticos japoneses certificados<\/li>\n<\/ul>\n","protected":false},"featured_media":20934,"comment_status":"closed","ping_status":"closed","template":"","meta":{"inline_featured_image":false},"product_brand":[],"product_cat":[177],"product_tag":[],"class_list":{"0":"post-20916","1":"product","2":"type-product","3":"status-publish","4":"has-post-thumbnail","6":"product_cat-fuentes-pt-pt","8":"first","9":"outofstock","10":"taxable","11":"shipping-taxable","12":"purchasable","13":"product-type-simple"},"_links":{"self":[{"href":"https:\/\/store.nox-xtreme.com\/pt-pt\/wp-json\/wp\/v2\/product\/20916","targetHints":{"allow":["GET"]}}],"collection":[{"href":"https:\/\/store.nox-xtreme.com\/pt-pt\/wp-json\/wp\/v2\/product"}],"about":[{"href":"https:\/\/store.nox-xtreme.com\/pt-pt\/wp-json\/wp\/v2\/types\/product"}],"replies":[{"embeddable":true,"href":"https:\/\/store.nox-xtreme.com\/pt-pt\/wp-json\/wp\/v2\/comments?post=20916"}],"wp:featuredmedia":[{"embeddable":true,"href":"https:\/\/store.nox-xtreme.com\/pt-pt\/wp-json\/wp\/v2\/media\/20934"}],"wp:attachment":[{"href":"https:\/\/store.nox-xtreme.com\/pt-pt\/wp-json\/wp\/v2\/media?parent=20916"}],"wp:term":[{"taxonomy":"product_brand","embeddable":true,"href":"https:\/\/store.nox-xtreme.com\/pt-pt\/wp-json\/wp\/v2\/product_brand?post=20916"},{"taxonomy":"product_cat","embeddable":true,"href":"https:\/\/store.nox-xtreme.com\/pt-pt\/wp-json\/wp\/v2\/product_cat?post=20916"},{"taxonomy":"product_tag","embeddable":true,"href":"https:\/\/store.nox-xtreme.com\/pt-pt\/wp-json\/wp\/v2\/product_tag?post=20916"}],"curies":[{"name":"wp","href":"https:\/\/api.w.org\/{rel}","templated":true}]}}