{"id":19903,"date":"2023-07-19T11:16:57","date_gmt":"2023-07-19T09:16:57","guid":{"rendered":"https:\/\/store.nox-xtreme.com\/?post_type=product&#038;p=19903"},"modified":"2026-03-04T12:19:13","modified_gmt":"2026-03-04T11:19:13","slug":"m-360-argb-white","status":"publish","type":"product","link":"https:\/\/store.nox-xtreme.com\/pt-pt\/producto\/m-360-argb-white\/","title":{"rendered":"M-360 ARGB White"},"content":{"rendered":"<h3>Um kit de alto desempenho com 3 ventoinhas<\/h3>\n<p>Nox H-360 \u00e9 um sistema de refrigera\u00e7\u00e3o l\u00edquida com radiador triplo 120 x 120 x 25 mm e com alta compatibilidade, apresentando controlo PWM e ilumina\u00e7\u00e3o ARGB espetacular , oferecendo alto desempenho com n\u00edvel de ru\u00eddo muito baixo.<\/p>\n<h3>\u00d3tima refrigera\u00e7\u00e3o<\/h3>\n<p>Nox H-360 ARGB possibilita um arrefecimento t\u00e3o r\u00e1pido como eficiente gra\u00e7as \u00e0s 11 aletas de cada uma das suas ventoinhas que, multiplicadas por tr\u00eas, resultam num total de 33 l\u00e2minas . O seu computador ter\u00e1 o melhor arrefecimento, com um fluxo de ar cont\u00ednuo, capaz de reduzir instantaneamente a temperatura do processador.<\/p>\n<h3>Ventila\u00e7\u00e3o potente e silenciosa<\/h3>\n<p>Este kit de 3 ventoinhas \u00e9 composto por ventoinhas com rolamentos hidr\u00e1ulicos, que garantem uma longa vida \u00fatil, e um radiador de 394 mm, cujo design reduz a turbul\u00eancia entre as ventoinhas e o radiador, melhorando assim o fluxo de ar dentro do equipamento.<\/p>\n<p>Em termos de velocidade, oferece excelente desempenho em at\u00e9 1500 RPM .A sua fun\u00e7\u00e3o PWM permite que as ventoinhas se adaptem \u00e0s necessidades do microprocessador. O H-360 ARGB \u00e9 um sistema tudo-em-um silencioso que oferece ventila\u00e7\u00e3o eficiente, com o ru\u00eddo m\u00e1ximo que pode gerar de 26,4 dBA. Para reduzir ru\u00eddos inc\u00f3modos, tamb\u00e9m inclui 4 almofadas de borracha antivibra\u00e7\u00e3o que adicionalmente oferecem estabilidade.<\/p>\n<h3>Ilumina\u00e7\u00e3o 100% personaliz\u00e1vel<\/h3>\n<p>O H-360 ARGB \u00e9 um ventilador de CPU de 4 pinos que oferece um espet\u00e1culo de luzes exclusivo, gra\u00e7as \u00e0 tecnologia ARGB LED que incorpora, fornecendo uma variedade de milh\u00f5es de cores com diferentes op\u00e7\u00f5es de exibi\u00e7\u00e3o e efeitos de transi\u00e7\u00e3o , que podem ser totalmente personalizadas, sincronizando-as com o resto das cores da sua configura\u00e7\u00e3o.<\/p>\n<h3>Elevada compatibilidade<\/h3>\n<p>Este super kit ARGB de refrigera\u00e7\u00e3o l\u00edquida para PC, \u00e9 compat\u00edvel com as principais marcas, como AMD ou Intel, sendo muito f\u00e1cil de instalar gra\u00e7as a um sistema de montagem descomplicado .<\/p>\n<p>Poder\u00e1 utilizar Nox H-360 ARGB com Asus, MSI ou Gigabyte, sendo portanto compat\u00edvel com os diferentes programas de configura\u00e7\u00e3o de ARGB que esses fabricantes contemplam.<\/p>\n","protected":false},"excerpt":{"rendered":"<ul>\n<li>Compat\u00edvel com Intel e AMD<\/li>\n<li>Tr\u00eas ventoinhas de 120 mm com controlo PWM<\/li>\n<li>Ilumina\u00e7\u00e3o ARGB<\/li>\n<li>Radiador triplo com base de alum\u00ednio<\/li>\n<li>Bomba com base de cobre<\/li>\n<li>F\u00e1cil montagem e instala\u00e7\u00e3o<\/li>\n<\/ul>\n","protected":false},"featured_media":30137,"comment_status":"closed","ping_status":"closed","template":"","meta":{"inline_featured_image":false},"product_brand":[],"product_cat":[178],"product_tag":[199],"class_list":{"0":"post-19903","1":"product","2":"type-product","3":"status-publish","4":"has-post-thumbnail","6":"product_cat-refrigeracion-pt-pt","7":"product_tag-hummer-pt-pt","9":"first","10":"instock","11":"taxable","12":"shipping-taxable","13":"purchasable","14":"product-type-variable"},"_links":{"self":[{"href":"https:\/\/store.nox-xtreme.com\/pt-pt\/wp-json\/wp\/v2\/product\/19903","targetHints":{"allow":["GET"]}}],"collection":[{"href":"https:\/\/store.nox-xtreme.com\/pt-pt\/wp-json\/wp\/v2\/product"}],"about":[{"href":"https:\/\/store.nox-xtreme.com\/pt-pt\/wp-json\/wp\/v2\/types\/product"}],"replies":[{"embeddable":true,"href":"https:\/\/store.nox-xtreme.com\/pt-pt\/wp-json\/wp\/v2\/comments?post=19903"}],"wp:featuredmedia":[{"embeddable":true,"href":"https:\/\/store.nox-xtreme.com\/pt-pt\/wp-json\/wp\/v2\/media\/30137"}],"wp:attachment":[{"href":"https:\/\/store.nox-xtreme.com\/pt-pt\/wp-json\/wp\/v2\/media?parent=19903"}],"wp:term":[{"taxonomy":"product_brand","embeddable":true,"href":"https:\/\/store.nox-xtreme.com\/pt-pt\/wp-json\/wp\/v2\/product_brand?post=19903"},{"taxonomy":"product_cat","embeddable":true,"href":"https:\/\/store.nox-xtreme.com\/pt-pt\/wp-json\/wp\/v2\/product_cat?post=19903"},{"taxonomy":"product_tag","embeddable":true,"href":"https:\/\/store.nox-xtreme.com\/pt-pt\/wp-json\/wp\/v2\/product_tag?post=19903"}],"curies":[{"name":"wp","href":"https:\/\/api.w.org\/{rel}","templated":true}]}}