{"id":19596,"date":"2023-05-25T10:48:37","date_gmt":"2023-05-25T08:48:38","guid":{"rendered":"https:\/\/store.nox-xtreme.com\/?post_type=product&#038;p=19596"},"modified":"2023-06-01T11:55:57","modified_gmt":"2023-06-01T09:55:57","slug":"lite-wall-flex","status":"publish","type":"product","link":"https:\/\/store.nox-xtreme.com\/pt-pt\/producto\/lite-wall-flex\/","title":{"rendered":"Lite Wall Flex"},"content":{"rendered":"<p>O Nox Lite Wall Flex \u00e9 um <strong>s\u00f3lido suporte para monitores e televisores de 23&#8243; a 55&#8243;<\/strong> capaz de suportar at\u00e9 30 quilos de peso, que possui <strong>bra\u00e7o articulado e ajuste 3D<\/strong>. Este suporte ajuda a manter uma boa postura corporal e uma excelente qualidade visual, podendo ajustar o monitor ou televis\u00e3o \u00e0 altura e dist\u00e2ncia que melhor se adapte \u00e0s suas necessidades.<\/p>\n<h3>Design robusto<\/h3>\n<p>Nox Lite Wall Flex \u00e9 um robusto e confi\u00e1vel suporte para <strong>monitores e televisores de 23\u201d a 55\u201d<\/strong> , com qualidade superior que garante estabilidade e seguran\u00e7a.<br \/>\nCompat\u00edvel com os padr\u00f5es VESA 200 x 200 mm, 400 x 200 mm e 400 x 400 mm, possui um design estrutural est\u00e1vel e muito resistente que permite suportar at\u00e9 <strong>peso m\u00e1ximo de 30 quilos<\/strong>.<\/p>\n<h3>Bra\u00e7o articulado e ajuste 3D<\/h3>\n<p>Com o bra\u00e7o articulado, poder\u00e1 ajustar facilmente a posi\u00e7\u00e3o da TV ou monitor. Gra\u00e7as ao seu sistema de engate, ser\u00e1 poss\u00edvel adaptar a <strong>inclina\u00e7\u00e3o e nivelamento, al\u00e9m de poder girar a posi\u00e7\u00e3o da tela 180\u00ba<\/strong>.<\/p>\n<h3>Poupan\u00e7a de Espa\u00e7o<\/h3>\n<p>O acess\u00f3rio Nox Lite Wall Flex <strong>permite-lhe obter mais espa\u00e7o<\/strong>. Gra\u00e7as \u00e0 sua simplicidade, dificilmente notar\u00e1 que este suporte de monitor ali est\u00e1, estando entre 42 e 502 mm da parede.<\/p>\n<h3>Instala\u00e7\u00e3o simples<\/h3>\n<p>Nox Lite Wall Flex \u00e9 um suporte para TV <strong>muito f\u00e1cil de instalar<\/strong>.<\/p>\n","protected":false},"excerpt":{"rendered":"<ul>\n<li>Suporte para sistema de montagem de televis\u00e3o ou monitor<\/li>\n<li>Tamanho de ecr\u00e3 suportado: 23&#8243; &#8211; 55&#8243;<\/li>\n<li>Compat\u00edvel com padr\u00e3o VESA<\/li>\n<li>Folga de parede super fina<\/li>\n<li>Ajuste de posi\u00e7\u00e3o<\/li>\n<li>Suporte de parede seguro<\/li>\n<\/ul>\n","protected":false},"featured_media":19605,"comment_status":"closed","ping_status":"closed","template":"","meta":{"inline_featured_image":false},"product_brand":[],"product_cat":[175],"product_tag":[209],"class_list":{"0":"post-19596","1":"product","2":"type-product","3":"status-publish","4":"has-post-thumbnail","6":"product_cat-accesorios-pt-pt","7":"product_tag-lite-pt-pt","9":"first","10":"instock","11":"taxable","12":"shipping-taxable","13":"purchasable","14":"product-type-simple"},"yoast_head":"<!-- This site is optimized with the Yoast SEO plugin v26.7 - https:\/\/yoast.com\/wordpress\/plugins\/seo\/ -->\n<title>Lite Wall Flex - Nox-Xtreme<\/title>\n<meta name=\"description\" content=\"Nox Lite SINGLE STAND \u00e9 um suporte de monitor compat\u00edvel com VESA 75 \/ VESA 100 e ajust\u00e1vel em 3D (altura, rota\u00e7\u00e3o, rota\u00e7\u00e3o, inclina\u00e7\u00e3o).\" \/>\n<meta name=\"robots\" content=\"index, follow, max-snippet:-1, max-image-preview:large, max-video-preview:-1\" \/>\n<link rel=\"canonical\" href=\"https:\/\/store.nox-xtreme.com\/pt-pt\/producto\/lite-wall-flex\/\" \/>\n<meta property=\"og:locale\" content=\"pt_PT\" \/>\n<meta property=\"og:type\" content=\"article\" \/>\n<meta property=\"og:title\" content=\"Lite Wall Flex - Nox-Xtreme\" \/>\n<meta property=\"og:description\" content=\"Nox Lite SINGLE STAND \u00e9 um suporte de monitor compat\u00edvel com VESA 75 \/ VESA 100 e ajust\u00e1vel em 3D (altura, rota\u00e7\u00e3o, rota\u00e7\u00e3o, inclina\u00e7\u00e3o).\" \/>\n<meta property=\"og:url\" content=\"https:\/\/store.nox-xtreme.com\/pt-pt\/producto\/lite-wall-flex\/\" \/>\n<meta property=\"og:site_name\" content=\"Nox-Xtreme\" \/>\n<meta property=\"article:modified_time\" content=\"2023-06-01T09:55:57+00:00\" \/>\n<meta property=\"og:image\" content=\"https:\/\/store.nox-xtreme.com\/wp-content\/uploads\/sites\/2\/2023\/05\/nox_lite_wallflex_main_monitor.jpg\" \/>\n\t<meta property=\"og:image:width\" content=\"1049\" \/>\n\t<meta property=\"og:image:height\" content=\"1300\" \/>\n\t<meta property=\"og:image:type\" content=\"image\/jpeg\" \/>\n<meta name=\"twitter:card\" content=\"summary_large_image\" \/>\n<meta name=\"twitter:label1\" content=\"Tempo estimado de leitura\" \/>\n\t<meta name=\"twitter:data1\" content=\"1 minuto\" \/>\n<script type=\"application\/ld+json\" class=\"yoast-schema-graph\">{\"@context\":\"https:\/\/schema.org\",\"@graph\":[{\"@type\":\"WebPage\",\"@id\":\"https:\/\/store.nox-xtreme.com\/pt-pt\/producto\/lite-wall-flex\/\",\"url\":\"https:\/\/store.nox-xtreme.com\/pt-pt\/producto\/lite-wall-flex\/\",\"name\":\"Lite Wall Flex - Nox-Xtreme\",\"isPartOf\":{\"@id\":\"https:\/\/store.nox-xtreme.com\/#website\"},\"primaryImageOfPage\":{\"@id\":\"https:\/\/store.nox-xtreme.com\/pt-pt\/producto\/lite-wall-flex\/#primaryimage\"},\"image\":{\"@id\":\"https:\/\/store.nox-xtreme.com\/pt-pt\/producto\/lite-wall-flex\/#primaryimage\"},\"thumbnailUrl\":\"https:\/\/store.nox-xtreme.com\/wp-content\/uploads\/sites\/2\/2023\/05\/nox_lite_wallflex_main_monitor.jpg\",\"datePublished\":\"2023-05-25T08:48:38+00:00\",\"dateModified\":\"2023-06-01T09:55:57+00:00\",\"description\":\"Nox Lite SINGLE STAND \u00e9 um suporte de monitor compat\u00edvel com VESA 75 \/ VESA 100 e ajust\u00e1vel em 3D (altura, rota\u00e7\u00e3o, rota\u00e7\u00e3o, inclina\u00e7\u00e3o).\",\"breadcrumb\":{\"@id\":\"https:\/\/store.nox-xtreme.com\/pt-pt\/producto\/lite-wall-flex\/#breadcrumb\"},\"inLanguage\":\"pt-PT\",\"potentialAction\":[{\"@type\":\"ReadAction\",\"target\":[\"https:\/\/store.nox-xtreme.com\/pt-pt\/producto\/lite-wall-flex\/\"]}]},{\"@type\":\"ImageObject\",\"inLanguage\":\"pt-PT\",\"@id\":\"https:\/\/store.nox-xtreme.com\/pt-pt\/producto\/lite-wall-flex\/#primaryimage\",\"url\":\"https:\/\/store.nox-xtreme.com\/wp-content\/uploads\/sites\/2\/2023\/05\/nox_lite_wallflex_main_monitor.jpg\",\"contentUrl\":\"https:\/\/store.nox-xtreme.com\/wp-content\/uploads\/sites\/2\/2023\/05\/nox_lite_wallflex_main_monitor.jpg\",\"width\":1049,\"height\":1300},{\"@type\":\"BreadcrumbList\",\"@id\":\"https:\/\/store.nox-xtreme.com\/pt-pt\/producto\/lite-wall-flex\/#breadcrumb\",\"itemListElement\":[{\"@type\":\"ListItem\",\"position\":1,\"name\":\"Portada\",\"item\":\"https:\/\/store.nox-xtreme.com\/pt-pt\/\"},{\"@type\":\"ListItem\",\"position\":2,\"name\":\"Productos\",\"item\":\"https:\/\/store.nox-xtreme.com\/shop\/\"},{\"@type\":\"ListItem\",\"position\":3,\"name\":\"Lite Wall Flex\"}]},{\"@type\":\"WebSite\",\"@id\":\"https:\/\/store.nox-xtreme.com\/#website\",\"url\":\"https:\/\/store.nox-xtreme.com\/\",\"name\":\"Nox-Xtreme\",\"description\":\"Boosting You Performance\",\"potentialAction\":[{\"@type\":\"SearchAction\",\"target\":{\"@type\":\"EntryPoint\",\"urlTemplate\":\"https:\/\/store.nox-xtreme.com\/?s={search_term_string}\"},\"query-input\":{\"@type\":\"PropertyValueSpecification\",\"valueRequired\":true,\"valueName\":\"search_term_string\"}}],\"inLanguage\":\"pt-PT\"}]}<\/script>\n<!-- \/ Yoast SEO plugin. -->","yoast_head_json":{"title":"Lite Wall Flex - Nox-Xtreme","description":"Nox Lite SINGLE STAND \u00e9 um suporte de monitor compat\u00edvel com VESA 75 \/ VESA 100 e ajust\u00e1vel em 3D (altura, rota\u00e7\u00e3o, rota\u00e7\u00e3o, inclina\u00e7\u00e3o).","robots":{"index":"index","follow":"follow","max-snippet":"max-snippet:-1","max-image-preview":"max-image-preview:large","max-video-preview":"max-video-preview:-1"},"canonical":"https:\/\/store.nox-xtreme.com\/pt-pt\/producto\/lite-wall-flex\/","og_locale":"pt_PT","og_type":"article","og_title":"Lite Wall Flex - Nox-Xtreme","og_description":"Nox Lite SINGLE STAND \u00e9 um suporte de monitor compat\u00edvel com VESA 75 \/ VESA 100 e ajust\u00e1vel em 3D (altura, rota\u00e7\u00e3o, rota\u00e7\u00e3o, inclina\u00e7\u00e3o).","og_url":"https:\/\/store.nox-xtreme.com\/pt-pt\/producto\/lite-wall-flex\/","og_site_name":"Nox-Xtreme","article_modified_time":"2023-06-01T09:55:57+00:00","og_image":[{"width":1049,"height":1300,"url":"https:\/\/store.nox-xtreme.com\/wp-content\/uploads\/sites\/2\/2023\/05\/nox_lite_wallflex_main_monitor.jpg","type":"image\/jpeg"}],"twitter_card":"summary_large_image","twitter_misc":{"Tempo estimado de leitura":"1 minuto"},"schema":{"@context":"https:\/\/schema.org","@graph":[{"@type":"WebPage","@id":"https:\/\/store.nox-xtreme.com\/pt-pt\/producto\/lite-wall-flex\/","url":"https:\/\/store.nox-xtreme.com\/pt-pt\/producto\/lite-wall-flex\/","name":"Lite Wall Flex - Nox-Xtreme","isPartOf":{"@id":"https:\/\/store.nox-xtreme.com\/#website"},"primaryImageOfPage":{"@id":"https:\/\/store.nox-xtreme.com\/pt-pt\/producto\/lite-wall-flex\/#primaryimage"},"image":{"@id":"https:\/\/store.nox-xtreme.com\/pt-pt\/producto\/lite-wall-flex\/#primaryimage"},"thumbnailUrl":"https:\/\/store.nox-xtreme.com\/wp-content\/uploads\/sites\/2\/2023\/05\/nox_lite_wallflex_main_monitor.jpg","datePublished":"2023-05-25T08:48:38+00:00","dateModified":"2023-06-01T09:55:57+00:00","description":"Nox Lite SINGLE STAND \u00e9 um suporte de monitor compat\u00edvel com VESA 75 \/ VESA 100 e ajust\u00e1vel em 3D (altura, rota\u00e7\u00e3o, rota\u00e7\u00e3o, inclina\u00e7\u00e3o).","breadcrumb":{"@id":"https:\/\/store.nox-xtreme.com\/pt-pt\/producto\/lite-wall-flex\/#breadcrumb"},"inLanguage":"pt-PT","potentialAction":[{"@type":"ReadAction","target":["https:\/\/store.nox-xtreme.com\/pt-pt\/producto\/lite-wall-flex\/"]}]},{"@type":"ImageObject","inLanguage":"pt-PT","@id":"https:\/\/store.nox-xtreme.com\/pt-pt\/producto\/lite-wall-flex\/#primaryimage","url":"https:\/\/store.nox-xtreme.com\/wp-content\/uploads\/sites\/2\/2023\/05\/nox_lite_wallflex_main_monitor.jpg","contentUrl":"https:\/\/store.nox-xtreme.com\/wp-content\/uploads\/sites\/2\/2023\/05\/nox_lite_wallflex_main_monitor.jpg","width":1049,"height":1300},{"@type":"BreadcrumbList","@id":"https:\/\/store.nox-xtreme.com\/pt-pt\/producto\/lite-wall-flex\/#breadcrumb","itemListElement":[{"@type":"ListItem","position":1,"name":"Portada","item":"https:\/\/store.nox-xtreme.com\/pt-pt\/"},{"@type":"ListItem","position":2,"name":"Productos","item":"https:\/\/store.nox-xtreme.com\/shop\/"},{"@type":"ListItem","position":3,"name":"Lite Wall Flex"}]},{"@type":"WebSite","@id":"https:\/\/store.nox-xtreme.com\/#website","url":"https:\/\/store.nox-xtreme.com\/","name":"Nox-Xtreme","description":"Boosting You Performance","potentialAction":[{"@type":"SearchAction","target":{"@type":"EntryPoint","urlTemplate":"https:\/\/store.nox-xtreme.com\/?s={search_term_string}"},"query-input":{"@type":"PropertyValueSpecification","valueRequired":true,"valueName":"search_term_string"}}],"inLanguage":"pt-PT"}]}},"_links":{"self":[{"href":"https:\/\/store.nox-xtreme.com\/pt-pt\/wp-json\/wp\/v2\/product\/19596","targetHints":{"allow":["GET"]}}],"collection":[{"href":"https:\/\/store.nox-xtreme.com\/pt-pt\/wp-json\/wp\/v2\/product"}],"about":[{"href":"https:\/\/store.nox-xtreme.com\/pt-pt\/wp-json\/wp\/v2\/types\/product"}],"replies":[{"embeddable":true,"href":"https:\/\/store.nox-xtreme.com\/pt-pt\/wp-json\/wp\/v2\/comments?post=19596"}],"wp:featuredmedia":[{"embeddable":true,"href":"https:\/\/store.nox-xtreme.com\/pt-pt\/wp-json\/wp\/v2\/media\/19605"}],"wp:attachment":[{"href":"https:\/\/store.nox-xtreme.com\/pt-pt\/wp-json\/wp\/v2\/media?parent=19596"}],"wp:term":[{"taxonomy":"product_brand","embeddable":true,"href":"https:\/\/store.nox-xtreme.com\/pt-pt\/wp-json\/wp\/v2\/product_brand?post=19596"},{"taxonomy":"product_cat","embeddable":true,"href":"https:\/\/store.nox-xtreme.com\/pt-pt\/wp-json\/wp\/v2\/product_cat?post=19596"},{"taxonomy":"product_tag","embeddable":true,"href":"https:\/\/store.nox-xtreme.com\/pt-pt\/wp-json\/wp\/v2\/product_tag?post=19596"}],"curies":[{"name":"wp","href":"https:\/\/api.w.org\/{rel}","templated":true}]}}