{"id":19566,"date":"2023-05-25T10:24:58","date_gmt":"2023-05-25T08:24:59","guid":{"rendered":"https:\/\/store.nox-xtreme.com\/?post_type=product&#038;p=19566"},"modified":"2023-06-01T11:57:22","modified_gmt":"2023-06-01T09:57:22","slug":"lite-wall-stand","status":"publish","type":"product","link":"https:\/\/store.nox-xtreme.com\/pt-pt\/producto\/lite-wall-stand\/","title":{"rendered":"Lite Wall Stand"},"content":{"rendered":"<p>Nox Lite Wall Stand \u00e9 um <strong>resistente suporte para monitores e televisores de 23&#8243; a 55&#8243;<\/strong>, capaz de suportar at\u00e9 35 quilos de peso. Este suporte facilita uma boa postura corporal e uma excelente qualidade visual, podendo ajustar o monitor ou televis\u00e3o \u00e0 altura que melhor se adapte \u00e0s suas necessidades, aumentando assim a sua produtividade e a qualidade das suas horas de entretenimento.<\/p>\n<h3>Design robusto<\/h3>\n<p>Nox Lite Wall Stand \u00e9 um suporte robusto e confi\u00e1vel <strong>para monitores e televisores de 23\u201d a 55\u201d<\/strong>, com qualidade superior e que garante estabilidade e seguran\u00e7a.<br \/>\nCompat\u00edvel com os padr\u00f5es VESA 200 x 200 mm, 400 x 200 mm e 400 x 400 mm, possui um design estrutural s\u00f3lido e muito resistente, que permite suportar at\u00e9 <strong>peso m\u00e1ximo de 35 quilos<\/strong>.<\/p>\n<h3>suporte impercept\u00edvel<\/h3>\n<p>O suporte de parede Nox Lite apresenta um <strong>perfil fino de 22 mm de espessura<\/strong>, tornando-o praticamente invis\u00edvel. Vai parecer que n\u00e3o tem suporte na parede, encaixando totalmente na est\u00e9tica envolvente.<\/p>\n<h3>Poupan\u00e7a de espa\u00e7o<\/h3>\n<p>O acess\u00f3rio Nox Lite Wall Stand <strong>permite obter mais espa\u00e7o<\/strong>, seja no seu setup, na sua sala ou no seu quarto, com a hip\u00f3tese de de poder fixar o seu ecr\u00e3 \u00e0 parede.<\/p>\n<h3>Instala\u00e7\u00e3o Simples<\/h3>\n<p>Nox Lite Wall Stand \u00e9 um sistema de suporte de TV <strong>muito f\u00e1cil de instalar<\/strong>.<\/p>\n","protected":false},"excerpt":{"rendered":"<ul>\n<li>Suporte para sistema de montagem de televis\u00e3o ou monitor<\/li>\n<li>Tamanho de ecr\u00e3 suportado: 23&#8243; &#8211; 55&#8243;<\/li>\n<li>Compat\u00edvel com padr\u00e3o VESA<\/li>\n<li>Perfil super fino<\/li>\n<li>Suporte de parede seguro<\/li>\n<\/ul>\n","protected":false},"featured_media":19593,"comment_status":"closed","ping_status":"closed","template":"","meta":{"inline_featured_image":false},"product_brand":[],"product_cat":[175],"product_tag":[209],"class_list":{"0":"post-19566","1":"product","2":"type-product","3":"status-publish","4":"has-post-thumbnail","6":"product_cat-accesorios-pt-pt","7":"product_tag-lite-pt-pt","9":"first","10":"instock","11":"taxable","12":"shipping-taxable","13":"purchasable","14":"product-type-simple"},"_links":{"self":[{"href":"https:\/\/store.nox-xtreme.com\/pt-pt\/wp-json\/wp\/v2\/product\/19566","targetHints":{"allow":["GET"]}}],"collection":[{"href":"https:\/\/store.nox-xtreme.com\/pt-pt\/wp-json\/wp\/v2\/product"}],"about":[{"href":"https:\/\/store.nox-xtreme.com\/pt-pt\/wp-json\/wp\/v2\/types\/product"}],"replies":[{"embeddable":true,"href":"https:\/\/store.nox-xtreme.com\/pt-pt\/wp-json\/wp\/v2\/comments?post=19566"}],"wp:featuredmedia":[{"embeddable":true,"href":"https:\/\/store.nox-xtreme.com\/pt-pt\/wp-json\/wp\/v2\/media\/19593"}],"wp:attachment":[{"href":"https:\/\/store.nox-xtreme.com\/pt-pt\/wp-json\/wp\/v2\/media?parent=19566"}],"wp:term":[{"taxonomy":"product_brand","embeddable":true,"href":"https:\/\/store.nox-xtreme.com\/pt-pt\/wp-json\/wp\/v2\/product_brand?post=19566"},{"taxonomy":"product_cat","embeddable":true,"href":"https:\/\/store.nox-xtreme.com\/pt-pt\/wp-json\/wp\/v2\/product_cat?post=19566"},{"taxonomy":"product_tag","embeddable":true,"href":"https:\/\/store.nox-xtreme.com\/pt-pt\/wp-json\/wp\/v2\/product_tag?post=19566"}],"curies":[{"name":"wp","href":"https:\/\/api.w.org\/{rel}","templated":true}]}}