{"id":18095,"date":"2022-05-03T10:13:42","date_gmt":"2022-05-03T08:13:42","guid":{"rendered":"https:\/\/store.nox-xtreme.com\/?post_type=product&#038;p=18095"},"modified":"2022-05-13T11:43:35","modified_gmt":"2022-05-13T09:43:35","slug":"lite-voice-one","status":"publish","type":"product","link":"https:\/\/store.nox-xtreme.com\/pt-pt\/producto\/lite-voice-one\/","title":{"rendered":"Voice One"},"content":{"rendered":"<h3>Nox Lite Voice One<\/h3>\n<p>O Nox Lite Voice One \u00e9 um headset est\u00e9reo, ultraleve que incorpora um microfone flex\u00edvel ajust\u00e1vel para comunica\u00e7\u00e3o com as m\u00e3os livres. Este headset da Nox \u00e9 perfeito para uso intensivo, tanto para trabalhar em casa como no escrit\u00f3rio.<\/p>\n<h3>Leve e Confort\u00e1vel<\/h3>\n<p>O Nox Lite Voice One \u00e9 um headset est\u00e9reo <strong>compacto e muito leve<\/strong> que oferece conforto gra\u00e7as aos <strong>auriculares almofadados que garantem conforto durante o uso prolongado<\/strong>.<\/p>\n<p>Com um <strong>design discreto<\/strong> que inclui uma faixa de cabe\u00e7a ajust\u00e1vel, \u00e9 perfeito para uso profissional ou lazer, ouvindo m\u00fasica e assistindo v\u00eddeos. Esses headset Nox <strong>reproduzem e captam bem o som<\/strong>, suportando o uso cont\u00ednuo.<\/p>\n<h3>Microfone flex\u00edvel<\/h3>\n<p>Com um microfone <strong>flex\u00edvel<\/strong>, poder\u00e1 ajustar perfeitamente a sua posi\u00e7\u00e3o para uma boa qualidade de som, permitindo fazer chamadas no trabalho: <strong>ser\u00e1 ser ouvido com clareza<\/strong>, e com qualidade.<\/p>\n<p>O Nox Lite Voice One \u00e9 um headset que <strong>compat\u00edvel com as principais aplica\u00e7\u00f5es de comunica\u00e7\u00e3o<\/strong>, como Skype, Google Meet ou Zoom, entre outros.<\/p>\n<h3>Jack duplo 3.5 mm<\/h3>\n<p>Pensado para utiliza\u00e7\u00e3o profissional, este headset possui <strong>dois conectores de 3,5 mm com linhas separadas, um para \u00e1udio e outro para microfone<\/strong>, tornando-o um headset ideal para teletrabalho e outras tarefas di\u00e1rias.<\/p>\n","protected":false},"excerpt":{"rendered":"<ul>\n<li>Microfone flex\u00edvel<\/li>\n<li>Banda de cabe\u00e7a ajust\u00e1vel<\/li>\n<li>Conex\u00e3o 2x conector de 3,5 mm<\/li>\n<\/ul>\n","protected":false},"featured_media":18087,"comment_status":"closed","ping_status":"closed","template":"","meta":{"inline_featured_image":false},"product_brand":[],"product_cat":[175],"product_tag":[209],"class_list":{"0":"post-18095","1":"product","2":"type-product","3":"status-publish","4":"has-post-thumbnail","6":"product_cat-accesorios-pt-pt","7":"product_tag-lite-pt-pt","9":"first","10":"instock","11":"taxable","12":"shipping-taxable","13":"purchasable","14":"product-type-simple"},"yoast_head":"<!-- This site is optimized with the Yoast SEO plugin v26.7 - https:\/\/yoast.com\/wordpress\/plugins\/seo\/ -->\n<title>Voice One - Nox-Xtreme<\/title>\n<meta name=\"description\" content=\"Nox Lite VOICE ONE \u00e9 um headset confort\u00e1vel com um microfone flex\u00edvel e compat\u00edvel com Windows, MacOS e Linux.\" \/>\n<meta name=\"robots\" content=\"index, follow, max-snippet:-1, max-image-preview:large, max-video-preview:-1\" \/>\n<link rel=\"canonical\" href=\"https:\/\/store.nox-xtreme.com\/pt-pt\/producto\/lite-voice-one\/\" \/>\n<meta property=\"og:locale\" content=\"pt_PT\" \/>\n<meta property=\"og:type\" content=\"article\" \/>\n<meta property=\"og:title\" content=\"Voice One - Nox-Xtreme\" \/>\n<meta property=\"og:description\" content=\"Nox Lite VOICE ONE \u00e9 um headset confort\u00e1vel com um microfone flex\u00edvel e compat\u00edvel com Windows, MacOS e Linux.\" \/>\n<meta property=\"og:url\" content=\"https:\/\/store.nox-xtreme.com\/pt-pt\/producto\/lite-voice-one\/\" \/>\n<meta property=\"og:site_name\" content=\"Nox-Xtreme\" \/>\n<meta property=\"article:modified_time\" content=\"2022-05-13T09:43:35+00:00\" \/>\n<meta name=\"twitter:card\" content=\"summary_large_image\" \/>\n<meta name=\"twitter:label1\" content=\"Tempo estimado de leitura\" \/>\n\t<meta name=\"twitter:data1\" content=\"1 minuto\" \/>\n<script type=\"application\/ld+json\" class=\"yoast-schema-graph\">{\"@context\":\"https:\/\/schema.org\",\"@graph\":[{\"@type\":\"WebPage\",\"@id\":\"https:\/\/store.nox-xtreme.com\/pt-pt\/producto\/lite-voice-one\/\",\"url\":\"https:\/\/store.nox-xtreme.com\/pt-pt\/producto\/lite-voice-one\/\",\"name\":\"Voice One - Nox-Xtreme\",\"isPartOf\":{\"@id\":\"https:\/\/store.nox-xtreme.com\/#website\"},\"primaryImageOfPage\":{\"@id\":\"https:\/\/store.nox-xtreme.com\/pt-pt\/producto\/lite-voice-one\/#primaryimage\"},\"image\":{\"@id\":\"https:\/\/store.nox-xtreme.com\/pt-pt\/producto\/lite-voice-one\/#primaryimage\"},\"thumbnailUrl\":\"https:\/\/store.nox-xtreme.com\/wp-content\/uploads\/sites\/2\/2022\/05\/nox_lite_voice_one_1.jpg\",\"datePublished\":\"2022-05-03T08:13:42+00:00\",\"dateModified\":\"2022-05-13T09:43:35+00:00\",\"description\":\"Nox Lite VOICE ONE \u00e9 um headset confort\u00e1vel com um microfone flex\u00edvel e compat\u00edvel com Windows, MacOS e Linux.\",\"breadcrumb\":{\"@id\":\"https:\/\/store.nox-xtreme.com\/pt-pt\/producto\/lite-voice-one\/#breadcrumb\"},\"inLanguage\":\"pt-PT\",\"potentialAction\":[{\"@type\":\"ReadAction\",\"target\":[\"https:\/\/store.nox-xtreme.com\/pt-pt\/producto\/lite-voice-one\/\"]}]},{\"@type\":\"ImageObject\",\"inLanguage\":\"pt-PT\",\"@id\":\"https:\/\/store.nox-xtreme.com\/pt-pt\/producto\/lite-voice-one\/#primaryimage\",\"url\":\"https:\/\/store.nox-xtreme.com\/wp-content\/uploads\/sites\/2\/2022\/05\/nox_lite_voice_one_1.jpg\",\"contentUrl\":\"https:\/\/store.nox-xtreme.com\/wp-content\/uploads\/sites\/2\/2022\/05\/nox_lite_voice_one_1.jpg\",\"width\":1049,\"height\":1300},{\"@type\":\"BreadcrumbList\",\"@id\":\"https:\/\/store.nox-xtreme.com\/pt-pt\/producto\/lite-voice-one\/#breadcrumb\",\"itemListElement\":[{\"@type\":\"ListItem\",\"position\":1,\"name\":\"Portada\",\"item\":\"https:\/\/store.nox-xtreme.com\/pt-pt\/\"},{\"@type\":\"ListItem\",\"position\":2,\"name\":\"Productos\",\"item\":\"https:\/\/store.nox-xtreme.com\/shop\/\"},{\"@type\":\"ListItem\",\"position\":3,\"name\":\"Voice One\"}]},{\"@type\":\"WebSite\",\"@id\":\"https:\/\/store.nox-xtreme.com\/#website\",\"url\":\"https:\/\/store.nox-xtreme.com\/\",\"name\":\"Nox-Xtreme\",\"description\":\"Boosting You Performance\",\"potentialAction\":[{\"@type\":\"SearchAction\",\"target\":{\"@type\":\"EntryPoint\",\"urlTemplate\":\"https:\/\/store.nox-xtreme.com\/?s={search_term_string}\"},\"query-input\":{\"@type\":\"PropertyValueSpecification\",\"valueRequired\":true,\"valueName\":\"search_term_string\"}}],\"inLanguage\":\"pt-PT\"}]}<\/script>\n<!-- \/ Yoast SEO plugin. -->","yoast_head_json":{"title":"Voice One - Nox-Xtreme","description":"Nox Lite VOICE ONE \u00e9 um headset confort\u00e1vel com um microfone flex\u00edvel e compat\u00edvel com Windows, MacOS e Linux.","robots":{"index":"index","follow":"follow","max-snippet":"max-snippet:-1","max-image-preview":"max-image-preview:large","max-video-preview":"max-video-preview:-1"},"canonical":"https:\/\/store.nox-xtreme.com\/pt-pt\/producto\/lite-voice-one\/","og_locale":"pt_PT","og_type":"article","og_title":"Voice One - Nox-Xtreme","og_description":"Nox Lite VOICE ONE \u00e9 um headset confort\u00e1vel com um microfone flex\u00edvel e compat\u00edvel com Windows, MacOS e Linux.","og_url":"https:\/\/store.nox-xtreme.com\/pt-pt\/producto\/lite-voice-one\/","og_site_name":"Nox-Xtreme","article_modified_time":"2022-05-13T09:43:35+00:00","twitter_card":"summary_large_image","twitter_misc":{"Tempo estimado de leitura":"1 minuto"},"schema":{"@context":"https:\/\/schema.org","@graph":[{"@type":"WebPage","@id":"https:\/\/store.nox-xtreme.com\/pt-pt\/producto\/lite-voice-one\/","url":"https:\/\/store.nox-xtreme.com\/pt-pt\/producto\/lite-voice-one\/","name":"Voice One - Nox-Xtreme","isPartOf":{"@id":"https:\/\/store.nox-xtreme.com\/#website"},"primaryImageOfPage":{"@id":"https:\/\/store.nox-xtreme.com\/pt-pt\/producto\/lite-voice-one\/#primaryimage"},"image":{"@id":"https:\/\/store.nox-xtreme.com\/pt-pt\/producto\/lite-voice-one\/#primaryimage"},"thumbnailUrl":"https:\/\/store.nox-xtreme.com\/wp-content\/uploads\/sites\/2\/2022\/05\/nox_lite_voice_one_1.jpg","datePublished":"2022-05-03T08:13:42+00:00","dateModified":"2022-05-13T09:43:35+00:00","description":"Nox Lite VOICE ONE \u00e9 um headset confort\u00e1vel com um microfone flex\u00edvel e compat\u00edvel com Windows, MacOS e Linux.","breadcrumb":{"@id":"https:\/\/store.nox-xtreme.com\/pt-pt\/producto\/lite-voice-one\/#breadcrumb"},"inLanguage":"pt-PT","potentialAction":[{"@type":"ReadAction","target":["https:\/\/store.nox-xtreme.com\/pt-pt\/producto\/lite-voice-one\/"]}]},{"@type":"ImageObject","inLanguage":"pt-PT","@id":"https:\/\/store.nox-xtreme.com\/pt-pt\/producto\/lite-voice-one\/#primaryimage","url":"https:\/\/store.nox-xtreme.com\/wp-content\/uploads\/sites\/2\/2022\/05\/nox_lite_voice_one_1.jpg","contentUrl":"https:\/\/store.nox-xtreme.com\/wp-content\/uploads\/sites\/2\/2022\/05\/nox_lite_voice_one_1.jpg","width":1049,"height":1300},{"@type":"BreadcrumbList","@id":"https:\/\/store.nox-xtreme.com\/pt-pt\/producto\/lite-voice-one\/#breadcrumb","itemListElement":[{"@type":"ListItem","position":1,"name":"Portada","item":"https:\/\/store.nox-xtreme.com\/pt-pt\/"},{"@type":"ListItem","position":2,"name":"Productos","item":"https:\/\/store.nox-xtreme.com\/shop\/"},{"@type":"ListItem","position":3,"name":"Voice One"}]},{"@type":"WebSite","@id":"https:\/\/store.nox-xtreme.com\/#website","url":"https:\/\/store.nox-xtreme.com\/","name":"Nox-Xtreme","description":"Boosting You Performance","potentialAction":[{"@type":"SearchAction","target":{"@type":"EntryPoint","urlTemplate":"https:\/\/store.nox-xtreme.com\/?s={search_term_string}"},"query-input":{"@type":"PropertyValueSpecification","valueRequired":true,"valueName":"search_term_string"}}],"inLanguage":"pt-PT"}]}},"_links":{"self":[{"href":"https:\/\/store.nox-xtreme.com\/pt-pt\/wp-json\/wp\/v2\/product\/18095","targetHints":{"allow":["GET"]}}],"collection":[{"href":"https:\/\/store.nox-xtreme.com\/pt-pt\/wp-json\/wp\/v2\/product"}],"about":[{"href":"https:\/\/store.nox-xtreme.com\/pt-pt\/wp-json\/wp\/v2\/types\/product"}],"replies":[{"embeddable":true,"href":"https:\/\/store.nox-xtreme.com\/pt-pt\/wp-json\/wp\/v2\/comments?post=18095"}],"wp:featuredmedia":[{"embeddable":true,"href":"https:\/\/store.nox-xtreme.com\/pt-pt\/wp-json\/wp\/v2\/media\/18087"}],"wp:attachment":[{"href":"https:\/\/store.nox-xtreme.com\/pt-pt\/wp-json\/wp\/v2\/media?parent=18095"}],"wp:term":[{"taxonomy":"product_brand","embeddable":true,"href":"https:\/\/store.nox-xtreme.com\/pt-pt\/wp-json\/wp\/v2\/product_brand?post=18095"},{"taxonomy":"product_cat","embeddable":true,"href":"https:\/\/store.nox-xtreme.com\/pt-pt\/wp-json\/wp\/v2\/product_cat?post=18095"},{"taxonomy":"product_tag","embeddable":true,"href":"https:\/\/store.nox-xtreme.com\/pt-pt\/wp-json\/wp\/v2\/product_tag?post=18095"}],"curies":[{"name":"wp","href":"https:\/\/api.w.org\/{rel}","templated":true}]}}