{"id":18000,"date":"2022-04-20T11:56:41","date_gmt":"2022-04-20T09:56:48","guid":{"rendered":"https:\/\/store.nox-xtreme.com\/?post_type=product&#038;p=18000"},"modified":"2025-09-15T01:00:10","modified_gmt":"2025-09-14T23:00:10","slug":"hummer-nemesis-white","status":"publish","type":"product","link":"https:\/\/store.nox-xtreme.com\/pt-pt\/producto\/hummer-nemesis-white\/","title":{"rendered":"Hummer Nemesis White"},"content":{"rendered":"<h3>Hummer Nemesis<\/h3>\n<p>Nox Hummer Nemesis \u00e9 uma torre m\u00e9dia premium com um impressionante design minimalista, com vidro temperado duplo. Este chassi de a\u00e7o \u00e9 compat\u00edvel com gr\u00e1ficas grandes, de at\u00e9 350 mm, e com sistemas de refrigera\u00e7\u00e3o l\u00edquida. Al\u00e9m disso, inclui duas ventoinhas LED ARGB que garantem um bom fluxo de ar e suporta at\u00e9 um total de oito ventoinhas. Nesta torre m\u00e9dia Nox, tudo foi projetado para o m\u00e1ximo desempenho.<\/p>\n<h3>Um estilo \u00fanico<\/h3>\n<p>Dispon\u00edvel em duas cores, <strong>branco ou preto<\/strong>, com uma est\u00e9tica incr\u00edvel, a Nox Hummer Nemesis apresenta um <strong>design gaming minimalista<\/strong>. Com <strong>vidro duplo, um frontal e outro lateral<\/strong>, o interior do equipamento \u00e9 vis\u00edvel, tirando total proveito da possibilidade de configura\u00e7\u00e3o avan\u00e7ada e da ilumina\u00e7\u00e3o ARGB .<\/p>\n<p>Constru\u00edda em <strong>a\u00e7o de 0,6 mm e 0,8 mm<\/strong>, que al\u00e9m de ajudar a proteger , possui excelentes acabamentos devido \u00e0 utiliza\u00e7\u00e3o de materiais de alta qualidade. A Nox Hummer Nemesis t\u00eam tamb\u00e9m uma <strong>base de borracha<\/strong> para evitar vibra\u00e7\u00f5es desnecess\u00e1rias.<\/p>\n<p>Por outro lado, para uma excelente manuten\u00e7\u00e3o dos componentes, possui um <strong>filtro de p\u00f3 remov\u00edvel<\/strong> na parte superior, o que facilita a limpeza, al\u00e9m de um excelente sistema de gest\u00e3o de cabos, o que favorece a f\u00e1cil montagem e ajuda a distribuir o fluxo de ar uniformemente .<\/p>\n<h3>Alcan\u00e7a a vit\u00f3ria<\/h3>\n<p>Para que n\u00e3o precise se preocupar com nada e possa se concentrar em ganhar o jogo, esta caixa Nox <strong>possui os principais acessos no seu topo<\/strong>. Ali ir\u00e1 encontrar <strong>duas portas dedicadas a USB 3.0 e tamb\u00e9m duas USB 2.0<\/strong>, al\u00e9m das <strong>conex\u00f5es de \u00e1udio e microfone HD<\/strong>.<\/p>\n<h3>Capacidade m\u00e1xima<\/h3>\n<p>Compat\u00edvel com sistemas de refrigera\u00e7\u00e3o l\u00edquida, a Nox Hummer Nemesis permite montar uma <strong>placa gr\u00e1fica de 350 mm<\/strong> e, al\u00e9m disso, possui <strong>sete slots de expans\u00e3o<\/strong> para adaptar o equipamento \u00e0s diferentes necessidades que possam surgir.<\/p>\n<h3>Grande fluxo de ar<\/h3>\n<p>Inclui <strong>duas ventoinhas ARGB LED infinitas instaladas na parte frontal<\/strong>, tendo capacidade total para oito, obtendo assim um grande fluxo de ar. Os componentes permanecer\u00e3o frios, com desempenho eficiente.<\/p>\n<p>Poder\u00e1 instalar <strong>tr\u00eas ventoinhas de 120 mm ou duas de 140 mm na parte frontal, uma de 120 mm na traseira ou duas de 120 mm ou 140 mm na parte superior<\/strong>. Por outro lado, esta torre Nox projetada para equipamentos de elevado desempenho, suporta um <strong>cooler de CPU de 166 mm<\/strong> para dissipar o calor.<\/p>\n<h3>Versatilidade<\/h3>\n<p>Nox Hummer Nemesis \u00e9 compat\u00edvel com os formatos <strong>ATX e Micro ATX<\/strong>. Suporta tamb\u00e9m v\u00e1rias <strong>combina\u00e7\u00f5es de at\u00e9 quatro discos r\u00edgidos<\/strong>: Podendo instalar <strong>1x 3.5&quot; e 3x 2.5&quot;<\/strong> ou <strong>2x 3.5 e 2x 2.5&quot;<\/strong> ou <strong>3x 3.5&quot; e 1x 2.5&quot; <\/strong>.<\/p>\n","protected":false},"excerpt":{"rendered":"<ul>\n<li>Ventoinhas LED ARGB<\/li>\n<li>Vidro temperado lateral e frontal<\/li>\n<li>Espa\u00e7o para instalar at\u00e9 8 ventoinhas<\/li>\n<li>Compat\u00edvel com gr\u00e1ficas grandes<\/li>\n<li>USB 3.0 de alta velocidade<\/li>\n<\/ul>\n","protected":false},"featured_media":18008,"comment_status":"closed","ping_status":"closed","template":"","meta":{"inline_featured_image":false},"product_brand":[],"product_cat":[176],"product_tag":[199],"class_list":{"0":"post-18000","1":"product","2":"type-product","3":"status-publish","4":"has-post-thumbnail","6":"product_cat-cajas-pt-pt-2","7":"product_tag-hummer-pt-pt","9":"first","10":"instock","11":"taxable","12":"shipping-taxable","13":"purchasable","14":"product-type-variable"},"yoast_head":"<!-- This site is optimized with the Yoast SEO plugin v26.7 - https:\/\/yoast.com\/wordpress\/plugins\/seo\/ -->\n<title>Hummer Nemesis White - Nox-Xtreme<\/title>\n<meta name=\"description\" content=\"Nox Hummer Nemesis, ARGB semi torre com frontal e laterais de vidro temperado e espa\u00e7o para at\u00e9 8 ventoinhas e placas gr\u00e1ficas at\u00e9 350 mm.\" \/>\n<meta name=\"robots\" content=\"index, follow, max-snippet:-1, max-image-preview:large, max-video-preview:-1\" \/>\n<link rel=\"canonical\" href=\"https:\/\/store.nox-xtreme.com\/pt-pt\/producto\/hummer-nemesis-white\/\" \/>\n<meta property=\"og:locale\" content=\"pt_PT\" \/>\n<meta property=\"og:type\" content=\"article\" \/>\n<meta property=\"og:title\" content=\"Hummer Nemesis White - Nox-Xtreme\" \/>\n<meta property=\"og:description\" content=\"Nox Hummer Nemesis, ARGB semi torre com frontal e laterais de vidro temperado e espa\u00e7o para at\u00e9 8 ventoinhas e placas gr\u00e1ficas at\u00e9 350 mm.\" \/>\n<meta property=\"og:url\" content=\"https:\/\/store.nox-xtreme.com\/pt-pt\/producto\/hummer-nemesis-white\/\" \/>\n<meta property=\"og:site_name\" content=\"Nox-Xtreme\" \/>\n<meta property=\"article:modified_time\" content=\"2025-09-14T23:00:10+00:00\" \/>\n<meta name=\"twitter:card\" content=\"summary_large_image\" \/>\n<meta name=\"twitter:label1\" content=\"Tempo estimado de leitura\" \/>\n\t<meta name=\"twitter:data1\" content=\"2 minutos\" \/>\n<script type=\"application\/ld+json\" class=\"yoast-schema-graph\">{\"@context\":\"https:\/\/schema.org\",\"@graph\":[{\"@type\":\"WebPage\",\"@id\":\"https:\/\/store.nox-xtreme.com\/pt-pt\/producto\/hummer-nemesis-white\/\",\"url\":\"https:\/\/store.nox-xtreme.com\/pt-pt\/producto\/hummer-nemesis-white\/\",\"name\":\"Hummer Nemesis White - Nox-Xtreme\",\"isPartOf\":{\"@id\":\"https:\/\/store.nox-xtreme.com\/#website\"},\"primaryImageOfPage\":{\"@id\":\"https:\/\/store.nox-xtreme.com\/pt-pt\/producto\/hummer-nemesis-white\/#primaryimage\"},\"image\":{\"@id\":\"https:\/\/store.nox-xtreme.com\/pt-pt\/producto\/hummer-nemesis-white\/#primaryimage\"},\"thumbnailUrl\":\"https:\/\/store.nox-xtreme.com\/wp-content\/uploads\/sites\/2\/2022\/04\/nox_hummer_nemesis_white_1-1.jpg\",\"datePublished\":\"2022-04-20T09:56:48+00:00\",\"dateModified\":\"2025-09-14T23:00:10+00:00\",\"description\":\"Nox Hummer Nemesis, ARGB semi torre com frontal e laterais de vidro temperado e espa\u00e7o para at\u00e9 8 ventoinhas e placas gr\u00e1ficas at\u00e9 350 mm.\",\"breadcrumb\":{\"@id\":\"https:\/\/store.nox-xtreme.com\/pt-pt\/producto\/hummer-nemesis-white\/#breadcrumb\"},\"inLanguage\":\"pt-PT\",\"potentialAction\":[{\"@type\":\"ReadAction\",\"target\":[\"https:\/\/store.nox-xtreme.com\/pt-pt\/producto\/hummer-nemesis-white\/\"]}]},{\"@type\":\"ImageObject\",\"inLanguage\":\"pt-PT\",\"@id\":\"https:\/\/store.nox-xtreme.com\/pt-pt\/producto\/hummer-nemesis-white\/#primaryimage\",\"url\":\"https:\/\/store.nox-xtreme.com\/wp-content\/uploads\/sites\/2\/2022\/04\/nox_hummer_nemesis_white_1-1.jpg\",\"contentUrl\":\"https:\/\/store.nox-xtreme.com\/wp-content\/uploads\/sites\/2\/2022\/04\/nox_hummer_nemesis_white_1-1.jpg\",\"width\":1049,\"height\":1300},{\"@type\":\"BreadcrumbList\",\"@id\":\"https:\/\/store.nox-xtreme.com\/pt-pt\/producto\/hummer-nemesis-white\/#breadcrumb\",\"itemListElement\":[{\"@type\":\"ListItem\",\"position\":1,\"name\":\"Portada\",\"item\":\"https:\/\/store.nox-xtreme.com\/pt-pt\/\"},{\"@type\":\"ListItem\",\"position\":2,\"name\":\"Productos\",\"item\":\"https:\/\/store.nox-xtreme.com\/shop\/\"},{\"@type\":\"ListItem\",\"position\":3,\"name\":\"Hummer Nemesis White\"}]},{\"@type\":\"WebSite\",\"@id\":\"https:\/\/store.nox-xtreme.com\/#website\",\"url\":\"https:\/\/store.nox-xtreme.com\/\",\"name\":\"Nox-Xtreme\",\"description\":\"Boosting You Performance\",\"potentialAction\":[{\"@type\":\"SearchAction\",\"target\":{\"@type\":\"EntryPoint\",\"urlTemplate\":\"https:\/\/store.nox-xtreme.com\/?s={search_term_string}\"},\"query-input\":{\"@type\":\"PropertyValueSpecification\",\"valueRequired\":true,\"valueName\":\"search_term_string\"}}],\"inLanguage\":\"pt-PT\"}]}<\/script>\n<!-- \/ Yoast SEO plugin. -->","yoast_head_json":{"title":"Hummer Nemesis White - Nox-Xtreme","description":"Nox Hummer Nemesis, ARGB semi torre com frontal e laterais de vidro temperado e espa\u00e7o para at\u00e9 8 ventoinhas e placas gr\u00e1ficas at\u00e9 350 mm.","robots":{"index":"index","follow":"follow","max-snippet":"max-snippet:-1","max-image-preview":"max-image-preview:large","max-video-preview":"max-video-preview:-1"},"canonical":"https:\/\/store.nox-xtreme.com\/pt-pt\/producto\/hummer-nemesis-white\/","og_locale":"pt_PT","og_type":"article","og_title":"Hummer Nemesis White - Nox-Xtreme","og_description":"Nox Hummer Nemesis, ARGB semi torre com frontal e laterais de vidro temperado e espa\u00e7o para at\u00e9 8 ventoinhas e placas gr\u00e1ficas at\u00e9 350 mm.","og_url":"https:\/\/store.nox-xtreme.com\/pt-pt\/producto\/hummer-nemesis-white\/","og_site_name":"Nox-Xtreme","article_modified_time":"2025-09-14T23:00:10+00:00","twitter_card":"summary_large_image","twitter_misc":{"Tempo estimado de leitura":"2 minutos"},"schema":{"@context":"https:\/\/schema.org","@graph":[{"@type":"WebPage","@id":"https:\/\/store.nox-xtreme.com\/pt-pt\/producto\/hummer-nemesis-white\/","url":"https:\/\/store.nox-xtreme.com\/pt-pt\/producto\/hummer-nemesis-white\/","name":"Hummer Nemesis White - Nox-Xtreme","isPartOf":{"@id":"https:\/\/store.nox-xtreme.com\/#website"},"primaryImageOfPage":{"@id":"https:\/\/store.nox-xtreme.com\/pt-pt\/producto\/hummer-nemesis-white\/#primaryimage"},"image":{"@id":"https:\/\/store.nox-xtreme.com\/pt-pt\/producto\/hummer-nemesis-white\/#primaryimage"},"thumbnailUrl":"https:\/\/store.nox-xtreme.com\/wp-content\/uploads\/sites\/2\/2022\/04\/nox_hummer_nemesis_white_1-1.jpg","datePublished":"2022-04-20T09:56:48+00:00","dateModified":"2025-09-14T23:00:10+00:00","description":"Nox Hummer Nemesis, ARGB semi torre com frontal e laterais de vidro temperado e espa\u00e7o para at\u00e9 8 ventoinhas e placas gr\u00e1ficas at\u00e9 350 mm.","breadcrumb":{"@id":"https:\/\/store.nox-xtreme.com\/pt-pt\/producto\/hummer-nemesis-white\/#breadcrumb"},"inLanguage":"pt-PT","potentialAction":[{"@type":"ReadAction","target":["https:\/\/store.nox-xtreme.com\/pt-pt\/producto\/hummer-nemesis-white\/"]}]},{"@type":"ImageObject","inLanguage":"pt-PT","@id":"https:\/\/store.nox-xtreme.com\/pt-pt\/producto\/hummer-nemesis-white\/#primaryimage","url":"https:\/\/store.nox-xtreme.com\/wp-content\/uploads\/sites\/2\/2022\/04\/nox_hummer_nemesis_white_1-1.jpg","contentUrl":"https:\/\/store.nox-xtreme.com\/wp-content\/uploads\/sites\/2\/2022\/04\/nox_hummer_nemesis_white_1-1.jpg","width":1049,"height":1300},{"@type":"BreadcrumbList","@id":"https:\/\/store.nox-xtreme.com\/pt-pt\/producto\/hummer-nemesis-white\/#breadcrumb","itemListElement":[{"@type":"ListItem","position":1,"name":"Portada","item":"https:\/\/store.nox-xtreme.com\/pt-pt\/"},{"@type":"ListItem","position":2,"name":"Productos","item":"https:\/\/store.nox-xtreme.com\/shop\/"},{"@type":"ListItem","position":3,"name":"Hummer Nemesis White"}]},{"@type":"WebSite","@id":"https:\/\/store.nox-xtreme.com\/#website","url":"https:\/\/store.nox-xtreme.com\/","name":"Nox-Xtreme","description":"Boosting You Performance","potentialAction":[{"@type":"SearchAction","target":{"@type":"EntryPoint","urlTemplate":"https:\/\/store.nox-xtreme.com\/?s={search_term_string}"},"query-input":{"@type":"PropertyValueSpecification","valueRequired":true,"valueName":"search_term_string"}}],"inLanguage":"pt-PT"}]}},"_links":{"self":[{"href":"https:\/\/store.nox-xtreme.com\/pt-pt\/wp-json\/wp\/v2\/product\/18000","targetHints":{"allow":["GET"]}}],"collection":[{"href":"https:\/\/store.nox-xtreme.com\/pt-pt\/wp-json\/wp\/v2\/product"}],"about":[{"href":"https:\/\/store.nox-xtreme.com\/pt-pt\/wp-json\/wp\/v2\/types\/product"}],"replies":[{"embeddable":true,"href":"https:\/\/store.nox-xtreme.com\/pt-pt\/wp-json\/wp\/v2\/comments?post=18000"}],"wp:featuredmedia":[{"embeddable":true,"href":"https:\/\/store.nox-xtreme.com\/pt-pt\/wp-json\/wp\/v2\/media\/18008"}],"wp:attachment":[{"href":"https:\/\/store.nox-xtreme.com\/pt-pt\/wp-json\/wp\/v2\/media?parent=18000"}],"wp:term":[{"taxonomy":"product_brand","embeddable":true,"href":"https:\/\/store.nox-xtreme.com\/pt-pt\/wp-json\/wp\/v2\/product_brand?post=18000"},{"taxonomy":"product_cat","embeddable":true,"href":"https:\/\/store.nox-xtreme.com\/pt-pt\/wp-json\/wp\/v2\/product_cat?post=18000"},{"taxonomy":"product_tag","embeddable":true,"href":"https:\/\/store.nox-xtreme.com\/pt-pt\/wp-json\/wp\/v2\/product_tag?post=18000"}],"curies":[{"name":"wp","href":"https:\/\/api.w.org\/{rel}","templated":true}]}}