{"id":17892,"date":"2022-04-20T11:41:30","date_gmt":"2022-04-12T09:41:42","guid":{"rendered":"https:\/\/store.nox-xtreme.com\/?post_type=product&#038;p=17892"},"modified":"2022-05-13T12:14:53","modified_gmt":"2022-05-13T10:14:53","slug":"lite-070","status":"publish","type":"product","link":"https:\/\/store.nox-xtreme.com\/pt-pt\/producto\/lite-070\/","title":{"rendered":"Lite070"},"content":{"rendered":"<h3>LITE050<\/h3>\n<p>Nox Lite050 \u00e9 uma minitorre com design minimalista e elegante na cor preta, que permite montar uma configura\u00e7\u00e3o de \u00f3timo desempenho, j\u00e1 que apesar do que possa parecer devido \u00e0s suas pequenas dimens\u00f5es, oferece uma  grande capacidade.<\/p>\n<h3>Painel frontal e acesso<\/h3>\n<p>No painel frontal do Nox Lite050 est\u00e3o as portas USB: duas conex\u00f5es USB 2.0 e uma 3.0 de alta velocidade . Tamb\u00e9m aqui est\u00e3o as conex\u00f5es de \u00e1udio HD . Entre outros recursos, esta torre de PC de alto desempenho tamb\u00e9m possui um leitor de cart\u00f5es.<\/p>\n<h3>Design e desempenho<\/h3>\n<p>Esta caixa  permite configurar um computador de alto desempenho, pois no seu interior pode acomodar um HDD de 3,5 mm e um SSD de 2,5 mm, assim como uma ba\u00eda para uma drive \u00f3tica.<\/p>\n<p>Este ligero chasis cuenta con una <strong>bah\u00eda externa de 5.25&#039;&#039; y dos internas de 3.5&#039;&#039; y de 2.5&#039;&#039;<\/strong>. Por otro lado, admite <strong>gr\u00e1ficas de hasta 256 mm<\/strong> y posee <strong>cuatro slots de expansi\u00f3n<\/strong>.<\/p>\n<h3>Sistema de refrigera\u00e7\u00e3o<\/h3>\n<p>Permite a instala\u00e7\u00e3o de at\u00e9 2 ventoinhas, uma de 60 mm na parte superior e outra de 80 mm na lateral.<\/p>\n<h3>Compatibilidade<\/h3>\n<p>Extremamente compacta, mas altamente vers\u00e1til, a Nox Lite050 permite um cooler de CPU com altura m\u00e1xima de 75 mm. Esta elegante caixa tamb\u00e9m \u00e9 compat\u00edvel com placas Micro ATX e ITX .<\/p>\n","protected":false},"excerpt":{"rendered":"<ul>\n<li>Fonte de alimenta\u00e7\u00e3o inclu\u00edda<\/li>\n<li>Conex\u00e3o USB 3.0 de alta velocidade<\/li>\n<li>Ventoinha 80 mm inclu\u00edda<\/li>\n<li>Painel frontal com efeito escovado<\/li>\n<\/ul>\n","protected":false},"featured_media":17896,"comment_status":"closed","ping_status":"closed","template":"","meta":{"inline_featured_image":false},"product_brand":[],"product_cat":[176],"product_tag":[209],"class_list":{"0":"post-17892","1":"product","2":"type-product","3":"status-publish","4":"has-post-thumbnail","6":"product_cat-cajas-pt-pt-2","7":"product_tag-lite-pt-pt","9":"first","10":"instock","11":"taxable","12":"shipping-taxable","13":"purchasable","14":"product-type-simple"},"yoast_head":"<!-- This site is optimized with the Yoast SEO plugin v26.7 - https:\/\/yoast.com\/wordpress\/plugins\/seo\/ -->\n<title>Lite070 - Nox-Xtreme<\/title>\n<meta name=\"description\" content=\"Nox Lite070 \u00e9 uma torre elegante com um desenho minimalista, em preto e com uma fonte de alimenta\u00e7\u00e3o ATX de 500W pr\u00e9-instalada.\" \/>\n<meta name=\"robots\" content=\"index, follow, max-snippet:-1, max-image-preview:large, max-video-preview:-1\" \/>\n<link rel=\"canonical\" href=\"https:\/\/store.nox-xtreme.com\/pt-pt\/producto\/lite-070\/\" \/>\n<meta property=\"og:locale\" content=\"pt_PT\" \/>\n<meta property=\"og:type\" content=\"article\" \/>\n<meta property=\"og:title\" content=\"Lite070 - Nox-Xtreme\" \/>\n<meta property=\"og:description\" content=\"Nox Lite070 \u00e9 uma torre elegante com um desenho minimalista, em preto e com uma fonte de alimenta\u00e7\u00e3o ATX de 500W pr\u00e9-instalada.\" \/>\n<meta property=\"og:url\" content=\"https:\/\/store.nox-xtreme.com\/pt-pt\/producto\/lite-070\/\" \/>\n<meta property=\"og:site_name\" content=\"Nox-Xtreme\" \/>\n<meta property=\"article:modified_time\" content=\"2022-05-13T10:14:53+00:00\" \/>\n<meta name=\"twitter:card\" content=\"summary_large_image\" \/>\n<meta name=\"twitter:label1\" content=\"Tempo estimado de leitura\" \/>\n\t<meta name=\"twitter:data1\" content=\"1 minuto\" \/>\n<script type=\"application\/ld+json\" class=\"yoast-schema-graph\">{\"@context\":\"https:\/\/schema.org\",\"@graph\":[{\"@type\":\"WebPage\",\"@id\":\"https:\/\/store.nox-xtreme.com\/pt-pt\/producto\/lite-070\/\",\"url\":\"https:\/\/store.nox-xtreme.com\/pt-pt\/producto\/lite-070\/\",\"name\":\"Lite070 - Nox-Xtreme\",\"isPartOf\":{\"@id\":\"https:\/\/store.nox-xtreme.com\/#website\"},\"primaryImageOfPage\":{\"@id\":\"https:\/\/store.nox-xtreme.com\/pt-pt\/producto\/lite-070\/#primaryimage\"},\"image\":{\"@id\":\"https:\/\/store.nox-xtreme.com\/pt-pt\/producto\/lite-070\/#primaryimage\"},\"thumbnailUrl\":\"https:\/\/store.nox-xtreme.com\/wp-content\/uploads\/sites\/2\/2022\/04\/nox_lite070_1.jpg\",\"datePublished\":\"2022-04-12T09:41:42+00:00\",\"dateModified\":\"2022-05-13T10:14:53+00:00\",\"description\":\"Nox Lite070 \u00e9 uma torre elegante com um desenho minimalista, em preto e com uma fonte de alimenta\u00e7\u00e3o ATX de 500W pr\u00e9-instalada.\",\"breadcrumb\":{\"@id\":\"https:\/\/store.nox-xtreme.com\/pt-pt\/producto\/lite-070\/#breadcrumb\"},\"inLanguage\":\"pt-PT\",\"potentialAction\":[{\"@type\":\"ReadAction\",\"target\":[\"https:\/\/store.nox-xtreme.com\/pt-pt\/producto\/lite-070\/\"]}]},{\"@type\":\"ImageObject\",\"inLanguage\":\"pt-PT\",\"@id\":\"https:\/\/store.nox-xtreme.com\/pt-pt\/producto\/lite-070\/#primaryimage\",\"url\":\"https:\/\/store.nox-xtreme.com\/wp-content\/uploads\/sites\/2\/2022\/04\/nox_lite070_1.jpg\",\"contentUrl\":\"https:\/\/store.nox-xtreme.com\/wp-content\/uploads\/sites\/2\/2022\/04\/nox_lite070_1.jpg\",\"width\":1049,\"height\":1300},{\"@type\":\"BreadcrumbList\",\"@id\":\"https:\/\/store.nox-xtreme.com\/pt-pt\/producto\/lite-070\/#breadcrumb\",\"itemListElement\":[{\"@type\":\"ListItem\",\"position\":1,\"name\":\"Portada\",\"item\":\"https:\/\/store.nox-xtreme.com\/pt-pt\/\"},{\"@type\":\"ListItem\",\"position\":2,\"name\":\"Productos\",\"item\":\"https:\/\/store.nox-xtreme.com\/shop\/\"},{\"@type\":\"ListItem\",\"position\":3,\"name\":\"Lite070\"}]},{\"@type\":\"WebSite\",\"@id\":\"https:\/\/store.nox-xtreme.com\/#website\",\"url\":\"https:\/\/store.nox-xtreme.com\/\",\"name\":\"Nox-Xtreme\",\"description\":\"Boosting You Performance\",\"potentialAction\":[{\"@type\":\"SearchAction\",\"target\":{\"@type\":\"EntryPoint\",\"urlTemplate\":\"https:\/\/store.nox-xtreme.com\/?s={search_term_string}\"},\"query-input\":{\"@type\":\"PropertyValueSpecification\",\"valueRequired\":true,\"valueName\":\"search_term_string\"}}],\"inLanguage\":\"pt-PT\"}]}<\/script>\n<!-- \/ Yoast SEO plugin. -->","yoast_head_json":{"title":"Lite070 - Nox-Xtreme","description":"Nox Lite070 \u00e9 uma torre elegante com um desenho minimalista, em preto e com uma fonte de alimenta\u00e7\u00e3o ATX de 500W pr\u00e9-instalada.","robots":{"index":"index","follow":"follow","max-snippet":"max-snippet:-1","max-image-preview":"max-image-preview:large","max-video-preview":"max-video-preview:-1"},"canonical":"https:\/\/store.nox-xtreme.com\/pt-pt\/producto\/lite-070\/","og_locale":"pt_PT","og_type":"article","og_title":"Lite070 - Nox-Xtreme","og_description":"Nox Lite070 \u00e9 uma torre elegante com um desenho minimalista, em preto e com uma fonte de alimenta\u00e7\u00e3o ATX de 500W pr\u00e9-instalada.","og_url":"https:\/\/store.nox-xtreme.com\/pt-pt\/producto\/lite-070\/","og_site_name":"Nox-Xtreme","article_modified_time":"2022-05-13T10:14:53+00:00","twitter_card":"summary_large_image","twitter_misc":{"Tempo estimado de leitura":"1 minuto"},"schema":{"@context":"https:\/\/schema.org","@graph":[{"@type":"WebPage","@id":"https:\/\/store.nox-xtreme.com\/pt-pt\/producto\/lite-070\/","url":"https:\/\/store.nox-xtreme.com\/pt-pt\/producto\/lite-070\/","name":"Lite070 - Nox-Xtreme","isPartOf":{"@id":"https:\/\/store.nox-xtreme.com\/#website"},"primaryImageOfPage":{"@id":"https:\/\/store.nox-xtreme.com\/pt-pt\/producto\/lite-070\/#primaryimage"},"image":{"@id":"https:\/\/store.nox-xtreme.com\/pt-pt\/producto\/lite-070\/#primaryimage"},"thumbnailUrl":"https:\/\/store.nox-xtreme.com\/wp-content\/uploads\/sites\/2\/2022\/04\/nox_lite070_1.jpg","datePublished":"2022-04-12T09:41:42+00:00","dateModified":"2022-05-13T10:14:53+00:00","description":"Nox Lite070 \u00e9 uma torre elegante com um desenho minimalista, em preto e com uma fonte de alimenta\u00e7\u00e3o ATX de 500W pr\u00e9-instalada.","breadcrumb":{"@id":"https:\/\/store.nox-xtreme.com\/pt-pt\/producto\/lite-070\/#breadcrumb"},"inLanguage":"pt-PT","potentialAction":[{"@type":"ReadAction","target":["https:\/\/store.nox-xtreme.com\/pt-pt\/producto\/lite-070\/"]}]},{"@type":"ImageObject","inLanguage":"pt-PT","@id":"https:\/\/store.nox-xtreme.com\/pt-pt\/producto\/lite-070\/#primaryimage","url":"https:\/\/store.nox-xtreme.com\/wp-content\/uploads\/sites\/2\/2022\/04\/nox_lite070_1.jpg","contentUrl":"https:\/\/store.nox-xtreme.com\/wp-content\/uploads\/sites\/2\/2022\/04\/nox_lite070_1.jpg","width":1049,"height":1300},{"@type":"BreadcrumbList","@id":"https:\/\/store.nox-xtreme.com\/pt-pt\/producto\/lite-070\/#breadcrumb","itemListElement":[{"@type":"ListItem","position":1,"name":"Portada","item":"https:\/\/store.nox-xtreme.com\/pt-pt\/"},{"@type":"ListItem","position":2,"name":"Productos","item":"https:\/\/store.nox-xtreme.com\/shop\/"},{"@type":"ListItem","position":3,"name":"Lite070"}]},{"@type":"WebSite","@id":"https:\/\/store.nox-xtreme.com\/#website","url":"https:\/\/store.nox-xtreme.com\/","name":"Nox-Xtreme","description":"Boosting You Performance","potentialAction":[{"@type":"SearchAction","target":{"@type":"EntryPoint","urlTemplate":"https:\/\/store.nox-xtreme.com\/?s={search_term_string}"},"query-input":{"@type":"PropertyValueSpecification","valueRequired":true,"valueName":"search_term_string"}}],"inLanguage":"pt-PT"}]}},"_links":{"self":[{"href":"https:\/\/store.nox-xtreme.com\/pt-pt\/wp-json\/wp\/v2\/product\/17892","targetHints":{"allow":["GET"]}}],"collection":[{"href":"https:\/\/store.nox-xtreme.com\/pt-pt\/wp-json\/wp\/v2\/product"}],"about":[{"href":"https:\/\/store.nox-xtreme.com\/pt-pt\/wp-json\/wp\/v2\/types\/product"}],"replies":[{"embeddable":true,"href":"https:\/\/store.nox-xtreme.com\/pt-pt\/wp-json\/wp\/v2\/comments?post=17892"}],"wp:featuredmedia":[{"embeddable":true,"href":"https:\/\/store.nox-xtreme.com\/pt-pt\/wp-json\/wp\/v2\/media\/17896"}],"wp:attachment":[{"href":"https:\/\/store.nox-xtreme.com\/pt-pt\/wp-json\/wp\/v2\/media?parent=17892"}],"wp:term":[{"taxonomy":"product_brand","embeddable":true,"href":"https:\/\/store.nox-xtreme.com\/pt-pt\/wp-json\/wp\/v2\/product_brand?post=17892"},{"taxonomy":"product_cat","embeddable":true,"href":"https:\/\/store.nox-xtreme.com\/pt-pt\/wp-json\/wp\/v2\/product_cat?post=17892"},{"taxonomy":"product_tag","embeddable":true,"href":"https:\/\/store.nox-xtreme.com\/pt-pt\/wp-json\/wp\/v2\/product_tag?post=17892"}],"curies":[{"name":"wp","href":"https:\/\/api.w.org\/{rel}","templated":true}]}}