{"id":17864,"date":"2022-04-07T11:48:03","date_gmt":"2022-04-07T09:48:11","guid":{"rendered":"https:\/\/store.nox-xtreme.com\/?post_type=product&#038;p=17864"},"modified":"2022-05-13T11:57:40","modified_gmt":"2022-05-13T09:57:40","slug":"h-123-pro","status":"publish","type":"product","link":"https:\/\/store.nox-xtreme.com\/pt-pt\/producto\/h-123-pro\/","title":{"rendered":"Hummer H-123 PRO"},"content":{"rendered":"<h3>Ilumina\u00e7\u00e3o LED RGB Rainbow<\/h3>\n<p>Com <strong>16,8 milh\u00f5es de cores<\/strong>, o Nox Hummer H-123 PRO d\u00e1 um espet\u00e1culo de luz. Com este cooler para CPU ter\u00e1 o efeito visual perfeito.<\/p>\n<h3>Design compacto<\/h3>\n<p>H-123 PRO tem um design compacto. As suas dimens\u00f5es de <strong>120 x 120 x 63 mm<\/strong> permitem uma montagem f\u00e1cil. Pequeno mas potente, perfeito para qualquer ambiente, destaca-se esteticamente pelas suas <strong>l\u00e2minas transl\u00facidas<\/strong> que real\u00e7am a ilumina\u00e7\u00e3o RGB Rainbow.<\/p>\n<h3>Alto rendimento com PWM<\/h3>\n<p>Com tecnologia PWM, o Nox Hummer H-123 PRO possui <strong>9 l\u00e2minas aerodin\u00e2micas<\/strong> projetadas para gerar um fluxo de ar bom e constante. A qualidade de refrigera\u00e7\u00e3o deste <strong>cooler de CPU<\/strong> ajuda a maximizar o desempenho dos componentes do seu computador, prolongando a sua vida \u00fatil mantendo-os na temperatura ideal.<\/p>\n<h3>Baixo ru\u00eddo<\/h3>\n<p>Tem a capacidade de girar entre <strong>500-1800 RPM<\/strong> gerando um fluxo de ar de <strong>61,5 CFM<\/strong> com um n\u00edvel sonoro entre <strong>14,2-25,6 dBA<\/strong> gra\u00e7as ao seu rolamento hidr\u00e1ulico.<\/p>\n<h3>Elevada compatibilidade<\/h3>\n<p>Compat\u00edvel com os <strong>mais recentes sockets Intel e AMD<\/strong>, o Nox Hummer H-123 PRO \u00e9 muito f\u00e1cil de instalar.<\/p>\n","protected":false},"excerpt":{"rendered":"<ul>\n<li>Compat\u00edvel com AMD e Intel<\/li>\n<li>Ilumina\u00e7\u00e3o LED RGB arco-\u00edris<\/li>\n<li>Controlo inteligente de PWM<\/li>\n<li>Ventoinha de 120 mm<\/li>\n<\/ul>\n","protected":false},"featured_media":17869,"comment_status":"closed","ping_status":"closed","template":"","meta":{"inline_featured_image":false},"product_brand":[],"product_cat":[178],"product_tag":[199],"class_list":{"0":"post-17864","1":"product","2":"type-product","3":"status-publish","4":"has-post-thumbnail","6":"product_cat-refrigeracion-pt-pt","7":"product_tag-hummer-pt-pt","9":"first","10":"outofstock","11":"taxable","12":"shipping-taxable","13":"purchasable","14":"product-type-simple"},"yoast_head":"<!-- This site is optimized with the Yoast SEO plugin v26.7 - https:\/\/yoast.com\/wordpress\/plugins\/seo\/ -->\n<title>Hummer H-123 PRO - Nox-Xtreme<\/title>\n<meta name=\"description\" content=\"Refrigerador CPU Nox Hummer H-123 PRO com RGB Rainbow LED, ventilador PWM de 120 mm e base de alum\u00ednio para uma \u00f3ptima dissipa\u00e7\u00e3o de calor.\" \/>\n<meta name=\"robots\" content=\"index, follow, max-snippet:-1, max-image-preview:large, max-video-preview:-1\" \/>\n<link rel=\"canonical\" href=\"https:\/\/store.nox-xtreme.com\/pt-pt\/producto\/h-123-pro\/\" \/>\n<meta property=\"og:locale\" content=\"pt_PT\" \/>\n<meta property=\"og:type\" content=\"article\" \/>\n<meta property=\"og:title\" content=\"Hummer H-123 PRO - Nox-Xtreme\" \/>\n<meta property=\"og:description\" content=\"Refrigerador CPU Nox Hummer H-123 PRO com RGB Rainbow LED, ventilador PWM de 120 mm e base de alum\u00ednio para uma \u00f3ptima dissipa\u00e7\u00e3o de calor.\" \/>\n<meta property=\"og:url\" content=\"https:\/\/store.nox-xtreme.com\/pt-pt\/producto\/h-123-pro\/\" \/>\n<meta property=\"og:site_name\" content=\"Nox-Xtreme\" \/>\n<meta property=\"article:modified_time\" content=\"2022-05-13T09:57:40+00:00\" \/>\n<meta name=\"twitter:card\" content=\"summary_large_image\" \/>\n<meta name=\"twitter:label1\" content=\"Tempo estimado de leitura\" \/>\n\t<meta name=\"twitter:data1\" content=\"1 minuto\" \/>\n<script type=\"application\/ld+json\" class=\"yoast-schema-graph\">{\"@context\":\"https:\/\/schema.org\",\"@graph\":[{\"@type\":\"WebPage\",\"@id\":\"https:\/\/store.nox-xtreme.com\/pt-pt\/producto\/h-123-pro\/\",\"url\":\"https:\/\/store.nox-xtreme.com\/pt-pt\/producto\/h-123-pro\/\",\"name\":\"Hummer H-123 PRO - Nox-Xtreme\",\"isPartOf\":{\"@id\":\"https:\/\/store.nox-xtreme.com\/#website\"},\"primaryImageOfPage\":{\"@id\":\"https:\/\/store.nox-xtreme.com\/pt-pt\/producto\/h-123-pro\/#primaryimage\"},\"image\":{\"@id\":\"https:\/\/store.nox-xtreme.com\/pt-pt\/producto\/h-123-pro\/#primaryimage\"},\"thumbnailUrl\":\"https:\/\/store.nox-xtreme.com\/wp-content\/uploads\/sites\/2\/2022\/04\/nox_hummer_h-123_pro_1.jpg\",\"datePublished\":\"2022-04-07T09:48:11+00:00\",\"dateModified\":\"2022-05-13T09:57:40+00:00\",\"description\":\"Refrigerador CPU Nox Hummer H-123 PRO com RGB Rainbow LED, ventilador PWM de 120 mm e base de alum\u00ednio para uma \u00f3ptima dissipa\u00e7\u00e3o de calor.\",\"breadcrumb\":{\"@id\":\"https:\/\/store.nox-xtreme.com\/pt-pt\/producto\/h-123-pro\/#breadcrumb\"},\"inLanguage\":\"pt-PT\",\"potentialAction\":[{\"@type\":\"ReadAction\",\"target\":[\"https:\/\/store.nox-xtreme.com\/pt-pt\/producto\/h-123-pro\/\"]}]},{\"@type\":\"ImageObject\",\"inLanguage\":\"pt-PT\",\"@id\":\"https:\/\/store.nox-xtreme.com\/pt-pt\/producto\/h-123-pro\/#primaryimage\",\"url\":\"https:\/\/store.nox-xtreme.com\/wp-content\/uploads\/sites\/2\/2022\/04\/nox_hummer_h-123_pro_1.jpg\",\"contentUrl\":\"https:\/\/store.nox-xtreme.com\/wp-content\/uploads\/sites\/2\/2022\/04\/nox_hummer_h-123_pro_1.jpg\",\"width\":1049,\"height\":1300},{\"@type\":\"BreadcrumbList\",\"@id\":\"https:\/\/store.nox-xtreme.com\/pt-pt\/producto\/h-123-pro\/#breadcrumb\",\"itemListElement\":[{\"@type\":\"ListItem\",\"position\":1,\"name\":\"Portada\",\"item\":\"https:\/\/store.nox-xtreme.com\/pt-pt\/\"},{\"@type\":\"ListItem\",\"position\":2,\"name\":\"Productos\",\"item\":\"https:\/\/store.nox-xtreme.com\/shop\/\"},{\"@type\":\"ListItem\",\"position\":3,\"name\":\"Hummer H-123 PRO\"}]},{\"@type\":\"WebSite\",\"@id\":\"https:\/\/store.nox-xtreme.com\/#website\",\"url\":\"https:\/\/store.nox-xtreme.com\/\",\"name\":\"Nox-Xtreme\",\"description\":\"Boosting You Performance\",\"potentialAction\":[{\"@type\":\"SearchAction\",\"target\":{\"@type\":\"EntryPoint\",\"urlTemplate\":\"https:\/\/store.nox-xtreme.com\/?s={search_term_string}\"},\"query-input\":{\"@type\":\"PropertyValueSpecification\",\"valueRequired\":true,\"valueName\":\"search_term_string\"}}],\"inLanguage\":\"pt-PT\"}]}<\/script>\n<!-- \/ Yoast SEO plugin. -->","yoast_head_json":{"title":"Hummer H-123 PRO - Nox-Xtreme","description":"Refrigerador CPU Nox Hummer H-123 PRO com RGB Rainbow LED, ventilador PWM de 120 mm e base de alum\u00ednio para uma \u00f3ptima dissipa\u00e7\u00e3o de calor.","robots":{"index":"index","follow":"follow","max-snippet":"max-snippet:-1","max-image-preview":"max-image-preview:large","max-video-preview":"max-video-preview:-1"},"canonical":"https:\/\/store.nox-xtreme.com\/pt-pt\/producto\/h-123-pro\/","og_locale":"pt_PT","og_type":"article","og_title":"Hummer H-123 PRO - Nox-Xtreme","og_description":"Refrigerador CPU Nox Hummer H-123 PRO com RGB Rainbow LED, ventilador PWM de 120 mm e base de alum\u00ednio para uma \u00f3ptima dissipa\u00e7\u00e3o de calor.","og_url":"https:\/\/store.nox-xtreme.com\/pt-pt\/producto\/h-123-pro\/","og_site_name":"Nox-Xtreme","article_modified_time":"2022-05-13T09:57:40+00:00","twitter_card":"summary_large_image","twitter_misc":{"Tempo estimado de leitura":"1 minuto"},"schema":{"@context":"https:\/\/schema.org","@graph":[{"@type":"WebPage","@id":"https:\/\/store.nox-xtreme.com\/pt-pt\/producto\/h-123-pro\/","url":"https:\/\/store.nox-xtreme.com\/pt-pt\/producto\/h-123-pro\/","name":"Hummer H-123 PRO - Nox-Xtreme","isPartOf":{"@id":"https:\/\/store.nox-xtreme.com\/#website"},"primaryImageOfPage":{"@id":"https:\/\/store.nox-xtreme.com\/pt-pt\/producto\/h-123-pro\/#primaryimage"},"image":{"@id":"https:\/\/store.nox-xtreme.com\/pt-pt\/producto\/h-123-pro\/#primaryimage"},"thumbnailUrl":"https:\/\/store.nox-xtreme.com\/wp-content\/uploads\/sites\/2\/2022\/04\/nox_hummer_h-123_pro_1.jpg","datePublished":"2022-04-07T09:48:11+00:00","dateModified":"2022-05-13T09:57:40+00:00","description":"Refrigerador CPU Nox Hummer H-123 PRO com RGB Rainbow LED, ventilador PWM de 120 mm e base de alum\u00ednio para uma \u00f3ptima dissipa\u00e7\u00e3o de calor.","breadcrumb":{"@id":"https:\/\/store.nox-xtreme.com\/pt-pt\/producto\/h-123-pro\/#breadcrumb"},"inLanguage":"pt-PT","potentialAction":[{"@type":"ReadAction","target":["https:\/\/store.nox-xtreme.com\/pt-pt\/producto\/h-123-pro\/"]}]},{"@type":"ImageObject","inLanguage":"pt-PT","@id":"https:\/\/store.nox-xtreme.com\/pt-pt\/producto\/h-123-pro\/#primaryimage","url":"https:\/\/store.nox-xtreme.com\/wp-content\/uploads\/sites\/2\/2022\/04\/nox_hummer_h-123_pro_1.jpg","contentUrl":"https:\/\/store.nox-xtreme.com\/wp-content\/uploads\/sites\/2\/2022\/04\/nox_hummer_h-123_pro_1.jpg","width":1049,"height":1300},{"@type":"BreadcrumbList","@id":"https:\/\/store.nox-xtreme.com\/pt-pt\/producto\/h-123-pro\/#breadcrumb","itemListElement":[{"@type":"ListItem","position":1,"name":"Portada","item":"https:\/\/store.nox-xtreme.com\/pt-pt\/"},{"@type":"ListItem","position":2,"name":"Productos","item":"https:\/\/store.nox-xtreme.com\/shop\/"},{"@type":"ListItem","position":3,"name":"Hummer H-123 PRO"}]},{"@type":"WebSite","@id":"https:\/\/store.nox-xtreme.com\/#website","url":"https:\/\/store.nox-xtreme.com\/","name":"Nox-Xtreme","description":"Boosting You Performance","potentialAction":[{"@type":"SearchAction","target":{"@type":"EntryPoint","urlTemplate":"https:\/\/store.nox-xtreme.com\/?s={search_term_string}"},"query-input":{"@type":"PropertyValueSpecification","valueRequired":true,"valueName":"search_term_string"}}],"inLanguage":"pt-PT"}]}},"_links":{"self":[{"href":"https:\/\/store.nox-xtreme.com\/pt-pt\/wp-json\/wp\/v2\/product\/17864","targetHints":{"allow":["GET"]}}],"collection":[{"href":"https:\/\/store.nox-xtreme.com\/pt-pt\/wp-json\/wp\/v2\/product"}],"about":[{"href":"https:\/\/store.nox-xtreme.com\/pt-pt\/wp-json\/wp\/v2\/types\/product"}],"replies":[{"embeddable":true,"href":"https:\/\/store.nox-xtreme.com\/pt-pt\/wp-json\/wp\/v2\/comments?post=17864"}],"wp:featuredmedia":[{"embeddable":true,"href":"https:\/\/store.nox-xtreme.com\/pt-pt\/wp-json\/wp\/v2\/media\/17869"}],"wp:attachment":[{"href":"https:\/\/store.nox-xtreme.com\/pt-pt\/wp-json\/wp\/v2\/media?parent=17864"}],"wp:term":[{"taxonomy":"product_brand","embeddable":true,"href":"https:\/\/store.nox-xtreme.com\/pt-pt\/wp-json\/wp\/v2\/product_brand?post=17864"},{"taxonomy":"product_cat","embeddable":true,"href":"https:\/\/store.nox-xtreme.com\/pt-pt\/wp-json\/wp\/v2\/product_cat?post=17864"},{"taxonomy":"product_tag","embeddable":true,"href":"https:\/\/store.nox-xtreme.com\/pt-pt\/wp-json\/wp\/v2\/product_tag?post=17864"}],"curies":[{"name":"wp","href":"https:\/\/api.w.org\/{rel}","templated":true}]}}