{"id":17796,"date":"2020-09-06T16:24:19","date_gmt":"2022-03-15T10:33:33","guid":{"rendered":"https:\/\/store.nox-xtreme.com\/?post_type=product&#038;p=17796"},"modified":"2022-03-15T11:59:07","modified_gmt":"2022-03-15T10:59:07","slug":"hummer-80-plus-bronze-650w","status":"publish","type":"product","link":"https:\/\/store.nox-xtreme.com\/pt-pt\/producto\/hummer-80-plus-bronze-650w\/","title":{"rendered":"Hummer 80 PLUS Bronze 650W"},"content":{"rendered":"<h3>Hummer 80 PLUS Bronze 650W<\/h3>\n<p>We think Big, we think Hummer. Buscamos a excel\u00eancia e para isso esfor\u00e7amo-nos para trazer o melhor dos melhores. A s\u00e9rie Hummer redefine o conceito de produtos de alto desempenho e oferece uma nova vis\u00e3o da est\u00e9tica. Eleg\u00e2ncia, preto e branco, desempenho e pre\u00e7o s\u00e3o os padr\u00f5es da s\u00e9rie Hummer.<\/p>\n<p>As fontes de alimenta\u00e7\u00e3o Hummer com certifica\u00e7\u00e3o 80 PLUS Bronze garantem 85% de efici\u00eancia, garantindo perda de energia m\u00ednima. Al\u00e9m disso, grande confiabilidade e flexibilidade s\u00e3o alcan\u00e7adas gra\u00e7as aos seus cabos modular e baixo n\u00edvel de ru\u00eddo.<\/p>\n<p>O sistema de cabos modulares de baixo perfil permite que instale apenas os cabos necess\u00e1rios, economizando espa\u00e7o dentro da caixa e melhorando o fluxo de ar. Inclui uma ventoinha de 140 mm que adapta a sua velocidade de rota\u00e7\u00e3o \u00e0s necessidades do sistema, reduzindo assim o n\u00edvel de ru\u00eddo.<\/p>\n<p>A superf\u00edcie de textura \u00e1spera em preto d\u00e1 um toque distinto que o diferencia de outras fontes no mercado<\/p>\n<h3>Mais efici\u00eancia<\/h3>\n<p>O certificado 80 PLUS Bronze garante at\u00e9 85% de efici\u00eancia, obtendo assim uma emiss\u00e3o de calor m\u00ednima e um menor custo operacional. Com este tipo de efici\u00eancia n\u00e3o s\u00f3 economiza energia, mas tamb\u00e9m protege o meio ambiente.<\/p>\n<h3>Ventoinha termo regulada<\/h3>\n<p>Ventoinha de 140 mm que regula a sua velocidade de acordo com a necessidade do sistema para que o n\u00edvel de ru\u00eddo seja reduzido e o fluxo de ar seja otimizado. Design din\u00e2mico de alto desempenho com estilo Hummer com l\u00e2minas brancas.<\/p>\n<h3>Design elegante<\/h3>\n<p>A superf\u00edcie de textura \u00e1spera em preto d\u00e1 um toque distinto que o diferencia de outras fontes no mercado.<\/p>\n<h3>Qualidade Hummer<\/h3>\n<p>Nox garante a confiabilidade e o desempenho dos componentes usados \u200b\u200bpara oferecer uma fonte mais est\u00e1vel e duradoura com as melhores fun\u00e7\u00f5es de fonte de alimenta\u00e7\u00e3o.<\/p>\n","protected":false},"excerpt":{"rendered":"<ul>\n<li>Certificado 80 PLUS Bronze<\/li>\n<li>Sistema de cabos modular<\/li>\n<li>Compat\u00edvel com ATX12V v2.31, EPS 2.92, ATX12V 2.2 e ATX12V 2.1<\/li>\n<li>Ultra silenciosa<\/li>\n<\/ul>\n","protected":false},"featured_media":17735,"comment_status":"closed","ping_status":"closed","template":"","meta":{"inline_featured_image":false},"product_brand":[],"product_cat":[177],"product_tag":[199],"class_list":{"0":"post-17796","1":"product","2":"type-product","3":"status-publish","4":"has-post-thumbnail","6":"product_cat-fuentes-pt-pt","7":"product_tag-hummer-pt-pt","9":"first","10":"instock","11":"taxable","12":"shipping-taxable","13":"purchasable","14":"product-type-simple"},"yoast_head":"<!-- This site is optimized with the Yoast SEO plugin v26.7 - https:\/\/yoast.com\/wordpress\/plugins\/seo\/ -->\n<title>Hummer 80 PLUS Bronze 650W - Nox-Xtreme<\/title>\n<meta name=\"robots\" content=\"index, follow, max-snippet:-1, max-image-preview:large, max-video-preview:-1\" \/>\n<link rel=\"canonical\" href=\"https:\/\/store.nox-xtreme.com\/pt-pt\/producto\/hummer-80-plus-bronze-650w\/\" \/>\n<meta property=\"og:locale\" content=\"pt_PT\" \/>\n<meta property=\"og:type\" content=\"article\" \/>\n<meta property=\"og:title\" content=\"Hummer 80 PLUS Bronze 650W - Nox-Xtreme\" \/>\n<meta property=\"og:description\" content=\"Certificado 80 PLUS Bronze  Sistema de cabos modular  Compat\u00edvel com ATX12V v2.31, EPS 2.92, ATX12V 2.2 e ATX12V 2.1  Ultra silenciosa\" \/>\n<meta property=\"og:url\" content=\"https:\/\/store.nox-xtreme.com\/pt-pt\/producto\/hummer-80-plus-bronze-650w\/\" \/>\n<meta property=\"og:site_name\" content=\"Nox-Xtreme\" \/>\n<meta property=\"article:modified_time\" content=\"2022-03-15T10:59:07+00:00\" \/>\n<meta property=\"og:image\" content=\"https:\/\/store.nox-xtreme.com\/wp-content\/uploads\/sites\/2\/2020\/09\/nox_hummer_80_plus_bronze_650w_2.jpg\" \/>\n\t<meta property=\"og:image:width\" content=\"1049\" \/>\n\t<meta property=\"og:image:height\" content=\"1300\" \/>\n\t<meta property=\"og:image:type\" content=\"image\/jpeg\" \/>\n<meta name=\"twitter:card\" content=\"summary_large_image\" \/>\n<meta name=\"twitter:label1\" content=\"Tempo estimado de leitura\" \/>\n\t<meta name=\"twitter:data1\" content=\"2 minutos\" \/>\n<script type=\"application\/ld+json\" class=\"yoast-schema-graph\">{\"@context\":\"https:\/\/schema.org\",\"@graph\":[{\"@type\":\"WebPage\",\"@id\":\"https:\/\/store.nox-xtreme.com\/pt-pt\/producto\/hummer-80-plus-bronze-650w\/\",\"url\":\"https:\/\/store.nox-xtreme.com\/pt-pt\/producto\/hummer-80-plus-bronze-650w\/\",\"name\":\"Hummer 80 PLUS Bronze 650W - Nox-Xtreme\",\"isPartOf\":{\"@id\":\"https:\/\/store.nox-xtreme.com\/#website\"},\"primaryImageOfPage\":{\"@id\":\"https:\/\/store.nox-xtreme.com\/pt-pt\/producto\/hummer-80-plus-bronze-650w\/#primaryimage\"},\"image\":{\"@id\":\"https:\/\/store.nox-xtreme.com\/pt-pt\/producto\/hummer-80-plus-bronze-650w\/#primaryimage\"},\"thumbnailUrl\":\"https:\/\/store.nox-xtreme.com\/wp-content\/uploads\/sites\/2\/2020\/09\/nox_hummer_80_plus_bronze_650w_2.jpg\",\"datePublished\":\"2022-03-15T10:33:33+00:00\",\"dateModified\":\"2022-03-15T10:59:07+00:00\",\"breadcrumb\":{\"@id\":\"https:\/\/store.nox-xtreme.com\/pt-pt\/producto\/hummer-80-plus-bronze-650w\/#breadcrumb\"},\"inLanguage\":\"pt-PT\",\"potentialAction\":[{\"@type\":\"ReadAction\",\"target\":[\"https:\/\/store.nox-xtreme.com\/pt-pt\/producto\/hummer-80-plus-bronze-650w\/\"]}]},{\"@type\":\"ImageObject\",\"inLanguage\":\"pt-PT\",\"@id\":\"https:\/\/store.nox-xtreme.com\/pt-pt\/producto\/hummer-80-plus-bronze-650w\/#primaryimage\",\"url\":\"https:\/\/store.nox-xtreme.com\/wp-content\/uploads\/sites\/2\/2020\/09\/nox_hummer_80_plus_bronze_650w_2.jpg\",\"contentUrl\":\"https:\/\/store.nox-xtreme.com\/wp-content\/uploads\/sites\/2\/2020\/09\/nox_hummer_80_plus_bronze_650w_2.jpg\",\"width\":1049,\"height\":1300},{\"@type\":\"BreadcrumbList\",\"@id\":\"https:\/\/store.nox-xtreme.com\/pt-pt\/producto\/hummer-80-plus-bronze-650w\/#breadcrumb\",\"itemListElement\":[{\"@type\":\"ListItem\",\"position\":1,\"name\":\"Portada\",\"item\":\"https:\/\/store.nox-xtreme.com\/pt-pt\/\"},{\"@type\":\"ListItem\",\"position\":2,\"name\":\"Productos\",\"item\":\"https:\/\/store.nox-xtreme.com\/shop\/\"},{\"@type\":\"ListItem\",\"position\":3,\"name\":\"Hummer 80 PLUS Bronze 650W\"}]},{\"@type\":\"WebSite\",\"@id\":\"https:\/\/store.nox-xtreme.com\/#website\",\"url\":\"https:\/\/store.nox-xtreme.com\/\",\"name\":\"Nox-Xtreme\",\"description\":\"Boosting You Performance\",\"potentialAction\":[{\"@type\":\"SearchAction\",\"target\":{\"@type\":\"EntryPoint\",\"urlTemplate\":\"https:\/\/store.nox-xtreme.com\/?s={search_term_string}\"},\"query-input\":{\"@type\":\"PropertyValueSpecification\",\"valueRequired\":true,\"valueName\":\"search_term_string\"}}],\"inLanguage\":\"pt-PT\"}]}<\/script>\n<!-- \/ Yoast SEO plugin. -->","yoast_head_json":{"title":"Hummer 80 PLUS Bronze 650W - Nox-Xtreme","robots":{"index":"index","follow":"follow","max-snippet":"max-snippet:-1","max-image-preview":"max-image-preview:large","max-video-preview":"max-video-preview:-1"},"canonical":"https:\/\/store.nox-xtreme.com\/pt-pt\/producto\/hummer-80-plus-bronze-650w\/","og_locale":"pt_PT","og_type":"article","og_title":"Hummer 80 PLUS Bronze 650W - Nox-Xtreme","og_description":"Certificado 80 PLUS Bronze  Sistema de cabos modular  Compat\u00edvel com ATX12V v2.31, EPS 2.92, ATX12V 2.2 e ATX12V 2.1  Ultra silenciosa","og_url":"https:\/\/store.nox-xtreme.com\/pt-pt\/producto\/hummer-80-plus-bronze-650w\/","og_site_name":"Nox-Xtreme","article_modified_time":"2022-03-15T10:59:07+00:00","og_image":[{"width":1049,"height":1300,"url":"https:\/\/store.nox-xtreme.com\/wp-content\/uploads\/sites\/2\/2020\/09\/nox_hummer_80_plus_bronze_650w_2.jpg","type":"image\/jpeg"}],"twitter_card":"summary_large_image","twitter_misc":{"Tempo estimado de leitura":"2 minutos"},"schema":{"@context":"https:\/\/schema.org","@graph":[{"@type":"WebPage","@id":"https:\/\/store.nox-xtreme.com\/pt-pt\/producto\/hummer-80-plus-bronze-650w\/","url":"https:\/\/store.nox-xtreme.com\/pt-pt\/producto\/hummer-80-plus-bronze-650w\/","name":"Hummer 80 PLUS Bronze 650W - Nox-Xtreme","isPartOf":{"@id":"https:\/\/store.nox-xtreme.com\/#website"},"primaryImageOfPage":{"@id":"https:\/\/store.nox-xtreme.com\/pt-pt\/producto\/hummer-80-plus-bronze-650w\/#primaryimage"},"image":{"@id":"https:\/\/store.nox-xtreme.com\/pt-pt\/producto\/hummer-80-plus-bronze-650w\/#primaryimage"},"thumbnailUrl":"https:\/\/store.nox-xtreme.com\/wp-content\/uploads\/sites\/2\/2020\/09\/nox_hummer_80_plus_bronze_650w_2.jpg","datePublished":"2022-03-15T10:33:33+00:00","dateModified":"2022-03-15T10:59:07+00:00","breadcrumb":{"@id":"https:\/\/store.nox-xtreme.com\/pt-pt\/producto\/hummer-80-plus-bronze-650w\/#breadcrumb"},"inLanguage":"pt-PT","potentialAction":[{"@type":"ReadAction","target":["https:\/\/store.nox-xtreme.com\/pt-pt\/producto\/hummer-80-plus-bronze-650w\/"]}]},{"@type":"ImageObject","inLanguage":"pt-PT","@id":"https:\/\/store.nox-xtreme.com\/pt-pt\/producto\/hummer-80-plus-bronze-650w\/#primaryimage","url":"https:\/\/store.nox-xtreme.com\/wp-content\/uploads\/sites\/2\/2020\/09\/nox_hummer_80_plus_bronze_650w_2.jpg","contentUrl":"https:\/\/store.nox-xtreme.com\/wp-content\/uploads\/sites\/2\/2020\/09\/nox_hummer_80_plus_bronze_650w_2.jpg","width":1049,"height":1300},{"@type":"BreadcrumbList","@id":"https:\/\/store.nox-xtreme.com\/pt-pt\/producto\/hummer-80-plus-bronze-650w\/#breadcrumb","itemListElement":[{"@type":"ListItem","position":1,"name":"Portada","item":"https:\/\/store.nox-xtreme.com\/pt-pt\/"},{"@type":"ListItem","position":2,"name":"Productos","item":"https:\/\/store.nox-xtreme.com\/shop\/"},{"@type":"ListItem","position":3,"name":"Hummer 80 PLUS Bronze 650W"}]},{"@type":"WebSite","@id":"https:\/\/store.nox-xtreme.com\/#website","url":"https:\/\/store.nox-xtreme.com\/","name":"Nox-Xtreme","description":"Boosting You Performance","potentialAction":[{"@type":"SearchAction","target":{"@type":"EntryPoint","urlTemplate":"https:\/\/store.nox-xtreme.com\/?s={search_term_string}"},"query-input":{"@type":"PropertyValueSpecification","valueRequired":true,"valueName":"search_term_string"}}],"inLanguage":"pt-PT"}]}},"_links":{"self":[{"href":"https:\/\/store.nox-xtreme.com\/pt-pt\/wp-json\/wp\/v2\/product\/17796","targetHints":{"allow":["GET"]}}],"collection":[{"href":"https:\/\/store.nox-xtreme.com\/pt-pt\/wp-json\/wp\/v2\/product"}],"about":[{"href":"https:\/\/store.nox-xtreme.com\/pt-pt\/wp-json\/wp\/v2\/types\/product"}],"replies":[{"embeddable":true,"href":"https:\/\/store.nox-xtreme.com\/pt-pt\/wp-json\/wp\/v2\/comments?post=17796"}],"wp:featuredmedia":[{"embeddable":true,"href":"https:\/\/store.nox-xtreme.com\/pt-pt\/wp-json\/wp\/v2\/media\/17735"}],"wp:attachment":[{"href":"https:\/\/store.nox-xtreme.com\/pt-pt\/wp-json\/wp\/v2\/media?parent=17796"}],"wp:term":[{"taxonomy":"product_brand","embeddable":true,"href":"https:\/\/store.nox-xtreme.com\/pt-pt\/wp-json\/wp\/v2\/product_brand?post=17796"},{"taxonomy":"product_cat","embeddable":true,"href":"https:\/\/store.nox-xtreme.com\/pt-pt\/wp-json\/wp\/v2\/product_cat?post=17796"},{"taxonomy":"product_tag","embeddable":true,"href":"https:\/\/store.nox-xtreme.com\/pt-pt\/wp-json\/wp\/v2\/product_tag?post=17796"}],"curies":[{"name":"wp","href":"https:\/\/api.w.org\/{rel}","templated":true}]}}