{"id":17747,"date":"2022-03-07T14:59:10","date_gmt":"2022-03-07T13:59:16","guid":{"rendered":"https:\/\/store.nox-xtreme.com\/?post_type=product&#038;p=17747"},"modified":"2024-03-01T17:25:59","modified_gmt":"2024-03-01T16:25:59","slug":"h-fan-pro-led-blue","status":"publish","type":"product","link":"https:\/\/store.nox-xtreme.com\/pt-pt\/producto\/h-fan-pro-led-blue\/","title":{"rendered":"H-Fan Pro LED BLUE"},"content":{"rendered":"<h3>H-FAN PRO<\/h3>\n<p>A Nox Hummer H-Fan Pro \u00e9 uma ventoinha PWM de 120mm que oferece refrigera\u00e7\u00e3o silenciosa e eficiente, evitando o superaquecimento dos componentes do computador, mantendo-os sempre na temperatura mais adequada.<\/p>\n<h3>Excelente refrigera\u00e7\u00e3o<\/h3>\n<p>Nox Hummer H-Fan Pro oferece excelente ventila\u00e7\u00e3o a uma velocidade de <strong>600-2200 RPM<\/strong>. Com dimens\u00f5es de <strong>120 x 120 x 25 mm<\/strong>, as suas <strong>sete l\u00e2minas aerodin\u00e2micas<\/strong> oferecem um bom fluxo de ar de <strong>71,2 CFM<\/strong>.<\/p>\n<h3>Ilumina\u00e7\u00e3o LED<\/h3>\n<p>Com uma est\u00e9tica atraente com l\u00e2minas transl\u00facidas que deixam passar a luz, garantindo o melhor fluxo de ar dentro do computador, a ventoinha Nox \u00e9 perfeita para <strong>personalizar o seu PC<\/strong>.<\/p>\n<h3>Desempenho silencioso<\/h3>\n<p>Gra\u00e7as ao seu rolamento hidr\u00e1ulico, a Nox Hummer H-Fan Pro tem um <strong>n\u00edvel de ru\u00eddo muito baixo que est\u00e1 entre 14 dB<\/strong>, na velocidade mais baixa, e <strong>35 dB<\/strong>, na velocidade mais alta. O ru\u00eddo \u00e9 quase impercet\u00edvel gra\u00e7as aos suportes antivibra\u00e7\u00e3o de borracha que absorvem o ru\u00eddo, cada um da cor da ventoinha.<\/p>\n<h3>Com controlo PWM<\/h3>\n<p>A Nox Hummer H-Fan Pro \u00e9 uma <strong>ventoinha de PC com um conector de 4 pins<\/strong> que permite controlar e regular a velocidade de rota\u00e7\u00e3o. A tecnologia PWM permite-lhe adaptar-se ao que o equipamento precisa em cada momento.<\/p>\n","protected":false},"excerpt":{"rendered":"<ul>\n<li>Ilumina\u00e7\u00e3o LED \u00c3zul<\/li>\n<li>Fun\u00e7\u00e3o PWM<\/li>\n<li>7 l\u00e2minas transl\u00facidas<\/li>\n<li>Rolamentos hidr\u00e1ulicos<\/li>\n<li>Design silencioso otimizado<\/li>\n<li>Cantos com suporte de borracha<\/li>\n<\/ul>\n","protected":false},"featured_media":0,"comment_status":"closed","ping_status":"closed","template":"","meta":{"inline_featured_image":false},"product_brand":[],"product_cat":[178],"product_tag":[199],"class_list":{"0":"post-17747","1":"product","2":"type-product","3":"status-publish","5":"product_cat-refrigeracion-pt-pt","6":"product_tag-hummer-pt-pt","8":"first","9":"outofstock","10":"taxable","11":"shipping-taxable","12":"purchasable","13":"product-type-simple"},"_links":{"self":[{"href":"https:\/\/store.nox-xtreme.com\/pt-pt\/wp-json\/wp\/v2\/product\/17747","targetHints":{"allow":["GET"]}}],"collection":[{"href":"https:\/\/store.nox-xtreme.com\/pt-pt\/wp-json\/wp\/v2\/product"}],"about":[{"href":"https:\/\/store.nox-xtreme.com\/pt-pt\/wp-json\/wp\/v2\/types\/product"}],"replies":[{"embeddable":true,"href":"https:\/\/store.nox-xtreme.com\/pt-pt\/wp-json\/wp\/v2\/comments?post=17747"}],"wp:attachment":[{"href":"https:\/\/store.nox-xtreme.com\/pt-pt\/wp-json\/wp\/v2\/media?parent=17747"}],"wp:term":[{"taxonomy":"product_brand","embeddable":true,"href":"https:\/\/store.nox-xtreme.com\/pt-pt\/wp-json\/wp\/v2\/product_brand?post=17747"},{"taxonomy":"product_cat","embeddable":true,"href":"https:\/\/store.nox-xtreme.com\/pt-pt\/wp-json\/wp\/v2\/product_cat?post=17747"},{"taxonomy":"product_tag","embeddable":true,"href":"https:\/\/store.nox-xtreme.com\/pt-pt\/wp-json\/wp\/v2\/product_tag?post=17747"}],"curies":[{"name":"wp","href":"https:\/\/api.w.org\/{rel}","templated":true}]}}