{"id":17680,"date":"2022-02-21T16:14:31","date_gmt":"2022-02-21T15:14:38","guid":{"rendered":"https:\/\/store.nox-xtreme.com\/?post_type=product&#038;p=17680"},"modified":"2022-05-13T11:40:49","modified_gmt":"2022-05-13T09:40:49","slug":"reader-one","status":"publish","type":"product","link":"https:\/\/store.nox-xtreme.com\/pt-pt\/producto\/reader-one\/","title":{"rendered":"Reader One"},"content":{"rendered":"<h3>Nox Lite Reader One<\/h3>\n<p>O Nox Lite Reader One \u00e9 um leitor multicart\u00e3o, compat\u00edvel com os principais formatos do mercado, que tamb\u00e9m possui tr\u00eas portas USB 3.0 de alta velocidade para conectar todos os tipos de dispositivos. \u00c9 a solu\u00e7\u00e3o perfeita para transmitir arquivos em alta velocidade de forma est\u00e1vel e segura, ampliando assim as conex\u00f5es do seu computador<\/p>\n<h3>Tamanho compacto<\/h3>\n<p>Com um tamanho muito compacto, que se adapta a qualquer secret\u00e1ria ou local de trabalho, podendo lev\u00e1-lo para onde precisar,. Permitir\u00e1 <strong>expandir as liga\u00e7\u00f5es do seu port\u00e1til ou computador de secret\u00e1ria de uma forma muito simples<\/strong> e com total liberdade de localiza\u00e7\u00e3o gra\u00e7as tamb\u00e9m aos vantajosos <strong>280 mm do seu confort\u00e1vel cabo<\/strong>.<\/p>\n<h3>Solu\u00e7\u00e3o completa<\/h3>\n<p>Este acess\u00f3rio vers\u00e1til da Nox \u00e9 compat\u00edvel com todos os principais cart\u00f5es de mem\u00f3ria: <strong>SD\/SDHC, M2 e Micro SD<\/strong>.<\/p>\n<p>Da mesma forma, o Nox Lite Reader One tem uma <strong>grande capacidade, possuindo tamb\u00e9m 3 portas USB 3.0<\/strong> para conectar perif\u00e9ricos como rato, teclado ou auscultadores, al\u00e9m de impressora, smartphone, discos r\u00edgidos externos ou outros dispositivos.<\/p>\n<h3>Alta velocidade<\/h3>\n<p>Poder\u00e1 transferir dados a uma <strong>velocidade de at\u00e9 5 Gbps<\/strong>. Economizar\u00e1 tempo com este USB e leitor de cart\u00f5es,  que permitir\u00e1 transferir dados de sua m\u00e1quina fotogr\u00e1fica, smartphone, ou qualquer outro dispositivo, <strong>de forma eficiente<\/strong>.<\/p>\n<h3>Plug &amp; Play<\/h3>\n<p>Muito f\u00e1cil de configurar, apenas Plug &amp; Play, o Nox Lite Reader \u00e9 compat\u00edvel com um grande n\u00famero de computadores com os sistemas operativos <strong>Windows, iOS e Linux sem a necessidade de instala\u00e7\u00e3o de drivers ou softwares adicionais<\/strong>.<\/p>\n","protected":false},"excerpt":{"rendered":"<ul>\n<li>Hub USB e leitor de cart\u00e3o<\/li>\n<li>3 portas USB 3.0 de alta velocidade<\/li>\n<li>Compat\u00edvel com Windows, MacOS e Linux<\/li>\n<li>Plug &amp; play: configura\u00e7\u00e3o ultra-simples<\/li>\n<\/ul>\n","protected":false},"featured_media":18033,"comment_status":"closed","ping_status":"closed","template":"","meta":{"inline_featured_image":false},"product_brand":[],"product_cat":[175],"product_tag":[209],"class_list":{"0":"post-17680","1":"product","2":"type-product","3":"status-publish","4":"has-post-thumbnail","6":"product_cat-accesorios-pt-pt","7":"product_tag-lite-pt-pt","9":"first","10":"instock","11":"taxable","12":"shipping-taxable","13":"purchasable","14":"product-type-simple"},"yoast_head":"<!-- This site is optimized with the Yoast SEO plugin v26.7 - https:\/\/yoast.com\/wordpress\/plugins\/seo\/ -->\n<title>Reader One - Nox-Xtreme<\/title>\n<meta name=\"description\" content=\"Lite READER ONE \u00e9 um hub e leitor de cart\u00f5es com portas USB 3.0, leitores de micro cart\u00f5es e compatibilidade com Windows, MacOS e Linux.\" \/>\n<meta name=\"robots\" content=\"index, follow, max-snippet:-1, max-image-preview:large, max-video-preview:-1\" \/>\n<link rel=\"canonical\" href=\"https:\/\/store.nox-xtreme.com\/pt-pt\/producto\/reader-one\/\" \/>\n<meta property=\"og:locale\" content=\"pt_PT\" \/>\n<meta property=\"og:type\" content=\"article\" \/>\n<meta property=\"og:title\" content=\"Reader One - Nox-Xtreme\" \/>\n<meta property=\"og:description\" content=\"Lite READER ONE \u00e9 um hub e leitor de cart\u00f5es com portas USB 3.0, leitores de micro cart\u00f5es e compatibilidade com Windows, MacOS e Linux.\" \/>\n<meta property=\"og:url\" content=\"https:\/\/store.nox-xtreme.com\/pt-pt\/producto\/reader-one\/\" \/>\n<meta property=\"og:site_name\" content=\"Nox-Xtreme\" \/>\n<meta property=\"article:modified_time\" content=\"2022-05-13T09:40:49+00:00\" \/>\n<meta name=\"twitter:card\" content=\"summary_large_image\" \/>\n<meta name=\"twitter:label1\" content=\"Tempo estimado de leitura\" \/>\n\t<meta name=\"twitter:data1\" content=\"1 minuto\" \/>\n<script type=\"application\/ld+json\" class=\"yoast-schema-graph\">{\"@context\":\"https:\/\/schema.org\",\"@graph\":[{\"@type\":\"WebPage\",\"@id\":\"https:\/\/store.nox-xtreme.com\/pt-pt\/producto\/reader-one\/\",\"url\":\"https:\/\/store.nox-xtreme.com\/pt-pt\/producto\/reader-one\/\",\"name\":\"Reader One - Nox-Xtreme\",\"isPartOf\":{\"@id\":\"https:\/\/store.nox-xtreme.com\/#website\"},\"primaryImageOfPage\":{\"@id\":\"https:\/\/store.nox-xtreme.com\/pt-pt\/producto\/reader-one\/#primaryimage\"},\"image\":{\"@id\":\"https:\/\/store.nox-xtreme.com\/pt-pt\/producto\/reader-one\/#primaryimage\"},\"thumbnailUrl\":\"https:\/\/store.nox-xtreme.com\/wp-content\/uploads\/sites\/2\/2022\/02\/product_nox_reader_one_main.jpg\",\"datePublished\":\"2022-02-21T15:14:38+00:00\",\"dateModified\":\"2022-05-13T09:40:49+00:00\",\"description\":\"Lite READER ONE \u00e9 um hub e leitor de cart\u00f5es com portas USB 3.0, leitores de micro cart\u00f5es e compatibilidade com Windows, MacOS e Linux.\",\"breadcrumb\":{\"@id\":\"https:\/\/store.nox-xtreme.com\/pt-pt\/producto\/reader-one\/#breadcrumb\"},\"inLanguage\":\"pt-PT\",\"potentialAction\":[{\"@type\":\"ReadAction\",\"target\":[\"https:\/\/store.nox-xtreme.com\/pt-pt\/producto\/reader-one\/\"]}]},{\"@type\":\"ImageObject\",\"inLanguage\":\"pt-PT\",\"@id\":\"https:\/\/store.nox-xtreme.com\/pt-pt\/producto\/reader-one\/#primaryimage\",\"url\":\"https:\/\/store.nox-xtreme.com\/wp-content\/uploads\/sites\/2\/2022\/02\/product_nox_reader_one_main.jpg\",\"contentUrl\":\"https:\/\/store.nox-xtreme.com\/wp-content\/uploads\/sites\/2\/2022\/02\/product_nox_reader_one_main.jpg\",\"width\":1049,\"height\":1300},{\"@type\":\"BreadcrumbList\",\"@id\":\"https:\/\/store.nox-xtreme.com\/pt-pt\/producto\/reader-one\/#breadcrumb\",\"itemListElement\":[{\"@type\":\"ListItem\",\"position\":1,\"name\":\"Portada\",\"item\":\"https:\/\/store.nox-xtreme.com\/pt-pt\/\"},{\"@type\":\"ListItem\",\"position\":2,\"name\":\"Productos\",\"item\":\"https:\/\/store.nox-xtreme.com\/shop\/\"},{\"@type\":\"ListItem\",\"position\":3,\"name\":\"Reader One\"}]},{\"@type\":\"WebSite\",\"@id\":\"https:\/\/store.nox-xtreme.com\/#website\",\"url\":\"https:\/\/store.nox-xtreme.com\/\",\"name\":\"Nox-Xtreme\",\"description\":\"Boosting You Performance\",\"potentialAction\":[{\"@type\":\"SearchAction\",\"target\":{\"@type\":\"EntryPoint\",\"urlTemplate\":\"https:\/\/store.nox-xtreme.com\/?s={search_term_string}\"},\"query-input\":{\"@type\":\"PropertyValueSpecification\",\"valueRequired\":true,\"valueName\":\"search_term_string\"}}],\"inLanguage\":\"pt-PT\"}]}<\/script>\n<!-- \/ Yoast SEO plugin. -->","yoast_head_json":{"title":"Reader One - Nox-Xtreme","description":"Lite READER ONE \u00e9 um hub e leitor de cart\u00f5es com portas USB 3.0, leitores de micro cart\u00f5es e compatibilidade com Windows, MacOS e Linux.","robots":{"index":"index","follow":"follow","max-snippet":"max-snippet:-1","max-image-preview":"max-image-preview:large","max-video-preview":"max-video-preview:-1"},"canonical":"https:\/\/store.nox-xtreme.com\/pt-pt\/producto\/reader-one\/","og_locale":"pt_PT","og_type":"article","og_title":"Reader One - Nox-Xtreme","og_description":"Lite READER ONE \u00e9 um hub e leitor de cart\u00f5es com portas USB 3.0, leitores de micro cart\u00f5es e compatibilidade com Windows, MacOS e Linux.","og_url":"https:\/\/store.nox-xtreme.com\/pt-pt\/producto\/reader-one\/","og_site_name":"Nox-Xtreme","article_modified_time":"2022-05-13T09:40:49+00:00","twitter_card":"summary_large_image","twitter_misc":{"Tempo estimado de leitura":"1 minuto"},"schema":{"@context":"https:\/\/schema.org","@graph":[{"@type":"WebPage","@id":"https:\/\/store.nox-xtreme.com\/pt-pt\/producto\/reader-one\/","url":"https:\/\/store.nox-xtreme.com\/pt-pt\/producto\/reader-one\/","name":"Reader One - Nox-Xtreme","isPartOf":{"@id":"https:\/\/store.nox-xtreme.com\/#website"},"primaryImageOfPage":{"@id":"https:\/\/store.nox-xtreme.com\/pt-pt\/producto\/reader-one\/#primaryimage"},"image":{"@id":"https:\/\/store.nox-xtreme.com\/pt-pt\/producto\/reader-one\/#primaryimage"},"thumbnailUrl":"https:\/\/store.nox-xtreme.com\/wp-content\/uploads\/sites\/2\/2022\/02\/product_nox_reader_one_main.jpg","datePublished":"2022-02-21T15:14:38+00:00","dateModified":"2022-05-13T09:40:49+00:00","description":"Lite READER ONE \u00e9 um hub e leitor de cart\u00f5es com portas USB 3.0, leitores de micro cart\u00f5es e compatibilidade com Windows, MacOS e Linux.","breadcrumb":{"@id":"https:\/\/store.nox-xtreme.com\/pt-pt\/producto\/reader-one\/#breadcrumb"},"inLanguage":"pt-PT","potentialAction":[{"@type":"ReadAction","target":["https:\/\/store.nox-xtreme.com\/pt-pt\/producto\/reader-one\/"]}]},{"@type":"ImageObject","inLanguage":"pt-PT","@id":"https:\/\/store.nox-xtreme.com\/pt-pt\/producto\/reader-one\/#primaryimage","url":"https:\/\/store.nox-xtreme.com\/wp-content\/uploads\/sites\/2\/2022\/02\/product_nox_reader_one_main.jpg","contentUrl":"https:\/\/store.nox-xtreme.com\/wp-content\/uploads\/sites\/2\/2022\/02\/product_nox_reader_one_main.jpg","width":1049,"height":1300},{"@type":"BreadcrumbList","@id":"https:\/\/store.nox-xtreme.com\/pt-pt\/producto\/reader-one\/#breadcrumb","itemListElement":[{"@type":"ListItem","position":1,"name":"Portada","item":"https:\/\/store.nox-xtreme.com\/pt-pt\/"},{"@type":"ListItem","position":2,"name":"Productos","item":"https:\/\/store.nox-xtreme.com\/shop\/"},{"@type":"ListItem","position":3,"name":"Reader One"}]},{"@type":"WebSite","@id":"https:\/\/store.nox-xtreme.com\/#website","url":"https:\/\/store.nox-xtreme.com\/","name":"Nox-Xtreme","description":"Boosting You Performance","potentialAction":[{"@type":"SearchAction","target":{"@type":"EntryPoint","urlTemplate":"https:\/\/store.nox-xtreme.com\/?s={search_term_string}"},"query-input":{"@type":"PropertyValueSpecification","valueRequired":true,"valueName":"search_term_string"}}],"inLanguage":"pt-PT"}]}},"_links":{"self":[{"href":"https:\/\/store.nox-xtreme.com\/pt-pt\/wp-json\/wp\/v2\/product\/17680","targetHints":{"allow":["GET"]}}],"collection":[{"href":"https:\/\/store.nox-xtreme.com\/pt-pt\/wp-json\/wp\/v2\/product"}],"about":[{"href":"https:\/\/store.nox-xtreme.com\/pt-pt\/wp-json\/wp\/v2\/types\/product"}],"replies":[{"embeddable":true,"href":"https:\/\/store.nox-xtreme.com\/pt-pt\/wp-json\/wp\/v2\/comments?post=17680"}],"wp:featuredmedia":[{"embeddable":true,"href":"https:\/\/store.nox-xtreme.com\/pt-pt\/wp-json\/wp\/v2\/media\/18033"}],"wp:attachment":[{"href":"https:\/\/store.nox-xtreme.com\/pt-pt\/wp-json\/wp\/v2\/media?parent=17680"}],"wp:term":[{"taxonomy":"product_brand","embeddable":true,"href":"https:\/\/store.nox-xtreme.com\/pt-pt\/wp-json\/wp\/v2\/product_brand?post=17680"},{"taxonomy":"product_cat","embeddable":true,"href":"https:\/\/store.nox-xtreme.com\/pt-pt\/wp-json\/wp\/v2\/product_cat?post=17680"},{"taxonomy":"product_tag","embeddable":true,"href":"https:\/\/store.nox-xtreme.com\/pt-pt\/wp-json\/wp\/v2\/product_tag?post=17680"}],"curies":[{"name":"wp","href":"https:\/\/api.w.org\/{rel}","templated":true}]}}