{"id":17673,"date":"2022-02-21T12:49:57","date_gmt":"2022-02-21T11:50:06","guid":{"rendered":"https:\/\/store.nox-xtreme.com\/?post_type=product&#038;p=17673"},"modified":"2023-09-04T10:33:07","modified_gmt":"2023-09-04T08:33:07","slug":"card-id","status":"publish","type":"product","link":"https:\/\/store.nox-xtreme.com\/pt-pt\/producto\/card-id\/","title":{"rendered":"Card ID"},"content":{"rendered":"<h3>Nox Lite Card ID<\/h3>\n<p>O Nox Lite Card ID \u00e9 um leitor de cart\u00f5es que se conecta via USB 2.0, permitindo procedimentos administrativos e transfer\u00eancia de dados a uma velocidade m\u00e1xima de 420 KBPS de forma est\u00e1vel e segura.<\/p>\n<h3>Ultracompacto<\/h3>\n<p>O Nox Lite Card ID \u00e9 um leitor e gravador de cart\u00f5es muito leve, com um tamanho pequeno o que permite transport\u00e1-lo de um lugar para outro conforme necess\u00e1rio. Ocupando muito pouco espa\u00e7o, poder\u00e1 us\u00e1-lo confortavelmente com o port\u00e1til ou desktop.<\/p>\n<h3>Conex\u00e3o segura<\/h3>\n<p>Com a conex\u00e3o USB 2.0, poder\u00e1 utilizar para realizar v\u00e1rios procedimentos que exigem a apresenta\u00e7\u00e3o do cart\u00e3o do cidad\u00e3o ou outras opera\u00e7\u00f5es com cart\u00f5es, como por exemplo procedimentos relacionados ao banco ou autentica\u00e7\u00f5es online de maneira totalmente confi\u00e1vel, com a seguran\u00e7a de um dispositivo com todas as garantias.<\/p>\n<h3>Alta velocidade<\/h3>\n<p>Transfira os seus dados a uma velocidade de at\u00e9 420 KBPS. O Nox Lite Card ID est\u00e1 em conformidade com todos os padr\u00f5es e protocolos para conectar cart\u00f5es do cidad\u00e3o e poder-se identificar pessoalmente.<\/p>\n<h3>Conex\u00e3o f\u00e1cil<\/h3>\n<p>Poder\u00e1 realizar os procedimentos de forma c\u00f3moda gra\u00e7as ao Nox Lite Card ID. Este permitir\u00e1 uma identifica\u00e7\u00e3o segura na Internet. Realizar procedimentos com este leitor de cart\u00f5es compat\u00edvel com Windows, Linux e iOS \u00e9 t\u00e3o f\u00e1cil quanto conect\u00e1-lo, pois n\u00e3o requer a instala\u00e7\u00e3o de nenhum software adicional.<\/p>\n","protected":false},"excerpt":{"rendered":"<ul>\n<li>Leitor e gravador de cart\u00f5es inteligente<\/li>\n<li>Compat\u00edvel com Windows, MacOS e Linux<\/li>\n<li>Ampla gama de formatos suportados<\/li>\n<li>Plug &amp; play: configura\u00e7\u00e3o ultra-simples<\/li>\n<\/ul>\n","protected":false},"featured_media":18024,"comment_status":"closed","ping_status":"closed","template":"","meta":{"inline_featured_image":false},"product_brand":[],"product_cat":[175],"product_tag":[209],"class_list":{"0":"post-17673","1":"product","2":"type-product","3":"status-publish","4":"has-post-thumbnail","6":"product_cat-accesorios-pt-pt","7":"product_tag-lite-pt-pt","9":"first","10":"outofstock","11":"taxable","12":"shipping-taxable","13":"purchasable","14":"product-type-simple"},"yoast_head":"<!-- This site is optimized with the Yoast SEO plugin v26.7 - https:\/\/yoast.com\/wordpress\/plugins\/seo\/ -->\n<title>Card ID - Nox-Xtreme<\/title>\n<meta name=\"description\" content=\"Lite CARD ID \u00e9 um leitor e gravador de cart\u00f5es inteligentes com liga\u00e7\u00e3o USB 2.0, compat\u00edvel com Windows, MacOS e Linux.\" \/>\n<meta name=\"robots\" content=\"index, follow, max-snippet:-1, max-image-preview:large, max-video-preview:-1\" \/>\n<link rel=\"canonical\" href=\"https:\/\/store.nox-xtreme.com\/pt-pt\/producto\/card-id\/\" \/>\n<meta property=\"og:locale\" content=\"pt_PT\" \/>\n<meta property=\"og:type\" content=\"article\" \/>\n<meta property=\"og:title\" content=\"Card ID - Nox-Xtreme\" \/>\n<meta property=\"og:description\" content=\"Lite CARD ID \u00e9 um leitor e gravador de cart\u00f5es inteligentes com liga\u00e7\u00e3o USB 2.0, compat\u00edvel com Windows, MacOS e Linux.\" \/>\n<meta property=\"og:url\" content=\"https:\/\/store.nox-xtreme.com\/pt-pt\/producto\/card-id\/\" \/>\n<meta property=\"og:site_name\" content=\"Nox-Xtreme\" \/>\n<meta property=\"article:modified_time\" content=\"2023-09-04T08:33:07+00:00\" \/>\n<meta name=\"twitter:card\" content=\"summary_large_image\" \/>\n<meta name=\"twitter:label1\" content=\"Tempo estimado de leitura\" \/>\n\t<meta name=\"twitter:data1\" content=\"1 minuto\" \/>\n<script type=\"application\/ld+json\" class=\"yoast-schema-graph\">{\"@context\":\"https:\/\/schema.org\",\"@graph\":[{\"@type\":\"WebPage\",\"@id\":\"https:\/\/store.nox-xtreme.com\/pt-pt\/producto\/card-id\/\",\"url\":\"https:\/\/store.nox-xtreme.com\/pt-pt\/producto\/card-id\/\",\"name\":\"Card ID - Nox-Xtreme\",\"isPartOf\":{\"@id\":\"https:\/\/store.nox-xtreme.com\/#website\"},\"primaryImageOfPage\":{\"@id\":\"https:\/\/store.nox-xtreme.com\/pt-pt\/producto\/card-id\/#primaryimage\"},\"image\":{\"@id\":\"https:\/\/store.nox-xtreme.com\/pt-pt\/producto\/card-id\/#primaryimage\"},\"thumbnailUrl\":\"https:\/\/store.nox-xtreme.com\/wp-content\/uploads\/sites\/2\/2022\/02\/product_nox_card_id_main01.jpg\",\"datePublished\":\"2022-02-21T11:50:06+00:00\",\"dateModified\":\"2023-09-04T08:33:07+00:00\",\"description\":\"Lite CARD ID \u00e9 um leitor e gravador de cart\u00f5es inteligentes com liga\u00e7\u00e3o USB 2.0, compat\u00edvel com Windows, MacOS e Linux.\",\"breadcrumb\":{\"@id\":\"https:\/\/store.nox-xtreme.com\/pt-pt\/producto\/card-id\/#breadcrumb\"},\"inLanguage\":\"pt-PT\",\"potentialAction\":[{\"@type\":\"ReadAction\",\"target\":[\"https:\/\/store.nox-xtreme.com\/pt-pt\/producto\/card-id\/\"]}]},{\"@type\":\"ImageObject\",\"inLanguage\":\"pt-PT\",\"@id\":\"https:\/\/store.nox-xtreme.com\/pt-pt\/producto\/card-id\/#primaryimage\",\"url\":\"https:\/\/store.nox-xtreme.com\/wp-content\/uploads\/sites\/2\/2022\/02\/product_nox_card_id_main01.jpg\",\"contentUrl\":\"https:\/\/store.nox-xtreme.com\/wp-content\/uploads\/sites\/2\/2022\/02\/product_nox_card_id_main01.jpg\",\"width\":1049,\"height\":1300},{\"@type\":\"BreadcrumbList\",\"@id\":\"https:\/\/store.nox-xtreme.com\/pt-pt\/producto\/card-id\/#breadcrumb\",\"itemListElement\":[{\"@type\":\"ListItem\",\"position\":1,\"name\":\"Portada\",\"item\":\"https:\/\/store.nox-xtreme.com\/pt-pt\/\"},{\"@type\":\"ListItem\",\"position\":2,\"name\":\"Productos\",\"item\":\"https:\/\/store.nox-xtreme.com\/shop\/\"},{\"@type\":\"ListItem\",\"position\":3,\"name\":\"Card ID\"}]},{\"@type\":\"WebSite\",\"@id\":\"https:\/\/store.nox-xtreme.com\/#website\",\"url\":\"https:\/\/store.nox-xtreme.com\/\",\"name\":\"Nox-Xtreme\",\"description\":\"Boosting You Performance\",\"potentialAction\":[{\"@type\":\"SearchAction\",\"target\":{\"@type\":\"EntryPoint\",\"urlTemplate\":\"https:\/\/store.nox-xtreme.com\/?s={search_term_string}\"},\"query-input\":{\"@type\":\"PropertyValueSpecification\",\"valueRequired\":true,\"valueName\":\"search_term_string\"}}],\"inLanguage\":\"pt-PT\"}]}<\/script>\n<!-- \/ Yoast SEO plugin. -->","yoast_head_json":{"title":"Card ID - Nox-Xtreme","description":"Lite CARD ID \u00e9 um leitor e gravador de cart\u00f5es inteligentes com liga\u00e7\u00e3o USB 2.0, compat\u00edvel com Windows, MacOS e Linux.","robots":{"index":"index","follow":"follow","max-snippet":"max-snippet:-1","max-image-preview":"max-image-preview:large","max-video-preview":"max-video-preview:-1"},"canonical":"https:\/\/store.nox-xtreme.com\/pt-pt\/producto\/card-id\/","og_locale":"pt_PT","og_type":"article","og_title":"Card ID - Nox-Xtreme","og_description":"Lite CARD ID \u00e9 um leitor e gravador de cart\u00f5es inteligentes com liga\u00e7\u00e3o USB 2.0, compat\u00edvel com Windows, MacOS e Linux.","og_url":"https:\/\/store.nox-xtreme.com\/pt-pt\/producto\/card-id\/","og_site_name":"Nox-Xtreme","article_modified_time":"2023-09-04T08:33:07+00:00","twitter_card":"summary_large_image","twitter_misc":{"Tempo estimado de leitura":"1 minuto"},"schema":{"@context":"https:\/\/schema.org","@graph":[{"@type":"WebPage","@id":"https:\/\/store.nox-xtreme.com\/pt-pt\/producto\/card-id\/","url":"https:\/\/store.nox-xtreme.com\/pt-pt\/producto\/card-id\/","name":"Card ID - Nox-Xtreme","isPartOf":{"@id":"https:\/\/store.nox-xtreme.com\/#website"},"primaryImageOfPage":{"@id":"https:\/\/store.nox-xtreme.com\/pt-pt\/producto\/card-id\/#primaryimage"},"image":{"@id":"https:\/\/store.nox-xtreme.com\/pt-pt\/producto\/card-id\/#primaryimage"},"thumbnailUrl":"https:\/\/store.nox-xtreme.com\/wp-content\/uploads\/sites\/2\/2022\/02\/product_nox_card_id_main01.jpg","datePublished":"2022-02-21T11:50:06+00:00","dateModified":"2023-09-04T08:33:07+00:00","description":"Lite CARD ID \u00e9 um leitor e gravador de cart\u00f5es inteligentes com liga\u00e7\u00e3o USB 2.0, compat\u00edvel com Windows, MacOS e Linux.","breadcrumb":{"@id":"https:\/\/store.nox-xtreme.com\/pt-pt\/producto\/card-id\/#breadcrumb"},"inLanguage":"pt-PT","potentialAction":[{"@type":"ReadAction","target":["https:\/\/store.nox-xtreme.com\/pt-pt\/producto\/card-id\/"]}]},{"@type":"ImageObject","inLanguage":"pt-PT","@id":"https:\/\/store.nox-xtreme.com\/pt-pt\/producto\/card-id\/#primaryimage","url":"https:\/\/store.nox-xtreme.com\/wp-content\/uploads\/sites\/2\/2022\/02\/product_nox_card_id_main01.jpg","contentUrl":"https:\/\/store.nox-xtreme.com\/wp-content\/uploads\/sites\/2\/2022\/02\/product_nox_card_id_main01.jpg","width":1049,"height":1300},{"@type":"BreadcrumbList","@id":"https:\/\/store.nox-xtreme.com\/pt-pt\/producto\/card-id\/#breadcrumb","itemListElement":[{"@type":"ListItem","position":1,"name":"Portada","item":"https:\/\/store.nox-xtreme.com\/pt-pt\/"},{"@type":"ListItem","position":2,"name":"Productos","item":"https:\/\/store.nox-xtreme.com\/shop\/"},{"@type":"ListItem","position":3,"name":"Card ID"}]},{"@type":"WebSite","@id":"https:\/\/store.nox-xtreme.com\/#website","url":"https:\/\/store.nox-xtreme.com\/","name":"Nox-Xtreme","description":"Boosting You Performance","potentialAction":[{"@type":"SearchAction","target":{"@type":"EntryPoint","urlTemplate":"https:\/\/store.nox-xtreme.com\/?s={search_term_string}"},"query-input":{"@type":"PropertyValueSpecification","valueRequired":true,"valueName":"search_term_string"}}],"inLanguage":"pt-PT"}]}},"_links":{"self":[{"href":"https:\/\/store.nox-xtreme.com\/pt-pt\/wp-json\/wp\/v2\/product\/17673","targetHints":{"allow":["GET"]}}],"collection":[{"href":"https:\/\/store.nox-xtreme.com\/pt-pt\/wp-json\/wp\/v2\/product"}],"about":[{"href":"https:\/\/store.nox-xtreme.com\/pt-pt\/wp-json\/wp\/v2\/types\/product"}],"replies":[{"embeddable":true,"href":"https:\/\/store.nox-xtreme.com\/pt-pt\/wp-json\/wp\/v2\/comments?post=17673"}],"wp:featuredmedia":[{"embeddable":true,"href":"https:\/\/store.nox-xtreme.com\/pt-pt\/wp-json\/wp\/v2\/media\/18024"}],"wp:attachment":[{"href":"https:\/\/store.nox-xtreme.com\/pt-pt\/wp-json\/wp\/v2\/media?parent=17673"}],"wp:term":[{"taxonomy":"product_brand","embeddable":true,"href":"https:\/\/store.nox-xtreme.com\/pt-pt\/wp-json\/wp\/v2\/product_brand?post=17673"},{"taxonomy":"product_cat","embeddable":true,"href":"https:\/\/store.nox-xtreme.com\/pt-pt\/wp-json\/wp\/v2\/product_cat?post=17673"},{"taxonomy":"product_tag","embeddable":true,"href":"https:\/\/store.nox-xtreme.com\/pt-pt\/wp-json\/wp\/v2\/product_tag?post=17673"}],"curies":[{"name":"wp","href":"https:\/\/api.w.org\/{rel}","templated":true}]}}