{"id":17667,"date":"2022-02-21T09:11:21","date_gmt":"2022-02-21T08:11:27","guid":{"rendered":"https:\/\/store.nox-xtreme.com\/?post_type=product&#038;p=17667"},"modified":"2022-07-02T18:28:03","modified_gmt":"2022-07-02T16:28:03","slug":"hub-one","status":"publish","type":"product","link":"https:\/\/store.nox-xtreme.com\/pt-pt\/producto\/hub-one\/","title":{"rendered":"Hub One"},"content":{"rendered":"<h3>Nox Lite Hub One<\/h3>\n<p>O Nox Lite Hub One permite conectar at\u00e9 quatro dispositivos diferentes via USB 3.0, como discos r\u00edgidos, rato, teclado ou impressoras. Com velocidades de transfer\u00eancia super r\u00e1pidas, este acess\u00f3rio oferece quatro portas adicionais para expandir as portas USB do seu computador. As portas USB deste hub Nox tamb\u00e9m permitem transmitir arquivos a uma velocidade dez vezes maior que a do USB 2.0.<\/p>\n<h3>Design compacto<\/h3>\n<p>Com um design elegante e minimalista, o Nox Lite Hub One \u00e9 constru\u00eddo com <strong>materiais resistentes para excelente durabilidade<\/strong>. Com um cabo de <strong>145 mm<\/strong>, seguro e resistente, permite que o coloque onde mais precisar. Al\u00e9m disso, o seu <strong>design leve e compacto<\/strong> facilita o transporte.<\/p>\n<h3>M\u00e1xima funcionalidade: 4 portas USB 3.0<\/h3>\n<p>Conecte com efici\u00eancia <strong>at\u00e9 quatro perif\u00e9ricos ou dispositivos simultaneamente<\/strong>, obtendo <strong>uma conex\u00e3o segura e est\u00e1vel<\/strong>. Com o Nox Lite Hub One pode aumentar o n\u00famero de portas USB no seu computador sem precisar alternar entre dispositivos, usando e acedendo aos que precisa com mais facilidade.<\/p>\n<h3>Ultra r\u00e1pido<\/h3>\n<p>Este hub USB <strong>redesenhar\u00e1 os limites de sua conectividade<\/strong>, permitindo que aceda at\u00e9 quatro dispositivos e trabalhe com alta velocidade de transfer\u00eancia: o padr\u00e3o USB 3.0 oferece velocidades at\u00e9 <strong>dez vezes mais r\u00e1pidas que o USB 2.0<\/strong>. Poder\u00e1 transmitir v\u00eddeos em HD, m\u00fasica ou qualquer outro tipo de arquivo em segundos com uma velocidade de dados de at\u00e9 <strong>5 Gbps<\/strong>.<\/p>\n<h3>Elevada compatibilidade<\/h3>\n<p>O Nox Lite Hub One \u00e9 um <strong>adaptador USB 3.0 universal de 4 portas compat\u00edvel com Windows, MacOS e Linux<\/strong>. Muito f\u00e1cil de usar, sem necessidade de software ou driver adicional, apenas <strong>Plug &amp; Play<\/strong>.<\/p>\n","protected":false},"excerpt":{"rendered":"<ul>\n<li>HUB 4 portas USB 3.0<\/li>\n<li>Compat\u00edvel com Windows, MacOS e Linux<\/li>\n<li>Plug &amp; play: configura\u00e7\u00e3o ultra-simples<\/li>\n<\/ul>\n","protected":false},"featured_media":18048,"comment_status":"closed","ping_status":"closed","template":"","meta":{"inline_featured_image":false},"product_brand":[],"product_cat":[175],"product_tag":[209],"class_list":{"0":"post-17667","1":"product","2":"type-product","3":"status-publish","4":"has-post-thumbnail","6":"product_cat-accesorios-pt-pt","7":"product_tag-lite-pt-pt","9":"first","10":"instock","11":"taxable","12":"shipping-taxable","13":"purchasable","14":"product-type-simple"},"yoast_head":"<!-- This site is optimized with the Yoast SEO plugin v26.7 - https:\/\/yoast.com\/wordpress\/plugins\/seo\/ -->\n<title>Hub One - Nox-Xtreme<\/title>\n<meta name=\"description\" content=\"O Nox Lite HUB ONE \u00e9 um hub USB 3.0 de 4 portas com velocidade de transfer\u00eancia super r\u00e1pida, compat\u00edvel com Windows, MacOS e Linux.\" \/>\n<meta name=\"robots\" content=\"index, follow, max-snippet:-1, max-image-preview:large, max-video-preview:-1\" \/>\n<link rel=\"canonical\" href=\"https:\/\/store.nox-xtreme.com\/pt-pt\/producto\/hub-one\/\" \/>\n<meta property=\"og:locale\" content=\"pt_PT\" \/>\n<meta property=\"og:type\" content=\"article\" \/>\n<meta property=\"og:title\" content=\"Hub One - Nox-Xtreme\" \/>\n<meta property=\"og:description\" content=\"O Nox Lite HUB ONE \u00e9 um hub USB 3.0 de 4 portas com velocidade de transfer\u00eancia super r\u00e1pida, compat\u00edvel com Windows, MacOS e Linux.\" \/>\n<meta property=\"og:url\" content=\"https:\/\/store.nox-xtreme.com\/pt-pt\/producto\/hub-one\/\" \/>\n<meta property=\"og:site_name\" content=\"Nox-Xtreme\" \/>\n<meta property=\"article:modified_time\" content=\"2022-07-02T16:28:03+00:00\" \/>\n<meta name=\"twitter:card\" content=\"summary_large_image\" \/>\n<meta name=\"twitter:label1\" content=\"Tempo estimado de leitura\" \/>\n\t<meta name=\"twitter:data1\" content=\"1 minuto\" \/>\n<script type=\"application\/ld+json\" class=\"yoast-schema-graph\">{\"@context\":\"https:\/\/schema.org\",\"@graph\":[{\"@type\":\"WebPage\",\"@id\":\"https:\/\/store.nox-xtreme.com\/pt-pt\/producto\/hub-one\/\",\"url\":\"https:\/\/store.nox-xtreme.com\/pt-pt\/producto\/hub-one\/\",\"name\":\"Hub One - Nox-Xtreme\",\"isPartOf\":{\"@id\":\"https:\/\/store.nox-xtreme.com\/#website\"},\"primaryImageOfPage\":{\"@id\":\"https:\/\/store.nox-xtreme.com\/pt-pt\/producto\/hub-one\/#primaryimage\"},\"image\":{\"@id\":\"https:\/\/store.nox-xtreme.com\/pt-pt\/producto\/hub-one\/#primaryimage\"},\"thumbnailUrl\":\"https:\/\/store.nox-xtreme.com\/wp-content\/uploads\/sites\/2\/2022\/02\/product_nox_hub_one_main02.jpg\",\"datePublished\":\"2022-02-21T08:11:27+00:00\",\"dateModified\":\"2022-07-02T16:28:03+00:00\",\"description\":\"O Nox Lite HUB ONE \u00e9 um hub USB 3.0 de 4 portas com velocidade de transfer\u00eancia super r\u00e1pida, compat\u00edvel com Windows, MacOS e Linux.\",\"breadcrumb\":{\"@id\":\"https:\/\/store.nox-xtreme.com\/pt-pt\/producto\/hub-one\/#breadcrumb\"},\"inLanguage\":\"pt-PT\",\"potentialAction\":[{\"@type\":\"ReadAction\",\"target\":[\"https:\/\/store.nox-xtreme.com\/pt-pt\/producto\/hub-one\/\"]}]},{\"@type\":\"ImageObject\",\"inLanguage\":\"pt-PT\",\"@id\":\"https:\/\/store.nox-xtreme.com\/pt-pt\/producto\/hub-one\/#primaryimage\",\"url\":\"https:\/\/store.nox-xtreme.com\/wp-content\/uploads\/sites\/2\/2022\/02\/product_nox_hub_one_main02.jpg\",\"contentUrl\":\"https:\/\/store.nox-xtreme.com\/wp-content\/uploads\/sites\/2\/2022\/02\/product_nox_hub_one_main02.jpg\",\"width\":1049,\"height\":1300},{\"@type\":\"BreadcrumbList\",\"@id\":\"https:\/\/store.nox-xtreme.com\/pt-pt\/producto\/hub-one\/#breadcrumb\",\"itemListElement\":[{\"@type\":\"ListItem\",\"position\":1,\"name\":\"Portada\",\"item\":\"https:\/\/store.nox-xtreme.com\/pt-pt\/\"},{\"@type\":\"ListItem\",\"position\":2,\"name\":\"Productos\",\"item\":\"https:\/\/store.nox-xtreme.com\/shop\/\"},{\"@type\":\"ListItem\",\"position\":3,\"name\":\"Hub One\"}]},{\"@type\":\"WebSite\",\"@id\":\"https:\/\/store.nox-xtreme.com\/#website\",\"url\":\"https:\/\/store.nox-xtreme.com\/\",\"name\":\"Nox-Xtreme\",\"description\":\"Boosting You Performance\",\"potentialAction\":[{\"@type\":\"SearchAction\",\"target\":{\"@type\":\"EntryPoint\",\"urlTemplate\":\"https:\/\/store.nox-xtreme.com\/?s={search_term_string}\"},\"query-input\":{\"@type\":\"PropertyValueSpecification\",\"valueRequired\":true,\"valueName\":\"search_term_string\"}}],\"inLanguage\":\"pt-PT\"}]}<\/script>\n<!-- \/ Yoast SEO plugin. -->","yoast_head_json":{"title":"Hub One - Nox-Xtreme","description":"O Nox Lite HUB ONE \u00e9 um hub USB 3.0 de 4 portas com velocidade de transfer\u00eancia super r\u00e1pida, compat\u00edvel com Windows, MacOS e Linux.","robots":{"index":"index","follow":"follow","max-snippet":"max-snippet:-1","max-image-preview":"max-image-preview:large","max-video-preview":"max-video-preview:-1"},"canonical":"https:\/\/store.nox-xtreme.com\/pt-pt\/producto\/hub-one\/","og_locale":"pt_PT","og_type":"article","og_title":"Hub One - Nox-Xtreme","og_description":"O Nox Lite HUB ONE \u00e9 um hub USB 3.0 de 4 portas com velocidade de transfer\u00eancia super r\u00e1pida, compat\u00edvel com Windows, MacOS e Linux.","og_url":"https:\/\/store.nox-xtreme.com\/pt-pt\/producto\/hub-one\/","og_site_name":"Nox-Xtreme","article_modified_time":"2022-07-02T16:28:03+00:00","twitter_card":"summary_large_image","twitter_misc":{"Tempo estimado de leitura":"1 minuto"},"schema":{"@context":"https:\/\/schema.org","@graph":[{"@type":"WebPage","@id":"https:\/\/store.nox-xtreme.com\/pt-pt\/producto\/hub-one\/","url":"https:\/\/store.nox-xtreme.com\/pt-pt\/producto\/hub-one\/","name":"Hub One - Nox-Xtreme","isPartOf":{"@id":"https:\/\/store.nox-xtreme.com\/#website"},"primaryImageOfPage":{"@id":"https:\/\/store.nox-xtreme.com\/pt-pt\/producto\/hub-one\/#primaryimage"},"image":{"@id":"https:\/\/store.nox-xtreme.com\/pt-pt\/producto\/hub-one\/#primaryimage"},"thumbnailUrl":"https:\/\/store.nox-xtreme.com\/wp-content\/uploads\/sites\/2\/2022\/02\/product_nox_hub_one_main02.jpg","datePublished":"2022-02-21T08:11:27+00:00","dateModified":"2022-07-02T16:28:03+00:00","description":"O Nox Lite HUB ONE \u00e9 um hub USB 3.0 de 4 portas com velocidade de transfer\u00eancia super r\u00e1pida, compat\u00edvel com Windows, MacOS e Linux.","breadcrumb":{"@id":"https:\/\/store.nox-xtreme.com\/pt-pt\/producto\/hub-one\/#breadcrumb"},"inLanguage":"pt-PT","potentialAction":[{"@type":"ReadAction","target":["https:\/\/store.nox-xtreme.com\/pt-pt\/producto\/hub-one\/"]}]},{"@type":"ImageObject","inLanguage":"pt-PT","@id":"https:\/\/store.nox-xtreme.com\/pt-pt\/producto\/hub-one\/#primaryimage","url":"https:\/\/store.nox-xtreme.com\/wp-content\/uploads\/sites\/2\/2022\/02\/product_nox_hub_one_main02.jpg","contentUrl":"https:\/\/store.nox-xtreme.com\/wp-content\/uploads\/sites\/2\/2022\/02\/product_nox_hub_one_main02.jpg","width":1049,"height":1300},{"@type":"BreadcrumbList","@id":"https:\/\/store.nox-xtreme.com\/pt-pt\/producto\/hub-one\/#breadcrumb","itemListElement":[{"@type":"ListItem","position":1,"name":"Portada","item":"https:\/\/store.nox-xtreme.com\/pt-pt\/"},{"@type":"ListItem","position":2,"name":"Productos","item":"https:\/\/store.nox-xtreme.com\/shop\/"},{"@type":"ListItem","position":3,"name":"Hub One"}]},{"@type":"WebSite","@id":"https:\/\/store.nox-xtreme.com\/#website","url":"https:\/\/store.nox-xtreme.com\/","name":"Nox-Xtreme","description":"Boosting You Performance","potentialAction":[{"@type":"SearchAction","target":{"@type":"EntryPoint","urlTemplate":"https:\/\/store.nox-xtreme.com\/?s={search_term_string}"},"query-input":{"@type":"PropertyValueSpecification","valueRequired":true,"valueName":"search_term_string"}}],"inLanguage":"pt-PT"}]}},"_links":{"self":[{"href":"https:\/\/store.nox-xtreme.com\/pt-pt\/wp-json\/wp\/v2\/product\/17667","targetHints":{"allow":["GET"]}}],"collection":[{"href":"https:\/\/store.nox-xtreme.com\/pt-pt\/wp-json\/wp\/v2\/product"}],"about":[{"href":"https:\/\/store.nox-xtreme.com\/pt-pt\/wp-json\/wp\/v2\/types\/product"}],"replies":[{"embeddable":true,"href":"https:\/\/store.nox-xtreme.com\/pt-pt\/wp-json\/wp\/v2\/comments?post=17667"}],"wp:featuredmedia":[{"embeddable":true,"href":"https:\/\/store.nox-xtreme.com\/pt-pt\/wp-json\/wp\/v2\/media\/18048"}],"wp:attachment":[{"href":"https:\/\/store.nox-xtreme.com\/pt-pt\/wp-json\/wp\/v2\/media?parent=17667"}],"wp:term":[{"taxonomy":"product_brand","embeddable":true,"href":"https:\/\/store.nox-xtreme.com\/pt-pt\/wp-json\/wp\/v2\/product_brand?post=17667"},{"taxonomy":"product_cat","embeddable":true,"href":"https:\/\/store.nox-xtreme.com\/pt-pt\/wp-json\/wp\/v2\/product_cat?post=17667"},{"taxonomy":"product_tag","embeddable":true,"href":"https:\/\/store.nox-xtreme.com\/pt-pt\/wp-json\/wp\/v2\/product_tag?post=17667"}],"curies":[{"name":"wp","href":"https:\/\/api.w.org\/{rel}","templated":true}]}}