{"id":17629,"date":"2022-02-18T12:09:37","date_gmt":"2022-02-18T11:09:37","guid":{"rendered":"https:\/\/store.nox-xtreme.com\/?post_type=product&#038;p=17629"},"modified":"2023-06-06T09:33:46","modified_gmt":"2023-06-06T07:33:46","slug":"hummer-horus","status":"publish","type":"product","link":"https:\/\/store.nox-xtreme.com\/pt-pt\/producto\/hummer-horus\/","title":{"rendered":"Hummer Horus"},"content":{"rendered":"<p>Nox Hummer Horus \u00e9 uma torre m\u00e9dia de alto desempenho, muito espa\u00e7osa, feita de a\u00e7o SPCC e com painel frontal e lateral em vidro temperado, que permite exibir uma configura\u00e7\u00e3o com a melhor ilumina\u00e7\u00e3o ARGB. Este poderoso chassis tamb\u00e9m inclui quatro ventoinhas de 120 mm que permitem manter os seus componentes na temperatura certa.<\/p>\n<h3>Design gaming<\/h3>\n<p>Com um design marcante, feito com materiais de primeira qualidade que garantem boa durabilidade. \u00c9 fabricada com <strong>a\u00e7o resistente SPCC 0,6 mm e vidro temperado 4 mm<\/strong>, um material que o protege do desgaste.<\/p>\n<p>Para que possa exibir a sua configura\u00e7\u00e3o e exibir a melhor ilumina\u00e7\u00e3o ARGB, integra ainda <strong>pain\u00e9is de vidro temperado <\/strong> para exibir o interior impressionante do chassis. Com uma <strong>excelente gest\u00e3o de cabos<\/strong>, mantenha os seus componentes sempre em perfeita ordem, e exiba o seu hardware como nunca antes, sem que nada distraia o que realmente importa.<\/p>\n<p>Al\u00e9m disso, para uma \u00f3tima manuten\u00e7\u00e3o dos diferentes componentes, possui um <strong>filtro anti-p\u00f3 magn\u00e9tico remov\u00edvel<\/strong> na sua parte superior, o que facilita a limpeza.<\/p>\n<h3>Acessibilidade <\/h3>\n<p>No seu painel superior, ir\u00e1 encontrar o painel de acesso principal com <strong>um USB 3.0 de alta velocidade<\/strong>, <strong>dois USB 2.0<\/strong>, <strong>uma conex\u00e3o de \u00e1udio HD<\/strong> e <strong>tamb\u00e9m a conex\u00e3o para o microfone<em> <\/em>, al\u00e9m do <\/strong>bot\u00e3o para controlar a ilumina\u00e7\u00e3o ARGB**.<\/p>\n<h3>Grande versatilidade<\/h3>\n<p>Nox Hummer Horus \u00e9 uma caixa que tamb\u00e9m \u00e9 compat\u00edvel com sistemas de refrigera\u00e7\u00e3o l\u00edquida, suportando diferentes op\u00e7\u00f5es, podendo incorporar RL de at\u00e9 <strong>360 mm<\/strong> na sua parte frontal, de at\u00e9 <strong> 120 mm<\/strong> na \u00e1rea traseira ou na \u00e1rea do chassi superior, at\u00e9 <strong>280 mm<\/strong>.<\/p>\n<p>Da mesma forma, permite <strong>montar uma placa gr\u00e1fica de 345 mm<\/strong> e possui <strong>sete slots de expans\u00e3o<\/strong>.<\/p>\n<h3>Fluxo de ar com cor<\/h3>\n<p>A Nox Hummer Horus garante um bom fluxo de ar enquanto oferece modos de ilumina\u00e7\u00e3o incr\u00edveis. Assim, pode alojar <strong>at\u00e9 um total de seis ventoinhas de 120mm<\/strong> e vem com <strong>quatro delas j\u00e1 pr\u00e9-instaladas<\/strong>. As quatro ventoinhas ARGB inclu\u00eddas na caixa est\u00e3o localizadas: tr\u00eas na frente e uma atr\u00e1s. Na \u00e1rea superior, permite a instala\u00e7\u00e3o de duas ventoinhas de 120 mm ou 140 mm.<\/p>\n<h3>Capacidade de armazenamento<\/h3>\n<p>A Nox Hummer Horus \u00e9 uma caixa m\u00e9dia com grande capacidade de armazenamento e m\u00faltiplas possibilidades de configura\u00e7\u00e3o para montar at\u00e9 <strong>dois HDDs de 3,5\u201d ou um HDD de 3,5\u201d e um SSD de 2,5\u201d<\/strong>.<\/p>\n<h3>Possibilidades infinitas<\/h3>\n<p>Projetado para alojar configura\u00e7\u00f5es poderosas, a caixa Nox Hummer Horus suporta todos os formatos, desde o maior, <strong>E-ATX, at\u00e9 Micro AXT e Mini ITX<\/strong>.<\/p>\n<p>Por outro lado, se necess\u00e1rio, tamb\u00e9m possui <strong>espa\u00e7o reservado para refrigera\u00e7\u00e3o do CPU, com altura m\u00e1xima de 160 mm<\/strong>.<\/p>\n","protected":false},"excerpt":{"rendered":"<ul>\n<li>Painel frontal e lateral de vidro temperado<\/li>\n<li>Ventoinhas ARGB 120mm pr\u00e9-instaladas<\/li>\n<li>Filtro de p\u00f3 magn\u00e9tico<\/li>\n<li>Excelente sistema de gest\u00e3o de cabos (25 mm)<\/li>\n<li>Bot\u00e3o de controlo RGB<\/li>\n<li>At\u00e9 6 ventoinhas<\/li>\n<li>USB 3.0 de alta velocidade<\/li>\n<\/ul>\n","protected":false},"featured_media":17645,"comment_status":"closed","ping_status":"closed","template":"","meta":{"inline_featured_image":false},"product_brand":[],"product_cat":[176],"product_tag":[199],"class_list":{"0":"post-17629","1":"product","2":"type-product","3":"status-publish","4":"has-post-thumbnail","6":"product_cat-cajas-pt-pt-2","7":"product_tag-hummer-pt-pt","9":"first","10":"instock","11":"taxable","12":"shipping-taxable","13":"purchasable","14":"product-type-simple"},"_links":{"self":[{"href":"https:\/\/store.nox-xtreme.com\/pt-pt\/wp-json\/wp\/v2\/product\/17629","targetHints":{"allow":["GET"]}}],"collection":[{"href":"https:\/\/store.nox-xtreme.com\/pt-pt\/wp-json\/wp\/v2\/product"}],"about":[{"href":"https:\/\/store.nox-xtreme.com\/pt-pt\/wp-json\/wp\/v2\/types\/product"}],"replies":[{"embeddable":true,"href":"https:\/\/store.nox-xtreme.com\/pt-pt\/wp-json\/wp\/v2\/comments?post=17629"}],"wp:featuredmedia":[{"embeddable":true,"href":"https:\/\/store.nox-xtreme.com\/pt-pt\/wp-json\/wp\/v2\/media\/17645"}],"wp:attachment":[{"href":"https:\/\/store.nox-xtreme.com\/pt-pt\/wp-json\/wp\/v2\/media?parent=17629"}],"wp:term":[{"taxonomy":"product_brand","embeddable":true,"href":"https:\/\/store.nox-xtreme.com\/pt-pt\/wp-json\/wp\/v2\/product_brand?post=17629"},{"taxonomy":"product_cat","embeddable":true,"href":"https:\/\/store.nox-xtreme.com\/pt-pt\/wp-json\/wp\/v2\/product_cat?post=17629"},{"taxonomy":"product_tag","embeddable":true,"href":"https:\/\/store.nox-xtreme.com\/pt-pt\/wp-json\/wp\/v2\/product_tag?post=17629"}],"curies":[{"name":"wp","href":"https:\/\/api.w.org\/{rel}","templated":true}]}}