{"id":17625,"date":"2022-02-18T12:08:20","date_gmt":"2022-02-18T11:08:27","guid":{"rendered":"https:\/\/store.nox-xtreme.com\/?post_type=product&#038;p=17625"},"modified":"2024-10-01T10:20:34","modified_gmt":"2024-10-01T08:20:34","slug":"hummer-frost","status":"publish","type":"product","link":"https:\/\/store.nox-xtreme.com\/pt-pt\/producto\/hummer-frost\/","title":{"rendered":"Hummer Frost"},"content":{"rendered":"<p>Nox Hummer Frost \u00e9 uma semitorre com um design gaming em que o protagonista \u00e9 uma frente impressionante que incorpora uma faixa ARGB. Com uma alta capacidade, este chassis foi desenvolvido para mostrar  a sua melhor configura\u00e7\u00e3o, gra\u00e7as ao seu painel lateral de vidro temperado. Al\u00e9m disso, acomoda at\u00e9 6 ventoinhas de 120 mm e suporta placas gr\u00e1ficas grandes.<\/p>\n<h3>Design inovador<\/h3>\n<p>A Nox Hummer Frost possui uma <strong>imponente frente h\u00edbrida que integra uma faixa de LED ARGB com efeito Rainbow<\/strong>. Esta torre m\u00e9dia ARGB \u00e9 constru\u00edda em <strong>a\u00e7o SPCC de 0,5 mm de espessura<\/strong> o que oferece alta durabilidade e boa resist\u00eancia. Atrav\u00e9s de sua <strong>janela lateral de vidro temperado<\/strong> todos os componentes ficam expostos, mostrando a configura\u00e7\u00e3o em todo o seu esplendor gra\u00e7as a um eficiente sistema de gest\u00e3o de cabos. Al\u00e9m disso, possui um <strong>filtro de p\u00f3<\/strong> remov\u00edvel na sua parte superior, para contribuir para uma perfeita manuten\u00e7\u00e3o do hardware.<\/p>\n<h3>Controlos de f\u00e1cil aceso<\/h3>\n<p>Esta <strong>semitorre gaming<\/strong> integra os acessos principais na parte superior, onde h\u00e1 um USB 3.0 de alta velocidade, dois USB 2.0, uma conex\u00e3o de \u00e1udio HD e tamb\u00e9m a entrada de microfone. Aqui tamb\u00e9m est\u00e1 localizado o **controlo da faixa de LED frontal*.<\/p>\n<h3>Grande capacidade<\/h3>\n<p>Compacta, mas muito espa\u00e7osa, <strong>permite montar placas gr\u00e1ficas grandes, at\u00e9 310 mm<\/strong>.<\/p>\n<p>A Nox Hummer Frost tamb\u00e9m possui <strong>sete slots de expans\u00e3o<\/strong>, o que permite multiplicar as funcionalidades conforme a sua necessidade.<\/p>\n<h3>M\u00faltiplas possibilidades de ventila\u00e7\u00e3o<\/h3>\n<p>Este chassis permite a instala\u00e7\u00e3o de at\u00e9 <strong>seis ventoinhas de 120 mm<\/strong>, podendo colocar tr\u00eas na parte frontal, uma na traseira e duas na parte superior. Com a Nox Hummer Frost todos os seus componentes estar\u00e3o bem refrigerados, mantendo a temperatura mais adequada para um \u00f3timo funcionamento, garantindo assim um excelente desempenho. Esta semitorre ATX tamb\u00e9m permite a instala\u00e7\u00e3o de <strong>um cooler de CPU de at\u00e9 160 mm<\/strong>: o fluxo de ar ser\u00e1 sempre constante, dissipando facilmente o calor.<\/p>\n<h3>Capacidade de armazenamento<\/h3>\n<p>Nesta torre de grande capacidade, pode integrar 2&#215;3,5&quot; e 1&#215;2,5&quot; ou 1 de 3,5&quot; e 2 de 2,5&quot;. Crie a configura\u00e7\u00e3o para acabar com os seus rivais e obter o controlo total de cada jogo.<\/p>\n<h3>Para jogar o que quiser<\/h3>\n<p>A caixa Nox Hummer Frost suporta os formatos  <strong>ATX e Micro ATX<\/strong>. Tudo nesta caixa para gamers foi projetada para que possa aproveitar ao m\u00e1ximo o seu PC.<\/p>\n","protected":false},"excerpt":{"rendered":"<ul>\n<li>Faixa frontal de LED ARGB Rainbow<\/li>\n<li>Janela lateral de vidro temperado<\/li>\n<li>Espa\u00e7o para instalar at\u00e9 6 ventoinhas<\/li>\n<li>Compat\u00edvel com gr\u00e1ficas grandes<\/li>\n<li>USB 3.0 de alta velocidade<\/li>\n<\/ul>\n","protected":false},"featured_media":22150,"comment_status":"closed","ping_status":"closed","template":"","meta":{"inline_featured_image":false},"product_brand":[],"product_cat":[176],"product_tag":[199],"class_list":{"0":"post-17625","1":"product","2":"type-product","3":"status-publish","4":"has-post-thumbnail","6":"product_cat-cajas-pt-pt-2","7":"product_tag-hummer-pt-pt","9":"first","10":"outofstock","11":"taxable","12":"shipping-taxable","13":"purchasable","14":"product-type-simple"},"yoast_head":"<!-- This site is optimized with the Yoast SEO plugin v26.7 - https:\/\/yoast.com\/wordpress\/plugins\/seo\/ -->\n<title>Hummer Frost - Nox-Xtreme<\/title>\n<meta name=\"description\" content=\"Nox Hummer Frost \u00e9 uma semicerradora ARGB com painel lateral de vidro temperado e capacidade para at\u00e9 6 ventiladores.\" \/>\n<meta name=\"robots\" content=\"index, follow, max-snippet:-1, max-image-preview:large, max-video-preview:-1\" \/>\n<link rel=\"canonical\" href=\"https:\/\/store.nox-xtreme.com\/pt-pt\/producto\/hummer-frost\/\" \/>\n<meta property=\"og:locale\" content=\"pt_PT\" \/>\n<meta property=\"og:type\" content=\"article\" \/>\n<meta property=\"og:title\" content=\"Hummer Frost - Nox-Xtreme\" \/>\n<meta property=\"og:description\" content=\"Nox Hummer Frost \u00e9 uma semicerradora ARGB com painel lateral de vidro temperado e capacidade para at\u00e9 6 ventiladores.\" \/>\n<meta property=\"og:url\" content=\"https:\/\/store.nox-xtreme.com\/pt-pt\/producto\/hummer-frost\/\" \/>\n<meta property=\"og:site_name\" content=\"Nox-Xtreme\" \/>\n<meta property=\"article:modified_time\" content=\"2024-10-01T08:20:34+00:00\" \/>\n<meta property=\"og:image\" content=\"https:\/\/store.nox-xtreme.com\/wp-content\/uploads\/sites\/2\/2022\/02\/hummer_frost_main.jpg\" \/>\n\t<meta property=\"og:image:width\" content=\"1049\" \/>\n\t<meta property=\"og:image:height\" content=\"1300\" \/>\n\t<meta property=\"og:image:type\" content=\"image\/jpeg\" \/>\n<meta name=\"twitter:card\" content=\"summary_large_image\" \/>\n<meta name=\"twitter:label1\" content=\"Tempo estimado de leitura\" \/>\n\t<meta name=\"twitter:data1\" content=\"2 minutos\" \/>\n<script type=\"application\/ld+json\" class=\"yoast-schema-graph\">{\"@context\":\"https:\/\/schema.org\",\"@graph\":[{\"@type\":\"WebPage\",\"@id\":\"https:\/\/store.nox-xtreme.com\/pt-pt\/producto\/hummer-frost\/\",\"url\":\"https:\/\/store.nox-xtreme.com\/pt-pt\/producto\/hummer-frost\/\",\"name\":\"Hummer Frost - Nox-Xtreme\",\"isPartOf\":{\"@id\":\"https:\/\/store.nox-xtreme.com\/#website\"},\"primaryImageOfPage\":{\"@id\":\"https:\/\/store.nox-xtreme.com\/pt-pt\/producto\/hummer-frost\/#primaryimage\"},\"image\":{\"@id\":\"https:\/\/store.nox-xtreme.com\/pt-pt\/producto\/hummer-frost\/#primaryimage\"},\"thumbnailUrl\":\"https:\/\/store.nox-xtreme.com\/wp-content\/uploads\/sites\/2\/2022\/02\/hummer_frost_main.jpg\",\"datePublished\":\"2022-02-18T11:08:27+00:00\",\"dateModified\":\"2024-10-01T08:20:34+00:00\",\"description\":\"Nox Hummer Frost \u00e9 uma semicerradora ARGB com painel lateral de vidro temperado e capacidade para at\u00e9 6 ventiladores.\",\"breadcrumb\":{\"@id\":\"https:\/\/store.nox-xtreme.com\/pt-pt\/producto\/hummer-frost\/#breadcrumb\"},\"inLanguage\":\"pt-PT\",\"potentialAction\":[{\"@type\":\"ReadAction\",\"target\":[\"https:\/\/store.nox-xtreme.com\/pt-pt\/producto\/hummer-frost\/\"]}]},{\"@type\":\"ImageObject\",\"inLanguage\":\"pt-PT\",\"@id\":\"https:\/\/store.nox-xtreme.com\/pt-pt\/producto\/hummer-frost\/#primaryimage\",\"url\":\"https:\/\/store.nox-xtreme.com\/wp-content\/uploads\/sites\/2\/2022\/02\/hummer_frost_main.jpg\",\"contentUrl\":\"https:\/\/store.nox-xtreme.com\/wp-content\/uploads\/sites\/2\/2022\/02\/hummer_frost_main.jpg\",\"width\":1049,\"height\":1300},{\"@type\":\"BreadcrumbList\",\"@id\":\"https:\/\/store.nox-xtreme.com\/pt-pt\/producto\/hummer-frost\/#breadcrumb\",\"itemListElement\":[{\"@type\":\"ListItem\",\"position\":1,\"name\":\"Portada\",\"item\":\"https:\/\/store.nox-xtreme.com\/pt-pt\/\"},{\"@type\":\"ListItem\",\"position\":2,\"name\":\"Productos\",\"item\":\"https:\/\/store.nox-xtreme.com\/shop\/\"},{\"@type\":\"ListItem\",\"position\":3,\"name\":\"Hummer Frost\"}]},{\"@type\":\"WebSite\",\"@id\":\"https:\/\/store.nox-xtreme.com\/#website\",\"url\":\"https:\/\/store.nox-xtreme.com\/\",\"name\":\"Nox-Xtreme\",\"description\":\"Boosting You Performance\",\"potentialAction\":[{\"@type\":\"SearchAction\",\"target\":{\"@type\":\"EntryPoint\",\"urlTemplate\":\"https:\/\/store.nox-xtreme.com\/?s={search_term_string}\"},\"query-input\":{\"@type\":\"PropertyValueSpecification\",\"valueRequired\":true,\"valueName\":\"search_term_string\"}}],\"inLanguage\":\"pt-PT\"}]}<\/script>\n<!-- \/ Yoast SEO plugin. -->","yoast_head_json":{"title":"Hummer Frost - Nox-Xtreme","description":"Nox Hummer Frost \u00e9 uma semicerradora ARGB com painel lateral de vidro temperado e capacidade para at\u00e9 6 ventiladores.","robots":{"index":"index","follow":"follow","max-snippet":"max-snippet:-1","max-image-preview":"max-image-preview:large","max-video-preview":"max-video-preview:-1"},"canonical":"https:\/\/store.nox-xtreme.com\/pt-pt\/producto\/hummer-frost\/","og_locale":"pt_PT","og_type":"article","og_title":"Hummer Frost - Nox-Xtreme","og_description":"Nox Hummer Frost \u00e9 uma semicerradora ARGB com painel lateral de vidro temperado e capacidade para at\u00e9 6 ventiladores.","og_url":"https:\/\/store.nox-xtreme.com\/pt-pt\/producto\/hummer-frost\/","og_site_name":"Nox-Xtreme","article_modified_time":"2024-10-01T08:20:34+00:00","og_image":[{"width":1049,"height":1300,"url":"https:\/\/store.nox-xtreme.com\/wp-content\/uploads\/sites\/2\/2022\/02\/hummer_frost_main.jpg","type":"image\/jpeg"}],"twitter_card":"summary_large_image","twitter_misc":{"Tempo estimado de leitura":"2 minutos"},"schema":{"@context":"https:\/\/schema.org","@graph":[{"@type":"WebPage","@id":"https:\/\/store.nox-xtreme.com\/pt-pt\/producto\/hummer-frost\/","url":"https:\/\/store.nox-xtreme.com\/pt-pt\/producto\/hummer-frost\/","name":"Hummer Frost - Nox-Xtreme","isPartOf":{"@id":"https:\/\/store.nox-xtreme.com\/#website"},"primaryImageOfPage":{"@id":"https:\/\/store.nox-xtreme.com\/pt-pt\/producto\/hummer-frost\/#primaryimage"},"image":{"@id":"https:\/\/store.nox-xtreme.com\/pt-pt\/producto\/hummer-frost\/#primaryimage"},"thumbnailUrl":"https:\/\/store.nox-xtreme.com\/wp-content\/uploads\/sites\/2\/2022\/02\/hummer_frost_main.jpg","datePublished":"2022-02-18T11:08:27+00:00","dateModified":"2024-10-01T08:20:34+00:00","description":"Nox Hummer Frost \u00e9 uma semicerradora ARGB com painel lateral de vidro temperado e capacidade para at\u00e9 6 ventiladores.","breadcrumb":{"@id":"https:\/\/store.nox-xtreme.com\/pt-pt\/producto\/hummer-frost\/#breadcrumb"},"inLanguage":"pt-PT","potentialAction":[{"@type":"ReadAction","target":["https:\/\/store.nox-xtreme.com\/pt-pt\/producto\/hummer-frost\/"]}]},{"@type":"ImageObject","inLanguage":"pt-PT","@id":"https:\/\/store.nox-xtreme.com\/pt-pt\/producto\/hummer-frost\/#primaryimage","url":"https:\/\/store.nox-xtreme.com\/wp-content\/uploads\/sites\/2\/2022\/02\/hummer_frost_main.jpg","contentUrl":"https:\/\/store.nox-xtreme.com\/wp-content\/uploads\/sites\/2\/2022\/02\/hummer_frost_main.jpg","width":1049,"height":1300},{"@type":"BreadcrumbList","@id":"https:\/\/store.nox-xtreme.com\/pt-pt\/producto\/hummer-frost\/#breadcrumb","itemListElement":[{"@type":"ListItem","position":1,"name":"Portada","item":"https:\/\/store.nox-xtreme.com\/pt-pt\/"},{"@type":"ListItem","position":2,"name":"Productos","item":"https:\/\/store.nox-xtreme.com\/shop\/"},{"@type":"ListItem","position":3,"name":"Hummer Frost"}]},{"@type":"WebSite","@id":"https:\/\/store.nox-xtreme.com\/#website","url":"https:\/\/store.nox-xtreme.com\/","name":"Nox-Xtreme","description":"Boosting You Performance","potentialAction":[{"@type":"SearchAction","target":{"@type":"EntryPoint","urlTemplate":"https:\/\/store.nox-xtreme.com\/?s={search_term_string}"},"query-input":{"@type":"PropertyValueSpecification","valueRequired":true,"valueName":"search_term_string"}}],"inLanguage":"pt-PT"}]}},"_links":{"self":[{"href":"https:\/\/store.nox-xtreme.com\/pt-pt\/wp-json\/wp\/v2\/product\/17625","targetHints":{"allow":["GET"]}}],"collection":[{"href":"https:\/\/store.nox-xtreme.com\/pt-pt\/wp-json\/wp\/v2\/product"}],"about":[{"href":"https:\/\/store.nox-xtreme.com\/pt-pt\/wp-json\/wp\/v2\/types\/product"}],"replies":[{"embeddable":true,"href":"https:\/\/store.nox-xtreme.com\/pt-pt\/wp-json\/wp\/v2\/comments?post=17625"}],"wp:featuredmedia":[{"embeddable":true,"href":"https:\/\/store.nox-xtreme.com\/pt-pt\/wp-json\/wp\/v2\/media\/22150"}],"wp:attachment":[{"href":"https:\/\/store.nox-xtreme.com\/pt-pt\/wp-json\/wp\/v2\/media?parent=17625"}],"wp:term":[{"taxonomy":"product_brand","embeddable":true,"href":"https:\/\/store.nox-xtreme.com\/pt-pt\/wp-json\/wp\/v2\/product_brand?post=17625"},{"taxonomy":"product_cat","embeddable":true,"href":"https:\/\/store.nox-xtreme.com\/pt-pt\/wp-json\/wp\/v2\/product_cat?post=17625"},{"taxonomy":"product_tag","embeddable":true,"href":"https:\/\/store.nox-xtreme.com\/pt-pt\/wp-json\/wp\/v2\/product_tag?post=17625"}],"curies":[{"name":"wp","href":"https:\/\/api.w.org\/{rel}","templated":true}]}}