{"id":17357,"date":"2021-11-15T10:29:10","date_gmt":"2021-11-15T09:29:15","guid":{"rendered":"https:\/\/store.nox-xtreme.com\/?post_type=product&#038;p=17357"},"modified":"2023-09-04T12:13:31","modified_gmt":"2023-09-04T10:13:31","slug":"hummer-zero-core-black-edition","status":"publish","type":"product","link":"https:\/\/store.nox-xtreme.com\/pt-pt\/producto\/hummer-zero-core-black-edition\/","title":{"rendered":"Hummer Zero Core Black Edition"},"content":{"rendered":"<p>O Hummer Zero Core \u00e9 uma minitorre com fonte de 450 W, com design minimalista e excelentes acabamentos premium, o que possibilita a montagem de uma configura\u00e7\u00e3o de alto desempenho, gra\u00e7as \u00e0 sua excelente capacidade, incluindo ventoinha traseira j\u00e1 pr\u00e9-instalada de 120 mm. Dispon\u00edvel em duas cores, preto e branco, oferece excelentes recursos para montar um computador excelente.<\/p>\n<h3>Painel frontal e acesso<\/h3>\n<p>Na parte superior, tem uma conex\u00e3o USB 2.0 e uma conex\u00e3o 3.0 de alta velocidade , uma liga\u00e7\u00e3o para o microfone e outra para os auscultadores.<\/p>\n<h3>Design e desempenho<\/h3>\n<p>O Hummer Zero Core apresenta um design minimalista, mas muito funcional  t\u00edpico da linha Hummer da Nox. Este chassis leve, mas muito s\u00f3lido, est\u00e1 dispon\u00edvel em duas cores: preto majestoso e branco puro .<\/p>\n<h3>Sistema de refrigera\u00e7\u00e3o ideal<\/h3>\n<p>A caixa Hummer Zero Core acomoda at\u00e9 um total de 5 ventoinhas, todas de 120 mm, incluindo a ventoinha traseira pr\u00e9-instalada. <\/p>\n<p>Esta caixa oferece uma boa refrigera\u00e7\u00e3o, e tamb\u00e9m suporta sistemas de  refrigera\u00e7\u00e3o l\u00edquida com radiadores de at\u00e9 240 mm no seu painel superior, garantindo um fluxo de ar ideal.<\/p>\n<p>A Hummer Zero Core tamb\u00e9m incorpora um filtro anti-p\u00f3 na parte inferior para manter uma configura\u00e7\u00e3o mais limpa, evitando que o p\u00f3 se acumule no interior, ajudando a garantir um bom desempenho.<\/p>\n<h3>Capacidade de armazenamento<\/h3>\n<p>O espa\u00e7oso interior desta caixa permite-lhe montar um PC poderoso, bem como uma \u00f3tima gest\u00e3o de cabos, permitindo que cada componente seja encomendado de forma limpa.<\/p>\n<p>Na sua parte inferior, possui um compartimento independente para a fonte de alimenta\u00e7\u00e3o 80 Plus 450 W, j\u00e1 inclu\u00edda. Com a certifica\u00e7\u00e3o  80 Plus White , esta fonte de alimenta\u00e7\u00e3o confi\u00e1vel garante uma efici\u00eancia m\u00ednima de 80% com o equipamento na sua performance m\u00e1xima<\/p>\n<p>A fonte de 450 W partilha espa\u00e7o com os discos r\u00edgidos, tamb\u00e9m isolando esses componentes do resto dos elementos, evitando que o seu calor seja transmitido para os restantes.<\/p>\n","protected":false},"excerpt":{"rendered":"<ul>\n<li>Design minimalista com acabamento premium<\/li>\n<li>Fonte de alimenta\u00e7\u00e3o 450W 80+ inclu\u00edda<\/li>\n<li>USB 3.0., 2.0. e hub de \u00e1udio<\/li>\n<li>Ventoinha de 120 mm pr\u00e9-instalada<\/li>\n<li>Capacidade de instalar at\u00e9 5 ventoinhas<\/li>\n<li>Filtro anti-p\u00f3 na parte inferior<\/li>\n<\/ul>\n","protected":false},"featured_media":0,"comment_status":"closed","ping_status":"closed","template":"","meta":{"inline_featured_image":false},"product_brand":[],"product_cat":[176],"product_tag":[],"class_list":{"0":"post-17357","1":"product","2":"type-product","3":"status-publish","5":"product_cat-cajas-pt-pt-2","7":"first","8":"outofstock","9":"taxable","10":"shipping-taxable","11":"purchasable","12":"product-type-variable"},"_links":{"self":[{"href":"https:\/\/store.nox-xtreme.com\/pt-pt\/wp-json\/wp\/v2\/product\/17357","targetHints":{"allow":["GET"]}}],"collection":[{"href":"https:\/\/store.nox-xtreme.com\/pt-pt\/wp-json\/wp\/v2\/product"}],"about":[{"href":"https:\/\/store.nox-xtreme.com\/pt-pt\/wp-json\/wp\/v2\/types\/product"}],"replies":[{"embeddable":true,"href":"https:\/\/store.nox-xtreme.com\/pt-pt\/wp-json\/wp\/v2\/comments?post=17357"}],"wp:attachment":[{"href":"https:\/\/store.nox-xtreme.com\/pt-pt\/wp-json\/wp\/v2\/media?parent=17357"}],"wp:term":[{"taxonomy":"product_brand","embeddable":true,"href":"https:\/\/store.nox-xtreme.com\/pt-pt\/wp-json\/wp\/v2\/product_brand?post=17357"},{"taxonomy":"product_cat","embeddable":true,"href":"https:\/\/store.nox-xtreme.com\/pt-pt\/wp-json\/wp\/v2\/product_cat?post=17357"},{"taxonomy":"product_tag","embeddable":true,"href":"https:\/\/store.nox-xtreme.com\/pt-pt\/wp-json\/wp\/v2\/product_tag?post=17357"}],"curies":[{"name":"wp","href":"https:\/\/api.w.org\/{rel}","templated":true}]}}