{"id":17245,"date":"2021-10-15T12:43:07","date_gmt":"2021-10-15T10:43:07","guid":{"rendered":"https:\/\/store.nox-xtreme.com\/?post_type=product&#038;p=17245"},"modified":"2022-05-13T11:52:57","modified_gmt":"2022-05-13T09:52:57","slug":"h-fan-pro","status":"publish","type":"product","link":"https:\/\/store.nox-xtreme.com\/pt-pt\/producto\/h-fan-pro\/","title":{"rendered":"H-Fan Pro"},"content":{"rendered":"<h3>H-FAN PRO<\/h3>\n<p>H-Fan PRO \u00e9 uma ventoinha ultrassilenciosa, com design inovador, que pertence \u00e0 s\u00e9rie Nox Hummer. Os seus 120 mm com <strong> controlo PWM <\/strong> proporcionar\u00e3o uma excelente ventila\u00e7\u00e3o de forma eficiente, para que mantenha todos os componentes do seu equipamento na temperatura certa.<\/p>\n<h3>Grande fluxo de ar<\/h3>\n<p>Com um design espetacular, as suas <strong> p\u00e1s aerodin\u00e2micas <\/strong> oferecem m\u00ednima resist\u00eancia ao ar, proporcionando a melhor ventila\u00e7\u00e3o poss\u00edvel a todos os componentes e garantindo um fluxo cont\u00ednuo de ar no interior do computador, ajudando a otimizar a temperatura ao m\u00e1ximo.<\/p>\n<h3>Ventila\u00e7\u00e3o ultrassilenciosa<\/h3>\n<p>H-Fan PRO possui <strong> cantos com revestimento de borracha <\/strong> que absorvem vibra\u00e7\u00f5es oferecendo alto desempenho a um baixo n\u00edvel de ru\u00eddo entre 14-35 dBA: esta ventoinha Nox \u00e9 um modelo silencioso projetado para oferecer excelente fluxo de ar.<\/p>\n<h3>Controlo PWM<\/h3>\n<p>Esta potente ventoinha da Nox <strong> possui uma fun\u00e7\u00e3o PWM de controlo de velocidade <\/strong>, de forma que se adapta a todo momento \u00e0s necessidades do equipamento, criando um equil\u00edbrio perfeito entre desempenho e efici\u00eancia.<\/p>\n","protected":false},"excerpt":{"rendered":"<ul>\n<li>Fun\u00e7\u00e3o PWM<\/li>\n<li>7 l\u00e2minas brancas<\/li>\n<li>Rolamentos hidr\u00e1ulicos<\/li>\n<li>Design silencioso otimizado<\/li>\n<li>Cantos com suporte de borracha<\/li>\n<\/ul>\n","protected":false},"featured_media":17247,"comment_status":"closed","ping_status":"closed","template":"","meta":{"inline_featured_image":false},"product_brand":[],"product_cat":[178],"product_tag":[199],"class_list":{"0":"post-17245","1":"product","2":"type-product","3":"status-publish","4":"has-post-thumbnail","6":"product_cat-refrigeracion-pt-pt","7":"product_tag-hummer-pt-pt","9":"first","10":"instock","11":"taxable","12":"shipping-taxable","13":"purchasable","14":"product-type-simple"},"_links":{"self":[{"href":"https:\/\/store.nox-xtreme.com\/pt-pt\/wp-json\/wp\/v2\/product\/17245","targetHints":{"allow":["GET"]}}],"collection":[{"href":"https:\/\/store.nox-xtreme.com\/pt-pt\/wp-json\/wp\/v2\/product"}],"about":[{"href":"https:\/\/store.nox-xtreme.com\/pt-pt\/wp-json\/wp\/v2\/types\/product"}],"replies":[{"embeddable":true,"href":"https:\/\/store.nox-xtreme.com\/pt-pt\/wp-json\/wp\/v2\/comments?post=17245"}],"wp:featuredmedia":[{"embeddable":true,"href":"https:\/\/store.nox-xtreme.com\/pt-pt\/wp-json\/wp\/v2\/media\/17247"}],"wp:attachment":[{"href":"https:\/\/store.nox-xtreme.com\/pt-pt\/wp-json\/wp\/v2\/media?parent=17245"}],"wp:term":[{"taxonomy":"product_brand","embeddable":true,"href":"https:\/\/store.nox-xtreme.com\/pt-pt\/wp-json\/wp\/v2\/product_brand?post=17245"},{"taxonomy":"product_cat","embeddable":true,"href":"https:\/\/store.nox-xtreme.com\/pt-pt\/wp-json\/wp\/v2\/product_cat?post=17245"},{"taxonomy":"product_tag","embeddable":true,"href":"https:\/\/store.nox-xtreme.com\/pt-pt\/wp-json\/wp\/v2\/product_tag?post=17245"}],"curies":[{"name":"wp","href":"https:\/\/api.w.org\/{rel}","templated":true}]}}