{"id":16904,"date":"2021-06-30T17:55:15","date_gmt":"2021-06-30T15:55:21","guid":{"rendered":"https:\/\/store.nox-xtreme.com\/?post_type=product&#038;p=16904"},"modified":"2022-04-08T13:02:31","modified_gmt":"2022-04-08T11:02:31","slug":"hummer-x-1000w-plus-gold","status":"publish","type":"product","link":"https:\/\/store.nox-xtreme.com\/pt-pt\/producto\/hummer-x-1000w-plus-gold\/","title":{"rendered":"HUMMER X 1000W PLUS GOLD"},"content":{"rendered":"<h3>Hummer X1000 W Edi\u00e7\u00e3o Gold <\/h3>\n<p>Nox Hummer X 1000W Edi\u00e7\u00e3o Gold \u00e9 uma fonte projetada para as configura\u00e7\u00f5es de alto desempenho. Com certifica\u00e7\u00e3o 80 Plus Gold, esta fonte de alimenta\u00e7\u00e3o totalmente modular possui uma ventoinha ultrassilenciosa de 120 mm com controlador de velocidade integrado.<\/p>\n<h3>Certifica\u00e7\u00e3o 80 Plus Gold<\/h3>\n<p>A fonte de alimenta\u00e7\u00e3o Nox Hummer X 1000W Edi\u00e7\u00e3o Gold \u00e9 uma <strong> fonte de alimenta\u00e7\u00e3o projetada para placas gr\u00e1ficas de elevado consumo <\/strong>. Possui <strong> capacitores eletrol\u00edticos japoneses de \u00faltima gera\u00e7\u00e3o, componentes premium que permitem <\/strong> pot\u00eancia real com tens\u00e3o est\u00e1vel e confiabilidade ao longo do tempo **.<\/p>\n<p>Constru\u00eddo em materiais de alta qualidade, a Nox Hummer X 1000W Gold possui <strong> Certifica\u00e7\u00e3o 80 Plus Gold <\/strong>, que garante uma <strong> efici\u00eancia m\u00ednima de 90% <\/strong> que ajuda a reduzir o consumo de energia el\u00e9trica, contribuindo para uma poupan\u00e7a.<\/p>\n<h3>Pot\u00eancia ultrasilenciosa<\/h3>\n<p>Esta <strong> fonte de alimenta\u00e7\u00e3o totalmente modular de 1000 watts oferece \u00f3timo controlo de tens\u00e3o e funcionamento ultrassilencioso <\/strong>. Nox Hummer X 1000W integra uma ventoinha potente e silenciosa de <strong> 120 mm <\/strong> que reduz eficazmente o calor e garante um desempenho excecional.<\/p>\n<p>A ventoinha que integra a fonte de alimenta\u00e7\u00e3o \u00e9 uma <strong> ventoinha inteligente que \u00e9 acionada apenas quando necess\u00e1rio <\/strong>, adaptando-se \u00e0s diferentes necessidades do equipamento.<\/p>\n<h3>Totalmente modular<\/h3>\n<p>Nox Hummer X 1000W Edi\u00e7\u00e3o Gold foi projetada para configura\u00e7\u00f5es de alto desempenho, para configura\u00e7\u00f5es <strong> limpas e r\u00e1pidas <\/strong>. A sua <strong> cablagem \u00e9 totalmente modular, facilitando a montagem e oferecendo uma gest\u00e3o de cabos adequada no interior do chassi <\/strong>, ajudando a manter o equipamento na temperatura ideal, favorecendo o fluxo de ar.<\/p>\n<p>\u00c9 tamb\u00e9m uma <strong> fonte de PC <\/strong> com prote\u00e7\u00f5es <strong> OVP, SCP, OPP, SIP e UVP <\/strong> que garantem uma opera\u00e7\u00e3o segura em diferentes circunst\u00e2ncias.<\/p>\n","protected":false},"excerpt":{"rendered":"<ul>\n<li>Certificado 80 PLUS Gold que garante uma efici\u00eancia m\u00ednima de 90%<\/li>\n<li>Fonte de alimenta\u00e7\u00e3o ATX 12V 2.31 e EPS 12V 2.91 \/ 2.92 com PFC ativo<\/li>\n<li>OVP, SCP, OPP, SIP, prote\u00e7\u00e3o UVP<\/li>\n<li>Ventoinha ultrassilenciosa de 120 mm com controlo de velocidade<\/li>\n<li>Cabos modulares, planos e extralongos<\/li>\n<li>Capacitores eletrol\u00edticos japoneses certificados para trabalhar at\u00e9 105\u00baC<\/li>\n<\/ul>\n","protected":false},"featured_media":16905,"comment_status":"closed","ping_status":"closed","template":"","meta":{"inline_featured_image":false},"product_brand":[],"product_cat":[177],"product_tag":[199],"class_list":{"0":"post-16904","1":"product","2":"type-product","3":"status-publish","4":"has-post-thumbnail","6":"product_cat-fuentes-pt-pt","7":"product_tag-hummer-pt-pt","9":"first","10":"outofstock","11":"taxable","12":"shipping-taxable","13":"purchasable","14":"product-type-simple"},"yoast_head":"<!-- This site is optimized with the Yoast SEO plugin v26.7 - https:\/\/yoast.com\/wordpress\/plugins\/seo\/ -->\n<title>HUMMER X 1000W PLUS GOLD - Nox-Xtreme<\/title>\n<meta name=\"robots\" content=\"index, follow, max-snippet:-1, max-image-preview:large, max-video-preview:-1\" \/>\n<link rel=\"canonical\" href=\"https:\/\/store.nox-xtreme.com\/pt-pt\/producto\/hummer-x-1000w-plus-gold\/\" \/>\n<meta property=\"og:locale\" content=\"pt_PT\" \/>\n<meta property=\"og:type\" content=\"article\" \/>\n<meta property=\"og:title\" content=\"HUMMER X 1000W PLUS GOLD - Nox-Xtreme\" \/>\n<meta property=\"og:description\" content=\"Certificado 80 PLUS Gold que garante uma efici\u00eancia m\u00ednima de 90%Fonte de alimenta\u00e7\u00e3o ATX 12V 2.31 e EPS 12V 2.91 \/ 2.92 com PFC ativoOVP, SCP, OPP, SIP, prote\u00e7\u00e3o UVPVentoinha ultrassilenciosa de 120 mm com controlo de velocidadeCabos modulares, planos e extralongosCapacitores eletrol\u00edticos japoneses certificados para trabalhar at\u00e9 105\u00baC\" \/>\n<meta property=\"og:url\" content=\"https:\/\/store.nox-xtreme.com\/pt-pt\/producto\/hummer-x-1000w-plus-gold\/\" \/>\n<meta property=\"og:site_name\" content=\"Nox-Xtreme\" \/>\n<meta property=\"article:modified_time\" content=\"2022-04-08T11:02:31+00:00\" \/>\n<meta name=\"twitter:card\" content=\"summary_large_image\" \/>\n<meta name=\"twitter:label1\" content=\"Tempo estimado de leitura\" \/>\n\t<meta name=\"twitter:data1\" content=\"1 minuto\" \/>\n<script type=\"application\/ld+json\" class=\"yoast-schema-graph\">{\"@context\":\"https:\/\/schema.org\",\"@graph\":[{\"@type\":\"WebPage\",\"@id\":\"https:\/\/store.nox-xtreme.com\/pt-pt\/producto\/hummer-x-1000w-plus-gold\/\",\"url\":\"https:\/\/store.nox-xtreme.com\/pt-pt\/producto\/hummer-x-1000w-plus-gold\/\",\"name\":\"HUMMER X 1000W PLUS GOLD - Nox-Xtreme\",\"isPartOf\":{\"@id\":\"https:\/\/store.nox-xtreme.com\/#website\"},\"primaryImageOfPage\":{\"@id\":\"https:\/\/store.nox-xtreme.com\/pt-pt\/producto\/hummer-x-1000w-plus-gold\/#primaryimage\"},\"image\":{\"@id\":\"https:\/\/store.nox-xtreme.com\/pt-pt\/producto\/hummer-x-1000w-plus-gold\/#primaryimage\"},\"thumbnailUrl\":\"https:\/\/store.nox-xtreme.com\/wp-content\/uploads\/sites\/2\/2021\/06\/nox_hummer_x_1000w_plus_gold_1.jpg\",\"datePublished\":\"2021-06-30T15:55:21+00:00\",\"dateModified\":\"2022-04-08T11:02:31+00:00\",\"breadcrumb\":{\"@id\":\"https:\/\/store.nox-xtreme.com\/pt-pt\/producto\/hummer-x-1000w-plus-gold\/#breadcrumb\"},\"inLanguage\":\"pt-PT\",\"potentialAction\":[{\"@type\":\"ReadAction\",\"target\":[\"https:\/\/store.nox-xtreme.com\/pt-pt\/producto\/hummer-x-1000w-plus-gold\/\"]}]},{\"@type\":\"ImageObject\",\"inLanguage\":\"pt-PT\",\"@id\":\"https:\/\/store.nox-xtreme.com\/pt-pt\/producto\/hummer-x-1000w-plus-gold\/#primaryimage\",\"url\":\"https:\/\/store.nox-xtreme.com\/wp-content\/uploads\/sites\/2\/2021\/06\/nox_hummer_x_1000w_plus_gold_1.jpg\",\"contentUrl\":\"https:\/\/store.nox-xtreme.com\/wp-content\/uploads\/sites\/2\/2021\/06\/nox_hummer_x_1000w_plus_gold_1.jpg\",\"width\":1049,\"height\":1300},{\"@type\":\"BreadcrumbList\",\"@id\":\"https:\/\/store.nox-xtreme.com\/pt-pt\/producto\/hummer-x-1000w-plus-gold\/#breadcrumb\",\"itemListElement\":[{\"@type\":\"ListItem\",\"position\":1,\"name\":\"Portada\",\"item\":\"https:\/\/store.nox-xtreme.com\/pt-pt\/\"},{\"@type\":\"ListItem\",\"position\":2,\"name\":\"Productos\",\"item\":\"https:\/\/store.nox-xtreme.com\/shop\/\"},{\"@type\":\"ListItem\",\"position\":3,\"name\":\"HUMMER X 1000W PLUS GOLD\"}]},{\"@type\":\"WebSite\",\"@id\":\"https:\/\/store.nox-xtreme.com\/#website\",\"url\":\"https:\/\/store.nox-xtreme.com\/\",\"name\":\"Nox-Xtreme\",\"description\":\"Boosting You Performance\",\"potentialAction\":[{\"@type\":\"SearchAction\",\"target\":{\"@type\":\"EntryPoint\",\"urlTemplate\":\"https:\/\/store.nox-xtreme.com\/?s={search_term_string}\"},\"query-input\":{\"@type\":\"PropertyValueSpecification\",\"valueRequired\":true,\"valueName\":\"search_term_string\"}}],\"inLanguage\":\"pt-PT\"}]}<\/script>\n<!-- \/ Yoast SEO plugin. -->","yoast_head_json":{"title":"HUMMER X 1000W PLUS GOLD - Nox-Xtreme","robots":{"index":"index","follow":"follow","max-snippet":"max-snippet:-1","max-image-preview":"max-image-preview:large","max-video-preview":"max-video-preview:-1"},"canonical":"https:\/\/store.nox-xtreme.com\/pt-pt\/producto\/hummer-x-1000w-plus-gold\/","og_locale":"pt_PT","og_type":"article","og_title":"HUMMER X 1000W PLUS GOLD - Nox-Xtreme","og_description":"Certificado 80 PLUS Gold que garante uma efici\u00eancia m\u00ednima de 90%Fonte de alimenta\u00e7\u00e3o ATX 12V 2.31 e EPS 12V 2.91 \/ 2.92 com PFC ativoOVP, SCP, OPP, SIP, prote\u00e7\u00e3o UVPVentoinha ultrassilenciosa de 120 mm com controlo de velocidadeCabos modulares, planos e extralongosCapacitores eletrol\u00edticos japoneses certificados para trabalhar at\u00e9 105\u00baC","og_url":"https:\/\/store.nox-xtreme.com\/pt-pt\/producto\/hummer-x-1000w-plus-gold\/","og_site_name":"Nox-Xtreme","article_modified_time":"2022-04-08T11:02:31+00:00","twitter_card":"summary_large_image","twitter_misc":{"Tempo estimado de leitura":"1 minuto"},"schema":{"@context":"https:\/\/schema.org","@graph":[{"@type":"WebPage","@id":"https:\/\/store.nox-xtreme.com\/pt-pt\/producto\/hummer-x-1000w-plus-gold\/","url":"https:\/\/store.nox-xtreme.com\/pt-pt\/producto\/hummer-x-1000w-plus-gold\/","name":"HUMMER X 1000W PLUS GOLD - Nox-Xtreme","isPartOf":{"@id":"https:\/\/store.nox-xtreme.com\/#website"},"primaryImageOfPage":{"@id":"https:\/\/store.nox-xtreme.com\/pt-pt\/producto\/hummer-x-1000w-plus-gold\/#primaryimage"},"image":{"@id":"https:\/\/store.nox-xtreme.com\/pt-pt\/producto\/hummer-x-1000w-plus-gold\/#primaryimage"},"thumbnailUrl":"https:\/\/store.nox-xtreme.com\/wp-content\/uploads\/sites\/2\/2021\/06\/nox_hummer_x_1000w_plus_gold_1.jpg","datePublished":"2021-06-30T15:55:21+00:00","dateModified":"2022-04-08T11:02:31+00:00","breadcrumb":{"@id":"https:\/\/store.nox-xtreme.com\/pt-pt\/producto\/hummer-x-1000w-plus-gold\/#breadcrumb"},"inLanguage":"pt-PT","potentialAction":[{"@type":"ReadAction","target":["https:\/\/store.nox-xtreme.com\/pt-pt\/producto\/hummer-x-1000w-plus-gold\/"]}]},{"@type":"ImageObject","inLanguage":"pt-PT","@id":"https:\/\/store.nox-xtreme.com\/pt-pt\/producto\/hummer-x-1000w-plus-gold\/#primaryimage","url":"https:\/\/store.nox-xtreme.com\/wp-content\/uploads\/sites\/2\/2021\/06\/nox_hummer_x_1000w_plus_gold_1.jpg","contentUrl":"https:\/\/store.nox-xtreme.com\/wp-content\/uploads\/sites\/2\/2021\/06\/nox_hummer_x_1000w_plus_gold_1.jpg","width":1049,"height":1300},{"@type":"BreadcrumbList","@id":"https:\/\/store.nox-xtreme.com\/pt-pt\/producto\/hummer-x-1000w-plus-gold\/#breadcrumb","itemListElement":[{"@type":"ListItem","position":1,"name":"Portada","item":"https:\/\/store.nox-xtreme.com\/pt-pt\/"},{"@type":"ListItem","position":2,"name":"Productos","item":"https:\/\/store.nox-xtreme.com\/shop\/"},{"@type":"ListItem","position":3,"name":"HUMMER X 1000W PLUS GOLD"}]},{"@type":"WebSite","@id":"https:\/\/store.nox-xtreme.com\/#website","url":"https:\/\/store.nox-xtreme.com\/","name":"Nox-Xtreme","description":"Boosting You Performance","potentialAction":[{"@type":"SearchAction","target":{"@type":"EntryPoint","urlTemplate":"https:\/\/store.nox-xtreme.com\/?s={search_term_string}"},"query-input":{"@type":"PropertyValueSpecification","valueRequired":true,"valueName":"search_term_string"}}],"inLanguage":"pt-PT"}]}},"_links":{"self":[{"href":"https:\/\/store.nox-xtreme.com\/pt-pt\/wp-json\/wp\/v2\/product\/16904","targetHints":{"allow":["GET"]}}],"collection":[{"href":"https:\/\/store.nox-xtreme.com\/pt-pt\/wp-json\/wp\/v2\/product"}],"about":[{"href":"https:\/\/store.nox-xtreme.com\/pt-pt\/wp-json\/wp\/v2\/types\/product"}],"replies":[{"embeddable":true,"href":"https:\/\/store.nox-xtreme.com\/pt-pt\/wp-json\/wp\/v2\/comments?post=16904"}],"wp:featuredmedia":[{"embeddable":true,"href":"https:\/\/store.nox-xtreme.com\/pt-pt\/wp-json\/wp\/v2\/media\/16905"}],"wp:attachment":[{"href":"https:\/\/store.nox-xtreme.com\/pt-pt\/wp-json\/wp\/v2\/media?parent=16904"}],"wp:term":[{"taxonomy":"product_brand","embeddable":true,"href":"https:\/\/store.nox-xtreme.com\/pt-pt\/wp-json\/wp\/v2\/product_brand?post=16904"},{"taxonomy":"product_cat","embeddable":true,"href":"https:\/\/store.nox-xtreme.com\/pt-pt\/wp-json\/wp\/v2\/product_cat?post=16904"},{"taxonomy":"product_tag","embeddable":true,"href":"https:\/\/store.nox-xtreme.com\/pt-pt\/wp-json\/wp\/v2\/product_tag?post=16904"}],"curies":[{"name":"wp","href":"https:\/\/api.w.org\/{rel}","templated":true}]}}