{"id":16697,"date":"2021-05-11T09:41:36","date_gmt":"2021-05-11T07:41:42","guid":{"rendered":"https:\/\/store.nox-xtreme.com\/?post_type=product&#038;p=16697"},"modified":"2024-01-17T18:47:09","modified_gmt":"2024-01-17T17:47:09","slug":"axys-stand","status":"publish","type":"product","link":"https:\/\/store.nox-xtreme.com\/pt-pt\/producto\/axys-stand\/","title":{"rendered":"Axys Stand"},"content":{"rendered":"<h3>Poder ARGB para milh\u00f5es de possibilidades<\/h3>\n<p>Vista o seu computador com a est\u00e9tica de jogo que procura <strong> personalizando e sincronizando as ventoinhas com o resto dos componentes da sua configura\u00e7\u00e3o <\/strong>, dando-lhe vida e iluminando as suas vit\u00f3rias em qualquer campo de batalha, celebrando as suas conquistas com espet\u00e1culos de luz impressionantes . <strong> Permitindo configura\u00e7\u00f5es mais complexas da forma mais confort\u00e1vel <\/strong>.<\/p>\n<h3>Com controlo remoto<\/h3>\n<p>Com dimens\u00f5es compactas de 104 x 48 x 16 mm, o <strong> controlador ARGB da Nox <\/strong> inclui o cabo de conex\u00e3o \u00e0 fonte de alimenta\u00e7\u00e3o e o cabo para poder sincronizar com a MB, mas tamb\u00e9m permite que controle a velocidade das ventoinhas e a ilumina\u00e7\u00e3o, de forma que possa adaptar os efeitos ao seu estilo.<\/p>\n<p>Este resistente soporte universal para ordenador port\u00e1til de hasta 17\u201d cuenta con cubierta de almohadillas de goma antideslizantes para evitar que el equipo se resbale, asegurando la m\u00e1xima estabilidad del equipo, brindando la firmeza que se necesita para escribir y leer.<\/p>\n<h3>Conex\u00e3o f\u00e1cil<\/h3>\n<p><strong> A instala\u00e7\u00e3o \u00e9 muito simples <\/strong> gra\u00e7as aos conectores de alta qualidade que facilitam a conex\u00e3o. O Nox Hummer R-HUB tem um <strong> hub de 12 portas <\/strong> que permitir\u00e1 que conecte, por um lado, <strong> seis portas de 12 V para ligar seis ventoinhas ARGB em s\u00e9rie <\/strong> e, por outro lado, <strong> seis portas 5 V para seis dispositivos ARGB <\/strong>. Assim, poder\u00e1 sincronizar, entre outros, as <strong> tiras de LED <\/strong>, podendo tamb\u00e9m controlar a sua velocidade sem dificuldades.<\/p>\n<h3>Ajustable en 7 posiciones<\/h3>\n<p>Esta base refrigeradora con compatibilidad universal, para port\u00e1tiles de 9\u201d hasta 17,3\u201d, puede regularse en 7 \u00e1ngulos de inclinaci\u00f3n diferentes, de tal manera que uno puede elegir el que mejor se ajuste a las necesidades en cada momento. As\u00ed, el m\u00e1ximo \u00e1ngulo de ajuste que alcanza es de 45\u00ba. <\/p>\n<p>Su dise\u00f1o ergon\u00f3mico permite evitar posibles dolores o da\u00f1os debidos a una mala postura corporal, siendo una base ergon\u00f3mica que proporciona un entorno de juego o teletrabajo m\u00e1s confortable.<\/p>\n<h3>Conexiones USB<\/h3>\n<p>Nox Hummer PRO Stand incorpora dos puertos USB 2.0 para compensar las conexiones del equipo al conectarlo a la base refrigeradora, conservando un puerto libre mientras la refrigeraci\u00f3n est\u00e1 on, para que puedas conectar el rat\u00f3n o cualquier otro perif\u00e9rico que necesites.<\/p>\n","protected":false},"excerpt":{"rendered":"<ul>\n<li>HUB 12 portas (x6 para ventoinhas ARGB | x6 para dispositivos ARGB)<\/li>\n<li>59 efeitos de ilumina\u00e7\u00e3o compat\u00edveis com as principais marcas de MB<\/li>\n<li>Controlo remoto inclu\u00eddo (controlo de velocidade da ventoinha e efeitos de ilumina\u00e7\u00e3o)<\/li>\n<\/ul>\n","protected":false},"featured_media":0,"comment_status":"closed","ping_status":"closed","template":"","meta":{"inline_featured_image":false},"product_brand":[],"product_cat":[175],"product_tag":[],"class_list":{"0":"post-16697","1":"product","2":"type-product","3":"status-publish","5":"product_cat-accesorios-pt-pt","7":"first","8":"outofstock","9":"taxable","10":"shipping-taxable","11":"purchasable","12":"product-type-simple"},"yoast_head":"<!-- This site is optimized with the Yoast SEO plugin v26.7 - https:\/\/yoast.com\/wordpress\/plugins\/seo\/ -->\n<title>Axys Stand - Nox-Xtreme<\/title>\n<meta name=\"description\" content=\"Hummer Axys Stand, suporte de alum\u00ednio para computadores port\u00e1teis at\u00e9 17&#039;&#039;.\" \/>\n<meta name=\"robots\" content=\"index, follow, max-snippet:-1, max-image-preview:large, max-video-preview:-1\" \/>\n<link rel=\"canonical\" href=\"https:\/\/store.nox-xtreme.com\/producto\/axys-stand\/\" \/>\n<meta property=\"og:locale\" content=\"pt_PT\" \/>\n<meta property=\"og:type\" content=\"article\" \/>\n<meta property=\"og:title\" content=\"Axys Stand - Nox-Xtreme\" \/>\n<meta property=\"og:description\" content=\"Hummer Axys Stand, suporte de alum\u00ednio para computadores port\u00e1teis at\u00e9 17&#039;&#039;.\" \/>\n<meta property=\"og:url\" content=\"https:\/\/store.nox-xtreme.com\/producto\/axys-stand\/\" \/>\n<meta property=\"og:site_name\" content=\"Nox-Xtreme\" \/>\n<meta property=\"article:modified_time\" content=\"2024-01-17T17:47:09+00:00\" \/>\n<meta name=\"twitter:card\" content=\"summary_large_image\" \/>\n<meta name=\"twitter:label1\" content=\"Tempo estimado de leitura\" \/>\n\t<meta name=\"twitter:data1\" content=\"2 minutos\" \/>\n<script type=\"application\/ld+json\" class=\"yoast-schema-graph\">{\"@context\":\"https:\/\/schema.org\",\"@graph\":[{\"@type\":\"WebPage\",\"@id\":\"https:\/\/store.nox-xtreme.com\/producto\/axys-stand\/\",\"url\":\"https:\/\/store.nox-xtreme.com\/producto\/axys-stand\/\",\"name\":\"Axys Stand - Nox-Xtreme\",\"isPartOf\":{\"@id\":\"https:\/\/store.nox-xtreme.com\/#website\"},\"datePublished\":\"2021-05-11T07:41:42+00:00\",\"dateModified\":\"2024-01-17T17:47:09+00:00\",\"description\":\"Hummer Axys Stand, suporte de alum\u00ednio para computadores port\u00e1teis at\u00e9 17''.\",\"breadcrumb\":{\"@id\":\"https:\/\/store.nox-xtreme.com\/producto\/axys-stand\/#breadcrumb\"},\"inLanguage\":\"pt-PT\",\"potentialAction\":[{\"@type\":\"ReadAction\",\"target\":[\"https:\/\/store.nox-xtreme.com\/producto\/axys-stand\/\"]}]},{\"@type\":\"BreadcrumbList\",\"@id\":\"https:\/\/store.nox-xtreme.com\/producto\/axys-stand\/#breadcrumb\",\"itemListElement\":[{\"@type\":\"ListItem\",\"position\":1,\"name\":\"Portada\",\"item\":\"https:\/\/store.nox-xtreme.com\/pt-pt\/\"},{\"@type\":\"ListItem\",\"position\":2,\"name\":\"Productos\",\"item\":\"https:\/\/store.nox-xtreme.com\/shop\/\"},{\"@type\":\"ListItem\",\"position\":3,\"name\":\"Axys Stand\"}]},{\"@type\":\"WebSite\",\"@id\":\"https:\/\/store.nox-xtreme.com\/#website\",\"url\":\"https:\/\/store.nox-xtreme.com\/\",\"name\":\"Nox-Xtreme\",\"description\":\"Boosting You Performance\",\"potentialAction\":[{\"@type\":\"SearchAction\",\"target\":{\"@type\":\"EntryPoint\",\"urlTemplate\":\"https:\/\/store.nox-xtreme.com\/?s={search_term_string}\"},\"query-input\":{\"@type\":\"PropertyValueSpecification\",\"valueRequired\":true,\"valueName\":\"search_term_string\"}}],\"inLanguage\":\"pt-PT\"}]}<\/script>\n<!-- \/ Yoast SEO plugin. -->","yoast_head_json":{"title":"Axys Stand - Nox-Xtreme","description":"Hummer Axys Stand, suporte de alum\u00ednio para computadores port\u00e1teis at\u00e9 17''.","robots":{"index":"index","follow":"follow","max-snippet":"max-snippet:-1","max-image-preview":"max-image-preview:large","max-video-preview":"max-video-preview:-1"},"canonical":"https:\/\/store.nox-xtreme.com\/producto\/axys-stand\/","og_locale":"pt_PT","og_type":"article","og_title":"Axys Stand - Nox-Xtreme","og_description":"Hummer Axys Stand, suporte de alum\u00ednio para computadores port\u00e1teis at\u00e9 17''.","og_url":"https:\/\/store.nox-xtreme.com\/producto\/axys-stand\/","og_site_name":"Nox-Xtreme","article_modified_time":"2024-01-17T17:47:09+00:00","twitter_card":"summary_large_image","twitter_misc":{"Tempo estimado de leitura":"2 minutos"},"schema":{"@context":"https:\/\/schema.org","@graph":[{"@type":"WebPage","@id":"https:\/\/store.nox-xtreme.com\/producto\/axys-stand\/","url":"https:\/\/store.nox-xtreme.com\/producto\/axys-stand\/","name":"Axys Stand - Nox-Xtreme","isPartOf":{"@id":"https:\/\/store.nox-xtreme.com\/#website"},"datePublished":"2021-05-11T07:41:42+00:00","dateModified":"2024-01-17T17:47:09+00:00","description":"Hummer Axys Stand, suporte de alum\u00ednio para computadores port\u00e1teis at\u00e9 17''.","breadcrumb":{"@id":"https:\/\/store.nox-xtreme.com\/producto\/axys-stand\/#breadcrumb"},"inLanguage":"pt-PT","potentialAction":[{"@type":"ReadAction","target":["https:\/\/store.nox-xtreme.com\/producto\/axys-stand\/"]}]},{"@type":"BreadcrumbList","@id":"https:\/\/store.nox-xtreme.com\/producto\/axys-stand\/#breadcrumb","itemListElement":[{"@type":"ListItem","position":1,"name":"Portada","item":"https:\/\/store.nox-xtreme.com\/pt-pt\/"},{"@type":"ListItem","position":2,"name":"Productos","item":"https:\/\/store.nox-xtreme.com\/shop\/"},{"@type":"ListItem","position":3,"name":"Axys Stand"}]},{"@type":"WebSite","@id":"https:\/\/store.nox-xtreme.com\/#website","url":"https:\/\/store.nox-xtreme.com\/","name":"Nox-Xtreme","description":"Boosting You Performance","potentialAction":[{"@type":"SearchAction","target":{"@type":"EntryPoint","urlTemplate":"https:\/\/store.nox-xtreme.com\/?s={search_term_string}"},"query-input":{"@type":"PropertyValueSpecification","valueRequired":true,"valueName":"search_term_string"}}],"inLanguage":"pt-PT"}]}},"_links":{"self":[{"href":"https:\/\/store.nox-xtreme.com\/pt-pt\/wp-json\/wp\/v2\/product\/16697","targetHints":{"allow":["GET"]}}],"collection":[{"href":"https:\/\/store.nox-xtreme.com\/pt-pt\/wp-json\/wp\/v2\/product"}],"about":[{"href":"https:\/\/store.nox-xtreme.com\/pt-pt\/wp-json\/wp\/v2\/types\/product"}],"replies":[{"embeddable":true,"href":"https:\/\/store.nox-xtreme.com\/pt-pt\/wp-json\/wp\/v2\/comments?post=16697"}],"wp:attachment":[{"href":"https:\/\/store.nox-xtreme.com\/pt-pt\/wp-json\/wp\/v2\/media?parent=16697"}],"wp:term":[{"taxonomy":"product_brand","embeddable":true,"href":"https:\/\/store.nox-xtreme.com\/pt-pt\/wp-json\/wp\/v2\/product_brand?post=16697"},{"taxonomy":"product_cat","embeddable":true,"href":"https:\/\/store.nox-xtreme.com\/pt-pt\/wp-json\/wp\/v2\/product_cat?post=16697"},{"taxonomy":"product_tag","embeddable":true,"href":"https:\/\/store.nox-xtreme.com\/pt-pt\/wp-json\/wp\/v2\/product_tag?post=16697"}],"curies":[{"name":"wp","href":"https:\/\/api.w.org\/{rel}","templated":true}]}}