{"id":16583,"date":"2019-04-08T09:43:00","date_gmt":"2019-04-08T07:43:00","guid":{"rendered":"https:\/\/store.nox-xtreme.com\/?post_type=product&#038;p=16583"},"modified":"2023-09-04T10:33:09","modified_gmt":"2023-09-04T08:33:09","slug":"hummer-vault","status":"publish","type":"product","link":"https:\/\/store.nox-xtreme.com\/pt-pt\/producto\/hummer-vault\/","title":{"rendered":"Hummer Vault"},"content":{"rendered":"<p>** Nox Hummer Vault \u00e9 sin\u00f3nimo de elevado desempenho em um pequeno espa\u00e7o. Esta torre compacta com um design elegante garante a maior flexibilidade.<\/p>\n<p><strong> O seu cuidado interior tem uma grande capacidade <\/strong>, podendo suportar at\u00e9 um total de sete ventoinhas. Al\u00e9m disso, \u00e9 compat\u00edvel com fontes de alimenta\u00e7\u00e3o ATX \/ SFX.<\/p>\n<p>Por outro lado, a sua versatilidade <strong> permite a montagem da plava gr\u00e1fica na posi\u00e7\u00e3o vertical ou horizontal <\/strong>, entre outros grandes recursos.<\/p>\n<h3>Compacta, elegante e premium<\/h3>\n<p>A Nox Hummer Vault apresenta um design cuidadoso em um <strong> elegante cinza met\u00e1lico com um acabamento lateral em malha met\u00e1lica<\/strong>, que a torna adequada a qualquer ambiente ou setup. Esta caixa \u00e9 constru\u00edda em <strong> a\u00e7o SPCC 0,8mm <\/strong>, o que proporciona <strong> alta resist\u00eancia e grande durabilidade <\/strong>, protegendo componentes do seu equipamento de forma adequada.<\/p>\n<h3>Acessibilidade<\/h3>\n<p>A Nox Hummer Vault oferece excelente acessibilidade \u00e0s suas principais conex\u00f5es. Na parte superior, existem dois USB 3.0 de alta velocidade, uma conex\u00e3o de \u00e1udio HD e as conex\u00f5es de microfone ou auscultadores.<\/p>\n<h3>Refrigera\u00e7\u00e3o sem limite<\/h3>\n<p>Esta caixa Nox tem capacidade para um total de <strong> sete ventoinhas <\/strong>, seis de 120 mm e uma de 80 mm, podendo esta \u00faltima ser colocada na parte de tr\u00e1s da caixa, otimizando o fluxo de ar.<\/p>\n<p>A Nox Hummer Vault oferece excelente ventila\u00e7\u00e3o, sendo capaz de integrar refrigera\u00e7\u00e3o l\u00edquida de <strong> 240 mm ou 120 mm <\/strong>, garantindo a temperatura adequada que o equipamento necessita para um \u00f3timo funcionamento.<\/p>\n<p>Esta caixa da Nox tamb\u00e9m inclui <strong> filtros magn\u00e9ticos anti-p\u00f3 <\/strong> que ajudam a manter a sua configura\u00e7\u00e3o limpa, evitando que o p\u00f3 se acumule no seu interior e danifique os componentes.<\/p>\n<h3>M\u00e1xima flexibilidade<\/h3>\n<p>Nox Hummer Vault \u00e9 uma caixa compacta, mas espa\u00e7osa, projetada para que possa montar configura\u00e7\u00f5es poderosas, gra\u00e7as ao seu sistema de gest\u00e3o de cabos e m\u00e1xima operabilidade <strong>. Esta caixa \u00e9 <\/strong> compat\u00edvel com placas Micro-ATX e tamb\u00e9m Mini-ITX <strong>. Por outro lado, permite <\/strong> integrar fontes de alimenta\u00e7\u00e3o ATX e tamb\u00e9m no formato SFX **.<\/p>\n<p>O seu design a n\u00edvel do interior, seguindo a linha Nox Hummer, <strong> permite que a GPU seja montada vertical ou horizontalmente <\/strong>, permitindo uma configura\u00e7\u00e3o confort\u00e1vel de todos os componentes, podendo integrar ** gr\u00e1ficas de at\u00e9 245 mm verticalmente ou 335 mm horizontalmente .<\/p>\n<h3>UMA CAIXA COM M\u00daLTIPLAS POSSIBILIDADE<\/h3>\n<p><strong> Cabem muitos tipos de configura\u00e7\u00f5es dentro de uma Hummer Vault <\/strong> e todas permitem uma refrigera\u00e7\u00e3o poderosa e um grande sistema de armazenamento.<\/p>\n<p><strong> Verifique todas as configura\u00e7\u00f5es poss\u00edveis <\/strong> desta caixa vers\u00e1til &lt;a href=&quot;https:\/\/api.nox-xtreme.com\/uploads\/product\/downloads\/h9yq4ftemj-nox<em>hummer<\/em>vault<em>salestool<\/em>es.pdf&quot; target=&quot;_blank&quot;&gt; <strong> seguindo este link <\/strong> &lt;\/a&gt; e equipe-a para atender \u00e0s suas necessidades.<\/p>\n","protected":false},"excerpt":{"rendered":"<ul>\n<li>Chassi Micro-ATX<\/li>\n<li>Capacidade para at\u00e9 7 ventiloinhas (dependendo do tipo de fonte instalada)<\/li>\n<li>Instala\u00e7\u00e3o de VGA horizontal ou vertical<\/li>\n<li>2 portas USB 3.0 de alta velocidade<\/li>\n<\/ul>\n","protected":false},"featured_media":16584,"comment_status":"closed","ping_status":"closed","template":"","meta":{"inline_featured_image":false},"product_brand":[],"product_cat":[176],"product_tag":[199],"class_list":{"0":"post-16583","1":"product","2":"type-product","3":"status-publish","4":"has-post-thumbnail","6":"product_cat-cajas-pt-pt-2","7":"product_tag-hummer-pt-pt","9":"first","10":"instock","11":"taxable","12":"shipping-taxable","13":"purchasable","14":"product-type-simple"},"yoast_head":"<!-- This site is optimized with the Yoast SEO plugin v26.7 - https:\/\/yoast.com\/wordpress\/plugins\/seo\/ -->\n<title>Hummer Vault - Nox-Xtreme<\/title>\n<meta name=\"description\" content=\"Nox Hummer Vault: um chassis microATX que se adapta a muitos tipos de configura\u00e7\u00f5es altas num espa\u00e7o pequeno.\" \/>\n<meta name=\"robots\" content=\"index, follow, max-snippet:-1, max-image-preview:large, max-video-preview:-1\" \/>\n<link rel=\"canonical\" href=\"https:\/\/store.nox-xtreme.com\/pt-pt\/producto\/hummer-vault\/\" \/>\n<meta property=\"og:locale\" content=\"pt_PT\" \/>\n<meta property=\"og:type\" content=\"article\" \/>\n<meta property=\"og:title\" content=\"Hummer Vault - Nox-Xtreme\" \/>\n<meta property=\"og:description\" content=\"Nox Hummer Vault: um chassis microATX que se adapta a muitos tipos de configura\u00e7\u00f5es altas num espa\u00e7o pequeno.\" \/>\n<meta property=\"og:url\" content=\"https:\/\/store.nox-xtreme.com\/pt-pt\/producto\/hummer-vault\/\" \/>\n<meta property=\"og:site_name\" content=\"Nox-Xtreme\" \/>\n<meta property=\"article:modified_time\" content=\"2023-09-04T08:33:09+00:00\" \/>\n<meta property=\"og:image\" content=\"https:\/\/store.nox-xtreme.com\/wp-content\/uploads\/sites\/2\/2021\/04\/nox_hummer_vault_1.jpg\" \/>\n\t<meta property=\"og:image:width\" content=\"1049\" \/>\n\t<meta property=\"og:image:height\" content=\"1300\" \/>\n\t<meta property=\"og:image:type\" content=\"image\/jpeg\" \/>\n<meta name=\"twitter:card\" content=\"summary_large_image\" \/>\n<meta name=\"twitter:label1\" content=\"Tempo estimado de leitura\" \/>\n\t<meta name=\"twitter:data1\" content=\"2 minutos\" \/>\n<script type=\"application\/ld+json\" class=\"yoast-schema-graph\">{\"@context\":\"https:\/\/schema.org\",\"@graph\":[{\"@type\":\"WebPage\",\"@id\":\"https:\/\/store.nox-xtreme.com\/pt-pt\/producto\/hummer-vault\/\",\"url\":\"https:\/\/store.nox-xtreme.com\/pt-pt\/producto\/hummer-vault\/\",\"name\":\"Hummer Vault - Nox-Xtreme\",\"isPartOf\":{\"@id\":\"https:\/\/store.nox-xtreme.com\/#website\"},\"primaryImageOfPage\":{\"@id\":\"https:\/\/store.nox-xtreme.com\/pt-pt\/producto\/hummer-vault\/#primaryimage\"},\"image\":{\"@id\":\"https:\/\/store.nox-xtreme.com\/pt-pt\/producto\/hummer-vault\/#primaryimage\"},\"thumbnailUrl\":\"https:\/\/store.nox-xtreme.com\/wp-content\/uploads\/sites\/2\/2021\/04\/nox_hummer_vault_1.jpg\",\"datePublished\":\"2019-04-08T07:43:00+00:00\",\"dateModified\":\"2023-09-04T08:33:09+00:00\",\"description\":\"Nox Hummer Vault: um chassis microATX que se adapta a muitos tipos de configura\u00e7\u00f5es altas num espa\u00e7o pequeno.\",\"breadcrumb\":{\"@id\":\"https:\/\/store.nox-xtreme.com\/pt-pt\/producto\/hummer-vault\/#breadcrumb\"},\"inLanguage\":\"pt-PT\",\"potentialAction\":[{\"@type\":\"ReadAction\",\"target\":[\"https:\/\/store.nox-xtreme.com\/pt-pt\/producto\/hummer-vault\/\"]}]},{\"@type\":\"ImageObject\",\"inLanguage\":\"pt-PT\",\"@id\":\"https:\/\/store.nox-xtreme.com\/pt-pt\/producto\/hummer-vault\/#primaryimage\",\"url\":\"https:\/\/store.nox-xtreme.com\/wp-content\/uploads\/sites\/2\/2021\/04\/nox_hummer_vault_1.jpg\",\"contentUrl\":\"https:\/\/store.nox-xtreme.com\/wp-content\/uploads\/sites\/2\/2021\/04\/nox_hummer_vault_1.jpg\",\"width\":1049,\"height\":1300},{\"@type\":\"BreadcrumbList\",\"@id\":\"https:\/\/store.nox-xtreme.com\/pt-pt\/producto\/hummer-vault\/#breadcrumb\",\"itemListElement\":[{\"@type\":\"ListItem\",\"position\":1,\"name\":\"Portada\",\"item\":\"https:\/\/store.nox-xtreme.com\/pt-pt\/\"},{\"@type\":\"ListItem\",\"position\":2,\"name\":\"Productos\",\"item\":\"https:\/\/store.nox-xtreme.com\/shop\/\"},{\"@type\":\"ListItem\",\"position\":3,\"name\":\"Hummer Vault\"}]},{\"@type\":\"WebSite\",\"@id\":\"https:\/\/store.nox-xtreme.com\/#website\",\"url\":\"https:\/\/store.nox-xtreme.com\/\",\"name\":\"Nox-Xtreme\",\"description\":\"Boosting You Performance\",\"potentialAction\":[{\"@type\":\"SearchAction\",\"target\":{\"@type\":\"EntryPoint\",\"urlTemplate\":\"https:\/\/store.nox-xtreme.com\/?s={search_term_string}\"},\"query-input\":{\"@type\":\"PropertyValueSpecification\",\"valueRequired\":true,\"valueName\":\"search_term_string\"}}],\"inLanguage\":\"pt-PT\"}]}<\/script>\n<!-- \/ Yoast SEO plugin. -->","yoast_head_json":{"title":"Hummer Vault - Nox-Xtreme","description":"Nox Hummer Vault: um chassis microATX que se adapta a muitos tipos de configura\u00e7\u00f5es altas num espa\u00e7o pequeno.","robots":{"index":"index","follow":"follow","max-snippet":"max-snippet:-1","max-image-preview":"max-image-preview:large","max-video-preview":"max-video-preview:-1"},"canonical":"https:\/\/store.nox-xtreme.com\/pt-pt\/producto\/hummer-vault\/","og_locale":"pt_PT","og_type":"article","og_title":"Hummer Vault - Nox-Xtreme","og_description":"Nox Hummer Vault: um chassis microATX que se adapta a muitos tipos de configura\u00e7\u00f5es altas num espa\u00e7o pequeno.","og_url":"https:\/\/store.nox-xtreme.com\/pt-pt\/producto\/hummer-vault\/","og_site_name":"Nox-Xtreme","article_modified_time":"2023-09-04T08:33:09+00:00","og_image":[{"width":1049,"height":1300,"url":"https:\/\/store.nox-xtreme.com\/wp-content\/uploads\/sites\/2\/2021\/04\/nox_hummer_vault_1.jpg","type":"image\/jpeg"}],"twitter_card":"summary_large_image","twitter_misc":{"Tempo estimado de leitura":"2 minutos"},"schema":{"@context":"https:\/\/schema.org","@graph":[{"@type":"WebPage","@id":"https:\/\/store.nox-xtreme.com\/pt-pt\/producto\/hummer-vault\/","url":"https:\/\/store.nox-xtreme.com\/pt-pt\/producto\/hummer-vault\/","name":"Hummer Vault - Nox-Xtreme","isPartOf":{"@id":"https:\/\/store.nox-xtreme.com\/#website"},"primaryImageOfPage":{"@id":"https:\/\/store.nox-xtreme.com\/pt-pt\/producto\/hummer-vault\/#primaryimage"},"image":{"@id":"https:\/\/store.nox-xtreme.com\/pt-pt\/producto\/hummer-vault\/#primaryimage"},"thumbnailUrl":"https:\/\/store.nox-xtreme.com\/wp-content\/uploads\/sites\/2\/2021\/04\/nox_hummer_vault_1.jpg","datePublished":"2019-04-08T07:43:00+00:00","dateModified":"2023-09-04T08:33:09+00:00","description":"Nox Hummer Vault: um chassis microATX que se adapta a muitos tipos de configura\u00e7\u00f5es altas num espa\u00e7o pequeno.","breadcrumb":{"@id":"https:\/\/store.nox-xtreme.com\/pt-pt\/producto\/hummer-vault\/#breadcrumb"},"inLanguage":"pt-PT","potentialAction":[{"@type":"ReadAction","target":["https:\/\/store.nox-xtreme.com\/pt-pt\/producto\/hummer-vault\/"]}]},{"@type":"ImageObject","inLanguage":"pt-PT","@id":"https:\/\/store.nox-xtreme.com\/pt-pt\/producto\/hummer-vault\/#primaryimage","url":"https:\/\/store.nox-xtreme.com\/wp-content\/uploads\/sites\/2\/2021\/04\/nox_hummer_vault_1.jpg","contentUrl":"https:\/\/store.nox-xtreme.com\/wp-content\/uploads\/sites\/2\/2021\/04\/nox_hummer_vault_1.jpg","width":1049,"height":1300},{"@type":"BreadcrumbList","@id":"https:\/\/store.nox-xtreme.com\/pt-pt\/producto\/hummer-vault\/#breadcrumb","itemListElement":[{"@type":"ListItem","position":1,"name":"Portada","item":"https:\/\/store.nox-xtreme.com\/pt-pt\/"},{"@type":"ListItem","position":2,"name":"Productos","item":"https:\/\/store.nox-xtreme.com\/shop\/"},{"@type":"ListItem","position":3,"name":"Hummer Vault"}]},{"@type":"WebSite","@id":"https:\/\/store.nox-xtreme.com\/#website","url":"https:\/\/store.nox-xtreme.com\/","name":"Nox-Xtreme","description":"Boosting You Performance","potentialAction":[{"@type":"SearchAction","target":{"@type":"EntryPoint","urlTemplate":"https:\/\/store.nox-xtreme.com\/?s={search_term_string}"},"query-input":{"@type":"PropertyValueSpecification","valueRequired":true,"valueName":"search_term_string"}}],"inLanguage":"pt-PT"}]}},"_links":{"self":[{"href":"https:\/\/store.nox-xtreme.com\/pt-pt\/wp-json\/wp\/v2\/product\/16583","targetHints":{"allow":["GET"]}}],"collection":[{"href":"https:\/\/store.nox-xtreme.com\/pt-pt\/wp-json\/wp\/v2\/product"}],"about":[{"href":"https:\/\/store.nox-xtreme.com\/pt-pt\/wp-json\/wp\/v2\/types\/product"}],"replies":[{"embeddable":true,"href":"https:\/\/store.nox-xtreme.com\/pt-pt\/wp-json\/wp\/v2\/comments?post=16583"}],"wp:featuredmedia":[{"embeddable":true,"href":"https:\/\/store.nox-xtreme.com\/pt-pt\/wp-json\/wp\/v2\/media\/16584"}],"wp:attachment":[{"href":"https:\/\/store.nox-xtreme.com\/pt-pt\/wp-json\/wp\/v2\/media?parent=16583"}],"wp:term":[{"taxonomy":"product_brand","embeddable":true,"href":"https:\/\/store.nox-xtreme.com\/pt-pt\/wp-json\/wp\/v2\/product_brand?post=16583"},{"taxonomy":"product_cat","embeddable":true,"href":"https:\/\/store.nox-xtreme.com\/pt-pt\/wp-json\/wp\/v2\/product_cat?post=16583"},{"taxonomy":"product_tag","embeddable":true,"href":"https:\/\/store.nox-xtreme.com\/pt-pt\/wp-json\/wp\/v2\/product_tag?post=16583"}],"curies":[{"name":"wp","href":"https:\/\/api.w.org\/{rel}","templated":true}]}}