{"id":16470,"date":"2021-01-22T10:18:19","date_gmt":"2021-03-09T18:40:22","guid":{"rendered":"https:\/\/store.nox-xtreme.com\/?post_type=product&#038;p=16470"},"modified":"2025-07-24T18:01:43","modified_gmt":"2025-07-24T16:01:43","slug":"a-fan","status":"publish","type":"product","link":"https:\/\/store.nox-xtreme.com\/pt-pt\/producto\/a-fan\/","title":{"rendered":"A-Fan"},"content":{"rendered":"<h3>A-FAN<\/h3>\n<p>Nox Hummer A-FAN \u00e9 a ventoinha perfeita para quem n\u00e3o quer abrir m\u00e3o do melhor desempenho. A ventoinha silenciosa de 120 mm da Nox oferece excelente fluxo de ar e muito baixo ru\u00eddo, tornando-a ideal para completar a configura\u00e7\u00e3o de um equipamento de jogo profissional. Eficiente, dissipando calor da maneira mais ideal e ultrassilenciosa, esta \u00e9 a Nox Hummer A-FAN.<\/p>\n<h3>Refrigera\u00e7\u00e3o a toda a cor<\/h3>\n<p>A ventoinha Nox Hummer A-FAN possui uma ilumina\u00e7\u00e3o viva <strong> ARGB LED <\/strong>, um design nas suas l\u00e2minas que lhe dar\u00e1 a <strong> est\u00e9tica de jogo <\/strong> que tanto deseja, sendo a companheira perfeita em jogos noturnos, podendo criar diferentes atmosferas de jogo de acordo com os jogos. Pode ainda ** personalizar e sincronizar a ventoinha com o resto do seu setup , vestindo tudo nas cores da vit\u00f3ria, oferecendo um visual \u00fanico e cheio de luz.<\/p>\n<h3>Alto desempenho, baixo n\u00edvel de ru\u00eddo<\/h3>\n<p>Nox Hummer A-FAN \u00e9 uma <strong> ventoinha com um design cuidado de 120 x 120 x 25 mm <\/strong> que gera o fluxo de ar que os componentes do seu equipamento precisam. Possui <strong> 9 l\u00e2minas aerodin\u00e2micas <\/strong> que garantem o fluxo correto em todos os momentos.<\/p>\n<p>Esta ventoinha de LED ARGB oferece <strong> pot\u00eancia com um n\u00edvel de ru\u00eddo muito baixo <\/strong>, pois os seus cantos incorporam <strong> amortecedores de borracha que absorvem as vibra\u00e7\u00f5es da rota\u00e7\u00e3o da ventoinha <\/strong>, ao mesmo tempo que garantem estabilidade.<\/p>\n<p>O Nox Hummer A-FAN \u00e9 uma ventoinha constru\u00edda em materiais de qualidade que garantem <strong> 40 mil horas de vida \u00fatil <\/strong>.<\/p>\n<h3>Design inovador<\/h3>\n<p>A ventoinha <strong> silenciosa Nox Hummer A-FAN <\/strong> \u00e9 facilmente instalada gra\u00e7as ao seu conector de alimenta\u00e7\u00e3o de 6 pinos, 3 pinos f\u00eamea e 3 pinos macho, permitindo que este \u00faltimo conecte mais <strong> ventoinhas em s\u00e9rie <\/strong>, multiplicando o taxa de fluxo de ar da caixa de forma eficaz, otimizando o desempenho.<\/p>\n","protected":false},"excerpt":{"rendered":"<ul>\n<li>Ventoinha de 120 mm<\/li>\n<li>Ilumina\u00e7\u00e3o interior ARGB LED<\/li>\n<li>Ultra silencioso com almofadas de borracha anti vibra\u00e7\u00e3o<\/li>\n<li>Grande fluxo de ar<\/li>\n<li>Compat\u00edvel com chassis Hummer e Infinity que possuem um controlador de conex\u00e3o de 3 pinos<\/li>\n<\/ul>\n","protected":false},"featured_media":16294,"comment_status":"closed","ping_status":"closed","template":"","meta":{"inline_featured_image":false},"product_brand":[],"product_cat":[178],"product_tag":[],"class_list":{"0":"post-16470","1":"product","2":"type-product","3":"status-publish","4":"has-post-thumbnail","6":"product_cat-refrigeracion-pt-pt","8":"first","9":"outofstock","10":"taxable","11":"shipping-taxable","12":"purchasable","13":"product-type-simple"},"_links":{"self":[{"href":"https:\/\/store.nox-xtreme.com\/pt-pt\/wp-json\/wp\/v2\/product\/16470","targetHints":{"allow":["GET"]}}],"collection":[{"href":"https:\/\/store.nox-xtreme.com\/pt-pt\/wp-json\/wp\/v2\/product"}],"about":[{"href":"https:\/\/store.nox-xtreme.com\/pt-pt\/wp-json\/wp\/v2\/types\/product"}],"replies":[{"embeddable":true,"href":"https:\/\/store.nox-xtreme.com\/pt-pt\/wp-json\/wp\/v2\/comments?post=16470"}],"wp:featuredmedia":[{"embeddable":true,"href":"https:\/\/store.nox-xtreme.com\/pt-pt\/wp-json\/wp\/v2\/media\/16294"}],"wp:attachment":[{"href":"https:\/\/store.nox-xtreme.com\/pt-pt\/wp-json\/wp\/v2\/media?parent=16470"}],"wp:term":[{"taxonomy":"product_brand","embeddable":true,"href":"https:\/\/store.nox-xtreme.com\/pt-pt\/wp-json\/wp\/v2\/product_brand?post=16470"},{"taxonomy":"product_cat","embeddable":true,"href":"https:\/\/store.nox-xtreme.com\/pt-pt\/wp-json\/wp\/v2\/product_cat?post=16470"},{"taxonomy":"product_tag","embeddable":true,"href":"https:\/\/store.nox-xtreme.com\/pt-pt\/wp-json\/wp\/v2\/product_tag?post=16470"}],"curies":[{"name":"wp","href":"https:\/\/api.w.org\/{rel}","templated":true}]}}