{"id":16425,"date":"2020-09-21T09:53:01","date_gmt":"2021-02-16T12:07:23","guid":{"rendered":"https:\/\/store.nox-xtreme.com\/?post_type=product&#038;p=16425"},"modified":"2023-09-04T12:13:35","modified_gmt":"2023-09-04T10:13:35","slug":"hummer-mc-pro-white-edition","status":"publish","type":"product","link":"https:\/\/store.nox-xtreme.com\/pt-pt\/producto\/hummer-mc-pro-white-edition\/","title":{"rendered":"Hummer MC Pro"},"content":{"rendered":"<h3>Hummer MC PRO<\/h3>\n<p>A Hummer MC Pro \u00e9 a vers\u00e3o otimizada da cl\u00e1ssica Hummer MC, a caixa mais espetacular de todo o cat\u00e1logo Nox. Com um design atrativo e elegante, dispon\u00edvel em duas cores, preto e branco, mant\u00e9m as suas caracter\u00edsticas, nomeadamente a sua impressionante lateral em acr\u00edlico, de onde se avista o seu interior, incorporando a nova tecnologia ARGB.<\/p>\n<p>A Hummer MC Pro \u00e9 uma torre m\u00e9dia com espa\u00e7o generoso que garante uma configura\u00e7\u00e3o eficiente e completa, agora com ARGB, com resultados impressionantes.<\/p>\n<h3>Design<\/h3>\n<p>A Hummer MC Pro \u00e9 uma torre m\u00e9dia espetacular, robusta e espa\u00e7osa 206 x 470 x 460 mm , que se apresenta, como a sua elogiada antecessora, em duas cores, a j\u00e1 cl\u00e1ssica, mas impressionante, preta,  e o branco  brilhante, agora adicionando a tecnologia ARGB .<\/p>\n<p>A ilumina\u00e7\u00e3o ARGB est\u00e1 presente na parte superior e inferior da sua janela de acr\u00edlico, de onde se olha para contemplar o mais puro espet\u00e1culo visual ; um cuidado interior que oferece uma constru\u00e7\u00e3o brilhante de seus componentes.<br \/>\nPara mais detalhes, o design elegante da Hummer MC Pro \u00e9 aprimorado, no caso da vers\u00e3o em preto, por um acabamento com efeito borracha  e, na sua vers\u00e3o branca, por um acabamento brilhante .<\/p>\n<h3>Ilumina\u00e7\u00e3o<\/h3>\n<p>Op\u00e7\u00f5es ilimitadas de personaliza\u00e7\u00e3o de cores. A nova Hummer MC PRO apresenta ilumina\u00e7\u00e3o ARGB Rainbow que vai deix\u00e1-lo sem  palavras, com uma faixa de LED ARGB frontal e duas faixas de LED ARGB localizadas na lateral , ambas na parte superior e inferior da janela de acr\u00edlico, perfeitas para aqueles utilizadores que procuram criar efeitos de ilumina\u00e7\u00e3o impressionantes, j\u00e1 que cada faixa de LED ARGB pode exibir v\u00e1rias cores ao mesmo tempo em diferentes modos de ilumina\u00e7\u00e3o , podendo control\u00e1-las desde o painel superior.<\/p>\n<p>A Hummer MC PRO oferece tr\u00eas modos de ilumina\u00e7\u00e3o diferentes :<\/p>\n<p>\u00b7 Efeito Breathing, que permite a transi\u00e7\u00e3o de cores em baixa velocidade.<\/p>\n<p>\u00b7 Ciclo de cores , no qual as cores mudam e alternam intermitentemente.<\/p>\n<p>\u00b7 Cor Fixa , escolha de uma cor fixa, podendo coloc\u00e1-la em modo breathing.<\/p>\n<p>As cores desejadas fluem facilmente, apresentando a impressionante constru\u00e7\u00e3o em cores, fornecendo uma vis\u00e3o clara dos componentes internos bem iluminados.<\/p>\n<h3>Painel frontal e acessos<\/h3>\n<p>A Hummer MC Pro apresenta uma porta USB 3.0 de alta velocidade, duas portas USB 2.0 e uma conex\u00e3o de \u00e1udio, bem como dois controladores de velocidade, tamb\u00e9m localizados no seu painel superior, para um total de cinco ventoinhas em tr\u00eas posi\u00e7\u00f5es : LOW \/ STOP \/ HIGH.<br \/>\nAl\u00e9m disso, esta caixa \u00e9 compat\u00edvel com formatos Micro-ATX e ATX, adaptando-se assim a diferentes necessidades.<\/p>\n<h3>Sistema de ventila\u00e7\u00e3o<\/h3>\n<p>O seu amplo espa\u00e7o garante um sistema de refrigera\u00e7\u00e3o perfeito, sendo redesenhada para abrigar at\u00e9 cinco ventoinhas, garantindo ventila\u00e7\u00e3o ideal.<\/p>\n<p>Por outro lado, possui tamb\u00e9m um compartimento exclusivo para coloca\u00e7\u00e3o de Fonte e HDDs , para que o calor destes componentes n\u00e3o seja transferido para os demais elementos.<\/p>\n<p>Al\u00e9m disso, a Hummer MC Pro inclui, na parte superior,  filtros anti-p\u00f3 magnetizados , muito f\u00e1ceis de colocar e tirar, sem a necessidade de desmontar, que facilitam a limpeza, proporcionando tamb\u00e9m uma experi\u00eancia muito boa em termos de manuten\u00e7\u00e3o.<\/p>\n<h3>Sistema de refrigera\u00e7\u00e3o<\/h3>\n<p>Com refrigera\u00e7\u00e3o superior, a Hummer MC Pro inclui  um compartimento isolado para a fonte que garante \u00f3timo desempenho, mantendo sempre o equipamento na temperatura correta. Da mesma forma, contempla tamb\u00e9m a possibilidade de incorporar refrigera\u00e7\u00e3o l\u00edquida gra\u00e7as ao seu amplo espa\u00e7o.<\/p>\n<p>Por outro lado, o seu excelente sistema de gest\u00e3o de cabos evita poss\u00edveis interfer\u00eancias no fluxo de ar, permitindo uma montagem simples, bem como uma distribui\u00e7\u00e3o adequada dos diferentes componentes, oferecendo um visual premium, destacando o interior de uma forma incr\u00edvel.<\/p>\n<h3>Capacidade de armazenamento<\/h3>\n<p>Da mesma forma, em rela\u00e7\u00e3o \u00e0 capacidade de armazenamento, tamb\u00e9m possui espa\u00e7o para dois HDDs e dois SDDs de 3,5 &quot;e 2,5&quot; , respetivamente, localizados na parte inferior e lateral do chassi. A Hummer MC Pro \u00e9 compat\u00edvel com gr\u00e1ficas grandes de at\u00e9  380 mm de comprimento m\u00e1ximo . Tamb\u00e9m suporta coolers com altura m\u00e1xima de 161 mm .<\/p>\n","protected":false},"excerpt":{"rendered":"<ul>\n<li>Ilumina\u00e7\u00e3o ARGB<\/li>\n<li>Compartimento isolado para Fonte e HDD<\/li>\n<li>Frente com acabamento em borracha<\/li>\n<li>Controladores de velocidade<\/li>\n<li>Excelente sistema para ordenar os cabos<\/li>\n<li>Filtros anti-p\u00f3<\/li>\n<\/ul>\n","protected":false},"featured_media":0,"comment_status":"closed","ping_status":"closed","template":"","meta":{"inline_featured_image":false},"product_brand":[],"product_cat":[176],"product_tag":[],"class_list":{"0":"post-16425","1":"product","2":"type-product","3":"status-publish","5":"product_cat-cajas-pt-pt-2","7":"first","8":"outofstock","9":"taxable","10":"shipping-taxable","11":"purchasable","12":"product-type-variable"},"yoast_head":"<!-- This site is optimized with the Yoast SEO plugin v26.7 - https:\/\/yoast.com\/wordpress\/plugins\/seo\/ -->\n<title>Hummer MC Pro - Nox-Xtreme<\/title>\n<meta name=\"robots\" content=\"index, follow, max-snippet:-1, max-image-preview:large, max-video-preview:-1\" \/>\n<link rel=\"canonical\" href=\"https:\/\/store.nox-xtreme.com\/pt-pt\/producto\/hummer-mc-pro-white-edition\/\" \/>\n<meta property=\"og:locale\" content=\"pt_PT\" \/>\n<meta property=\"og:type\" content=\"article\" \/>\n<meta property=\"og:title\" content=\"Hummer MC Pro - Nox-Xtreme\" \/>\n<meta property=\"og:description\" content=\"Ilumina\u00e7\u00e3o ARGBCompartimento isolado para Fonte e HDDFrente com acabamento em borrachaControladores de velocidadeExcelente sistema para ordenar os cabosFiltros anti-p\u00f3\" \/>\n<meta property=\"og:url\" content=\"https:\/\/store.nox-xtreme.com\/pt-pt\/producto\/hummer-mc-pro-white-edition\/\" \/>\n<meta property=\"og:site_name\" content=\"Nox-Xtreme\" \/>\n<meta property=\"article:modified_time\" content=\"2023-09-04T10:13:35+00:00\" \/>\n<meta name=\"twitter:card\" content=\"summary_large_image\" \/>\n<meta name=\"twitter:label1\" content=\"Tempo estimado de leitura\" \/>\n\t<meta name=\"twitter:data1\" content=\"3 minutos\" \/>\n<script type=\"application\/ld+json\" class=\"yoast-schema-graph\">{\"@context\":\"https:\/\/schema.org\",\"@graph\":[{\"@type\":\"WebPage\",\"@id\":\"https:\/\/store.nox-xtreme.com\/pt-pt\/producto\/hummer-mc-pro-white-edition\/\",\"url\":\"https:\/\/store.nox-xtreme.com\/pt-pt\/producto\/hummer-mc-pro-white-edition\/\",\"name\":\"Hummer MC Pro - Nox-Xtreme\",\"isPartOf\":{\"@id\":\"https:\/\/store.nox-xtreme.com\/#website\"},\"datePublished\":\"2021-02-16T12:07:23+00:00\",\"dateModified\":\"2023-09-04T10:13:35+00:00\",\"breadcrumb\":{\"@id\":\"https:\/\/store.nox-xtreme.com\/pt-pt\/producto\/hummer-mc-pro-white-edition\/#breadcrumb\"},\"inLanguage\":\"pt-PT\",\"potentialAction\":[{\"@type\":\"ReadAction\",\"target\":[\"https:\/\/store.nox-xtreme.com\/pt-pt\/producto\/hummer-mc-pro-white-edition\/\"]}]},{\"@type\":\"BreadcrumbList\",\"@id\":\"https:\/\/store.nox-xtreme.com\/pt-pt\/producto\/hummer-mc-pro-white-edition\/#breadcrumb\",\"itemListElement\":[{\"@type\":\"ListItem\",\"position\":1,\"name\":\"Portada\",\"item\":\"https:\/\/store.nox-xtreme.com\/pt-pt\/\"},{\"@type\":\"ListItem\",\"position\":2,\"name\":\"Productos\",\"item\":\"https:\/\/store.nox-xtreme.com\/shop\/\"},{\"@type\":\"ListItem\",\"position\":3,\"name\":\"Hummer MC Pro\"}]},{\"@type\":\"WebSite\",\"@id\":\"https:\/\/store.nox-xtreme.com\/#website\",\"url\":\"https:\/\/store.nox-xtreme.com\/\",\"name\":\"Nox-Xtreme\",\"description\":\"Boosting You Performance\",\"potentialAction\":[{\"@type\":\"SearchAction\",\"target\":{\"@type\":\"EntryPoint\",\"urlTemplate\":\"https:\/\/store.nox-xtreme.com\/?s={search_term_string}\"},\"query-input\":{\"@type\":\"PropertyValueSpecification\",\"valueRequired\":true,\"valueName\":\"search_term_string\"}}],\"inLanguage\":\"pt-PT\"}]}<\/script>\n<!-- \/ Yoast SEO plugin. -->","yoast_head_json":{"title":"Hummer MC Pro - Nox-Xtreme","robots":{"index":"index","follow":"follow","max-snippet":"max-snippet:-1","max-image-preview":"max-image-preview:large","max-video-preview":"max-video-preview:-1"},"canonical":"https:\/\/store.nox-xtreme.com\/pt-pt\/producto\/hummer-mc-pro-white-edition\/","og_locale":"pt_PT","og_type":"article","og_title":"Hummer MC Pro - Nox-Xtreme","og_description":"Ilumina\u00e7\u00e3o ARGBCompartimento isolado para Fonte e HDDFrente com acabamento em borrachaControladores de velocidadeExcelente sistema para ordenar os cabosFiltros anti-p\u00f3","og_url":"https:\/\/store.nox-xtreme.com\/pt-pt\/producto\/hummer-mc-pro-white-edition\/","og_site_name":"Nox-Xtreme","article_modified_time":"2023-09-04T10:13:35+00:00","twitter_card":"summary_large_image","twitter_misc":{"Tempo estimado de leitura":"3 minutos"},"schema":{"@context":"https:\/\/schema.org","@graph":[{"@type":"WebPage","@id":"https:\/\/store.nox-xtreme.com\/pt-pt\/producto\/hummer-mc-pro-white-edition\/","url":"https:\/\/store.nox-xtreme.com\/pt-pt\/producto\/hummer-mc-pro-white-edition\/","name":"Hummer MC Pro - Nox-Xtreme","isPartOf":{"@id":"https:\/\/store.nox-xtreme.com\/#website"},"datePublished":"2021-02-16T12:07:23+00:00","dateModified":"2023-09-04T10:13:35+00:00","breadcrumb":{"@id":"https:\/\/store.nox-xtreme.com\/pt-pt\/producto\/hummer-mc-pro-white-edition\/#breadcrumb"},"inLanguage":"pt-PT","potentialAction":[{"@type":"ReadAction","target":["https:\/\/store.nox-xtreme.com\/pt-pt\/producto\/hummer-mc-pro-white-edition\/"]}]},{"@type":"BreadcrumbList","@id":"https:\/\/store.nox-xtreme.com\/pt-pt\/producto\/hummer-mc-pro-white-edition\/#breadcrumb","itemListElement":[{"@type":"ListItem","position":1,"name":"Portada","item":"https:\/\/store.nox-xtreme.com\/pt-pt\/"},{"@type":"ListItem","position":2,"name":"Productos","item":"https:\/\/store.nox-xtreme.com\/shop\/"},{"@type":"ListItem","position":3,"name":"Hummer MC Pro"}]},{"@type":"WebSite","@id":"https:\/\/store.nox-xtreme.com\/#website","url":"https:\/\/store.nox-xtreme.com\/","name":"Nox-Xtreme","description":"Boosting You Performance","potentialAction":[{"@type":"SearchAction","target":{"@type":"EntryPoint","urlTemplate":"https:\/\/store.nox-xtreme.com\/?s={search_term_string}"},"query-input":{"@type":"PropertyValueSpecification","valueRequired":true,"valueName":"search_term_string"}}],"inLanguage":"pt-PT"}]}},"_links":{"self":[{"href":"https:\/\/store.nox-xtreme.com\/pt-pt\/wp-json\/wp\/v2\/product\/16425","targetHints":{"allow":["GET"]}}],"collection":[{"href":"https:\/\/store.nox-xtreme.com\/pt-pt\/wp-json\/wp\/v2\/product"}],"about":[{"href":"https:\/\/store.nox-xtreme.com\/pt-pt\/wp-json\/wp\/v2\/types\/product"}],"replies":[{"embeddable":true,"href":"https:\/\/store.nox-xtreme.com\/pt-pt\/wp-json\/wp\/v2\/comments?post=16425"}],"wp:attachment":[{"href":"https:\/\/store.nox-xtreme.com\/pt-pt\/wp-json\/wp\/v2\/media?parent=16425"}],"wp:term":[{"taxonomy":"product_brand","embeddable":true,"href":"https:\/\/store.nox-xtreme.com\/pt-pt\/wp-json\/wp\/v2\/product_brand?post=16425"},{"taxonomy":"product_cat","embeddable":true,"href":"https:\/\/store.nox-xtreme.com\/pt-pt\/wp-json\/wp\/v2\/product_cat?post=16425"},{"taxonomy":"product_tag","embeddable":true,"href":"https:\/\/store.nox-xtreme.com\/pt-pt\/wp-json\/wp\/v2\/product_tag?post=16425"}],"curies":[{"name":"wp","href":"https:\/\/api.w.org\/{rel}","templated":true}]}}