{"id":16405,"date":"2021-01-22T10:19:55","date_gmt":"2021-02-08T11:51:50","guid":{"rendered":"https:\/\/store.nox-xtreme.com\/?post_type=product&#038;p=16405"},"modified":"2022-04-07T17:37:12","modified_gmt":"2022-04-07T15:37:12","slug":"r-hub","status":"publish","type":"product","link":"https:\/\/store.nox-xtreme.com\/pt-pt\/producto\/r-hub\/","title":{"rendered":"R-HUB"},"content":{"rendered":"<h3>R-HUB<\/h3>\n<p>Com o controlador Nox Hummer R-HUB, pode sincronizar seis ventoinhas e at\u00e9 seis dispositivos ARGB. Este controlador de controlo remoto permite regular a velocidade e os efeitos de ilumina\u00e7\u00e3o das ventoinhas do seu computador. <strong> Totalmente compat\u00edvel com as melhores marcas de MB do mercado <\/strong>, como as tecnologias Mystic Light Sync da MSI, GIGABYTE RGB Sync ou Asus Aura RGB Sync, o Nox Hummer R-HUB \u00e9 uma \u00f3tima solu\u00e7\u00e3o para controlar a ilumina\u00e7\u00e3o de todas as suas configura\u00e7\u00f5es na \u00edntegra.<\/p>\n<h3>Poder ARGB para milh\u00f5es de possibilidades<\/h3>\n<p>Vista o seu computador com a est\u00e9tica de jogo que procura <strong> personalizando e sincronizando as ventoinhas com o resto dos componentes da sua configura\u00e7\u00e3o <\/strong>, dando-lhe vida e iluminando as suas vit\u00f3rias em qualquer campo de batalha, celebrando as suas conquistas com espet\u00e1culos de luz impressionantes . <strong> Permitindo configura\u00e7\u00f5es mais complexas da forma mais confort\u00e1vel <\/strong>.<\/p>\n<h3>Com controlo remoto<\/h3>\n<p>Com dimens\u00f5es compactas de 104 x 48 x 16 mm, o <strong> controlador ARGB da Nox <\/strong> inclui o cabo de conex\u00e3o \u00e0 fonte de alimenta\u00e7\u00e3o e o cabo para poder sincronizar com a MB, mas tamb\u00e9m permite que controle a velocidade das ventoinhas e a ilumina\u00e7\u00e3o, de forma que possa adaptar os efeitos ao seu estilo.<\/p>\n<h3>Conex\u00e3o f\u00e1cil<\/h3>\n<p><strong> A instala\u00e7\u00e3o \u00e9 muito simples <\/strong> gra\u00e7as aos conectores de alta qualidade que facilitam a conex\u00e3o. O Nox Hummer R-HUB tem um <strong> hub de 12 portas <\/strong> que permitir\u00e1 que conecte, por um lado, <strong> seis portas de 12 V para ligar seis ventoinhas ARGB em s\u00e9rie <\/strong> e, por outro lado, <strong> seis portas 5 V para seis dispositivos ARGB <\/strong>. Assim, poder\u00e1 sincronizar, entre outros, as <strong> tiras de LED <\/strong>, podendo tamb\u00e9m controlar a sua velocidade sem dificuldades.<\/p>\n","protected":false},"excerpt":{"rendered":"<ul>\n<li>HUB 12 portas (x6 para ventoinhas ARGB | x6 para dispositivos ARGB)<\/li>\n<li>59 efeitos de ilumina\u00e7\u00e3o compat\u00edveis com as principais marcas de MB<\/li>\n<li>Controlo remoto inclu\u00eddo (controlo de velocidade da ventoinha e efeitos de ilumina\u00e7\u00e3o)<\/li>\n<\/ul>\n","protected":false},"featured_media":16322,"comment_status":"closed","ping_status":"closed","template":"","meta":{"inline_featured_image":false},"product_brand":[],"product_cat":[175],"product_tag":[],"class_list":{"0":"post-16405","1":"product","2":"type-product","3":"status-publish","4":"has-post-thumbnail","6":"product_cat-accesorios-pt-pt","8":"first","9":"outofstock","10":"taxable","11":"shipping-taxable","12":"purchasable","13":"product-type-simple"},"yoast_head":"<!-- This site is optimized with the Yoast SEO plugin v26.7 - https:\/\/yoast.com\/wordpress\/plugins\/seo\/ -->\n<title>R-HUB - Nox-Xtreme<\/title>\n<meta name=\"description\" content=\"Hummer R-HUB \u00e9 um hub de 12 portas com 59 efeitos de luz control\u00e1veis remotamente. Compat\u00edvel com todas as principais placas-m\u00e3e.\" \/>\n<meta name=\"robots\" content=\"index, follow, max-snippet:-1, max-image-preview:large, max-video-preview:-1\" \/>\n<link rel=\"canonical\" href=\"https:\/\/store.nox-xtreme.com\/pt-pt\/producto\/r-hub\/\" \/>\n<meta property=\"og:locale\" content=\"pt_PT\" \/>\n<meta property=\"og:type\" content=\"article\" \/>\n<meta property=\"og:title\" content=\"R-HUB - Nox-Xtreme\" \/>\n<meta property=\"og:description\" content=\"Hummer R-HUB \u00e9 um hub de 12 portas com 59 efeitos de luz control\u00e1veis remotamente. Compat\u00edvel com todas as principais placas-m\u00e3e.\" \/>\n<meta property=\"og:url\" content=\"https:\/\/store.nox-xtreme.com\/pt-pt\/producto\/r-hub\/\" \/>\n<meta property=\"og:site_name\" content=\"Nox-Xtreme\" \/>\n<meta property=\"article:modified_time\" content=\"2022-04-07T15:37:12+00:00\" \/>\n<meta property=\"og:image\" content=\"https:\/\/store.nox-xtreme.com\/wp-content\/uploads\/sites\/2\/2021\/01\/nox_hummer_r-hub_01.jpg\" \/>\n\t<meta property=\"og:image:width\" content=\"1049\" \/>\n\t<meta property=\"og:image:height\" content=\"1300\" \/>\n\t<meta property=\"og:image:type\" content=\"image\/jpeg\" \/>\n<meta name=\"twitter:card\" content=\"summary_large_image\" \/>\n<meta name=\"twitter:label1\" content=\"Tempo estimado de leitura\" \/>\n\t<meta name=\"twitter:data1\" content=\"1 minuto\" \/>\n<script type=\"application\/ld+json\" class=\"yoast-schema-graph\">{\"@context\":\"https:\/\/schema.org\",\"@graph\":[{\"@type\":\"WebPage\",\"@id\":\"https:\/\/store.nox-xtreme.com\/pt-pt\/producto\/r-hub\/\",\"url\":\"https:\/\/store.nox-xtreme.com\/pt-pt\/producto\/r-hub\/\",\"name\":\"R-HUB - Nox-Xtreme\",\"isPartOf\":{\"@id\":\"https:\/\/store.nox-xtreme.com\/#website\"},\"primaryImageOfPage\":{\"@id\":\"https:\/\/store.nox-xtreme.com\/pt-pt\/producto\/r-hub\/#primaryimage\"},\"image\":{\"@id\":\"https:\/\/store.nox-xtreme.com\/pt-pt\/producto\/r-hub\/#primaryimage\"},\"thumbnailUrl\":\"https:\/\/store.nox-xtreme.com\/wp-content\/uploads\/sites\/2\/2021\/01\/nox_hummer_r-hub_01.jpg\",\"datePublished\":\"2021-02-08T11:51:50+00:00\",\"dateModified\":\"2022-04-07T15:37:12+00:00\",\"description\":\"Hummer R-HUB \u00e9 um hub de 12 portas com 59 efeitos de luz control\u00e1veis remotamente. Compat\u00edvel com todas as principais placas-m\u00e3e.\",\"breadcrumb\":{\"@id\":\"https:\/\/store.nox-xtreme.com\/pt-pt\/producto\/r-hub\/#breadcrumb\"},\"inLanguage\":\"pt-PT\",\"potentialAction\":[{\"@type\":\"ReadAction\",\"target\":[\"https:\/\/store.nox-xtreme.com\/pt-pt\/producto\/r-hub\/\"]}]},{\"@type\":\"ImageObject\",\"inLanguage\":\"pt-PT\",\"@id\":\"https:\/\/store.nox-xtreme.com\/pt-pt\/producto\/r-hub\/#primaryimage\",\"url\":\"https:\/\/store.nox-xtreme.com\/wp-content\/uploads\/sites\/2\/2021\/01\/nox_hummer_r-hub_01.jpg\",\"contentUrl\":\"https:\/\/store.nox-xtreme.com\/wp-content\/uploads\/sites\/2\/2021\/01\/nox_hummer_r-hub_01.jpg\",\"width\":1049,\"height\":1300},{\"@type\":\"BreadcrumbList\",\"@id\":\"https:\/\/store.nox-xtreme.com\/pt-pt\/producto\/r-hub\/#breadcrumb\",\"itemListElement\":[{\"@type\":\"ListItem\",\"position\":1,\"name\":\"Portada\",\"item\":\"https:\/\/store.nox-xtreme.com\/pt-pt\/\"},{\"@type\":\"ListItem\",\"position\":2,\"name\":\"Productos\",\"item\":\"https:\/\/store.nox-xtreme.com\/shop\/\"},{\"@type\":\"ListItem\",\"position\":3,\"name\":\"R-HUB\"}]},{\"@type\":\"WebSite\",\"@id\":\"https:\/\/store.nox-xtreme.com\/#website\",\"url\":\"https:\/\/store.nox-xtreme.com\/\",\"name\":\"Nox-Xtreme\",\"description\":\"Boosting You Performance\",\"potentialAction\":[{\"@type\":\"SearchAction\",\"target\":{\"@type\":\"EntryPoint\",\"urlTemplate\":\"https:\/\/store.nox-xtreme.com\/?s={search_term_string}\"},\"query-input\":{\"@type\":\"PropertyValueSpecification\",\"valueRequired\":true,\"valueName\":\"search_term_string\"}}],\"inLanguage\":\"pt-PT\"}]}<\/script>\n<!-- \/ Yoast SEO plugin. -->","yoast_head_json":{"title":"R-HUB - Nox-Xtreme","description":"Hummer R-HUB \u00e9 um hub de 12 portas com 59 efeitos de luz control\u00e1veis remotamente. Compat\u00edvel com todas as principais placas-m\u00e3e.","robots":{"index":"index","follow":"follow","max-snippet":"max-snippet:-1","max-image-preview":"max-image-preview:large","max-video-preview":"max-video-preview:-1"},"canonical":"https:\/\/store.nox-xtreme.com\/pt-pt\/producto\/r-hub\/","og_locale":"pt_PT","og_type":"article","og_title":"R-HUB - Nox-Xtreme","og_description":"Hummer R-HUB \u00e9 um hub de 12 portas com 59 efeitos de luz control\u00e1veis remotamente. Compat\u00edvel com todas as principais placas-m\u00e3e.","og_url":"https:\/\/store.nox-xtreme.com\/pt-pt\/producto\/r-hub\/","og_site_name":"Nox-Xtreme","article_modified_time":"2022-04-07T15:37:12+00:00","og_image":[{"width":1049,"height":1300,"url":"https:\/\/store.nox-xtreme.com\/wp-content\/uploads\/sites\/2\/2021\/01\/nox_hummer_r-hub_01.jpg","type":"image\/jpeg"}],"twitter_card":"summary_large_image","twitter_misc":{"Tempo estimado de leitura":"1 minuto"},"schema":{"@context":"https:\/\/schema.org","@graph":[{"@type":"WebPage","@id":"https:\/\/store.nox-xtreme.com\/pt-pt\/producto\/r-hub\/","url":"https:\/\/store.nox-xtreme.com\/pt-pt\/producto\/r-hub\/","name":"R-HUB - Nox-Xtreme","isPartOf":{"@id":"https:\/\/store.nox-xtreme.com\/#website"},"primaryImageOfPage":{"@id":"https:\/\/store.nox-xtreme.com\/pt-pt\/producto\/r-hub\/#primaryimage"},"image":{"@id":"https:\/\/store.nox-xtreme.com\/pt-pt\/producto\/r-hub\/#primaryimage"},"thumbnailUrl":"https:\/\/store.nox-xtreme.com\/wp-content\/uploads\/sites\/2\/2021\/01\/nox_hummer_r-hub_01.jpg","datePublished":"2021-02-08T11:51:50+00:00","dateModified":"2022-04-07T15:37:12+00:00","description":"Hummer R-HUB \u00e9 um hub de 12 portas com 59 efeitos de luz control\u00e1veis remotamente. Compat\u00edvel com todas as principais placas-m\u00e3e.","breadcrumb":{"@id":"https:\/\/store.nox-xtreme.com\/pt-pt\/producto\/r-hub\/#breadcrumb"},"inLanguage":"pt-PT","potentialAction":[{"@type":"ReadAction","target":["https:\/\/store.nox-xtreme.com\/pt-pt\/producto\/r-hub\/"]}]},{"@type":"ImageObject","inLanguage":"pt-PT","@id":"https:\/\/store.nox-xtreme.com\/pt-pt\/producto\/r-hub\/#primaryimage","url":"https:\/\/store.nox-xtreme.com\/wp-content\/uploads\/sites\/2\/2021\/01\/nox_hummer_r-hub_01.jpg","contentUrl":"https:\/\/store.nox-xtreme.com\/wp-content\/uploads\/sites\/2\/2021\/01\/nox_hummer_r-hub_01.jpg","width":1049,"height":1300},{"@type":"BreadcrumbList","@id":"https:\/\/store.nox-xtreme.com\/pt-pt\/producto\/r-hub\/#breadcrumb","itemListElement":[{"@type":"ListItem","position":1,"name":"Portada","item":"https:\/\/store.nox-xtreme.com\/pt-pt\/"},{"@type":"ListItem","position":2,"name":"Productos","item":"https:\/\/store.nox-xtreme.com\/shop\/"},{"@type":"ListItem","position":3,"name":"R-HUB"}]},{"@type":"WebSite","@id":"https:\/\/store.nox-xtreme.com\/#website","url":"https:\/\/store.nox-xtreme.com\/","name":"Nox-Xtreme","description":"Boosting You Performance","potentialAction":[{"@type":"SearchAction","target":{"@type":"EntryPoint","urlTemplate":"https:\/\/store.nox-xtreme.com\/?s={search_term_string}"},"query-input":{"@type":"PropertyValueSpecification","valueRequired":true,"valueName":"search_term_string"}}],"inLanguage":"pt-PT"}]}},"_links":{"self":[{"href":"https:\/\/store.nox-xtreme.com\/pt-pt\/wp-json\/wp\/v2\/product\/16405","targetHints":{"allow":["GET"]}}],"collection":[{"href":"https:\/\/store.nox-xtreme.com\/pt-pt\/wp-json\/wp\/v2\/product"}],"about":[{"href":"https:\/\/store.nox-xtreme.com\/pt-pt\/wp-json\/wp\/v2\/types\/product"}],"replies":[{"embeddable":true,"href":"https:\/\/store.nox-xtreme.com\/pt-pt\/wp-json\/wp\/v2\/comments?post=16405"}],"wp:featuredmedia":[{"embeddable":true,"href":"https:\/\/store.nox-xtreme.com\/pt-pt\/wp-json\/wp\/v2\/media\/16322"}],"wp:attachment":[{"href":"https:\/\/store.nox-xtreme.com\/pt-pt\/wp-json\/wp\/v2\/media?parent=16405"}],"wp:term":[{"taxonomy":"product_brand","embeddable":true,"href":"https:\/\/store.nox-xtreme.com\/pt-pt\/wp-json\/wp\/v2\/product_brand?post=16405"},{"taxonomy":"product_cat","embeddable":true,"href":"https:\/\/store.nox-xtreme.com\/pt-pt\/wp-json\/wp\/v2\/product_cat?post=16405"},{"taxonomy":"product_tag","embeddable":true,"href":"https:\/\/store.nox-xtreme.com\/pt-pt\/wp-json\/wp\/v2\/product_tag?post=16405"}],"curies":[{"name":"wp","href":"https:\/\/api.w.org\/{rel}","templated":true}]}}