{"id":16156,"date":"2020-08-25T14:29:53","date_gmt":"2020-08-25T12:29:53","guid":{"rendered":"https:\/\/store.nox-xtreme.com\/producto\/lite-030\/"},"modified":"2022-04-08T12:44:14","modified_gmt":"2022-04-08T10:44:14","slug":"lite-030","status":"publish","type":"product","link":"https:\/\/store.nox-xtreme.com\/pt-pt\/producto\/lite-030\/","title":{"rendered":"Lite030"},"content":{"rendered":"<h3>LITE030<\/h3>\n<p>O LITE030 \u00e9 a caixa  mais compacta da s\u00e9rie Lite. \u00c9 uma mini torre compat\u00edvel com as placas micro ATX e mini ITX , mas, apesar de suas pequenas dimens\u00f5es, permite alojar um equipamento completo que garante desempenho eficiente.<\/p>\n<h3>Frontal e acabamentos<\/h3>\n<p>O LITE030 \u00e9 uma caixa totalmente preta com acabamento escovado na frente  e detalhes de malha nas laterais. No painel superior possui uma conex\u00e3o USB 3.0 de alta velocidade, duas conex\u00f5es USB 2.0 e conex\u00f5es de \u00e1udio.<\/p>\n<h3>Design e desempenho<\/h3>\n<p>O interior da LITE030 possui amplas op\u00e7\u00f5es de armazenamento, pois \u00e9 poss\u00edvel instalar at\u00e9  quatro SSDs de 2,5 &quot; ou tr\u00eas HDDs de 3,5&quot; . Al\u00e9m disso, a LITE030 possui um compartimento externo para unidades de 5,25 &quot;.<\/p>\n<h3>Compatibilidade<\/h3>\n<p>Compacto, mas vers\u00e1til: o LITE030 pode acomodar ventoinhas de at\u00e9 147 mm de altura e  placas gr\u00e1ficas de at\u00e9 315 mm .<\/p>\n<h3>Sistema de ventila\u00e7\u00e3o<\/h3>\n<p>O LITE030 permite instalar  at\u00e9 tr\u00eas ventoinhas : uma ventoinha frontal de 120 mm, uma ventoinha lateral de 120 mm e uma ventoinha traseira de 80 mm.<\/p>\n","protected":false},"excerpt":{"rendered":"<ul>\n<li>Frente com acabamento efeito escovado<\/li>\n<li>Capacidade de instalar at\u00e9 3 ventoinhas<\/li>\n<li>Capacidade para at\u00e9 4 SSD de 2,5 &#039;&#039; e 3 HDD de 3,5 &#039;&#039;<\/li>\n<li>Compat\u00edvel com gr\u00e1ficas de at\u00e9 315 mm<\/li>\n<\/ul>\n","protected":false},"featured_media":14313,"comment_status":"closed","ping_status":"closed","template":"","meta":{"inline_featured_image":false},"product_brand":[],"product_cat":[176],"product_tag":[],"class_list":{"0":"post-16156","1":"product","2":"type-product","3":"status-publish","4":"has-post-thumbnail","6":"product_cat-cajas-pt-pt-2","8":"first","9":"instock","10":"taxable","11":"shipping-taxable","12":"purchasable","13":"product-type-simple"},"_links":{"self":[{"href":"https:\/\/store.nox-xtreme.com\/pt-pt\/wp-json\/wp\/v2\/product\/16156","targetHints":{"allow":["GET"]}}],"collection":[{"href":"https:\/\/store.nox-xtreme.com\/pt-pt\/wp-json\/wp\/v2\/product"}],"about":[{"href":"https:\/\/store.nox-xtreme.com\/pt-pt\/wp-json\/wp\/v2\/types\/product"}],"replies":[{"embeddable":true,"href":"https:\/\/store.nox-xtreme.com\/pt-pt\/wp-json\/wp\/v2\/comments?post=16156"}],"wp:featuredmedia":[{"embeddable":true,"href":"https:\/\/store.nox-xtreme.com\/pt-pt\/wp-json\/wp\/v2\/media\/14313"}],"wp:attachment":[{"href":"https:\/\/store.nox-xtreme.com\/pt-pt\/wp-json\/wp\/v2\/media?parent=16156"}],"wp:term":[{"taxonomy":"product_brand","embeddable":true,"href":"https:\/\/store.nox-xtreme.com\/pt-pt\/wp-json\/wp\/v2\/product_brand?post=16156"},{"taxonomy":"product_cat","embeddable":true,"href":"https:\/\/store.nox-xtreme.com\/pt-pt\/wp-json\/wp\/v2\/product_cat?post=16156"},{"taxonomy":"product_tag","embeddable":true,"href":"https:\/\/store.nox-xtreme.com\/pt-pt\/wp-json\/wp\/v2\/product_tag?post=16156"}],"curies":[{"name":"wp","href":"https:\/\/api.w.org\/{rel}","templated":true}]}}