{"id":16150,"date":"2020-08-28T14:28:16","date_gmt":"2020-08-28T12:28:16","guid":{"rendered":"https:\/\/store.nox-xtreme.com\/producto\/coolbay-rx\/"},"modified":"2024-11-22T14:26:08","modified_gmt":"2024-11-22T13:26:08","slug":"coolbay-rx","status":"publish","type":"product","link":"https:\/\/store.nox-xtreme.com\/pt-pt\/producto\/coolbay-rx\/","title":{"rendered":"Coolbay RX"},"content":{"rendered":"<h3>Coolbay RX<\/h3>\n<p>A Nox expande a sua s\u00e9rie Coolbay com a nova RX, um chassi com v\u00e1rias op\u00e7\u00f5es de ventila\u00e7\u00e3o e compatibilidade.<\/p>\n<p>A Coolbay RX foi feita de a\u00e7o SGCC e projetada em preto por dentro e por fora. O seu painel frontal com malha met\u00e1lica facilitar\u00e1 a entrada de ar para o interior do equipamento, al\u00e9m de proporcionar eleg\u00e2ncia e sobriedade.<\/p>\n<h3>Amplas possibilidades<\/h3>\n<p>Compat\u00edvel com placas ATX  e micro ATX , Coolbay RX pode abrigar um equipamento de alto desempenho: no seu interior podemos instalar at\u00e9 quatro discos r\u00edgidos (dois 3,5 &quot;e dois 2,5 &quot;), gr\u00e1ficas de at\u00e9 370 mm de comprimento e  coolers com altura m\u00e1xima de 148 mm .<\/p>\n<h3>Fluxo de ar ideal<\/h3>\n<p>A Coolbay RX tem ventoinha frontal de 120mm e possibilidade de instala\u00e7\u00e3o de mais duas (uma lateral e outra traseira). Tudo isso junto com o painel frontal e a grade lateral, permitir\u00e3o um \u00f3timo fluxo de ar no interior do equipamento.<\/p>\n","protected":false},"excerpt":{"rendered":"<ul>\n<li>ATX \/ Micro ATX compat\u00edvel<\/li>\n<li>Porta USB 3.0<\/li>\n<li>Frente com acabamento em malha de metal<\/li>\n<li>At\u00e9 3 ventoinhas<\/li>\n<\/ul>\n","protected":false},"featured_media":13929,"comment_status":"closed","ping_status":"closed","template":"","meta":{"inline_featured_image":false},"product_brand":[],"product_cat":[176],"product_tag":[],"class_list":{"0":"post-16150","1":"product","2":"type-product","3":"status-publish","4":"has-post-thumbnail","6":"product_cat-cajas-pt-pt-2","8":"first","9":"outofstock","10":"taxable","11":"shipping-taxable","12":"purchasable","13":"product-type-simple"},"_links":{"self":[{"href":"https:\/\/store.nox-xtreme.com\/pt-pt\/wp-json\/wp\/v2\/product\/16150","targetHints":{"allow":["GET"]}}],"collection":[{"href":"https:\/\/store.nox-xtreme.com\/pt-pt\/wp-json\/wp\/v2\/product"}],"about":[{"href":"https:\/\/store.nox-xtreme.com\/pt-pt\/wp-json\/wp\/v2\/types\/product"}],"replies":[{"embeddable":true,"href":"https:\/\/store.nox-xtreme.com\/pt-pt\/wp-json\/wp\/v2\/comments?post=16150"}],"wp:featuredmedia":[{"embeddable":true,"href":"https:\/\/store.nox-xtreme.com\/pt-pt\/wp-json\/wp\/v2\/media\/13929"}],"wp:attachment":[{"href":"https:\/\/store.nox-xtreme.com\/pt-pt\/wp-json\/wp\/v2\/media?parent=16150"}],"wp:term":[{"taxonomy":"product_brand","embeddable":true,"href":"https:\/\/store.nox-xtreme.com\/pt-pt\/wp-json\/wp\/v2\/product_brand?post=16150"},{"taxonomy":"product_cat","embeddable":true,"href":"https:\/\/store.nox-xtreme.com\/pt-pt\/wp-json\/wp\/v2\/product_cat?post=16150"},{"taxonomy":"product_tag","embeddable":true,"href":"https:\/\/store.nox-xtreme.com\/pt-pt\/wp-json\/wp\/v2\/product_tag?post=16150"}],"curies":[{"name":"wp","href":"https:\/\/api.w.org\/{rel}","templated":true}]}}