{"id":16149,"date":"2020-08-28T14:30:30","date_gmt":"2020-08-28T12:30:30","guid":{"rendered":"https:\/\/store.nox-xtreme.com\/producto\/hummer-zs-zero-edition\/"},"modified":"2022-04-08T12:18:30","modified_gmt":"2022-04-08T10:18:30","slug":"hummer-zs-zero-edition","status":"publish","type":"product","link":"https:\/\/store.nox-xtreme.com\/pt-pt\/producto\/hummer-zs-zero-edition\/","title":{"rendered":"Hummer ZS Zero Edition"},"content":{"rendered":"<h3>Hummer ZS<\/h3>\n<p>Hummer ZS es el chasis m\u00e1s compacto de la renovada serie Hummer. Una semitorre disponible en blanco y negro con una gran ventana acr\u00edlica que permite ver el interior del equipo y todos sus componentes.<br \/>\nEn su interior es posible albergar un equipo de altas prestaciones con un excelente sistema de refrigeraci\u00f3n que permitir\u00e1 funcionar al equipo de manera \u00f3ptima.<\/p>\n<h3>Accesos y panel frontal<\/h3>\n<p>El panel frontal de Hummer ZS cuenta con dos puertos USB 2.0 y dos puertos USB 3.0, as\u00ed como las conexiones de audio. En el panel lateral encontramos, por un lado, <strong>dos controladores de velocidad<\/strong> para controlar hasta 4 ventiladores, regulables en 3 posiciones: LOW\/STOP\/HIGH, y por otro lado, <strong>lector de tarjetas SD y Micro SD<\/strong>, lo cual facilita la accesibilidad a las conexiones de todos nuestros dispositivos externos.<\/p>\n<h3>Gesti\u00f3n de cableado y flujo de aire<\/h3>\n<p>Gracias al gran lateral para la gesti\u00f3n del cableado, es posible realizar un <strong>montaje limpio y ordenado<\/strong> tras la placa base, para que nada influya en la circulaci\u00f3n del aire.<\/p>\n<p>Pese a ser la peque\u00f1a de la serie, Hummer ZS cuenta con espacio para albergar un equipo de altas prestaciones, ya que en su interior es posible instalar una gr\u00e1fica de gran longitud, <strong>hasta 380 mm<\/strong> y coolers de una altura m\u00e1xima de 161 mm.<\/p>\n<h3>Capacidad de almacenamiento<\/h3>\n<p>En cuanto a las opciones de almacenamiento, Hummer ZS dispone de espacio para instalar <strong>hasta 6 unidades<\/strong>, ya que cuenta con dos bah\u00edas externas de 5.25&#8243; y capacidad para cuatro unidades m\u00e1s en su interior, dos de 3.5&#8243; en la parte inferior y dos SSD de 2.5&#8243; en el lateral.<\/p>\n<p>Este detalle, permite aprovechar mejor el espacio del interior, realizando un montaje m\u00e1s limpio que contribuya a mejorar el flujo de aire.<\/p>\n<h3>Dise\u00f1o<\/h3>\n<p>La peque\u00f1a de la serie Hummer contin\u00faa con el dise\u00f1o caracter\u00edstico de toda la serie, <strong>frontales sobrios y elegantes acabados<\/strong>. El frontal ha sido dise\u00f1ado con efecto brush y detalles de metal mesh en los laterales.<\/p>\n<p>La ventana acr\u00edlica que incorpora en el lateral permitir\u00e1 tener una perfecta visi\u00f3n del interior del equipo y de todos sus componentes.<\/p>\n<h3>Sistema de ventilaci\u00f3n<\/h3>\n<p>Hummer ZS cuenta con un excelente sistema de ventilaci\u00f3n, que garantiza un eficaz flujo de aire en el interior del equipo. En su interior cuenta con <strong>dos ventiladores de 120 mm preinstalados<\/strong>, uno en la parte frontal y uno en la parte posterior. Adicionalmente, ofrece la posibilidad de instalar tres ventiladores m\u00e1s de 120 mm; dos en el frontal y uno en la parte superior.<\/p>\n<p>Cuenta con un <strong>compartimento en la parte inferior<\/strong> para ubicar la PSU y los HDD , de manera que el calor desprendido por estos, no se transfiera al resto de componentes. Adem\u00e1s, este compartimento cuenta con la posibilidad de instalar dos ventiladores de 120 mm en su parte superior para extraer el calor generado por la PSU y los HDD.<\/p>\n<p>En su panel superior cuenta con un <strong>filtro anti polvo imantado<\/strong>, que adem\u00e1s de ayudarnos a mantener el equipo limpio, ayudar\u00e1 a expulsar el calor del interior hacia fuera para mantener un <strong>excelente flujo de aire<\/strong>.<\/p>\n<h3>Opciones de refrigeraci\u00f3n<\/h3>\n<p>Para que todos los componentes del interior de nuestro equipo puedan funcionar al m\u00e1ximo rendimiento, es preciso mantener una correcta refrigeraci\u00f3n, por ello Hummer ZS cuenta con la posibilidad de instalar en su interior <strong>sistemas de refrigeraci\u00f3n l\u00edquida<\/strong>. Su frontal cuenta con espacio para sistemas de refrigeraci\u00f3n con radiador doble de 240 mm y en el panel superior y trasero es posible albergar un radiador de 120 mm.<\/p>\n","protected":false},"excerpt":{"rendered":"<ul>\n<li>Compartimento aislado para la fuente de alimentaci\u00f3n y HDD<\/li>\n<li>Ventana lateral transparente<\/li>\n<li>Dos controladores de velocidad para hasta 4 ventiladores con tres posiciones (LOW\/STOP\/HIGH)<\/li>\n<li>Gran opci\u00f3n para sistemas de refrigeraci\u00f3n l\u00edquida<\/li>\n<li>Incluye 2 ventiladores de 120 mm<\/li>\n<li>Lector de tarjetas compatible con SD\/micro SD<\/li>\n<\/ul>\n","protected":false},"featured_media":14187,"comment_status":"closed","ping_status":"closed","template":"","meta":{"inline_featured_image":false},"product_brand":[],"product_cat":[176],"product_tag":[],"class_list":{"0":"post-16149","1":"product","2":"type-product","3":"status-publish","4":"has-post-thumbnail","6":"product_cat-cajas-pt-pt-2","8":"first","9":"outofstock","10":"taxable","11":"shipping-taxable","12":"purchasable","13":"product-type-simple"},"yoast_head":"<!-- This site is optimized with the Yoast SEO plugin v26.7 - https:\/\/yoast.com\/wordpress\/plugins\/seo\/ -->\n<title>Hummer ZS Zero Edition - Nox-Xtreme<\/title>\n<meta name=\"robots\" content=\"index, follow, max-snippet:-1, max-image-preview:large, max-video-preview:-1\" \/>\n<link rel=\"canonical\" href=\"https:\/\/store.nox-xtreme.com\/pt-pt\/producto\/hummer-zs-zero-edition\/\" \/>\n<meta property=\"og:locale\" content=\"pt_PT\" \/>\n<meta property=\"og:type\" content=\"article\" \/>\n<meta property=\"og:title\" content=\"Hummer ZS Zero Edition - Nox-Xtreme\" \/>\n<meta property=\"og:description\" content=\"Compartimento aislado para la fuente de alimentaci\u00f3n y HDD  Ventana lateral transparente  Dos controladores de velocidad para hasta 4 ventiladores con tres posiciones (LOW\/STOP\/HIGH)  Gran opci\u00f3n para sistemas de refrigeraci\u00f3n l\u00edquida  Incluye 2 ventiladores de 120 mm  Lector de tarjetas compatible con SD\/micro SD\" \/>\n<meta property=\"og:url\" content=\"https:\/\/store.nox-xtreme.com\/pt-pt\/producto\/hummer-zs-zero-edition\/\" \/>\n<meta property=\"og:site_name\" content=\"Nox-Xtreme\" \/>\n<meta property=\"article:modified_time\" content=\"2022-04-08T10:18:30+00:00\" \/>\n<meta property=\"og:image\" content=\"https:\/\/store.nox-xtreme.com\/wp-content\/uploads\/sites\/2\/2020\/09\/nox_hummer_zs_white_1.jpg\" \/>\n\t<meta property=\"og:image:width\" content=\"1049\" \/>\n\t<meta property=\"og:image:height\" content=\"1300\" \/>\n\t<meta property=\"og:image:type\" content=\"image\/jpeg\" \/>\n<meta name=\"twitter:card\" content=\"summary_large_image\" \/>\n<meta name=\"twitter:label1\" content=\"Tempo estimado de leitura\" \/>\n\t<meta name=\"twitter:data1\" content=\"3 minutos\" \/>\n<script type=\"application\/ld+json\" class=\"yoast-schema-graph\">{\"@context\":\"https:\/\/schema.org\",\"@graph\":[{\"@type\":\"WebPage\",\"@id\":\"https:\/\/store.nox-xtreme.com\/pt-pt\/producto\/hummer-zs-zero-edition\/\",\"url\":\"https:\/\/store.nox-xtreme.com\/pt-pt\/producto\/hummer-zs-zero-edition\/\",\"name\":\"Hummer ZS Zero Edition - Nox-Xtreme\",\"isPartOf\":{\"@id\":\"https:\/\/store.nox-xtreme.com\/#website\"},\"primaryImageOfPage\":{\"@id\":\"https:\/\/store.nox-xtreme.com\/pt-pt\/producto\/hummer-zs-zero-edition\/#primaryimage\"},\"image\":{\"@id\":\"https:\/\/store.nox-xtreme.com\/pt-pt\/producto\/hummer-zs-zero-edition\/#primaryimage\"},\"thumbnailUrl\":\"https:\/\/store.nox-xtreme.com\/wp-content\/uploads\/sites\/2\/2020\/09\/nox_hummer_zs_white_1.jpg\",\"datePublished\":\"2020-08-28T12:30:30+00:00\",\"dateModified\":\"2022-04-08T10:18:30+00:00\",\"breadcrumb\":{\"@id\":\"https:\/\/store.nox-xtreme.com\/pt-pt\/producto\/hummer-zs-zero-edition\/#breadcrumb\"},\"inLanguage\":\"pt-PT\",\"potentialAction\":[{\"@type\":\"ReadAction\",\"target\":[\"https:\/\/store.nox-xtreme.com\/pt-pt\/producto\/hummer-zs-zero-edition\/\"]}]},{\"@type\":\"ImageObject\",\"inLanguage\":\"pt-PT\",\"@id\":\"https:\/\/store.nox-xtreme.com\/pt-pt\/producto\/hummer-zs-zero-edition\/#primaryimage\",\"url\":\"https:\/\/store.nox-xtreme.com\/wp-content\/uploads\/sites\/2\/2020\/09\/nox_hummer_zs_white_1.jpg\",\"contentUrl\":\"https:\/\/store.nox-xtreme.com\/wp-content\/uploads\/sites\/2\/2020\/09\/nox_hummer_zs_white_1.jpg\",\"width\":1049,\"height\":1300},{\"@type\":\"BreadcrumbList\",\"@id\":\"https:\/\/store.nox-xtreme.com\/pt-pt\/producto\/hummer-zs-zero-edition\/#breadcrumb\",\"itemListElement\":[{\"@type\":\"ListItem\",\"position\":1,\"name\":\"Portada\",\"item\":\"https:\/\/store.nox-xtreme.com\/pt-pt\/\"},{\"@type\":\"ListItem\",\"position\":2,\"name\":\"Productos\",\"item\":\"https:\/\/store.nox-xtreme.com\/shop\/\"},{\"@type\":\"ListItem\",\"position\":3,\"name\":\"Hummer ZS Zero Edition\"}]},{\"@type\":\"WebSite\",\"@id\":\"https:\/\/store.nox-xtreme.com\/#website\",\"url\":\"https:\/\/store.nox-xtreme.com\/\",\"name\":\"Nox-Xtreme\",\"description\":\"Boosting You Performance\",\"potentialAction\":[{\"@type\":\"SearchAction\",\"target\":{\"@type\":\"EntryPoint\",\"urlTemplate\":\"https:\/\/store.nox-xtreme.com\/?s={search_term_string}\"},\"query-input\":{\"@type\":\"PropertyValueSpecification\",\"valueRequired\":true,\"valueName\":\"search_term_string\"}}],\"inLanguage\":\"pt-PT\"}]}<\/script>\n<!-- \/ Yoast SEO plugin. -->","yoast_head_json":{"title":"Hummer ZS Zero Edition - Nox-Xtreme","robots":{"index":"index","follow":"follow","max-snippet":"max-snippet:-1","max-image-preview":"max-image-preview:large","max-video-preview":"max-video-preview:-1"},"canonical":"https:\/\/store.nox-xtreme.com\/pt-pt\/producto\/hummer-zs-zero-edition\/","og_locale":"pt_PT","og_type":"article","og_title":"Hummer ZS Zero Edition - Nox-Xtreme","og_description":"Compartimento aislado para la fuente de alimentaci\u00f3n y HDD  Ventana lateral transparente  Dos controladores de velocidad para hasta 4 ventiladores con tres posiciones (LOW\/STOP\/HIGH)  Gran opci\u00f3n para sistemas de refrigeraci\u00f3n l\u00edquida  Incluye 2 ventiladores de 120 mm  Lector de tarjetas compatible con SD\/micro SD","og_url":"https:\/\/store.nox-xtreme.com\/pt-pt\/producto\/hummer-zs-zero-edition\/","og_site_name":"Nox-Xtreme","article_modified_time":"2022-04-08T10:18:30+00:00","og_image":[{"width":1049,"height":1300,"url":"https:\/\/store.nox-xtreme.com\/wp-content\/uploads\/sites\/2\/2020\/09\/nox_hummer_zs_white_1.jpg","type":"image\/jpeg"}],"twitter_card":"summary_large_image","twitter_misc":{"Tempo estimado de leitura":"3 minutos"},"schema":{"@context":"https:\/\/schema.org","@graph":[{"@type":"WebPage","@id":"https:\/\/store.nox-xtreme.com\/pt-pt\/producto\/hummer-zs-zero-edition\/","url":"https:\/\/store.nox-xtreme.com\/pt-pt\/producto\/hummer-zs-zero-edition\/","name":"Hummer ZS Zero Edition - Nox-Xtreme","isPartOf":{"@id":"https:\/\/store.nox-xtreme.com\/#website"},"primaryImageOfPage":{"@id":"https:\/\/store.nox-xtreme.com\/pt-pt\/producto\/hummer-zs-zero-edition\/#primaryimage"},"image":{"@id":"https:\/\/store.nox-xtreme.com\/pt-pt\/producto\/hummer-zs-zero-edition\/#primaryimage"},"thumbnailUrl":"https:\/\/store.nox-xtreme.com\/wp-content\/uploads\/sites\/2\/2020\/09\/nox_hummer_zs_white_1.jpg","datePublished":"2020-08-28T12:30:30+00:00","dateModified":"2022-04-08T10:18:30+00:00","breadcrumb":{"@id":"https:\/\/store.nox-xtreme.com\/pt-pt\/producto\/hummer-zs-zero-edition\/#breadcrumb"},"inLanguage":"pt-PT","potentialAction":[{"@type":"ReadAction","target":["https:\/\/store.nox-xtreme.com\/pt-pt\/producto\/hummer-zs-zero-edition\/"]}]},{"@type":"ImageObject","inLanguage":"pt-PT","@id":"https:\/\/store.nox-xtreme.com\/pt-pt\/producto\/hummer-zs-zero-edition\/#primaryimage","url":"https:\/\/store.nox-xtreme.com\/wp-content\/uploads\/sites\/2\/2020\/09\/nox_hummer_zs_white_1.jpg","contentUrl":"https:\/\/store.nox-xtreme.com\/wp-content\/uploads\/sites\/2\/2020\/09\/nox_hummer_zs_white_1.jpg","width":1049,"height":1300},{"@type":"BreadcrumbList","@id":"https:\/\/store.nox-xtreme.com\/pt-pt\/producto\/hummer-zs-zero-edition\/#breadcrumb","itemListElement":[{"@type":"ListItem","position":1,"name":"Portada","item":"https:\/\/store.nox-xtreme.com\/pt-pt\/"},{"@type":"ListItem","position":2,"name":"Productos","item":"https:\/\/store.nox-xtreme.com\/shop\/"},{"@type":"ListItem","position":3,"name":"Hummer ZS Zero Edition"}]},{"@type":"WebSite","@id":"https:\/\/store.nox-xtreme.com\/#website","url":"https:\/\/store.nox-xtreme.com\/","name":"Nox-Xtreme","description":"Boosting You Performance","potentialAction":[{"@type":"SearchAction","target":{"@type":"EntryPoint","urlTemplate":"https:\/\/store.nox-xtreme.com\/?s={search_term_string}"},"query-input":{"@type":"PropertyValueSpecification","valueRequired":true,"valueName":"search_term_string"}}],"inLanguage":"pt-PT"}]}},"_links":{"self":[{"href":"https:\/\/store.nox-xtreme.com\/pt-pt\/wp-json\/wp\/v2\/product\/16149","targetHints":{"allow":["GET"]}}],"collection":[{"href":"https:\/\/store.nox-xtreme.com\/pt-pt\/wp-json\/wp\/v2\/product"}],"about":[{"href":"https:\/\/store.nox-xtreme.com\/pt-pt\/wp-json\/wp\/v2\/types\/product"}],"replies":[{"embeddable":true,"href":"https:\/\/store.nox-xtreme.com\/pt-pt\/wp-json\/wp\/v2\/comments?post=16149"}],"wp:featuredmedia":[{"embeddable":true,"href":"https:\/\/store.nox-xtreme.com\/pt-pt\/wp-json\/wp\/v2\/media\/14187"}],"wp:attachment":[{"href":"https:\/\/store.nox-xtreme.com\/pt-pt\/wp-json\/wp\/v2\/media?parent=16149"}],"wp:term":[{"taxonomy":"product_brand","embeddable":true,"href":"https:\/\/store.nox-xtreme.com\/pt-pt\/wp-json\/wp\/v2\/product_brand?post=16149"},{"taxonomy":"product_cat","embeddable":true,"href":"https:\/\/store.nox-xtreme.com\/pt-pt\/wp-json\/wp\/v2\/product_cat?post=16149"},{"taxonomy":"product_tag","embeddable":true,"href":"https:\/\/store.nox-xtreme.com\/pt-pt\/wp-json\/wp\/v2\/product_tag?post=16149"}],"curies":[{"name":"wp","href":"https:\/\/api.w.org\/{rel}","templated":true}]}}