{"id":16140,"date":"2020-08-31T16:29:25","date_gmt":"2020-08-31T12:29:25","guid":{"rendered":"https:\/\/store.nox-xtreme.com\/producto\/hummer-zx\/"},"modified":"2023-09-04T12:13:40","modified_gmt":"2023-09-04T10:13:40","slug":"hummer-zx","status":"publish","type":"product","link":"https:\/\/store.nox-xtreme.com\/pt-pt\/producto\/hummer-zx\/","title":{"rendered":"Hummer ZX"},"content":{"rendered":"<h3>Hummer ZX <\/h3>\n<p>A Hummer ZX \u00e9 uma caixa semitorre com v\u00e1rias op\u00e7\u00f5es de armazenamento e um sistema de ventila\u00e7\u00e3o completo, onde pode instalar todos os componentes de maneira ordenada, sem sacrificar o design ou espa\u00e7o.<\/p>\n<h3>Design Elegante<\/h3>\n<p>A Hummer ZX possui uma elegante frente de alum\u00ednio com grade met\u00e1lica, que garante desempenho silencioso e eficiente, permitindo um grande fluxo de ar para o equipamento, mantendo todos os componentes bem ventilados.<\/p>\n<p>O seu design limpo envolve amplo espa\u00e7o para acomodar componentes de alto desempenho, bem como sistemas de refrigera\u00e7\u00e3o avan\u00e7ados para atingir o maior potencial de todos os componentes.<\/p>\n<p>A janela de acr\u00edlico  permitir\u00e1 que veja todos os componentes dentro do equipamento.<\/p>\n<h3>F\u00e1cil acceso<\/h3>\n<p>No painel superior existem duas portas USB 2.0 e duas portas USB 3.0, assim como as conex\u00f5es de \u00e1udio. Al\u00e9m disso, possui dois controladores de velocidade para controlar at\u00e9 cinco ventoinhas internas, gra\u00e7as aos quais podemos regular a sua velocidade em tr\u00eas posi\u00e7\u00f5es: LOW \/ STOP \/ HIGH.<\/p>\n<h3>Sistema de ventila\u00e7\u00e3o<\/h3>\n<p>A Hummer ZX foi projetada para que o fluxo de ar dentro do equipamento seja ideal. Possui tr\u00eas ventoinhas de 120 mm pr\u00e9-instaladas, duas na parte frontal e uma na parte traseira. Al\u00e9m disso, \u00e9 poss\u00edvel instalar duas ventoinhas adicionais de 120 mm na parte superior.<\/p>\n<p>Possui um compartimento na parte inferior para a localiza\u00e7\u00e3o da Fonte e dos discos r\u00edgidos, para que o calor por eles emitido n\u00e3o seja transferido para os demais componentes.<\/p>\n<p>Gra\u00e7as \u00e0 grade frontal e aos ventiladores, o fluxo de ar frio entrar\u00e1 diretamente para dentro para refrigerar a gr\u00e1fica e o resto dos componentes. A localiza\u00e7\u00e3o da fonte e da ventoinha traseira ajudar\u00e1 a empurrar todo o calor para fora, permitindo um fluxo de ar eficiente.<\/p>\n<h3>Op\u00e7\u00f5es de refrigera\u00e7\u00e3o<\/h3>\n<p>Um equipamento de alto desempenho requer refrigera\u00e7\u00e3o superior, o que permite que o funcionamento de todos os componentes sejam mantidos em perfeitas condi\u00e7\u00f5es, por isso a Hummer ZX oferece a possibilidade de alojar sistemas de refrigera\u00e7\u00e3o l\u00edquida .<\/p>\n<p>A Hummer ZX tem espa\u00e7o para  montar 3 radiadores , um frontal de 120\/240 mm, um superior de 120\/240 mm e um traseiro de 120 mm, por isso oferece infinitas combina\u00e7\u00f5es para alojar um sistema de refrigera\u00e7\u00e3o superior.<\/p>\n<h3>Gest\u00e3o de cabos<\/h3>\n<p>Gra\u00e7as ao grande espa\u00e7o para a organiza\u00e7\u00e3o dos cabos, atr\u00e1s da motherboard, \u00e9 poss\u00edvel realizar uma montagem limpa e arrumada , para que nada influencie a circula\u00e7\u00e3o do ar.<\/p>\n<p>Dentro da Hummer ZX \u00e9 poss\u00edvel instalar gr\u00e1ficas grandes, at\u00e9 415 mm, e possui 7 slots de expans\u00e3o. Al\u00e9m disso, pode acomodar coolers com altura m\u00e1xima de 160 mm.<\/p>\n<h3>Grande capacidade de armazenamento<\/h3>\n<p>A Hummer ZX tem espa\u00e7o para instalar at\u00e9 7 unidades de armazenamento, pois possui duas baias externas de 5,25 &quot;e capacidade para mais cinco unidades internas, duas de 3,5&quot; na parte inferior e tr\u00eas SSDs de 2,5 &quot; nos lados.<\/p>\n<p>Este recurso da Hummer ZX permite instalar tr\u00eas SSDs no painel lateral da caixa, atr\u00e1s da motherboard, aproveitando melhor o espa\u00e7o interno e ajudando a melhorar o fluxo de ar. Al\u00e9m disso, \u00e9 poss\u00edvel tirar vantagem das baias inferiores de 3,5 &quot;instalando um SSD de 2,5&quot; lateralmente.<\/p>\n","protected":false},"excerpt":{"rendered":"<ul>\n<li>Compartimento isolado para fonte e discos r\u00edgidos<\/li>\n<li>Janela lateral de acr\u00edlico<\/li>\n<li>Controlador de velocidade para at\u00e9 5 ventoinhas<\/li>\n<li>\u00d3tima op\u00e7\u00e3o para sistemas de refrigera\u00e7\u00e3o l\u00edquida<\/li>\n<li>Inclui 3 ventoinhas de 120 mm<\/li>\n<\/ul>\n","protected":false},"featured_media":16145,"comment_status":"closed","ping_status":"closed","template":"","meta":{"inline_featured_image":false},"product_brand":[],"product_cat":[176],"product_tag":[199],"class_list":{"0":"post-16140","1":"product","2":"type-product","3":"status-publish","4":"has-post-thumbnail","6":"product_cat-cajas-pt-pt-2","7":"product_tag-hummer-pt-pt","9":"first","10":"instock","11":"taxable","12":"shipping-taxable","13":"purchasable","14":"product-type-simple"},"yoast_head":"<!-- This site is optimized with the Yoast SEO plugin v26.7 - https:\/\/yoast.com\/wordpress\/plugins\/seo\/ -->\n<title>Hummer ZX - Nox-Xtreme<\/title>\n<meta name=\"robots\" content=\"index, follow, max-snippet:-1, max-image-preview:large, max-video-preview:-1\" \/>\n<link rel=\"canonical\" href=\"https:\/\/store.nox-xtreme.com\/pt-pt\/producto\/hummer-zx\/\" \/>\n<meta property=\"og:locale\" content=\"pt_PT\" \/>\n<meta property=\"og:type\" content=\"article\" \/>\n<meta property=\"og:title\" content=\"Hummer ZX - Nox-Xtreme\" \/>\n<meta property=\"og:description\" content=\"Compartimento isolado para fonte e discos r\u00edgidosJanela lateral de acr\u00edlicoControlador de velocidade para at\u00e9 5 ventoinhas\u00d3tima op\u00e7\u00e3o para sistemas de refrigera\u00e7\u00e3o l\u00edquidaInclui 3 ventoinhas de 120 mm\" \/>\n<meta property=\"og:url\" content=\"https:\/\/store.nox-xtreme.com\/pt-pt\/producto\/hummer-zx\/\" \/>\n<meta property=\"og:site_name\" content=\"Nox-Xtreme\" \/>\n<meta property=\"article:modified_time\" content=\"2023-09-04T10:13:40+00:00\" \/>\n<meta property=\"og:image\" content=\"https:\/\/store.nox-xtreme.com\/wp-content\/uploads\/sites\/2\/2020\/09\/nox_hummer_zx_black_1-1.jpg\" \/>\n\t<meta property=\"og:image:width\" content=\"1049\" \/>\n\t<meta property=\"og:image:height\" content=\"1300\" \/>\n\t<meta property=\"og:image:type\" content=\"image\/jpeg\" \/>\n<meta name=\"twitter:card\" content=\"summary_large_image\" \/>\n<meta name=\"twitter:label1\" content=\"Tempo estimado de leitura\" \/>\n\t<meta name=\"twitter:data1\" content=\"3 minutos\" \/>\n<script type=\"application\/ld+json\" class=\"yoast-schema-graph\">{\"@context\":\"https:\/\/schema.org\",\"@graph\":[{\"@type\":\"WebPage\",\"@id\":\"https:\/\/store.nox-xtreme.com\/pt-pt\/producto\/hummer-zx\/\",\"url\":\"https:\/\/store.nox-xtreme.com\/pt-pt\/producto\/hummer-zx\/\",\"name\":\"Hummer ZX - Nox-Xtreme\",\"isPartOf\":{\"@id\":\"https:\/\/store.nox-xtreme.com\/#website\"},\"primaryImageOfPage\":{\"@id\":\"https:\/\/store.nox-xtreme.com\/pt-pt\/producto\/hummer-zx\/#primaryimage\"},\"image\":{\"@id\":\"https:\/\/store.nox-xtreme.com\/pt-pt\/producto\/hummer-zx\/#primaryimage\"},\"thumbnailUrl\":\"https:\/\/store.nox-xtreme.com\/wp-content\/uploads\/sites\/2\/2020\/09\/nox_hummer_zx_black_1-1.jpg\",\"datePublished\":\"2020-08-31T12:29:25+00:00\",\"dateModified\":\"2023-09-04T10:13:40+00:00\",\"breadcrumb\":{\"@id\":\"https:\/\/store.nox-xtreme.com\/pt-pt\/producto\/hummer-zx\/#breadcrumb\"},\"inLanguage\":\"pt-PT\",\"potentialAction\":[{\"@type\":\"ReadAction\",\"target\":[\"https:\/\/store.nox-xtreme.com\/pt-pt\/producto\/hummer-zx\/\"]}]},{\"@type\":\"ImageObject\",\"inLanguage\":\"pt-PT\",\"@id\":\"https:\/\/store.nox-xtreme.com\/pt-pt\/producto\/hummer-zx\/#primaryimage\",\"url\":\"https:\/\/store.nox-xtreme.com\/wp-content\/uploads\/sites\/2\/2020\/09\/nox_hummer_zx_black_1-1.jpg\",\"contentUrl\":\"https:\/\/store.nox-xtreme.com\/wp-content\/uploads\/sites\/2\/2020\/09\/nox_hummer_zx_black_1-1.jpg\",\"width\":1049,\"height\":1300},{\"@type\":\"BreadcrumbList\",\"@id\":\"https:\/\/store.nox-xtreme.com\/pt-pt\/producto\/hummer-zx\/#breadcrumb\",\"itemListElement\":[{\"@type\":\"ListItem\",\"position\":1,\"name\":\"Portada\",\"item\":\"https:\/\/store.nox-xtreme.com\/pt-pt\/\"},{\"@type\":\"ListItem\",\"position\":2,\"name\":\"Productos\",\"item\":\"https:\/\/store.nox-xtreme.com\/shop\/\"},{\"@type\":\"ListItem\",\"position\":3,\"name\":\"Hummer ZX\"}]},{\"@type\":\"WebSite\",\"@id\":\"https:\/\/store.nox-xtreme.com\/#website\",\"url\":\"https:\/\/store.nox-xtreme.com\/\",\"name\":\"Nox-Xtreme\",\"description\":\"Boosting You Performance\",\"potentialAction\":[{\"@type\":\"SearchAction\",\"target\":{\"@type\":\"EntryPoint\",\"urlTemplate\":\"https:\/\/store.nox-xtreme.com\/?s={search_term_string}\"},\"query-input\":{\"@type\":\"PropertyValueSpecification\",\"valueRequired\":true,\"valueName\":\"search_term_string\"}}],\"inLanguage\":\"pt-PT\"}]}<\/script>\n<!-- \/ Yoast SEO plugin. -->","yoast_head_json":{"title":"Hummer ZX - Nox-Xtreme","robots":{"index":"index","follow":"follow","max-snippet":"max-snippet:-1","max-image-preview":"max-image-preview:large","max-video-preview":"max-video-preview:-1"},"canonical":"https:\/\/store.nox-xtreme.com\/pt-pt\/producto\/hummer-zx\/","og_locale":"pt_PT","og_type":"article","og_title":"Hummer ZX - Nox-Xtreme","og_description":"Compartimento isolado para fonte e discos r\u00edgidosJanela lateral de acr\u00edlicoControlador de velocidade para at\u00e9 5 ventoinhas\u00d3tima op\u00e7\u00e3o para sistemas de refrigera\u00e7\u00e3o l\u00edquidaInclui 3 ventoinhas de 120 mm","og_url":"https:\/\/store.nox-xtreme.com\/pt-pt\/producto\/hummer-zx\/","og_site_name":"Nox-Xtreme","article_modified_time":"2023-09-04T10:13:40+00:00","og_image":[{"width":1049,"height":1300,"url":"https:\/\/store.nox-xtreme.com\/wp-content\/uploads\/sites\/2\/2020\/09\/nox_hummer_zx_black_1-1.jpg","type":"image\/jpeg"}],"twitter_card":"summary_large_image","twitter_misc":{"Tempo estimado de leitura":"3 minutos"},"schema":{"@context":"https:\/\/schema.org","@graph":[{"@type":"WebPage","@id":"https:\/\/store.nox-xtreme.com\/pt-pt\/producto\/hummer-zx\/","url":"https:\/\/store.nox-xtreme.com\/pt-pt\/producto\/hummer-zx\/","name":"Hummer ZX - Nox-Xtreme","isPartOf":{"@id":"https:\/\/store.nox-xtreme.com\/#website"},"primaryImageOfPage":{"@id":"https:\/\/store.nox-xtreme.com\/pt-pt\/producto\/hummer-zx\/#primaryimage"},"image":{"@id":"https:\/\/store.nox-xtreme.com\/pt-pt\/producto\/hummer-zx\/#primaryimage"},"thumbnailUrl":"https:\/\/store.nox-xtreme.com\/wp-content\/uploads\/sites\/2\/2020\/09\/nox_hummer_zx_black_1-1.jpg","datePublished":"2020-08-31T12:29:25+00:00","dateModified":"2023-09-04T10:13:40+00:00","breadcrumb":{"@id":"https:\/\/store.nox-xtreme.com\/pt-pt\/producto\/hummer-zx\/#breadcrumb"},"inLanguage":"pt-PT","potentialAction":[{"@type":"ReadAction","target":["https:\/\/store.nox-xtreme.com\/pt-pt\/producto\/hummer-zx\/"]}]},{"@type":"ImageObject","inLanguage":"pt-PT","@id":"https:\/\/store.nox-xtreme.com\/pt-pt\/producto\/hummer-zx\/#primaryimage","url":"https:\/\/store.nox-xtreme.com\/wp-content\/uploads\/sites\/2\/2020\/09\/nox_hummer_zx_black_1-1.jpg","contentUrl":"https:\/\/store.nox-xtreme.com\/wp-content\/uploads\/sites\/2\/2020\/09\/nox_hummer_zx_black_1-1.jpg","width":1049,"height":1300},{"@type":"BreadcrumbList","@id":"https:\/\/store.nox-xtreme.com\/pt-pt\/producto\/hummer-zx\/#breadcrumb","itemListElement":[{"@type":"ListItem","position":1,"name":"Portada","item":"https:\/\/store.nox-xtreme.com\/pt-pt\/"},{"@type":"ListItem","position":2,"name":"Productos","item":"https:\/\/store.nox-xtreme.com\/shop\/"},{"@type":"ListItem","position":3,"name":"Hummer ZX"}]},{"@type":"WebSite","@id":"https:\/\/store.nox-xtreme.com\/#website","url":"https:\/\/store.nox-xtreme.com\/","name":"Nox-Xtreme","description":"Boosting You Performance","potentialAction":[{"@type":"SearchAction","target":{"@type":"EntryPoint","urlTemplate":"https:\/\/store.nox-xtreme.com\/?s={search_term_string}"},"query-input":{"@type":"PropertyValueSpecification","valueRequired":true,"valueName":"search_term_string"}}],"inLanguage":"pt-PT"}]}},"_links":{"self":[{"href":"https:\/\/store.nox-xtreme.com\/pt-pt\/wp-json\/wp\/v2\/product\/16140","targetHints":{"allow":["GET"]}}],"collection":[{"href":"https:\/\/store.nox-xtreme.com\/pt-pt\/wp-json\/wp\/v2\/product"}],"about":[{"href":"https:\/\/store.nox-xtreme.com\/pt-pt\/wp-json\/wp\/v2\/types\/product"}],"replies":[{"embeddable":true,"href":"https:\/\/store.nox-xtreme.com\/pt-pt\/wp-json\/wp\/v2\/comments?post=16140"}],"wp:featuredmedia":[{"embeddable":true,"href":"https:\/\/store.nox-xtreme.com\/pt-pt\/wp-json\/wp\/v2\/media\/16145"}],"wp:attachment":[{"href":"https:\/\/store.nox-xtreme.com\/pt-pt\/wp-json\/wp\/v2\/media?parent=16140"}],"wp:term":[{"taxonomy":"product_brand","embeddable":true,"href":"https:\/\/store.nox-xtreme.com\/pt-pt\/wp-json\/wp\/v2\/product_brand?post=16140"},{"taxonomy":"product_cat","embeddable":true,"href":"https:\/\/store.nox-xtreme.com\/pt-pt\/wp-json\/wp\/v2\/product_cat?post=16140"},{"taxonomy":"product_tag","embeddable":true,"href":"https:\/\/store.nox-xtreme.com\/pt-pt\/wp-json\/wp\/v2\/product_tag?post=16140"}],"curies":[{"name":"wp","href":"https:\/\/api.w.org\/{rel}","templated":true}]}}