{"id":16139,"date":"2020-09-02T15:00:01","date_gmt":"2020-09-02T11:00:01","guid":{"rendered":"https:\/\/store.nox-xtreme.com\/producto\/infinity-neon\/"},"modified":"2022-04-08T12:35:07","modified_gmt":"2022-04-08T10:35:07","slug":"infinity-neon","status":"publish","type":"product","link":"https:\/\/store.nox-xtreme.com\/pt-pt\/producto\/infinity-neon\/","title":{"rendered":"Infinity NEON"},"content":{"rendered":"<h3>Design<\/h3>\n<p>Infinity Neon \u00e9 uma caixa s\u00f3bria e elegante. A sua frente foi projetada com um grande LED ARGB que percorre todo o painel frontal, dando-lhe uma apar\u00eancia de vanguarda. Na sua lateral tem uma grande janela de vidro temperado que nos permitir\u00e1 admirar o interior da nossa configura\u00e7\u00e3o. Al\u00e9m disso, possui detalhes como o filtro de p\u00f3 magnetizado no painel superior.<\/p>\n<h3>Painel frontal e acessos<\/h3>\n<p>A Infinity Neon incorpora duas portas USB 2.0 e duas portas USB 3.0 de alta velocidade no seu painel frontal, junto com as conex\u00f5es de \u00e1udio. No seu frontal inclui tamb\u00e9m um controlador para as luzes ARGB  e para a sua ventoinha traseira.<\/p>\n<h3>Capacidade interior<\/h3>\n<p>Esta caixa possui um amplo interior no qual podemos configurar um equipamento de alto desempenho sem limita\u00e7\u00f5es. Tem capacidade para gr\u00e1ficas de at\u00e9 370 mm de comprimento e coolers com altura m\u00e1xima de 179 mm. Al\u00e9m disso, possui um sistema de gest\u00e3o de cabos, o que permite uma montagem limpa e eficiente.<\/p>\n<h3>Refrigera\u00e7\u00e3o<\/h3>\n<p>Manter os componentes do seu  equipamento refrigerados \u00e9 f\u00e1cil com a Infinity Neon, pois no seu interior poder\u00e1 instalar sistemas de refrigera\u00e7\u00e3o l\u00edquida de 240 mm ou 280 mm na sua frente, 120 mm ou 140 mm no seu painel traseiro ou 240 mm ou 280 mm no seu painel superior.<\/p>\n<h3>Sistema de ventila\u00e7\u00e3o<\/h3>\n<p>Para refrigerar com efici\u00eancia todos os componentes da sua configura\u00e7\u00e3o, a Infinity Neon tem capacidade para instalar at\u00e9 seis ventoinhas, tr\u00eas de 120 mm ou duas de 140 mm no painel frontal, duas de 120 mm ou duas de 140 mm no painel superior , al\u00e9m da ventoinha traseira de 120 mm com ARGB Rainbow inclu\u00edda no painel traseiro.<\/p>\n<h3>Capacidade de armazenamento<\/h3>\n<p>Em termos de armazenamento, a Infinity Neon tem espa\u00e7o para montar dois HDDs de 3,5 &quot;na parte inferior e dois SSDs de 2,5&quot; nas laterais.<\/p>\n","protected":false},"excerpt":{"rendered":"<ul>\n<li>Faixa frontal din\u00e2mica ARGB Rainbow<\/li>\n<li>Controlador de luzes ARGB<\/li>\n<li>Painel lateral de vidro temperado<\/li>\n<li>Ventoinha ARGB Rainbow de 120 mm pr\u00e9-instalada<\/li>\n<\/ul>\n","protected":false},"featured_media":14256,"comment_status":"closed","ping_status":"closed","template":"","meta":{"inline_featured_image":false},"product_brand":[],"product_cat":[176],"product_tag":[],"class_list":{"0":"post-16139","1":"product","2":"type-product","3":"status-publish","4":"has-post-thumbnail","6":"product_cat-cajas-pt-pt-2","8":"first","9":"outofstock","10":"taxable","11":"shipping-taxable","12":"purchasable","13":"product-type-simple"},"yoast_head":"<!-- This site is optimized with the Yoast SEO plugin v26.7 - https:\/\/yoast.com\/wordpress\/plugins\/seo\/ -->\n<title>Infinity NEON - Nox-Xtreme<\/title>\n<meta name=\"robots\" content=\"index, follow, max-snippet:-1, max-image-preview:large, max-video-preview:-1\" \/>\n<link rel=\"canonical\" href=\"https:\/\/store.nox-xtreme.com\/pt-pt\/producto\/infinity-neon\/\" \/>\n<meta property=\"og:locale\" content=\"pt_PT\" \/>\n<meta property=\"og:type\" content=\"article\" \/>\n<meta property=\"og:title\" content=\"Infinity NEON - Nox-Xtreme\" \/>\n<meta property=\"og:description\" content=\"Faixa frontal din\u00e2mica ARGB RainbowControlador de luzes ARGBPainel lateral de vidro temperadoVentoinha ARGB Rainbow de 120 mm pr\u00e9-instalada\" \/>\n<meta property=\"og:url\" content=\"https:\/\/store.nox-xtreme.com\/pt-pt\/producto\/infinity-neon\/\" \/>\n<meta property=\"og:site_name\" content=\"Nox-Xtreme\" \/>\n<meta property=\"article:modified_time\" content=\"2022-04-08T10:35:07+00:00\" \/>\n<meta property=\"og:image\" content=\"https:\/\/store.nox-xtreme.com\/wp-content\/uploads\/sites\/2\/2020\/09\/nox_infinity_neon_1.jpg\" \/>\n\t<meta property=\"og:image:width\" content=\"1049\" \/>\n\t<meta property=\"og:image:height\" content=\"1300\" \/>\n\t<meta property=\"og:image:type\" content=\"image\/jpeg\" \/>\n<meta name=\"twitter:card\" content=\"summary_large_image\" \/>\n<meta name=\"twitter:label1\" content=\"Tempo estimado de leitura\" \/>\n\t<meta name=\"twitter:data1\" content=\"2 minutos\" \/>\n<script type=\"application\/ld+json\" class=\"yoast-schema-graph\">{\"@context\":\"https:\/\/schema.org\",\"@graph\":[{\"@type\":\"WebPage\",\"@id\":\"https:\/\/store.nox-xtreme.com\/pt-pt\/producto\/infinity-neon\/\",\"url\":\"https:\/\/store.nox-xtreme.com\/pt-pt\/producto\/infinity-neon\/\",\"name\":\"Infinity NEON - Nox-Xtreme\",\"isPartOf\":{\"@id\":\"https:\/\/store.nox-xtreme.com\/#website\"},\"primaryImageOfPage\":{\"@id\":\"https:\/\/store.nox-xtreme.com\/pt-pt\/producto\/infinity-neon\/#primaryimage\"},\"image\":{\"@id\":\"https:\/\/store.nox-xtreme.com\/pt-pt\/producto\/infinity-neon\/#primaryimage\"},\"thumbnailUrl\":\"https:\/\/store.nox-xtreme.com\/wp-content\/uploads\/sites\/2\/2020\/09\/nox_infinity_neon_1.jpg\",\"datePublished\":\"2020-09-02T11:00:01+00:00\",\"dateModified\":\"2022-04-08T10:35:07+00:00\",\"breadcrumb\":{\"@id\":\"https:\/\/store.nox-xtreme.com\/pt-pt\/producto\/infinity-neon\/#breadcrumb\"},\"inLanguage\":\"pt-PT\",\"potentialAction\":[{\"@type\":\"ReadAction\",\"target\":[\"https:\/\/store.nox-xtreme.com\/pt-pt\/producto\/infinity-neon\/\"]}]},{\"@type\":\"ImageObject\",\"inLanguage\":\"pt-PT\",\"@id\":\"https:\/\/store.nox-xtreme.com\/pt-pt\/producto\/infinity-neon\/#primaryimage\",\"url\":\"https:\/\/store.nox-xtreme.com\/wp-content\/uploads\/sites\/2\/2020\/09\/nox_infinity_neon_1.jpg\",\"contentUrl\":\"https:\/\/store.nox-xtreme.com\/wp-content\/uploads\/sites\/2\/2020\/09\/nox_infinity_neon_1.jpg\",\"width\":1049,\"height\":1300},{\"@type\":\"BreadcrumbList\",\"@id\":\"https:\/\/store.nox-xtreme.com\/pt-pt\/producto\/infinity-neon\/#breadcrumb\",\"itemListElement\":[{\"@type\":\"ListItem\",\"position\":1,\"name\":\"Portada\",\"item\":\"https:\/\/store.nox-xtreme.com\/pt-pt\/\"},{\"@type\":\"ListItem\",\"position\":2,\"name\":\"Productos\",\"item\":\"https:\/\/store.nox-xtreme.com\/shop\/\"},{\"@type\":\"ListItem\",\"position\":3,\"name\":\"Infinity NEON\"}]},{\"@type\":\"WebSite\",\"@id\":\"https:\/\/store.nox-xtreme.com\/#website\",\"url\":\"https:\/\/store.nox-xtreme.com\/\",\"name\":\"Nox-Xtreme\",\"description\":\"Boosting You Performance\",\"potentialAction\":[{\"@type\":\"SearchAction\",\"target\":{\"@type\":\"EntryPoint\",\"urlTemplate\":\"https:\/\/store.nox-xtreme.com\/?s={search_term_string}\"},\"query-input\":{\"@type\":\"PropertyValueSpecification\",\"valueRequired\":true,\"valueName\":\"search_term_string\"}}],\"inLanguage\":\"pt-PT\"}]}<\/script>\n<!-- \/ Yoast SEO plugin. -->","yoast_head_json":{"title":"Infinity NEON - Nox-Xtreme","robots":{"index":"index","follow":"follow","max-snippet":"max-snippet:-1","max-image-preview":"max-image-preview:large","max-video-preview":"max-video-preview:-1"},"canonical":"https:\/\/store.nox-xtreme.com\/pt-pt\/producto\/infinity-neon\/","og_locale":"pt_PT","og_type":"article","og_title":"Infinity NEON - Nox-Xtreme","og_description":"Faixa frontal din\u00e2mica ARGB RainbowControlador de luzes ARGBPainel lateral de vidro temperadoVentoinha ARGB Rainbow de 120 mm pr\u00e9-instalada","og_url":"https:\/\/store.nox-xtreme.com\/pt-pt\/producto\/infinity-neon\/","og_site_name":"Nox-Xtreme","article_modified_time":"2022-04-08T10:35:07+00:00","og_image":[{"width":1049,"height":1300,"url":"https:\/\/store.nox-xtreme.com\/wp-content\/uploads\/sites\/2\/2020\/09\/nox_infinity_neon_1.jpg","type":"image\/jpeg"}],"twitter_card":"summary_large_image","twitter_misc":{"Tempo estimado de leitura":"2 minutos"},"schema":{"@context":"https:\/\/schema.org","@graph":[{"@type":"WebPage","@id":"https:\/\/store.nox-xtreme.com\/pt-pt\/producto\/infinity-neon\/","url":"https:\/\/store.nox-xtreme.com\/pt-pt\/producto\/infinity-neon\/","name":"Infinity NEON - Nox-Xtreme","isPartOf":{"@id":"https:\/\/store.nox-xtreme.com\/#website"},"primaryImageOfPage":{"@id":"https:\/\/store.nox-xtreme.com\/pt-pt\/producto\/infinity-neon\/#primaryimage"},"image":{"@id":"https:\/\/store.nox-xtreme.com\/pt-pt\/producto\/infinity-neon\/#primaryimage"},"thumbnailUrl":"https:\/\/store.nox-xtreme.com\/wp-content\/uploads\/sites\/2\/2020\/09\/nox_infinity_neon_1.jpg","datePublished":"2020-09-02T11:00:01+00:00","dateModified":"2022-04-08T10:35:07+00:00","breadcrumb":{"@id":"https:\/\/store.nox-xtreme.com\/pt-pt\/producto\/infinity-neon\/#breadcrumb"},"inLanguage":"pt-PT","potentialAction":[{"@type":"ReadAction","target":["https:\/\/store.nox-xtreme.com\/pt-pt\/producto\/infinity-neon\/"]}]},{"@type":"ImageObject","inLanguage":"pt-PT","@id":"https:\/\/store.nox-xtreme.com\/pt-pt\/producto\/infinity-neon\/#primaryimage","url":"https:\/\/store.nox-xtreme.com\/wp-content\/uploads\/sites\/2\/2020\/09\/nox_infinity_neon_1.jpg","contentUrl":"https:\/\/store.nox-xtreme.com\/wp-content\/uploads\/sites\/2\/2020\/09\/nox_infinity_neon_1.jpg","width":1049,"height":1300},{"@type":"BreadcrumbList","@id":"https:\/\/store.nox-xtreme.com\/pt-pt\/producto\/infinity-neon\/#breadcrumb","itemListElement":[{"@type":"ListItem","position":1,"name":"Portada","item":"https:\/\/store.nox-xtreme.com\/pt-pt\/"},{"@type":"ListItem","position":2,"name":"Productos","item":"https:\/\/store.nox-xtreme.com\/shop\/"},{"@type":"ListItem","position":3,"name":"Infinity NEON"}]},{"@type":"WebSite","@id":"https:\/\/store.nox-xtreme.com\/#website","url":"https:\/\/store.nox-xtreme.com\/","name":"Nox-Xtreme","description":"Boosting You Performance","potentialAction":[{"@type":"SearchAction","target":{"@type":"EntryPoint","urlTemplate":"https:\/\/store.nox-xtreme.com\/?s={search_term_string}"},"query-input":{"@type":"PropertyValueSpecification","valueRequired":true,"valueName":"search_term_string"}}],"inLanguage":"pt-PT"}]}},"_links":{"self":[{"href":"https:\/\/store.nox-xtreme.com\/pt-pt\/wp-json\/wp\/v2\/product\/16139","targetHints":{"allow":["GET"]}}],"collection":[{"href":"https:\/\/store.nox-xtreme.com\/pt-pt\/wp-json\/wp\/v2\/product"}],"about":[{"href":"https:\/\/store.nox-xtreme.com\/pt-pt\/wp-json\/wp\/v2\/types\/product"}],"replies":[{"embeddable":true,"href":"https:\/\/store.nox-xtreme.com\/pt-pt\/wp-json\/wp\/v2\/comments?post=16139"}],"wp:featuredmedia":[{"embeddable":true,"href":"https:\/\/store.nox-xtreme.com\/pt-pt\/wp-json\/wp\/v2\/media\/14256"}],"wp:attachment":[{"href":"https:\/\/store.nox-xtreme.com\/pt-pt\/wp-json\/wp\/v2\/media?parent=16139"}],"wp:term":[{"taxonomy":"product_brand","embeddable":true,"href":"https:\/\/store.nox-xtreme.com\/pt-pt\/wp-json\/wp\/v2\/product_brand?post=16139"},{"taxonomy":"product_cat","embeddable":true,"href":"https:\/\/store.nox-xtreme.com\/pt-pt\/wp-json\/wp\/v2\/product_cat?post=16139"},{"taxonomy":"product_tag","embeddable":true,"href":"https:\/\/store.nox-xtreme.com\/pt-pt\/wp-json\/wp\/v2\/product_tag?post=16139"}],"curies":[{"name":"wp","href":"https:\/\/api.w.org\/{rel}","templated":true}]}}