{"id":16138,"date":"2020-09-02T16:08:23","date_gmt":"2020-09-02T12:08:23","guid":{"rendered":"https:\/\/store.nox-xtreme.com\/producto\/hummer-tgf\/"},"modified":"2023-08-28T14:13:41","modified_gmt":"2023-08-28T12:13:41","slug":"hummer-tgf","status":"publish","type":"product","link":"https:\/\/store.nox-xtreme.com\/pt-pt\/producto\/hummer-tgf\/","title":{"rendered":"Hummer TGF"},"content":{"rendered":"<h3>Pain\u00e9is de vidro temperado<\/h3>\n<p>A Hummer TGF \u00e9 uma caixa robusta com excelentes acabamentos e caracter\u00edsticas para se adaptar a praticamente qualquer tipo de configura\u00e7\u00e3o gra\u00e7as \u00e0s suas generosas dimens\u00f5es e ao seu excelente sistema de refrigera\u00e7\u00e3o. Foi desenhada com 4 pain\u00e9is de vidro temperado, os dois pain\u00e9is laterais, frontal e superior, o que lhe confere um acabamento s\u00f3brio e tamb\u00e9m permite fazer infinitas configura\u00e7\u00f5es no seu interior, desfrutando da ilumina\u00e7\u00e3o dos componentes.<\/p>\n<h3>Acabamentos e acessos<\/h3>\n<p>A parte frontal da Hummer TGF foi projetada em vidro temperado de alta qualidade, assim como os seus pain\u00e9is laterais e superiores. Na parte superior incorpora duas portas USB 2.0, duas portas USB 3.0, as conex\u00f5es de \u00e1udio, um bot\u00e3o para controlar o ARGB das ventoinhas e outro para controlar a velocidade das ventoinhas.<\/p>\n<h3>Instala\u00e7\u00e3o e montagem<\/h3>\n<p>O interior espa\u00e7oso permite uma montagem eficiente e confort\u00e1vel. Por um lado, porque possui um compartimento inferior para a fonte de alimenta\u00e7\u00e3o e os discos r\u00edgidos, que al\u00e9m de uma montagem limpa, nos permitir\u00e1 manter a temperatura dentro do computador nos n\u00edveis ideais. Por outro lado, a Hummer TGF possui espa\u00e7o interno suficiente para fazer a montagem de uma maneira confort\u00e1vel e gerir todos os cabos de forma ordenada, novamente, ajudando a melhorar o fluxo de ar dentro do computador.<\/p>\n<h3>Op\u00e7\u00f5es de refrigera\u00e7\u00e3o<\/h3>\n<p>Dentro da Hummer TGF \u00e9 poss\u00edvel instalar sistemas de refrigera\u00e7\u00e3o l\u00edquida com radiadores de 240 mm ou 280 mm no painel frontal e superior ou 120 mm ou 140 mm no painel traseiro.<\/p>\n<h3>Sistema de ventila\u00e7\u00e3o<\/h3>\n<p>Para refrigerar com efici\u00eancia todos os componentes na nossa configura\u00e7\u00e3o, a Hummer TGF tem capacidade para instalar at\u00e9 seis ventoinhas. No seu painel frontal inclui tr\u00eas ventoinhas de 120 mm com ARGB Rainbow, uma no seu painel traseiro tamb\u00e9m de 120 mm com ARGB Rainbow mas tamb\u00e9m \u00e9 poss\u00edvel instalar mais duas ventoinhas de 120 mm ou 240 mm no seu painel superior. Al\u00e9m disso, possui rede na parte frontal que permite que o ar frio entre no interior do PC e seja expelido pela rede na parte superior.<\/p>\n<h3>Capacidade e armazenamento<\/h3>\n<p>A Hummer TGF foi projetada com v\u00e1rias op\u00e7\u00f5es de armazenamento, podemos instalar dois HDDs de 3,5 &quot;na parte inferior e dois SSDs de 2,5&quot; nas laterais. Al\u00e9m disso, podemos abrigar equipamento de alto desempenho j\u00e1 que possui espa\u00e7o para instala\u00e7\u00e3o de gr\u00e1ficas de at\u00e9 370 mm e coolers com altura m\u00e1xima de 179 mm.<\/p>\n","protected":false},"excerpt":{"rendered":"<ul>\n<li>Pain\u00e9is frontal, lateral e superior de vidro temperado<\/li>\n<li>4 ventoinhas ARGB Rainbow de 120 mm pr\u00e9-instaladas<\/li>\n<li>Espa\u00e7o para instalar at\u00e9 6 ventoinhas<\/li>\n<li>Ba\u00eda isolada para Fonte de Alimenta\u00e7\u00e3o e discos r\u00edgidos<\/li>\n<li>Possibilidade de sincroniza\u00e7\u00e3o ARGB com a motherboard<\/li>\n<\/ul>\n","protected":false},"featured_media":14082,"comment_status":"closed","ping_status":"closed","template":"","meta":{"inline_featured_image":false},"product_brand":[],"product_cat":[176],"product_tag":[],"class_list":{"0":"post-16138","1":"product","2":"type-product","3":"status-publish","4":"has-post-thumbnail","6":"product_cat-cajas-pt-pt-2","8":"first","9":"outofstock","10":"taxable","11":"shipping-taxable","12":"purchasable","13":"product-type-simple"},"yoast_head":"<!-- This site is optimized with the Yoast SEO plugin v26.7 - https:\/\/yoast.com\/wordpress\/plugins\/seo\/ -->\n<title>Hummer TGF - Nox-Xtreme<\/title>\n<meta name=\"robots\" content=\"index, follow, max-snippet:-1, max-image-preview:large, max-video-preview:-1\" \/>\n<link rel=\"canonical\" href=\"https:\/\/store.nox-xtreme.com\/pt-pt\/producto\/hummer-tgf\/\" \/>\n<meta property=\"og:locale\" content=\"pt_PT\" \/>\n<meta property=\"og:type\" content=\"article\" \/>\n<meta property=\"og:title\" content=\"Hummer TGF - Nox-Xtreme\" \/>\n<meta property=\"og:description\" content=\"Pain\u00e9is frontal, lateral e superior de vidro temperado4 ventoinhas ARGB Rainbow de 120 mm pr\u00e9-instaladasEspa\u00e7o para instalar at\u00e9 6 ventoinhasBa\u00eda isolada para Fonte de Alimenta\u00e7\u00e3o e discos r\u00edgidosPossibilidade de sincroniza\u00e7\u00e3o ARGB com a motherboard\" \/>\n<meta property=\"og:url\" content=\"https:\/\/store.nox-xtreme.com\/pt-pt\/producto\/hummer-tgf\/\" \/>\n<meta property=\"og:site_name\" content=\"Nox-Xtreme\" \/>\n<meta property=\"article:modified_time\" content=\"2023-08-28T12:13:41+00:00\" \/>\n<meta property=\"og:image\" content=\"https:\/\/store.nox-xtreme.com\/wp-content\/uploads\/sites\/2\/2020\/09\/nox_hummer_tgf_1.jpg\" \/>\n\t<meta property=\"og:image:width\" content=\"1049\" \/>\n\t<meta property=\"og:image:height\" content=\"1300\" \/>\n\t<meta property=\"og:image:type\" content=\"image\/jpeg\" \/>\n<meta name=\"twitter:card\" content=\"summary_large_image\" \/>\n<meta name=\"twitter:label1\" content=\"Tempo estimado de leitura\" \/>\n\t<meta name=\"twitter:data1\" content=\"2 minutos\" \/>\n<script type=\"application\/ld+json\" class=\"yoast-schema-graph\">{\"@context\":\"https:\/\/schema.org\",\"@graph\":[{\"@type\":\"WebPage\",\"@id\":\"https:\/\/store.nox-xtreme.com\/pt-pt\/producto\/hummer-tgf\/\",\"url\":\"https:\/\/store.nox-xtreme.com\/pt-pt\/producto\/hummer-tgf\/\",\"name\":\"Hummer TGF - Nox-Xtreme\",\"isPartOf\":{\"@id\":\"https:\/\/store.nox-xtreme.com\/#website\"},\"primaryImageOfPage\":{\"@id\":\"https:\/\/store.nox-xtreme.com\/pt-pt\/producto\/hummer-tgf\/#primaryimage\"},\"image\":{\"@id\":\"https:\/\/store.nox-xtreme.com\/pt-pt\/producto\/hummer-tgf\/#primaryimage\"},\"thumbnailUrl\":\"https:\/\/store.nox-xtreme.com\/wp-content\/uploads\/sites\/2\/2020\/09\/nox_hummer_tgf_1.jpg\",\"datePublished\":\"2020-09-02T12:08:23+00:00\",\"dateModified\":\"2023-08-28T12:13:41+00:00\",\"breadcrumb\":{\"@id\":\"https:\/\/store.nox-xtreme.com\/pt-pt\/producto\/hummer-tgf\/#breadcrumb\"},\"inLanguage\":\"pt-PT\",\"potentialAction\":[{\"@type\":\"ReadAction\",\"target\":[\"https:\/\/store.nox-xtreme.com\/pt-pt\/producto\/hummer-tgf\/\"]}]},{\"@type\":\"ImageObject\",\"inLanguage\":\"pt-PT\",\"@id\":\"https:\/\/store.nox-xtreme.com\/pt-pt\/producto\/hummer-tgf\/#primaryimage\",\"url\":\"https:\/\/store.nox-xtreme.com\/wp-content\/uploads\/sites\/2\/2020\/09\/nox_hummer_tgf_1.jpg\",\"contentUrl\":\"https:\/\/store.nox-xtreme.com\/wp-content\/uploads\/sites\/2\/2020\/09\/nox_hummer_tgf_1.jpg\",\"width\":1049,\"height\":1300},{\"@type\":\"BreadcrumbList\",\"@id\":\"https:\/\/store.nox-xtreme.com\/pt-pt\/producto\/hummer-tgf\/#breadcrumb\",\"itemListElement\":[{\"@type\":\"ListItem\",\"position\":1,\"name\":\"Portada\",\"item\":\"https:\/\/store.nox-xtreme.com\/pt-pt\/\"},{\"@type\":\"ListItem\",\"position\":2,\"name\":\"Productos\",\"item\":\"https:\/\/store.nox-xtreme.com\/shop\/\"},{\"@type\":\"ListItem\",\"position\":3,\"name\":\"Hummer TGF\"}]},{\"@type\":\"WebSite\",\"@id\":\"https:\/\/store.nox-xtreme.com\/#website\",\"url\":\"https:\/\/store.nox-xtreme.com\/\",\"name\":\"Nox-Xtreme\",\"description\":\"Boosting You Performance\",\"potentialAction\":[{\"@type\":\"SearchAction\",\"target\":{\"@type\":\"EntryPoint\",\"urlTemplate\":\"https:\/\/store.nox-xtreme.com\/?s={search_term_string}\"},\"query-input\":{\"@type\":\"PropertyValueSpecification\",\"valueRequired\":true,\"valueName\":\"search_term_string\"}}],\"inLanguage\":\"pt-PT\"}]}<\/script>\n<!-- \/ Yoast SEO plugin. -->","yoast_head_json":{"title":"Hummer TGF - Nox-Xtreme","robots":{"index":"index","follow":"follow","max-snippet":"max-snippet:-1","max-image-preview":"max-image-preview:large","max-video-preview":"max-video-preview:-1"},"canonical":"https:\/\/store.nox-xtreme.com\/pt-pt\/producto\/hummer-tgf\/","og_locale":"pt_PT","og_type":"article","og_title":"Hummer TGF - Nox-Xtreme","og_description":"Pain\u00e9is frontal, lateral e superior de vidro temperado4 ventoinhas ARGB Rainbow de 120 mm pr\u00e9-instaladasEspa\u00e7o para instalar at\u00e9 6 ventoinhasBa\u00eda isolada para Fonte de Alimenta\u00e7\u00e3o e discos r\u00edgidosPossibilidade de sincroniza\u00e7\u00e3o ARGB com a motherboard","og_url":"https:\/\/store.nox-xtreme.com\/pt-pt\/producto\/hummer-tgf\/","og_site_name":"Nox-Xtreme","article_modified_time":"2023-08-28T12:13:41+00:00","og_image":[{"width":1049,"height":1300,"url":"https:\/\/store.nox-xtreme.com\/wp-content\/uploads\/sites\/2\/2020\/09\/nox_hummer_tgf_1.jpg","type":"image\/jpeg"}],"twitter_card":"summary_large_image","twitter_misc":{"Tempo estimado de leitura":"2 minutos"},"schema":{"@context":"https:\/\/schema.org","@graph":[{"@type":"WebPage","@id":"https:\/\/store.nox-xtreme.com\/pt-pt\/producto\/hummer-tgf\/","url":"https:\/\/store.nox-xtreme.com\/pt-pt\/producto\/hummer-tgf\/","name":"Hummer TGF - Nox-Xtreme","isPartOf":{"@id":"https:\/\/store.nox-xtreme.com\/#website"},"primaryImageOfPage":{"@id":"https:\/\/store.nox-xtreme.com\/pt-pt\/producto\/hummer-tgf\/#primaryimage"},"image":{"@id":"https:\/\/store.nox-xtreme.com\/pt-pt\/producto\/hummer-tgf\/#primaryimage"},"thumbnailUrl":"https:\/\/store.nox-xtreme.com\/wp-content\/uploads\/sites\/2\/2020\/09\/nox_hummer_tgf_1.jpg","datePublished":"2020-09-02T12:08:23+00:00","dateModified":"2023-08-28T12:13:41+00:00","breadcrumb":{"@id":"https:\/\/store.nox-xtreme.com\/pt-pt\/producto\/hummer-tgf\/#breadcrumb"},"inLanguage":"pt-PT","potentialAction":[{"@type":"ReadAction","target":["https:\/\/store.nox-xtreme.com\/pt-pt\/producto\/hummer-tgf\/"]}]},{"@type":"ImageObject","inLanguage":"pt-PT","@id":"https:\/\/store.nox-xtreme.com\/pt-pt\/producto\/hummer-tgf\/#primaryimage","url":"https:\/\/store.nox-xtreme.com\/wp-content\/uploads\/sites\/2\/2020\/09\/nox_hummer_tgf_1.jpg","contentUrl":"https:\/\/store.nox-xtreme.com\/wp-content\/uploads\/sites\/2\/2020\/09\/nox_hummer_tgf_1.jpg","width":1049,"height":1300},{"@type":"BreadcrumbList","@id":"https:\/\/store.nox-xtreme.com\/pt-pt\/producto\/hummer-tgf\/#breadcrumb","itemListElement":[{"@type":"ListItem","position":1,"name":"Portada","item":"https:\/\/store.nox-xtreme.com\/pt-pt\/"},{"@type":"ListItem","position":2,"name":"Productos","item":"https:\/\/store.nox-xtreme.com\/shop\/"},{"@type":"ListItem","position":3,"name":"Hummer TGF"}]},{"@type":"WebSite","@id":"https:\/\/store.nox-xtreme.com\/#website","url":"https:\/\/store.nox-xtreme.com\/","name":"Nox-Xtreme","description":"Boosting You Performance","potentialAction":[{"@type":"SearchAction","target":{"@type":"EntryPoint","urlTemplate":"https:\/\/store.nox-xtreme.com\/?s={search_term_string}"},"query-input":{"@type":"PropertyValueSpecification","valueRequired":true,"valueName":"search_term_string"}}],"inLanguage":"pt-PT"}]}},"_links":{"self":[{"href":"https:\/\/store.nox-xtreme.com\/pt-pt\/wp-json\/wp\/v2\/product\/16138","targetHints":{"allow":["GET"]}}],"collection":[{"href":"https:\/\/store.nox-xtreme.com\/pt-pt\/wp-json\/wp\/v2\/product"}],"about":[{"href":"https:\/\/store.nox-xtreme.com\/pt-pt\/wp-json\/wp\/v2\/types\/product"}],"replies":[{"embeddable":true,"href":"https:\/\/store.nox-xtreme.com\/pt-pt\/wp-json\/wp\/v2\/comments?post=16138"}],"wp:featuredmedia":[{"embeddable":true,"href":"https:\/\/store.nox-xtreme.com\/pt-pt\/wp-json\/wp\/v2\/media\/14082"}],"wp:attachment":[{"href":"https:\/\/store.nox-xtreme.com\/pt-pt\/wp-json\/wp\/v2\/media?parent=16138"}],"wp:term":[{"taxonomy":"product_brand","embeddable":true,"href":"https:\/\/store.nox-xtreme.com\/pt-pt\/wp-json\/wp\/v2\/product_brand?post=16138"},{"taxonomy":"product_cat","embeddable":true,"href":"https:\/\/store.nox-xtreme.com\/pt-pt\/wp-json\/wp\/v2\/product_cat?post=16138"},{"taxonomy":"product_tag","embeddable":true,"href":"https:\/\/store.nox-xtreme.com\/pt-pt\/wp-json\/wp\/v2\/product_tag?post=16138"}],"curies":[{"name":"wp","href":"https:\/\/api.w.org\/{rel}","templated":true}]}}