{"id":16137,"date":"2020-09-02T16:31:45","date_gmt":"2020-09-02T12:31:45","guid":{"rendered":"https:\/\/store.nox-xtreme.com\/producto\/infinity-atom\/"},"modified":"2023-08-28T14:13:40","modified_gmt":"2023-08-28T12:13:40","slug":"infinity-atom","status":"publish","type":"product","link":"https:\/\/store.nox-xtreme.com\/pt-pt\/producto\/infinity-atom\/","title":{"rendered":"Infinity ATOM"},"content":{"rendered":"<h3>Design<\/h3>\n<p>A s\u00e9rie Infinity caracteriza-se pelos acabamentos e pelo design vanguardista e inovador. Neste modelo estiloso encontramos detalhes como a ilumina\u00e7\u00e3o LED do painel frontal, controlo RGB, filtro magn\u00e9tico de p\u00f3 ou compartimento para fonte e discos r\u00edgidos.<\/p>\n<h3>Painel frontal e acessos<\/h3>\n<p>No painel frontal da Infinity Atom existem dois USB 2.0, um USB 3.0 de alta velocidade e as conex\u00f5es de \u00e1udio.<\/p>\n<h3>Capacidade interior<\/h3>\n<p>Dentro desta caixa \u00e9 poss\u00edvel hospedar uma configura\u00e7\u00e3o de alto desempenho j\u00e1 que possui capacidade para gr\u00e1ficas de 340 mm e coolers com altura m\u00e1xima de 155 mm.<\/p>\n<h3>Refrigera\u00e7\u00e3o<\/h3>\n<p>Refrigerar os componentes da sua configura\u00e7\u00e3o na Infinity Atom \u00e9 f\u00e1cil, pois pode instalar coolers de at\u00e9 155 mm de altura e sistemas de refrigera\u00e7\u00e3o l\u00edquida de 120 mm.<\/p>\n<h3>Sistema de ventila\u00e7\u00e3o<\/h3>\n<p>Para manter um fluxo de ar perfeito dentro da Infinity Atom, podemos instalar at\u00e9 7 ventoinhas, 3 de 120mm no painel frontal, 1 de 120mm no painel superior, 2 de 120mm no interior (compartimento para a fonte ), al\u00e9m da inclu\u00edda no painel traseiro de 120 mm com ilumina\u00e7\u00e3o RGB LED.<\/p>\n<h3>Capacidade de armazenamento<\/h3>\n<p>Para completar a sua configura\u00e7\u00e3o, a Infinity Atom tem espa\u00e7o para montar dois HDDs de 3,5 &quot;na parte inferior e dois SSDs de 2,5&quot; nas laterais.<\/p>\n","protected":false},"excerpt":{"rendered":"<ul>\n<li>Painel lateral de vidro temperado<\/li>\n<li>Ventoinha de 12 cm com anel RGB pr\u00e9-instalada<\/li>\n<li>Detalhe de LED no painel frontal<\/li>\n<li>Filtro magn\u00e9tico de p\u00f3 no painel superior<\/li>\n<\/ul>\n","protected":false},"featured_media":14241,"comment_status":"closed","ping_status":"closed","template":"","meta":{"inline_featured_image":false},"product_brand":[],"product_cat":[176],"product_tag":[],"class_list":{"0":"post-16137","1":"product","2":"type-product","3":"status-publish","4":"has-post-thumbnail","6":"product_cat-cajas-pt-pt-2","8":"first","9":"outofstock","10":"taxable","11":"shipping-taxable","12":"purchasable","13":"product-type-simple"},"_links":{"self":[{"href":"https:\/\/store.nox-xtreme.com\/pt-pt\/wp-json\/wp\/v2\/product\/16137","targetHints":{"allow":["GET"]}}],"collection":[{"href":"https:\/\/store.nox-xtreme.com\/pt-pt\/wp-json\/wp\/v2\/product"}],"about":[{"href":"https:\/\/store.nox-xtreme.com\/pt-pt\/wp-json\/wp\/v2\/types\/product"}],"replies":[{"embeddable":true,"href":"https:\/\/store.nox-xtreme.com\/pt-pt\/wp-json\/wp\/v2\/comments?post=16137"}],"wp:featuredmedia":[{"embeddable":true,"href":"https:\/\/store.nox-xtreme.com\/pt-pt\/wp-json\/wp\/v2\/media\/14241"}],"wp:attachment":[{"href":"https:\/\/store.nox-xtreme.com\/pt-pt\/wp-json\/wp\/v2\/media?parent=16137"}],"wp:term":[{"taxonomy":"product_brand","embeddable":true,"href":"https:\/\/store.nox-xtreme.com\/pt-pt\/wp-json\/wp\/v2\/product_brand?post=16137"},{"taxonomy":"product_cat","embeddable":true,"href":"https:\/\/store.nox-xtreme.com\/pt-pt\/wp-json\/wp\/v2\/product_cat?post=16137"},{"taxonomy":"product_tag","embeddable":true,"href":"https:\/\/store.nox-xtreme.com\/pt-pt\/wp-json\/wp\/v2\/product_tag?post=16137"}],"curies":[{"name":"wp","href":"https:\/\/api.w.org\/{rel}","templated":true}]}}