{"id":16135,"date":"2020-08-23T14:28:06","date_gmt":"2020-08-23T12:28:06","guid":{"rendered":"https:\/\/store.nox-xtreme.com\/producto\/coolbay-mx2\/"},"modified":"2022-04-08T12:47:08","modified_gmt":"2022-04-08T10:47:08","slug":"coolbay-mx2","status":"publish","type":"product","link":"https:\/\/store.nox-xtreme.com\/pt-pt\/producto\/coolbay-mx2\/","title":{"rendered":"Coolbay MX2"},"content":{"rendered":"<h3>Coolbay MX2<\/h3>\n<p>Nox expande a s\u00e9rie Coolbay com a Coolbay MX2. Uma caixa compacta e elegante, projetada inteiramente em preto com acabamento em malha de metal  na frente.<\/p>\n<h3>Elegante e compacta<\/h3>\n<p>A Coolbay MX2 \u00e9 uma caixa compacta em formato mini torre compat\u00edvel com placas mATX. Cor preta por dentro e por fora, com a frente com acabamento em malha de metal , seguindo o design dos demais modelos da s\u00e9rie Coolbay.<\/p>\n<h3>Comodidade e f\u00e1cil acesso<\/h3>\n<p>Para maior acessibilidade \u00e0s conex\u00f5es, o painel superior do Coolbay MX2  possui uma porta USB 3.0 , duas portas USB 2.0 e conex\u00f5es de \u00e1udio. Na lateral incorpora um leitor de cart\u00e3o SD \/ micro SD .<\/p>\n<h3>Excelente refrigera\u00e7\u00e3o<\/h3>\n<p>A Coolbay MX2 possui uma ventoinha de 120 mm pr\u00e9-instalada na frente  e a possibilidade de instalar 3 ventoinhas adicionais; uma de 120 mm na frente, uma de 120 mm na parte traseira e uma de 120\/140 mm na lateral.Gra\u00e7as \u00e0 malha de metal na frente e \u00e0 grade lateral, o fluxo de ar no interior da unidade \u00e9 garantido, garantindo um \u00f3timo arrefecimento de todos os componentes. Por outro lado, a Coolbay MX2 est\u00e1 preparada para alojar sistemas de refrigera\u00e7\u00e3o l\u00edquida  no interior, com espa\u00e7o para um radiador de 120\/240 mm na frente e um radiador de 120 mm na parte traseira.<\/p>\n<h3>Amplo desempenho<\/h3>\n<p>Embora seja uma caixa pequena, o seu interior oferece possibilidades para alojar equipamento de alto desempenho, pois tem capacidade para instalar gr\u00e1ficas de at\u00e9 350 mm de comprimento e coolers de CPU de altura m\u00e1xima de 160 mm .Possui um compartimento externo de 5,25 &quot; e quatro compartimentos internos, dois de 3,5&quot; e dois de 2,5 &quot; e quatro slots de expans\u00e3o. A Coolbay MX2 \u00e9 compat\u00edvel com as fontes de alimenta\u00e7\u00e3o ATX standard.<\/p>\n","protected":false},"excerpt":{"rendered":"<ul>\n<li>Painel frontal de malha de metal<\/li>\n<li>Leitor de cart\u00e3o integrado<\/li>\n<li>Inclui uma ventoinha frontal de 120 mm<\/li>\n<li>Conex\u00e3o USB 3.0 de alta velocidade<\/li>\n<li>At\u00e9 4 discos r\u00edgidos<\/li>\n<li>Espa\u00e7o para instalar at\u00e9 4 ventoinhas<\/li>\n<\/ul>\n","protected":false},"featured_media":13914,"comment_status":"closed","ping_status":"closed","template":"","meta":{"inline_featured_image":false},"product_brand":[],"product_cat":[176],"product_tag":[],"class_list":{"0":"post-16135","1":"product","2":"type-product","3":"status-publish","4":"has-post-thumbnail","6":"product_cat-cajas-pt-pt-2","8":"first","9":"instock","10":"taxable","11":"shipping-taxable","12":"purchasable","13":"product-type-simple"},"yoast_head":"<!-- This site is optimized with the Yoast SEO plugin v26.7 - https:\/\/yoast.com\/wordpress\/plugins\/seo\/ -->\n<title>Coolbay MX2 - Nox-Xtreme<\/title>\n<meta name=\"robots\" content=\"index, follow, max-snippet:-1, max-image-preview:large, max-video-preview:-1\" \/>\n<link rel=\"canonical\" href=\"https:\/\/store.nox-xtreme.com\/pt-pt\/producto\/coolbay-mx2\/\" \/>\n<meta property=\"og:locale\" content=\"pt_PT\" \/>\n<meta property=\"og:type\" content=\"article\" \/>\n<meta property=\"og:title\" content=\"Coolbay MX2 - Nox-Xtreme\" \/>\n<meta property=\"og:description\" content=\"Painel frontal de malha de metalLeitor de cart\u00e3o integradoInclui uma ventoinha frontal de 120 mmConex\u00e3o USB 3.0 de alta velocidadeAt\u00e9 4 discos r\u00edgidosEspa\u00e7o para instalar at\u00e9 4 ventoinhas\" \/>\n<meta property=\"og:url\" content=\"https:\/\/store.nox-xtreme.com\/pt-pt\/producto\/coolbay-mx2\/\" \/>\n<meta property=\"og:site_name\" content=\"Nox-Xtreme\" \/>\n<meta property=\"article:modified_time\" content=\"2022-04-08T10:47:08+00:00\" \/>\n<meta property=\"og:image\" content=\"https:\/\/store.nox-xtreme.com\/wp-content\/uploads\/sites\/2\/2020\/09\/nox_coolbay_mx2_1.jpg\" \/>\n\t<meta property=\"og:image:width\" content=\"1049\" \/>\n\t<meta property=\"og:image:height\" content=\"1300\" \/>\n\t<meta property=\"og:image:type\" content=\"image\/jpeg\" \/>\n<meta name=\"twitter:card\" content=\"summary_large_image\" \/>\n<meta name=\"twitter:label1\" content=\"Tempo estimado de leitura\" \/>\n\t<meta name=\"twitter:data1\" content=\"1 minuto\" \/>\n<script type=\"application\/ld+json\" class=\"yoast-schema-graph\">{\"@context\":\"https:\/\/schema.org\",\"@graph\":[{\"@type\":\"WebPage\",\"@id\":\"https:\/\/store.nox-xtreme.com\/pt-pt\/producto\/coolbay-mx2\/\",\"url\":\"https:\/\/store.nox-xtreme.com\/pt-pt\/producto\/coolbay-mx2\/\",\"name\":\"Coolbay MX2 - Nox-Xtreme\",\"isPartOf\":{\"@id\":\"https:\/\/store.nox-xtreme.com\/#website\"},\"primaryImageOfPage\":{\"@id\":\"https:\/\/store.nox-xtreme.com\/pt-pt\/producto\/coolbay-mx2\/#primaryimage\"},\"image\":{\"@id\":\"https:\/\/store.nox-xtreme.com\/pt-pt\/producto\/coolbay-mx2\/#primaryimage\"},\"thumbnailUrl\":\"https:\/\/store.nox-xtreme.com\/wp-content\/uploads\/sites\/2\/2020\/09\/nox_coolbay_mx2_1.jpg\",\"datePublished\":\"2020-08-23T12:28:06+00:00\",\"dateModified\":\"2022-04-08T10:47:08+00:00\",\"breadcrumb\":{\"@id\":\"https:\/\/store.nox-xtreme.com\/pt-pt\/producto\/coolbay-mx2\/#breadcrumb\"},\"inLanguage\":\"pt-PT\",\"potentialAction\":[{\"@type\":\"ReadAction\",\"target\":[\"https:\/\/store.nox-xtreme.com\/pt-pt\/producto\/coolbay-mx2\/\"]}]},{\"@type\":\"ImageObject\",\"inLanguage\":\"pt-PT\",\"@id\":\"https:\/\/store.nox-xtreme.com\/pt-pt\/producto\/coolbay-mx2\/#primaryimage\",\"url\":\"https:\/\/store.nox-xtreme.com\/wp-content\/uploads\/sites\/2\/2020\/09\/nox_coolbay_mx2_1.jpg\",\"contentUrl\":\"https:\/\/store.nox-xtreme.com\/wp-content\/uploads\/sites\/2\/2020\/09\/nox_coolbay_mx2_1.jpg\",\"width\":1049,\"height\":1300},{\"@type\":\"BreadcrumbList\",\"@id\":\"https:\/\/store.nox-xtreme.com\/pt-pt\/producto\/coolbay-mx2\/#breadcrumb\",\"itemListElement\":[{\"@type\":\"ListItem\",\"position\":1,\"name\":\"Portada\",\"item\":\"https:\/\/store.nox-xtreme.com\/pt-pt\/\"},{\"@type\":\"ListItem\",\"position\":2,\"name\":\"Productos\",\"item\":\"https:\/\/store.nox-xtreme.com\/shop\/\"},{\"@type\":\"ListItem\",\"position\":3,\"name\":\"Coolbay MX2\"}]},{\"@type\":\"WebSite\",\"@id\":\"https:\/\/store.nox-xtreme.com\/#website\",\"url\":\"https:\/\/store.nox-xtreme.com\/\",\"name\":\"Nox-Xtreme\",\"description\":\"Boosting You Performance\",\"potentialAction\":[{\"@type\":\"SearchAction\",\"target\":{\"@type\":\"EntryPoint\",\"urlTemplate\":\"https:\/\/store.nox-xtreme.com\/?s={search_term_string}\"},\"query-input\":{\"@type\":\"PropertyValueSpecification\",\"valueRequired\":true,\"valueName\":\"search_term_string\"}}],\"inLanguage\":\"pt-PT\"}]}<\/script>\n<!-- \/ Yoast SEO plugin. -->","yoast_head_json":{"title":"Coolbay MX2 - Nox-Xtreme","robots":{"index":"index","follow":"follow","max-snippet":"max-snippet:-1","max-image-preview":"max-image-preview:large","max-video-preview":"max-video-preview:-1"},"canonical":"https:\/\/store.nox-xtreme.com\/pt-pt\/producto\/coolbay-mx2\/","og_locale":"pt_PT","og_type":"article","og_title":"Coolbay MX2 - Nox-Xtreme","og_description":"Painel frontal de malha de metalLeitor de cart\u00e3o integradoInclui uma ventoinha frontal de 120 mmConex\u00e3o USB 3.0 de alta velocidadeAt\u00e9 4 discos r\u00edgidosEspa\u00e7o para instalar at\u00e9 4 ventoinhas","og_url":"https:\/\/store.nox-xtreme.com\/pt-pt\/producto\/coolbay-mx2\/","og_site_name":"Nox-Xtreme","article_modified_time":"2022-04-08T10:47:08+00:00","og_image":[{"width":1049,"height":1300,"url":"https:\/\/store.nox-xtreme.com\/wp-content\/uploads\/sites\/2\/2020\/09\/nox_coolbay_mx2_1.jpg","type":"image\/jpeg"}],"twitter_card":"summary_large_image","twitter_misc":{"Tempo estimado de leitura":"1 minuto"},"schema":{"@context":"https:\/\/schema.org","@graph":[{"@type":"WebPage","@id":"https:\/\/store.nox-xtreme.com\/pt-pt\/producto\/coolbay-mx2\/","url":"https:\/\/store.nox-xtreme.com\/pt-pt\/producto\/coolbay-mx2\/","name":"Coolbay MX2 - Nox-Xtreme","isPartOf":{"@id":"https:\/\/store.nox-xtreme.com\/#website"},"primaryImageOfPage":{"@id":"https:\/\/store.nox-xtreme.com\/pt-pt\/producto\/coolbay-mx2\/#primaryimage"},"image":{"@id":"https:\/\/store.nox-xtreme.com\/pt-pt\/producto\/coolbay-mx2\/#primaryimage"},"thumbnailUrl":"https:\/\/store.nox-xtreme.com\/wp-content\/uploads\/sites\/2\/2020\/09\/nox_coolbay_mx2_1.jpg","datePublished":"2020-08-23T12:28:06+00:00","dateModified":"2022-04-08T10:47:08+00:00","breadcrumb":{"@id":"https:\/\/store.nox-xtreme.com\/pt-pt\/producto\/coolbay-mx2\/#breadcrumb"},"inLanguage":"pt-PT","potentialAction":[{"@type":"ReadAction","target":["https:\/\/store.nox-xtreme.com\/pt-pt\/producto\/coolbay-mx2\/"]}]},{"@type":"ImageObject","inLanguage":"pt-PT","@id":"https:\/\/store.nox-xtreme.com\/pt-pt\/producto\/coolbay-mx2\/#primaryimage","url":"https:\/\/store.nox-xtreme.com\/wp-content\/uploads\/sites\/2\/2020\/09\/nox_coolbay_mx2_1.jpg","contentUrl":"https:\/\/store.nox-xtreme.com\/wp-content\/uploads\/sites\/2\/2020\/09\/nox_coolbay_mx2_1.jpg","width":1049,"height":1300},{"@type":"BreadcrumbList","@id":"https:\/\/store.nox-xtreme.com\/pt-pt\/producto\/coolbay-mx2\/#breadcrumb","itemListElement":[{"@type":"ListItem","position":1,"name":"Portada","item":"https:\/\/store.nox-xtreme.com\/pt-pt\/"},{"@type":"ListItem","position":2,"name":"Productos","item":"https:\/\/store.nox-xtreme.com\/shop\/"},{"@type":"ListItem","position":3,"name":"Coolbay MX2"}]},{"@type":"WebSite","@id":"https:\/\/store.nox-xtreme.com\/#website","url":"https:\/\/store.nox-xtreme.com\/","name":"Nox-Xtreme","description":"Boosting You Performance","potentialAction":[{"@type":"SearchAction","target":{"@type":"EntryPoint","urlTemplate":"https:\/\/store.nox-xtreme.com\/?s={search_term_string}"},"query-input":{"@type":"PropertyValueSpecification","valueRequired":true,"valueName":"search_term_string"}}],"inLanguage":"pt-PT"}]}},"_links":{"self":[{"href":"https:\/\/store.nox-xtreme.com\/pt-pt\/wp-json\/wp\/v2\/product\/16135","targetHints":{"allow":["GET"]}}],"collection":[{"href":"https:\/\/store.nox-xtreme.com\/pt-pt\/wp-json\/wp\/v2\/product"}],"about":[{"href":"https:\/\/store.nox-xtreme.com\/pt-pt\/wp-json\/wp\/v2\/types\/product"}],"replies":[{"embeddable":true,"href":"https:\/\/store.nox-xtreme.com\/pt-pt\/wp-json\/wp\/v2\/comments?post=16135"}],"wp:featuredmedia":[{"embeddable":true,"href":"https:\/\/store.nox-xtreme.com\/pt-pt\/wp-json\/wp\/v2\/media\/13914"}],"wp:attachment":[{"href":"https:\/\/store.nox-xtreme.com\/pt-pt\/wp-json\/wp\/v2\/media?parent=16135"}],"wp:term":[{"taxonomy":"product_brand","embeddable":true,"href":"https:\/\/store.nox-xtreme.com\/pt-pt\/wp-json\/wp\/v2\/product_brand?post=16135"},{"taxonomy":"product_cat","embeddable":true,"href":"https:\/\/store.nox-xtreme.com\/pt-pt\/wp-json\/wp\/v2\/product_cat?post=16135"},{"taxonomy":"product_tag","embeddable":true,"href":"https:\/\/store.nox-xtreme.com\/pt-pt\/wp-json\/wp\/v2\/product_tag?post=16135"}],"curies":[{"name":"wp","href":"https:\/\/api.w.org\/{rel}","templated":true}]}}