{"id":16134,"date":"2020-08-22T14:23:59","date_gmt":"2020-08-22T12:23:59","guid":{"rendered":"https:\/\/store.nox-xtreme.com\/producto\/pax-blue-edition\/"},"modified":"2022-04-08T12:48:28","modified_gmt":"2022-04-08T10:48:28","slug":"pax-blue-edition","status":"publish","type":"product","link":"https:\/\/store.nox-xtreme.com\/pt-pt\/producto\/pax-blue-edition\/","title":{"rendered":"Pax"},"content":{"rendered":"<h3>Pax<\/h3>\n<p>A Pax \u00e9 uma caixa compacta com LEDs no painel frontal e um acabamento brilhante com  a capacidade de montar um equipamento de alto desempenho  e um sistema de refrigera\u00e7\u00e3o completo .<\/p>\n<h3>Simples e vers\u00e1til<\/h3>\n<p>Possui um compartimento externo de 5,25 &quot; e quatro compartimentos internos, dois de 3,5&quot; e dois de 2,5 &quot;, qu oferecem v\u00e1rias op\u00e7\u00f5es de armazenamento.<\/p>\n<h3>R\u00e1pido acesso<\/h3>\n<p>A Nox Pax possui uma frente preta com acabamento brilhante combinado com malha de metal e ilumina\u00e7\u00e3o LED azul. No topo da sua frente, encontramos as conex\u00f5es de \u00e1udio, duas USB 2.0  e  uma USB 3.0.<\/p>\n<h3>Espa\u00e7o amplo<\/h3>\n<p>Possui uma estrutura de a\u00e7o SGCC com tamanho compacto e peso reduzido, tornando-a uma caixa vers\u00e1til e completa.<br \/>\nAl\u00e9m disso, com a Pax, obtemos um equipamento de alto desempenho, pois \u00e9 poss\u00edvel alojar gr\u00e1ficas de at\u00e9 325 mm e  coolers com altura m\u00e1xima de 145 mm.<\/p>\n<h3>Sistema de ventila\u00e7\u00e3o<\/h3>\n<p>Quanto ao sistema de ventila\u00e7\u00e3o, a Pax permite montar at\u00e9 3 ventoinhas adicionais, uma lateral e outra traseira, al\u00e9m da que inclui de 120 mm, na frente.<\/p>\n","protected":false},"excerpt":{"rendered":"<ul>\n<li>USB 3.0 de alta velocidade<\/li>\n<li>Frente brilhante com malha de metal<\/li>\n<li>LEDs frontais brilhantes<\/li>\n<li>Capacidade de instalar at\u00e9 3 ventoinhas<\/li>\n<li>Espa\u00e7o para 4 discos r\u00edgidos<\/li>\n<li>Compat\u00edvel com gr\u00e1ficas grandes<\/li>\n<\/ul>\n","protected":false},"featured_media":14385,"comment_status":"closed","ping_status":"closed","template":"","meta":{"inline_featured_image":false},"product_brand":[],"product_cat":[176],"product_tag":[],"class_list":{"0":"post-16134","1":"product","2":"type-product","3":"status-publish","4":"has-post-thumbnail","6":"product_cat-cajas-pt-pt-2","8":"first","9":"outofstock","10":"taxable","11":"shipping-taxable","12":"purchasable","13":"product-type-simple"},"_links":{"self":[{"href":"https:\/\/store.nox-xtreme.com\/pt-pt\/wp-json\/wp\/v2\/product\/16134","targetHints":{"allow":["GET"]}}],"collection":[{"href":"https:\/\/store.nox-xtreme.com\/pt-pt\/wp-json\/wp\/v2\/product"}],"about":[{"href":"https:\/\/store.nox-xtreme.com\/pt-pt\/wp-json\/wp\/v2\/types\/product"}],"replies":[{"embeddable":true,"href":"https:\/\/store.nox-xtreme.com\/pt-pt\/wp-json\/wp\/v2\/comments?post=16134"}],"wp:featuredmedia":[{"embeddable":true,"href":"https:\/\/store.nox-xtreme.com\/pt-pt\/wp-json\/wp\/v2\/media\/14385"}],"wp:attachment":[{"href":"https:\/\/store.nox-xtreme.com\/pt-pt\/wp-json\/wp\/v2\/media?parent=16134"}],"wp:term":[{"taxonomy":"product_brand","embeddable":true,"href":"https:\/\/store.nox-xtreme.com\/pt-pt\/wp-json\/wp\/v2\/product_brand?post=16134"},{"taxonomy":"product_cat","embeddable":true,"href":"https:\/\/store.nox-xtreme.com\/pt-pt\/wp-json\/wp\/v2\/product_cat?post=16134"},{"taxonomy":"product_tag","embeddable":true,"href":"https:\/\/store.nox-xtreme.com\/pt-pt\/wp-json\/wp\/v2\/product_tag?post=16134"}],"curies":[{"name":"wp","href":"https:\/\/api.w.org\/{rel}","templated":true}]}}