{"id":16133,"date":"2020-08-21T09:22:53","date_gmt":"2020-08-21T07:22:53","guid":{"rendered":"https:\/\/store.nox-xtreme.com\/producto\/modus-blue-edition\/"},"modified":"2023-08-28T14:13:43","modified_gmt":"2023-08-28T12:13:43","slug":"modus-blue-edition","status":"publish","type":"product","link":"https:\/\/store.nox-xtreme.com\/pt-pt\/producto\/modus-blue-edition\/","title":{"rendered":"Modus"},"content":{"rendered":"<h3>Modus<\/h3>\n<p>A Nox incorpora um novo chassi na sua s\u00e9rie Origin, Modus. \u00c9 uma caixa semi-torre compacta, elegante e s\u00f3bria. Foi totalmente projetada em preto, com acabamento em malha de metal na frente e uma janela lateral que permite ver o interior do equipamento e todos os seus componentes.<\/p>\n<h3>Eleg\u00e2ncia e sobriedade<\/h3>\n<p>Modus \u00e9 uma caixa semi-torre compacta, elegante e s\u00f3bria. Foi totalmente projetada em preto, com acabamento em malha de metal na frente e uma janela lateral que permite ver o interior do equipamento e todos os seus componentes.<\/p>\n<h3>F\u00e1cil acesso<\/h3>\n<p>Para facilitar o acesso \u00e0s conex\u00f5es, a Modus incorpora no seu painel superior  uma porta USB 3.0 , duas portas USB 2.0 e conex\u00f5es de \u00e1udio.<\/p>\n<h3>Amplo desempenho<\/h3>\n<p>Dentro da Modus \u00e9 poss\u00edvel instalar placas gr\u00e1ficas com at\u00e9 360 mm de comprimento e coolers com uma altura m\u00e1xima de 166 mm. Possui 2 compartimentos externos de 5,25 &#039;&#039; e  3 compartimentos internos, dois de 3,5 &#039;&#039; e um de 2,5 &#039;&#039;, al\u00e9m de 7 slots de expans\u00e3o. Al\u00e9m disso, permite instalar uma fonte de alimenta\u00e7\u00e3o ATX padr\u00e3o.<\/p>\n<h3>Sistema de ventila\u00e7\u00e3o<\/h3>\n<p>A Modus possui uma ventoinha de LED azul de 120 mm pr\u00e9-instalada na frente e a possibilidade de instalar outra com mais de 80 mm na parte traseira. Gra\u00e7as ao acabamento de malha de metal na frente e na grade lateral, o fluxo de ar no interior do equipamento \u00e9 garantido, garantindo o resfriamento ideal de todos os componentes<\/p>\n","protected":false},"excerpt":{"rendered":"<ul>\n<li>Janela lateral transparente<\/li>\n<li>Painel frontal de malha de metal<\/li>\n<li>Inclui uma ventoinha de LED azul de 120 mm<\/li>\n<li>Conex\u00e3o USB 3.0<\/li>\n<li>At\u00e9 3 discos r\u00edgidos<\/li>\n<li>Duas portas USB 2.0<\/li>\n<li>Espa\u00e7o para duas ventoinhas<\/li>\n<\/ul>\n","protected":false},"featured_media":14373,"comment_status":"closed","ping_status":"closed","template":"","meta":{"inline_featured_image":false},"product_brand":[],"product_cat":[176],"product_tag":[],"class_list":{"0":"post-16133","1":"product","2":"type-product","3":"status-publish","4":"has-post-thumbnail","6":"product_cat-cajas-pt-pt-2","8":"first","9":"outofstock","10":"taxable","11":"shipping-taxable","12":"purchasable","13":"product-type-simple"},"_links":{"self":[{"href":"https:\/\/store.nox-xtreme.com\/pt-pt\/wp-json\/wp\/v2\/product\/16133","targetHints":{"allow":["GET"]}}],"collection":[{"href":"https:\/\/store.nox-xtreme.com\/pt-pt\/wp-json\/wp\/v2\/product"}],"about":[{"href":"https:\/\/store.nox-xtreme.com\/pt-pt\/wp-json\/wp\/v2\/types\/product"}],"replies":[{"embeddable":true,"href":"https:\/\/store.nox-xtreme.com\/pt-pt\/wp-json\/wp\/v2\/comments?post=16133"}],"wp:featuredmedia":[{"embeddable":true,"href":"https:\/\/store.nox-xtreme.com\/pt-pt\/wp-json\/wp\/v2\/media\/14373"}],"wp:attachment":[{"href":"https:\/\/store.nox-xtreme.com\/pt-pt\/wp-json\/wp\/v2\/media?parent=16133"}],"wp:term":[{"taxonomy":"product_brand","embeddable":true,"href":"https:\/\/store.nox-xtreme.com\/pt-pt\/wp-json\/wp\/v2\/product_brand?post=16133"},{"taxonomy":"product_cat","embeddable":true,"href":"https:\/\/store.nox-xtreme.com\/pt-pt\/wp-json\/wp\/v2\/product_cat?post=16133"},{"taxonomy":"product_tag","embeddable":true,"href":"https:\/\/store.nox-xtreme.com\/pt-pt\/wp-json\/wp\/v2\/product_tag?post=16133"}],"curies":[{"name":"wp","href":"https:\/\/api.w.org\/{rel}","templated":true}]}}