{"id":16132,"date":"2020-08-19T14:28:25","date_gmt":"2020-08-19T12:28:25","guid":{"rendered":"https:\/\/store.nox-xtreme.com\/producto\/forte\/"},"modified":"2022-04-08T12:50:36","modified_gmt":"2022-04-08T10:50:36","slug":"forte","status":"publish","type":"product","link":"https:\/\/store.nox-xtreme.com\/pt-pt\/producto\/forte\/","title":{"rendered":"Forte"},"content":{"rendered":"<h3>Forte<\/h3>\n<p>Nox nos trae una mini torre, la Nox FORTE, compacta y dise\u00f1ada para ocupar poco espacio. Su chasis  ha sido fabricado en acero SPCC y su frontal  en pl\u00e1stico ABS con acabado brush. Es una caja peque\u00f1a pero con capacidad para albergar componentes de alta gama en su interior.<\/p>\n<h3>Estilo y personalidad<\/h3>\n<p>Nox Forte es estilo y personalidad  en  tama\u00f1o reducido. Esta mini torre ofrece un dise\u00f1o compacto en acero SPCC, interiores en negro y un frontal con acabado brush, lo que la dota de una personalidad inigualable y adaptable a cualquier espacio tanto por su aspecto como por su tama\u00f1o.<\/p>\n<h3>Frontal brush<\/h3>\n<p>El mini chasis de Nox cuenta con un frontal de pl\u00e1stico ABS, en acabado brush  negro, detalle que lo convierte en un chasis especial. En la parte superior del panel frontal encontramos un USB 3.0 de alta velocidad, dos USB 2.0, entrada HD audio y una entrada para micr\u00f3fono.<\/p>\n<h3>La sencillez m\u00e1s compatible<\/h3>\n<p>Las dimensiones de la Forte no nos dejan indiferentes, 186 x 360 x 377 mm, y un peso de 2,4 kg, la convierte en una mini torre ideal para ser transportada a cualquier lugar sin un esfuerzo. A pesar de su tama\u00f1o tiene capacidad para instalar hasta tres ventiladores y la posibilidad de incorporar gr\u00e1ficas de 305 mm y coolers de hasta 152 mm de altura. Adem\u00e1s, es compatible con sistemas de refrigeraci\u00f3n l\u00edquida de  120 mm.<\/p>\n<h3>Sistema de ventilaci\u00f3n<\/h3>\n<p>La Nox Forte cuenta con rejilla en unos de sus laterales para la toma de aire de la fuente de alimentaci\u00f3n. Tiene capacidad para instalar hasta 3 ventiladores: un frontal incluido de 120 mm, un trasero de 80 mm, y un lateral de 120 mm.<\/p>\n","protected":false},"excerpt":{"rendered":"<ul>\n<li>USB 3.0 de alta velocidad<\/li>\n<li>Frontal acabado en brush<\/li>\n<li>Incluye un ventilador de 120 mm frontal<\/li>\n<li>Bandeja HDD adicional para instalar 2&#215;3.5&quot; o 2&#215;2.5&quot;<\/li>\n<li>Interiores en color negro<\/li>\n<li>Espacio para instalar hasta 3 ventiladores<\/li>\n<\/ul>\n","protected":false},"featured_media":14340,"comment_status":"closed","ping_status":"closed","template":"","meta":{"inline_featured_image":false},"product_brand":[],"product_cat":[176],"product_tag":[],"class_list":{"0":"post-16132","1":"product","2":"type-product","3":"status-publish","4":"has-post-thumbnail","6":"product_cat-cajas-pt-pt-2","8":"first","9":"instock","10":"taxable","11":"shipping-taxable","12":"purchasable","13":"product-type-simple"},"yoast_head":"<!-- This site is optimized with the Yoast SEO plugin v26.7 - https:\/\/yoast.com\/wordpress\/plugins\/seo\/ -->\n<title>Forte - Nox-Xtreme<\/title>\n<meta name=\"robots\" content=\"index, follow, max-snippet:-1, max-image-preview:large, max-video-preview:-1\" \/>\n<link rel=\"canonical\" href=\"https:\/\/store.nox-xtreme.com\/pt-pt\/producto\/forte\/\" \/>\n<meta property=\"og:locale\" content=\"pt_PT\" \/>\n<meta property=\"og:type\" content=\"article\" \/>\n<meta property=\"og:title\" content=\"Forte - Nox-Xtreme\" \/>\n<meta property=\"og:description\" content=\"USB 3.0 de alta velocidadFrontal acabado en brushIncluye un ventilador de 120 mm frontalBandeja HDD adicional para instalar 2x3.5&quot; o 2x2.5&quot;Interiores en color negroEspacio para instalar hasta 3 ventiladores\" \/>\n<meta property=\"og:url\" content=\"https:\/\/store.nox-xtreme.com\/pt-pt\/producto\/forte\/\" \/>\n<meta property=\"og:site_name\" content=\"Nox-Xtreme\" \/>\n<meta property=\"article:modified_time\" content=\"2022-04-08T10:50:36+00:00\" \/>\n<meta property=\"og:image\" content=\"https:\/\/store.nox-xtreme.com\/wp-content\/uploads\/sites\/2\/2020\/09\/nox_origin_forte_1.jpg\" \/>\n\t<meta property=\"og:image:width\" content=\"1049\" \/>\n\t<meta property=\"og:image:height\" content=\"1300\" \/>\n\t<meta property=\"og:image:type\" content=\"image\/jpeg\" \/>\n<meta name=\"twitter:card\" content=\"summary_large_image\" \/>\n<meta name=\"twitter:label1\" content=\"Tempo estimado de leitura\" \/>\n\t<meta name=\"twitter:data1\" content=\"1 minuto\" \/>\n<script type=\"application\/ld+json\" class=\"yoast-schema-graph\">{\"@context\":\"https:\/\/schema.org\",\"@graph\":[{\"@type\":\"WebPage\",\"@id\":\"https:\/\/store.nox-xtreme.com\/pt-pt\/producto\/forte\/\",\"url\":\"https:\/\/store.nox-xtreme.com\/pt-pt\/producto\/forte\/\",\"name\":\"Forte - Nox-Xtreme\",\"isPartOf\":{\"@id\":\"https:\/\/store.nox-xtreme.com\/#website\"},\"primaryImageOfPage\":{\"@id\":\"https:\/\/store.nox-xtreme.com\/pt-pt\/producto\/forte\/#primaryimage\"},\"image\":{\"@id\":\"https:\/\/store.nox-xtreme.com\/pt-pt\/producto\/forte\/#primaryimage\"},\"thumbnailUrl\":\"https:\/\/store.nox-xtreme.com\/wp-content\/uploads\/sites\/2\/2020\/09\/nox_origin_forte_1.jpg\",\"datePublished\":\"2020-08-19T12:28:25+00:00\",\"dateModified\":\"2022-04-08T10:50:36+00:00\",\"breadcrumb\":{\"@id\":\"https:\/\/store.nox-xtreme.com\/pt-pt\/producto\/forte\/#breadcrumb\"},\"inLanguage\":\"pt-PT\",\"potentialAction\":[{\"@type\":\"ReadAction\",\"target\":[\"https:\/\/store.nox-xtreme.com\/pt-pt\/producto\/forte\/\"]}]},{\"@type\":\"ImageObject\",\"inLanguage\":\"pt-PT\",\"@id\":\"https:\/\/store.nox-xtreme.com\/pt-pt\/producto\/forte\/#primaryimage\",\"url\":\"https:\/\/store.nox-xtreme.com\/wp-content\/uploads\/sites\/2\/2020\/09\/nox_origin_forte_1.jpg\",\"contentUrl\":\"https:\/\/store.nox-xtreme.com\/wp-content\/uploads\/sites\/2\/2020\/09\/nox_origin_forte_1.jpg\",\"width\":1049,\"height\":1300},{\"@type\":\"BreadcrumbList\",\"@id\":\"https:\/\/store.nox-xtreme.com\/pt-pt\/producto\/forte\/#breadcrumb\",\"itemListElement\":[{\"@type\":\"ListItem\",\"position\":1,\"name\":\"Portada\",\"item\":\"https:\/\/store.nox-xtreme.com\/pt-pt\/\"},{\"@type\":\"ListItem\",\"position\":2,\"name\":\"Productos\",\"item\":\"https:\/\/store.nox-xtreme.com\/shop\/\"},{\"@type\":\"ListItem\",\"position\":3,\"name\":\"Forte\"}]},{\"@type\":\"WebSite\",\"@id\":\"https:\/\/store.nox-xtreme.com\/#website\",\"url\":\"https:\/\/store.nox-xtreme.com\/\",\"name\":\"Nox-Xtreme\",\"description\":\"Boosting You Performance\",\"potentialAction\":[{\"@type\":\"SearchAction\",\"target\":{\"@type\":\"EntryPoint\",\"urlTemplate\":\"https:\/\/store.nox-xtreme.com\/?s={search_term_string}\"},\"query-input\":{\"@type\":\"PropertyValueSpecification\",\"valueRequired\":true,\"valueName\":\"search_term_string\"}}],\"inLanguage\":\"pt-PT\"}]}<\/script>\n<!-- \/ Yoast SEO plugin. -->","yoast_head_json":{"title":"Forte - Nox-Xtreme","robots":{"index":"index","follow":"follow","max-snippet":"max-snippet:-1","max-image-preview":"max-image-preview:large","max-video-preview":"max-video-preview:-1"},"canonical":"https:\/\/store.nox-xtreme.com\/pt-pt\/producto\/forte\/","og_locale":"pt_PT","og_type":"article","og_title":"Forte - Nox-Xtreme","og_description":"USB 3.0 de alta velocidadFrontal acabado en brushIncluye un ventilador de 120 mm frontalBandeja HDD adicional para instalar 2x3.5&quot; o 2x2.5&quot;Interiores en color negroEspacio para instalar hasta 3 ventiladores","og_url":"https:\/\/store.nox-xtreme.com\/pt-pt\/producto\/forte\/","og_site_name":"Nox-Xtreme","article_modified_time":"2022-04-08T10:50:36+00:00","og_image":[{"width":1049,"height":1300,"url":"https:\/\/store.nox-xtreme.com\/wp-content\/uploads\/sites\/2\/2020\/09\/nox_origin_forte_1.jpg","type":"image\/jpeg"}],"twitter_card":"summary_large_image","twitter_misc":{"Tempo estimado de leitura":"1 minuto"},"schema":{"@context":"https:\/\/schema.org","@graph":[{"@type":"WebPage","@id":"https:\/\/store.nox-xtreme.com\/pt-pt\/producto\/forte\/","url":"https:\/\/store.nox-xtreme.com\/pt-pt\/producto\/forte\/","name":"Forte - Nox-Xtreme","isPartOf":{"@id":"https:\/\/store.nox-xtreme.com\/#website"},"primaryImageOfPage":{"@id":"https:\/\/store.nox-xtreme.com\/pt-pt\/producto\/forte\/#primaryimage"},"image":{"@id":"https:\/\/store.nox-xtreme.com\/pt-pt\/producto\/forte\/#primaryimage"},"thumbnailUrl":"https:\/\/store.nox-xtreme.com\/wp-content\/uploads\/sites\/2\/2020\/09\/nox_origin_forte_1.jpg","datePublished":"2020-08-19T12:28:25+00:00","dateModified":"2022-04-08T10:50:36+00:00","breadcrumb":{"@id":"https:\/\/store.nox-xtreme.com\/pt-pt\/producto\/forte\/#breadcrumb"},"inLanguage":"pt-PT","potentialAction":[{"@type":"ReadAction","target":["https:\/\/store.nox-xtreme.com\/pt-pt\/producto\/forte\/"]}]},{"@type":"ImageObject","inLanguage":"pt-PT","@id":"https:\/\/store.nox-xtreme.com\/pt-pt\/producto\/forte\/#primaryimage","url":"https:\/\/store.nox-xtreme.com\/wp-content\/uploads\/sites\/2\/2020\/09\/nox_origin_forte_1.jpg","contentUrl":"https:\/\/store.nox-xtreme.com\/wp-content\/uploads\/sites\/2\/2020\/09\/nox_origin_forte_1.jpg","width":1049,"height":1300},{"@type":"BreadcrumbList","@id":"https:\/\/store.nox-xtreme.com\/pt-pt\/producto\/forte\/#breadcrumb","itemListElement":[{"@type":"ListItem","position":1,"name":"Portada","item":"https:\/\/store.nox-xtreme.com\/pt-pt\/"},{"@type":"ListItem","position":2,"name":"Productos","item":"https:\/\/store.nox-xtreme.com\/shop\/"},{"@type":"ListItem","position":3,"name":"Forte"}]},{"@type":"WebSite","@id":"https:\/\/store.nox-xtreme.com\/#website","url":"https:\/\/store.nox-xtreme.com\/","name":"Nox-Xtreme","description":"Boosting You Performance","potentialAction":[{"@type":"SearchAction","target":{"@type":"EntryPoint","urlTemplate":"https:\/\/store.nox-xtreme.com\/?s={search_term_string}"},"query-input":{"@type":"PropertyValueSpecification","valueRequired":true,"valueName":"search_term_string"}}],"inLanguage":"pt-PT"}]}},"_links":{"self":[{"href":"https:\/\/store.nox-xtreme.com\/pt-pt\/wp-json\/wp\/v2\/product\/16132","targetHints":{"allow":["GET"]}}],"collection":[{"href":"https:\/\/store.nox-xtreme.com\/pt-pt\/wp-json\/wp\/v2\/product"}],"about":[{"href":"https:\/\/store.nox-xtreme.com\/pt-pt\/wp-json\/wp\/v2\/types\/product"}],"replies":[{"embeddable":true,"href":"https:\/\/store.nox-xtreme.com\/pt-pt\/wp-json\/wp\/v2\/comments?post=16132"}],"wp:featuredmedia":[{"embeddable":true,"href":"https:\/\/store.nox-xtreme.com\/pt-pt\/wp-json\/wp\/v2\/media\/14340"}],"wp:attachment":[{"href":"https:\/\/store.nox-xtreme.com\/pt-pt\/wp-json\/wp\/v2\/media?parent=16132"}],"wp:term":[{"taxonomy":"product_brand","embeddable":true,"href":"https:\/\/store.nox-xtreme.com\/pt-pt\/wp-json\/wp\/v2\/product_brand?post=16132"},{"taxonomy":"product_cat","embeddable":true,"href":"https:\/\/store.nox-xtreme.com\/pt-pt\/wp-json\/wp\/v2\/product_cat?post=16132"},{"taxonomy":"product_tag","embeddable":true,"href":"https:\/\/store.nox-xtreme.com\/pt-pt\/wp-json\/wp\/v2\/product_tag?post=16132"}],"curies":[{"name":"wp","href":"https:\/\/api.w.org\/{rel}","templated":true}]}}