{"id":16130,"date":"2020-09-15T14:25:09","date_gmt":"2020-09-15T12:25:09","guid":{"rendered":"https:\/\/store.nox-xtreme.com\/producto\/urano-vx-650w-bronze\/"},"modified":"2022-04-08T13:15:28","modified_gmt":"2022-04-08T11:15:28","slug":"urano-vx-650w-bronze","status":"publish","type":"product","link":"https:\/\/store.nox-xtreme.com\/pt-pt\/producto\/urano-vx-650w-bronze\/","title":{"rendered":"URANO VX 650W Bronze"},"content":{"rendered":"<h3>Urano VX 650W \u00b7 Bronze <\/h3>\n<p>Nossas fontes de Urano evoluem por dentro e por fora. Novas linhas e um novo visual para a evolu\u00e7\u00e3o de uma fonte que melhora em desempenho, recursos e oferece uma infinidade de possibilidades para profissionais e entusiastas.<\/p>\n<h3>Certificado 80+ Bronze<\/h3>\n<p>A efici\u00eancia energ\u00e9tica desempenha um papel muito importante no desempenho da fonte, por isso as nossas fontes de alimenta\u00e7\u00e3o Urano t\u00eam certifica\u00e7\u00e3o 80 + Bronze. Este certificado garante que 85% da energia obtida pela fonte seja consumida de forma eficiente. Al\u00e9m disso, mant\u00e9m os n\u00edveis ideais de ru\u00eddo e temperatura, economizando nos custos de eletricidade.<\/p>\n<h3>Ventoinha de 120 mm<\/h3>\n<p>As fontes Urano VX 650W incorporam  uma ventoinha de 120 mm  que ir\u00e1 adaptar o seu funcionamento dependendo da carga exigida pelo computador a cada momento, evitando o aquecimento da fonte e consequentemente dos demais componentes do equipamento.<\/p>\n<h3>Componentes de alta qualidade<\/h3>\n<p>Componentes de alta qualidade e tecnologia de ponta para garantir um desempenho est\u00e1vel e eficiente : Urano VX 650W oferece  desempenho perfeito .<\/p>\n<p>Os seus cabos planos facilitam a montagem permitindo uma configura\u00e7\u00e3o limpa e arrumada que permite um fluxo eficiente de ar no interior do equipamento e uma r\u00e1pida dissipa\u00e7\u00e3o de calor.<\/p>\n","protected":false},"excerpt":{"rendered":"<ul>\n<li>Certificado 80 PLUS Bronze<\/li>\n<li>Ventoinha de 120 mm com controlo PWM<\/li>\n<li>Cabos planos e extra longos<\/li>\n<li>Melhor performance<\/li>\n<\/ul>\n","protected":false},"featured_media":14482,"comment_status":"closed","ping_status":"closed","template":"","meta":{"inline_featured_image":false},"product_brand":[],"product_cat":[177],"product_tag":[],"class_list":{"0":"post-16130","1":"product","2":"type-product","3":"status-publish","4":"has-post-thumbnail","6":"product_cat-fuentes-pt-pt","8":"first","9":"instock","10":"taxable","11":"shipping-taxable","12":"purchasable","13":"product-type-simple"},"_links":{"self":[{"href":"https:\/\/store.nox-xtreme.com\/pt-pt\/wp-json\/wp\/v2\/product\/16130","targetHints":{"allow":["GET"]}}],"collection":[{"href":"https:\/\/store.nox-xtreme.com\/pt-pt\/wp-json\/wp\/v2\/product"}],"about":[{"href":"https:\/\/store.nox-xtreme.com\/pt-pt\/wp-json\/wp\/v2\/types\/product"}],"replies":[{"embeddable":true,"href":"https:\/\/store.nox-xtreme.com\/pt-pt\/wp-json\/wp\/v2\/comments?post=16130"}],"wp:featuredmedia":[{"embeddable":true,"href":"https:\/\/store.nox-xtreme.com\/pt-pt\/wp-json\/wp\/v2\/media\/14482"}],"wp:attachment":[{"href":"https:\/\/store.nox-xtreme.com\/pt-pt\/wp-json\/wp\/v2\/media?parent=16130"}],"wp:term":[{"taxonomy":"product_brand","embeddable":true,"href":"https:\/\/store.nox-xtreme.com\/pt-pt\/wp-json\/wp\/v2\/product_brand?post=16130"},{"taxonomy":"product_cat","embeddable":true,"href":"https:\/\/store.nox-xtreme.com\/pt-pt\/wp-json\/wp\/v2\/product_cat?post=16130"},{"taxonomy":"product_tag","embeddable":true,"href":"https:\/\/store.nox-xtreme.com\/pt-pt\/wp-json\/wp\/v2\/product_tag?post=16130"}],"curies":[{"name":"wp","href":"https:\/\/api.w.org\/{rel}","templated":true}]}}