{"id":16129,"date":"2020-09-14T11:15:13","date_gmt":"2020-09-14T09:15:13","guid":{"rendered":"https:\/\/store.nox-xtreme.com\/producto\/urano-vx-750w-bronze\/"},"modified":"2022-04-08T13:13:30","modified_gmt":"2022-04-08T11:13:30","slug":"urano-vx-750w-bronze","status":"publish","type":"product","link":"https:\/\/store.nox-xtreme.com\/pt-pt\/producto\/urano-vx-750w-bronze\/","title":{"rendered":"URANO VX 750W Bronze"},"content":{"rendered":"<h3>Urano VX 750W \u00b7 Edi\u00e7\u00e3o Bronze<\/h3>\n<p>Novas linhas e novo aspecto para conter a evolu\u00e7\u00e3o de uma fonte que melhora o desempenho, o desempenho e oferece muitas possibilidades para profissionais e entusiastas.<\/p>\n<h3>Certificado 80+ Bronze<\/h3>\n<p>A efici\u00eancia energ\u00e9tica tem um papel muito importante no desempenho da fonte; portanto, nossas fontes de alimenta\u00e7\u00e3o Uranus possuem um certificado 80 + Bronze. Este certificado garante que 85% da energia obtida pela fonte seja consumida com efici\u00eancia, o que garante uma opera\u00e7\u00e3o eficaz. Al\u00e9m disso, mant\u00e9m  n\u00edveis \u00f3timos de ru\u00eddo e temperatura, economizando tamb\u00e9m em custos de eletricidade.<\/p>\n<h3>Ventoinha de 140 mm<\/h3>\n<p>As fontes Urano VX 750W incorporam uma ventoinha de 140 mm que adaptar\u00e1 o seu funcionamento de acordo com a carga exigida pelo PC a qualquer momento, evitando o aquecimento da fonte e consequentemente do restante dos componentes do equipamento.<\/p>\n<h3>Componentes de alta qualidade<\/h3>\n<p>Componentes de alta qualidade e a mais recente tecnologia para garantir desempenho est\u00e1vel e eficiente: o condensador principal da Urano VX 750W oferece um desempenho perfeito operando com caracter\u00edsticas de baixa imped\u00e2ncia. Os seus cabos planos facilitam a montagem, permitindo uma configura\u00e7\u00e3o limpa e ordenada que permite um fluxo de ar eficaz dentro do equipamento e uma r\u00e1pida dissipa\u00e7\u00e3o de calor.<\/p>\n","protected":false},"excerpt":{"rendered":"<ul>\n<li>Certificado 80 PLUS Bronze<\/li>\n<li>Ventoinha de 140 mm com controlo PWM<\/li>\n<li>Cabos planos e extra largos<\/li>\n<li>Melhor rendimento<\/li>\n<\/ul>\n","protected":false},"featured_media":14497,"comment_status":"closed","ping_status":"closed","template":"","meta":{"inline_featured_image":false},"product_brand":[],"product_cat":[177],"product_tag":[],"class_list":{"0":"post-16129","1":"product","2":"type-product","3":"status-publish","4":"has-post-thumbnail","6":"product_cat-fuentes-pt-pt","8":"first","9":"outofstock","10":"taxable","11":"shipping-taxable","12":"purchasable","13":"product-type-simple"},"yoast_head":"<!-- This site is optimized with the Yoast SEO plugin v26.7 - https:\/\/yoast.com\/wordpress\/plugins\/seo\/ -->\n<title>URANO VX 750W Bronze - Nox-Xtreme<\/title>\n<meta name=\"robots\" content=\"index, follow, max-snippet:-1, max-image-preview:large, max-video-preview:-1\" \/>\n<link rel=\"canonical\" href=\"https:\/\/store.nox-xtreme.com\/pt-pt\/producto\/urano-vx-750w-bronze\/\" \/>\n<meta property=\"og:locale\" content=\"pt_PT\" \/>\n<meta property=\"og:type\" content=\"article\" \/>\n<meta property=\"og:title\" content=\"URANO VX 750W Bronze - Nox-Xtreme\" \/>\n<meta property=\"og:description\" content=\"Certificado 80 PLUS BronzeVentoinha de 140 mm com controlo PWMCabos planos e extra largosMelhor rendimento\" \/>\n<meta property=\"og:url\" content=\"https:\/\/store.nox-xtreme.com\/pt-pt\/producto\/urano-vx-750w-bronze\/\" \/>\n<meta property=\"og:site_name\" content=\"Nox-Xtreme\" \/>\n<meta property=\"article:modified_time\" content=\"2022-04-08T11:13:30+00:00\" \/>\n<meta name=\"twitter:card\" content=\"summary_large_image\" \/>\n<meta name=\"twitter:label1\" content=\"Tempo estimado de leitura\" \/>\n\t<meta name=\"twitter:data1\" content=\"1 minuto\" \/>\n<script type=\"application\/ld+json\" class=\"yoast-schema-graph\">{\"@context\":\"https:\/\/schema.org\",\"@graph\":[{\"@type\":\"WebPage\",\"@id\":\"https:\/\/store.nox-xtreme.com\/pt-pt\/producto\/urano-vx-750w-bronze\/\",\"url\":\"https:\/\/store.nox-xtreme.com\/pt-pt\/producto\/urano-vx-750w-bronze\/\",\"name\":\"URANO VX 750W Bronze - Nox-Xtreme\",\"isPartOf\":{\"@id\":\"https:\/\/store.nox-xtreme.com\/#website\"},\"primaryImageOfPage\":{\"@id\":\"https:\/\/store.nox-xtreme.com\/pt-pt\/producto\/urano-vx-750w-bronze\/#primaryimage\"},\"image\":{\"@id\":\"https:\/\/store.nox-xtreme.com\/pt-pt\/producto\/urano-vx-750w-bronze\/#primaryimage\"},\"thumbnailUrl\":\"https:\/\/store.nox-xtreme.com\/wp-content\/uploads\/sites\/2\/2020\/09\/nox_urano_vx_750w_1.jpg\",\"datePublished\":\"2020-09-14T09:15:13+00:00\",\"dateModified\":\"2022-04-08T11:13:30+00:00\",\"breadcrumb\":{\"@id\":\"https:\/\/store.nox-xtreme.com\/pt-pt\/producto\/urano-vx-750w-bronze\/#breadcrumb\"},\"inLanguage\":\"pt-PT\",\"potentialAction\":[{\"@type\":\"ReadAction\",\"target\":[\"https:\/\/store.nox-xtreme.com\/pt-pt\/producto\/urano-vx-750w-bronze\/\"]}]},{\"@type\":\"ImageObject\",\"inLanguage\":\"pt-PT\",\"@id\":\"https:\/\/store.nox-xtreme.com\/pt-pt\/producto\/urano-vx-750w-bronze\/#primaryimage\",\"url\":\"https:\/\/store.nox-xtreme.com\/wp-content\/uploads\/sites\/2\/2020\/09\/nox_urano_vx_750w_1.jpg\",\"contentUrl\":\"https:\/\/store.nox-xtreme.com\/wp-content\/uploads\/sites\/2\/2020\/09\/nox_urano_vx_750w_1.jpg\",\"width\":1049,\"height\":1300},{\"@type\":\"BreadcrumbList\",\"@id\":\"https:\/\/store.nox-xtreme.com\/pt-pt\/producto\/urano-vx-750w-bronze\/#breadcrumb\",\"itemListElement\":[{\"@type\":\"ListItem\",\"position\":1,\"name\":\"Portada\",\"item\":\"https:\/\/store.nox-xtreme.com\/pt-pt\/\"},{\"@type\":\"ListItem\",\"position\":2,\"name\":\"Productos\",\"item\":\"https:\/\/store.nox-xtreme.com\/shop\/\"},{\"@type\":\"ListItem\",\"position\":3,\"name\":\"URANO VX 750W Bronze\"}]},{\"@type\":\"WebSite\",\"@id\":\"https:\/\/store.nox-xtreme.com\/#website\",\"url\":\"https:\/\/store.nox-xtreme.com\/\",\"name\":\"Nox-Xtreme\",\"description\":\"Boosting You Performance\",\"potentialAction\":[{\"@type\":\"SearchAction\",\"target\":{\"@type\":\"EntryPoint\",\"urlTemplate\":\"https:\/\/store.nox-xtreme.com\/?s={search_term_string}\"},\"query-input\":{\"@type\":\"PropertyValueSpecification\",\"valueRequired\":true,\"valueName\":\"search_term_string\"}}],\"inLanguage\":\"pt-PT\"}]}<\/script>\n<!-- \/ Yoast SEO plugin. -->","yoast_head_json":{"title":"URANO VX 750W Bronze - Nox-Xtreme","robots":{"index":"index","follow":"follow","max-snippet":"max-snippet:-1","max-image-preview":"max-image-preview:large","max-video-preview":"max-video-preview:-1"},"canonical":"https:\/\/store.nox-xtreme.com\/pt-pt\/producto\/urano-vx-750w-bronze\/","og_locale":"pt_PT","og_type":"article","og_title":"URANO VX 750W Bronze - Nox-Xtreme","og_description":"Certificado 80 PLUS BronzeVentoinha de 140 mm com controlo PWMCabos planos e extra largosMelhor rendimento","og_url":"https:\/\/store.nox-xtreme.com\/pt-pt\/producto\/urano-vx-750w-bronze\/","og_site_name":"Nox-Xtreme","article_modified_time":"2022-04-08T11:13:30+00:00","twitter_card":"summary_large_image","twitter_misc":{"Tempo estimado de leitura":"1 minuto"},"schema":{"@context":"https:\/\/schema.org","@graph":[{"@type":"WebPage","@id":"https:\/\/store.nox-xtreme.com\/pt-pt\/producto\/urano-vx-750w-bronze\/","url":"https:\/\/store.nox-xtreme.com\/pt-pt\/producto\/urano-vx-750w-bronze\/","name":"URANO VX 750W Bronze - Nox-Xtreme","isPartOf":{"@id":"https:\/\/store.nox-xtreme.com\/#website"},"primaryImageOfPage":{"@id":"https:\/\/store.nox-xtreme.com\/pt-pt\/producto\/urano-vx-750w-bronze\/#primaryimage"},"image":{"@id":"https:\/\/store.nox-xtreme.com\/pt-pt\/producto\/urano-vx-750w-bronze\/#primaryimage"},"thumbnailUrl":"https:\/\/store.nox-xtreme.com\/wp-content\/uploads\/sites\/2\/2020\/09\/nox_urano_vx_750w_1.jpg","datePublished":"2020-09-14T09:15:13+00:00","dateModified":"2022-04-08T11:13:30+00:00","breadcrumb":{"@id":"https:\/\/store.nox-xtreme.com\/pt-pt\/producto\/urano-vx-750w-bronze\/#breadcrumb"},"inLanguage":"pt-PT","potentialAction":[{"@type":"ReadAction","target":["https:\/\/store.nox-xtreme.com\/pt-pt\/producto\/urano-vx-750w-bronze\/"]}]},{"@type":"ImageObject","inLanguage":"pt-PT","@id":"https:\/\/store.nox-xtreme.com\/pt-pt\/producto\/urano-vx-750w-bronze\/#primaryimage","url":"https:\/\/store.nox-xtreme.com\/wp-content\/uploads\/sites\/2\/2020\/09\/nox_urano_vx_750w_1.jpg","contentUrl":"https:\/\/store.nox-xtreme.com\/wp-content\/uploads\/sites\/2\/2020\/09\/nox_urano_vx_750w_1.jpg","width":1049,"height":1300},{"@type":"BreadcrumbList","@id":"https:\/\/store.nox-xtreme.com\/pt-pt\/producto\/urano-vx-750w-bronze\/#breadcrumb","itemListElement":[{"@type":"ListItem","position":1,"name":"Portada","item":"https:\/\/store.nox-xtreme.com\/pt-pt\/"},{"@type":"ListItem","position":2,"name":"Productos","item":"https:\/\/store.nox-xtreme.com\/shop\/"},{"@type":"ListItem","position":3,"name":"URANO VX 750W Bronze"}]},{"@type":"WebSite","@id":"https:\/\/store.nox-xtreme.com\/#website","url":"https:\/\/store.nox-xtreme.com\/","name":"Nox-Xtreme","description":"Boosting You Performance","potentialAction":[{"@type":"SearchAction","target":{"@type":"EntryPoint","urlTemplate":"https:\/\/store.nox-xtreme.com\/?s={search_term_string}"},"query-input":{"@type":"PropertyValueSpecification","valueRequired":true,"valueName":"search_term_string"}}],"inLanguage":"pt-PT"}]}},"_links":{"self":[{"href":"https:\/\/store.nox-xtreme.com\/pt-pt\/wp-json\/wp\/v2\/product\/16129","targetHints":{"allow":["GET"]}}],"collection":[{"href":"https:\/\/store.nox-xtreme.com\/pt-pt\/wp-json\/wp\/v2\/product"}],"about":[{"href":"https:\/\/store.nox-xtreme.com\/pt-pt\/wp-json\/wp\/v2\/types\/product"}],"replies":[{"embeddable":true,"href":"https:\/\/store.nox-xtreme.com\/pt-pt\/wp-json\/wp\/v2\/comments?post=16129"}],"wp:featuredmedia":[{"embeddable":true,"href":"https:\/\/store.nox-xtreme.com\/pt-pt\/wp-json\/wp\/v2\/media\/14497"}],"wp:attachment":[{"href":"https:\/\/store.nox-xtreme.com\/pt-pt\/wp-json\/wp\/v2\/media?parent=16129"}],"wp:term":[{"taxonomy":"product_brand","embeddable":true,"href":"https:\/\/store.nox-xtreme.com\/pt-pt\/wp-json\/wp\/v2\/product_brand?post=16129"},{"taxonomy":"product_cat","embeddable":true,"href":"https:\/\/store.nox-xtreme.com\/pt-pt\/wp-json\/wp\/v2\/product_cat?post=16129"},{"taxonomy":"product_tag","embeddable":true,"href":"https:\/\/store.nox-xtreme.com\/pt-pt\/wp-json\/wp\/v2\/product_tag?post=16129"}],"curies":[{"name":"wp","href":"https:\/\/api.w.org\/{rel}","templated":true}]}}