{"id":16122,"date":"2020-09-13T16:24:35","date_gmt":"2020-09-13T12:24:35","guid":{"rendered":"https:\/\/store.nox-xtreme.com\/producto\/hummer-gd650-80-plus-gold\/"},"modified":"2024-06-10T10:01:06","modified_gmt":"2024-06-10T08:01:06","slug":"hummer-gd650-80-plus-gold","status":"publish","type":"product","link":"https:\/\/store.nox-xtreme.com\/pt-pt\/producto\/hummer-gd650-80-plus-gold\/","title":{"rendered":"HUMMER GD 650W 80 PLUS Gold"},"content":{"rendered":"<h3>Hummer 650w GD<\/h3>\n<p>Hummer GD , s\u00e3o as fontes com certificado 80 PLUS Gold da Nox. S\u00e3o fontes que garantem 90% de efici\u00eancia **, pensadas para quem necessita de pot\u00eancia est\u00e1vel e garantia de performance em equipamentos de alto rendimento.<\/p>\n<h3>Mayor eficiencia<\/h3>\n<p>As fontes Hummer GD  s\u00e3o certificadas 80 PLUS Gold , o que garante 90% de efici\u00eancia, portanto, o rendimento da fonte \u00e9 maior com custos menores. Por sua vez, as emiss\u00f5es de calor ser\u00e3o reduzidas, permitindo que a ventoinha trabalhe em uma velocidade menor e, consequentemente, o ru\u00eddo produzido pela fonte ser\u00e1 praticamente impercet\u00edvel.<\/p>\n<h3>M\u00e1xima pot\u00eancia, m\u00ednimo ruido<\/h3>\n<p>Hummer GD  est\u00e1 equipada com uma ventoinha de 120 mm , controlada termicamente, ou seja, que funcionar\u00e1 apenas com a pot\u00eancia m\u00e1xima, se necess\u00e1rio. Desta forma, a fonte estar\u00e1 sempre em temperatura ideal garantindo baixa intensidade. O seu design \u00e9 funcional e din\u00e2mico, para obter a m\u00e1xima dissipa\u00e7\u00e3o de calor e desempenho perfeito.<\/p>\n<h3>Design Elegante<\/h3>\n<p>Desenhadas inteiramente em preto, por dentro e por fora, as fontes Hummer GD s\u00e3o apresentadas com um acabamento elegante.  Os seus cabos s\u00e3o pretos e planos, o que permitir\u00e1 gerir os cabos de maneira mais confort\u00e1vel e ordenada, garantindo um fluxo de ar ideal dentro do equipamento.<\/p>\n<h3>Conectores<\/h3>\n<p>Todas as fontes Hummer GD possuem um conjunto completo de cabos para todos os tipos de dispositivos e conex\u00f5es.<\/p>\n","protected":false},"excerpt":{"rendered":"<ul>\n<li>Certificado 80 PLUS Gold<\/li>\n<li>Ventoinha ultrassilenciosa de 120 mm<\/li>\n<li>Compat\u00edvel com ATX12V v2.31<\/li>\n<li>Ultra-silenciosa<\/li>\n<li>Entrada 230v<\/li>\n<\/ul>\n","protected":false},"featured_media":16123,"comment_status":"closed","ping_status":"closed","template":"","meta":{"inline_featured_image":false},"product_brand":[],"product_cat":[177],"product_tag":[],"class_list":{"0":"post-16122","1":"product","2":"type-product","3":"status-publish","4":"has-post-thumbnail","6":"product_cat-fuentes-pt-pt","8":"first","9":"outofstock","10":"taxable","11":"shipping-taxable","12":"purchasable","13":"product-type-simple"},"_links":{"self":[{"href":"https:\/\/store.nox-xtreme.com\/pt-pt\/wp-json\/wp\/v2\/product\/16122","targetHints":{"allow":["GET"]}}],"collection":[{"href":"https:\/\/store.nox-xtreme.com\/pt-pt\/wp-json\/wp\/v2\/product"}],"about":[{"href":"https:\/\/store.nox-xtreme.com\/pt-pt\/wp-json\/wp\/v2\/types\/product"}],"replies":[{"embeddable":true,"href":"https:\/\/store.nox-xtreme.com\/pt-pt\/wp-json\/wp\/v2\/comments?post=16122"}],"wp:featuredmedia":[{"embeddable":true,"href":"https:\/\/store.nox-xtreme.com\/pt-pt\/wp-json\/wp\/v2\/media\/16123"}],"wp:attachment":[{"href":"https:\/\/store.nox-xtreme.com\/pt-pt\/wp-json\/wp\/v2\/media?parent=16122"}],"wp:term":[{"taxonomy":"product_brand","embeddable":true,"href":"https:\/\/store.nox-xtreme.com\/pt-pt\/wp-json\/wp\/v2\/product_brand?post=16122"},{"taxonomy":"product_cat","embeddable":true,"href":"https:\/\/store.nox-xtreme.com\/pt-pt\/wp-json\/wp\/v2\/product_cat?post=16122"},{"taxonomy":"product_tag","embeddable":true,"href":"https:\/\/store.nox-xtreme.com\/pt-pt\/wp-json\/wp\/v2\/product_tag?post=16122"}],"curies":[{"name":"wp","href":"https:\/\/api.w.org\/{rel}","templated":true}]}}