{"id":16121,"date":"2020-09-12T16:37:32","date_gmt":"2020-09-12T12:37:32","guid":{"rendered":"https:\/\/store.nox-xtreme.com\/producto\/hummer-spark\/"},"modified":"2021-12-22T11:55:17","modified_gmt":"2021-12-22T10:55:17","slug":"hummer-spark","status":"publish","type":"product","link":"https:\/\/store.nox-xtreme.com\/pt-pt\/producto\/hummer-spark\/","title":{"rendered":"Hummer Spark"},"content":{"rendered":"<h3>Design<\/h3>\n<p>O Hummer Spark \u00e9 uma torre m\u00e9dia  com um design simples que apresenta uma faixa de LED ARGB Rainbow  na sua frente, projetada inteiramente em preto. A sua janela lateral de acr\u00edlico permite uma vis\u00e3o completa de seu interior, compacto, mas com capacidade suficiente para instalar configura\u00e7\u00f5es poderosas para equipamentos profissionais e voltadas para jogos.<\/p>\n<h3>Acessos<\/h3>\n<p>O painel superior da Hummer Spark tem acesso \u00e0s conex\u00f5es de \u00e1udio, microfone e tr\u00eas portas USB: duas conex\u00f5es USB 2.0 e uma conex\u00e3o USB 3.0 de alta velocidade .<\/p>\n<h3>Op\u00e7\u00f5es de armazenamento<\/h3>\n<p>Um interior compacto com grandes possibilidades de armazenamento: A Hummer Spark permite que instale tr\u00eas SSDs de 2,5 \u201d no painel lateral interno e  dois HDDs de 3,5\u201d no compartimento inferior, sempre mantendo uma sistema de gest\u00e3o de cabos  limpo e organizado .<\/p>\n<h3>Sistema de refrigera\u00e7\u00e3o e ventila\u00e7\u00e3o<\/h3>\n<p>No total, \u00e9 poss\u00edvel hospedar at\u00e9 3 ventoinhas dentro da Hummer Spark: duas frontais de 120 mm  e  uma traseira de 80 mm ou 92 mm.<\/p>\n<p>Da mesma forma, a Hummer Spark tem espa\u00e7o suficiente no seu painel frontal para instalar um  sistema de refrigera\u00e7\u00e3o l\u00edquida de at\u00e9 240 mm .<\/p>\n<h3>Capacidade interior<\/h3>\n<p>As dimens\u00f5es compactas da Spark n\u00e3o limitar\u00e3o a capacidade de adicionar arrefecimento extra ao CPU (permite coolers de at\u00e9 150 mm de altura) ou poderosas gr\u00e1ficas de at\u00e9 240 mm de comprimento para jogos e trabalhar confortavelmente.<\/p>\n","protected":false},"excerpt":{"rendered":"<ul>\n<li>Faixa frontal de LED ARGB Rainbow<\/li>\n<li>Janela lateral de acr\u00edlico<\/li>\n<li>Espa\u00e7o para instalar at\u00e9 3 ventoinhas<\/li>\n<li>Suporta gr\u00e1ficas grandes<\/li>\n<li>USB 3.0 de alta velocidade<\/li>\n<\/ul>\n","protected":false},"featured_media":14067,"comment_status":"closed","ping_status":"closed","template":"","meta":{"inline_featured_image":false},"product_brand":[],"product_cat":[176],"product_tag":[199],"class_list":{"0":"post-16121","1":"product","2":"type-product","3":"status-publish","4":"has-post-thumbnail","6":"product_cat-cajas-pt-pt-2","7":"product_tag-hummer-pt-pt","9":"first","10":"outofstock","11":"taxable","12":"shipping-taxable","13":"purchasable","14":"product-type-simple"},"yoast_head":"<!-- This site is optimized with the Yoast SEO plugin v26.7 - https:\/\/yoast.com\/wordpress\/plugins\/seo\/ -->\n<title>Hummer Spark - Nox-Xtreme<\/title>\n<meta name=\"robots\" content=\"index, follow, max-snippet:-1, max-image-preview:large, max-video-preview:-1\" \/>\n<link rel=\"canonical\" href=\"https:\/\/store.nox-xtreme.com\/pt-pt\/producto\/hummer-spark\/\" \/>\n<meta property=\"og:locale\" content=\"pt_PT\" \/>\n<meta property=\"og:type\" content=\"article\" \/>\n<meta property=\"og:title\" content=\"Hummer Spark - Nox-Xtreme\" \/>\n<meta property=\"og:description\" content=\"Faixa frontal de LED ARGB RainbowJanela lateral de acr\u00edlicoEspa\u00e7o para instalar at\u00e9 3 ventoinhasSuporta gr\u00e1ficas grandesUSB 3.0 de alta velocidade\" \/>\n<meta property=\"og:url\" content=\"https:\/\/store.nox-xtreme.com\/pt-pt\/producto\/hummer-spark\/\" \/>\n<meta property=\"og:site_name\" content=\"Nox-Xtreme\" \/>\n<meta property=\"article:modified_time\" content=\"2021-12-22T10:55:17+00:00\" \/>\n<meta property=\"og:image\" content=\"https:\/\/store.nox-xtreme.com\/wp-content\/uploads\/sites\/2\/2020\/09\/nox_hummer_spark_1.jpg\" \/>\n\t<meta property=\"og:image:width\" content=\"1049\" \/>\n\t<meta property=\"og:image:height\" content=\"1300\" \/>\n\t<meta property=\"og:image:type\" content=\"image\/jpeg\" \/>\n<meta name=\"twitter:card\" content=\"summary_large_image\" \/>\n<meta name=\"twitter:label1\" content=\"Tempo estimado de leitura\" \/>\n\t<meta name=\"twitter:data1\" content=\"1 minuto\" \/>\n<script type=\"application\/ld+json\" class=\"yoast-schema-graph\">{\"@context\":\"https:\/\/schema.org\",\"@graph\":[{\"@type\":\"WebPage\",\"@id\":\"https:\/\/store.nox-xtreme.com\/pt-pt\/producto\/hummer-spark\/\",\"url\":\"https:\/\/store.nox-xtreme.com\/pt-pt\/producto\/hummer-spark\/\",\"name\":\"Hummer Spark - Nox-Xtreme\",\"isPartOf\":{\"@id\":\"https:\/\/store.nox-xtreme.com\/#website\"},\"primaryImageOfPage\":{\"@id\":\"https:\/\/store.nox-xtreme.com\/pt-pt\/producto\/hummer-spark\/#primaryimage\"},\"image\":{\"@id\":\"https:\/\/store.nox-xtreme.com\/pt-pt\/producto\/hummer-spark\/#primaryimage\"},\"thumbnailUrl\":\"https:\/\/store.nox-xtreme.com\/wp-content\/uploads\/sites\/2\/2020\/09\/nox_hummer_spark_1.jpg\",\"datePublished\":\"2020-09-12T12:37:32+00:00\",\"dateModified\":\"2021-12-22T10:55:17+00:00\",\"breadcrumb\":{\"@id\":\"https:\/\/store.nox-xtreme.com\/pt-pt\/producto\/hummer-spark\/#breadcrumb\"},\"inLanguage\":\"pt-PT\",\"potentialAction\":[{\"@type\":\"ReadAction\",\"target\":[\"https:\/\/store.nox-xtreme.com\/pt-pt\/producto\/hummer-spark\/\"]}]},{\"@type\":\"ImageObject\",\"inLanguage\":\"pt-PT\",\"@id\":\"https:\/\/store.nox-xtreme.com\/pt-pt\/producto\/hummer-spark\/#primaryimage\",\"url\":\"https:\/\/store.nox-xtreme.com\/wp-content\/uploads\/sites\/2\/2020\/09\/nox_hummer_spark_1.jpg\",\"contentUrl\":\"https:\/\/store.nox-xtreme.com\/wp-content\/uploads\/sites\/2\/2020\/09\/nox_hummer_spark_1.jpg\",\"width\":1049,\"height\":1300},{\"@type\":\"BreadcrumbList\",\"@id\":\"https:\/\/store.nox-xtreme.com\/pt-pt\/producto\/hummer-spark\/#breadcrumb\",\"itemListElement\":[{\"@type\":\"ListItem\",\"position\":1,\"name\":\"Portada\",\"item\":\"https:\/\/store.nox-xtreme.com\/pt-pt\/\"},{\"@type\":\"ListItem\",\"position\":2,\"name\":\"Productos\",\"item\":\"https:\/\/store.nox-xtreme.com\/shop\/\"},{\"@type\":\"ListItem\",\"position\":3,\"name\":\"Hummer Spark\"}]},{\"@type\":\"WebSite\",\"@id\":\"https:\/\/store.nox-xtreme.com\/#website\",\"url\":\"https:\/\/store.nox-xtreme.com\/\",\"name\":\"Nox-Xtreme\",\"description\":\"Boosting You Performance\",\"potentialAction\":[{\"@type\":\"SearchAction\",\"target\":{\"@type\":\"EntryPoint\",\"urlTemplate\":\"https:\/\/store.nox-xtreme.com\/?s={search_term_string}\"},\"query-input\":{\"@type\":\"PropertyValueSpecification\",\"valueRequired\":true,\"valueName\":\"search_term_string\"}}],\"inLanguage\":\"pt-PT\"}]}<\/script>\n<!-- \/ Yoast SEO plugin. -->","yoast_head_json":{"title":"Hummer Spark - Nox-Xtreme","robots":{"index":"index","follow":"follow","max-snippet":"max-snippet:-1","max-image-preview":"max-image-preview:large","max-video-preview":"max-video-preview:-1"},"canonical":"https:\/\/store.nox-xtreme.com\/pt-pt\/producto\/hummer-spark\/","og_locale":"pt_PT","og_type":"article","og_title":"Hummer Spark - Nox-Xtreme","og_description":"Faixa frontal de LED ARGB RainbowJanela lateral de acr\u00edlicoEspa\u00e7o para instalar at\u00e9 3 ventoinhasSuporta gr\u00e1ficas grandesUSB 3.0 de alta velocidade","og_url":"https:\/\/store.nox-xtreme.com\/pt-pt\/producto\/hummer-spark\/","og_site_name":"Nox-Xtreme","article_modified_time":"2021-12-22T10:55:17+00:00","og_image":[{"width":1049,"height":1300,"url":"https:\/\/store.nox-xtreme.com\/wp-content\/uploads\/sites\/2\/2020\/09\/nox_hummer_spark_1.jpg","type":"image\/jpeg"}],"twitter_card":"summary_large_image","twitter_misc":{"Tempo estimado de leitura":"1 minuto"},"schema":{"@context":"https:\/\/schema.org","@graph":[{"@type":"WebPage","@id":"https:\/\/store.nox-xtreme.com\/pt-pt\/producto\/hummer-spark\/","url":"https:\/\/store.nox-xtreme.com\/pt-pt\/producto\/hummer-spark\/","name":"Hummer Spark - Nox-Xtreme","isPartOf":{"@id":"https:\/\/store.nox-xtreme.com\/#website"},"primaryImageOfPage":{"@id":"https:\/\/store.nox-xtreme.com\/pt-pt\/producto\/hummer-spark\/#primaryimage"},"image":{"@id":"https:\/\/store.nox-xtreme.com\/pt-pt\/producto\/hummer-spark\/#primaryimage"},"thumbnailUrl":"https:\/\/store.nox-xtreme.com\/wp-content\/uploads\/sites\/2\/2020\/09\/nox_hummer_spark_1.jpg","datePublished":"2020-09-12T12:37:32+00:00","dateModified":"2021-12-22T10:55:17+00:00","breadcrumb":{"@id":"https:\/\/store.nox-xtreme.com\/pt-pt\/producto\/hummer-spark\/#breadcrumb"},"inLanguage":"pt-PT","potentialAction":[{"@type":"ReadAction","target":["https:\/\/store.nox-xtreme.com\/pt-pt\/producto\/hummer-spark\/"]}]},{"@type":"ImageObject","inLanguage":"pt-PT","@id":"https:\/\/store.nox-xtreme.com\/pt-pt\/producto\/hummer-spark\/#primaryimage","url":"https:\/\/store.nox-xtreme.com\/wp-content\/uploads\/sites\/2\/2020\/09\/nox_hummer_spark_1.jpg","contentUrl":"https:\/\/store.nox-xtreme.com\/wp-content\/uploads\/sites\/2\/2020\/09\/nox_hummer_spark_1.jpg","width":1049,"height":1300},{"@type":"BreadcrumbList","@id":"https:\/\/store.nox-xtreme.com\/pt-pt\/producto\/hummer-spark\/#breadcrumb","itemListElement":[{"@type":"ListItem","position":1,"name":"Portada","item":"https:\/\/store.nox-xtreme.com\/pt-pt\/"},{"@type":"ListItem","position":2,"name":"Productos","item":"https:\/\/store.nox-xtreme.com\/shop\/"},{"@type":"ListItem","position":3,"name":"Hummer Spark"}]},{"@type":"WebSite","@id":"https:\/\/store.nox-xtreme.com\/#website","url":"https:\/\/store.nox-xtreme.com\/","name":"Nox-Xtreme","description":"Boosting You Performance","potentialAction":[{"@type":"SearchAction","target":{"@type":"EntryPoint","urlTemplate":"https:\/\/store.nox-xtreme.com\/?s={search_term_string}"},"query-input":{"@type":"PropertyValueSpecification","valueRequired":true,"valueName":"search_term_string"}}],"inLanguage":"pt-PT"}]}},"_links":{"self":[{"href":"https:\/\/store.nox-xtreme.com\/pt-pt\/wp-json\/wp\/v2\/product\/16121","targetHints":{"allow":["GET"]}}],"collection":[{"href":"https:\/\/store.nox-xtreme.com\/pt-pt\/wp-json\/wp\/v2\/product"}],"about":[{"href":"https:\/\/store.nox-xtreme.com\/pt-pt\/wp-json\/wp\/v2\/types\/product"}],"replies":[{"embeddable":true,"href":"https:\/\/store.nox-xtreme.com\/pt-pt\/wp-json\/wp\/v2\/comments?post=16121"}],"wp:featuredmedia":[{"embeddable":true,"href":"https:\/\/store.nox-xtreme.com\/pt-pt\/wp-json\/wp\/v2\/media\/14067"}],"wp:attachment":[{"href":"https:\/\/store.nox-xtreme.com\/pt-pt\/wp-json\/wp\/v2\/media?parent=16121"}],"wp:term":[{"taxonomy":"product_brand","embeddable":true,"href":"https:\/\/store.nox-xtreme.com\/pt-pt\/wp-json\/wp\/v2\/product_brand?post=16121"},{"taxonomy":"product_cat","embeddable":true,"href":"https:\/\/store.nox-xtreme.com\/pt-pt\/wp-json\/wp\/v2\/product_cat?post=16121"},{"taxonomy":"product_tag","embeddable":true,"href":"https:\/\/store.nox-xtreme.com\/pt-pt\/wp-json\/wp\/v2\/product_tag?post=16121"}],"curies":[{"name":"wp","href":"https:\/\/api.w.org\/{rel}","templated":true}]}}