{"id":16120,"date":"2020-09-12T14:34:51","date_gmt":"2020-09-12T12:34:51","guid":{"rendered":"https:\/\/store.nox-xtreme.com\/producto\/90w\/"},"modified":"2023-11-05T23:48:04","modified_gmt":"2023-11-05T22:48:04","slug":"90w","status":"publish","type":"product","link":"https:\/\/store.nox-xtreme.com\/pt-pt\/producto\/90w\/","title":{"rendered":"90W"},"content":{"rendered":"<h3>Elevada compatibilidade<\/h3>\n<p>Na Nox, n\u00e3o queremos que fique sem energia, por isso cri\u00e1mos este carregador de energia port\u00e1til universal com regula\u00e7\u00e3o autom\u00e1tica de tens\u00e3o. Possui 10 conectores diferentes: 15V (Toshiba), 16V (IBM), 16V (Sony, Fujitsu), 18,5V (Compaq), 18,5V (HP, Compaq) 19V (Acer, Asus, Compaq, Dell, Fujitsu, Gateway, Toshiba, Lenovo, Liteon), 19V (Samsung), 19V (Acer, Compaq, HP, Fujitsu, Gateway, Toshiba, Liteon), 19,5V (Sony), 20V (Lenovo), que cobrem A maioria das principais marcas de port\u00e1teis do mercado. <\/p>\n<h3>Leve, vers\u00e1til e seguro. <\/h3>\n<p>Um carregador universal de 90 W que pode levar para onde quiser, gra\u00e7as ao seu design compacto e leve. Basta lig\u00e1-lo a uma tomada e escolher o conector correspondente para o seu port\u00e1til (marca e voltagem) para desfrutar de mais horas de bateria. Aposte numa fonte de energia est\u00e1vel, adequada e confi\u00e1vel, gra\u00e7as \u00e0 sua seguran\u00e7a integrada contra surtos e picos de energia. Al\u00e9m disso, o carregador possui uma entrada USB para que, al\u00e9m do seu port\u00e1til, possa tamb\u00e9m carregar qualquer outro dispositivo com essa liga\u00e7\u00e3o<\/p>\n","protected":false},"excerpt":{"rendered":"<ul>\n<li>Carregador de computador port\u00e1til de 90W<\/li>\n<li>Sa\u00edda DC 15\/16 \/ 18,5 \/ 19 \/ 19,5 \/ 20V a 6A m\u00e1x.<\/li>\n<li>10 conectores diferentes<\/li>\n<li>Efici\u00eancia m\u00ednima 85%<\/li>\n<li>Compat\u00edvel com a maioria das marcas: Acer &#8211; Asus &#8211; Compaq &#8211; Dell &#8211; Fujistsu &#8211; Gateway &#8211; HP &#8211; IBM &#8211; Lenovo &#8211; Samsung &#8211; Sony &#8211; Toshiba<\/li>\n<\/ul>\n","protected":false},"featured_media":13856,"comment_status":"closed","ping_status":"closed","template":"","meta":{"inline_featured_image":false},"product_brand":[],"product_cat":[175],"product_tag":[],"class_list":{"0":"post-16120","1":"product","2":"type-product","3":"status-publish","4":"has-post-thumbnail","6":"product_cat-accesorios-pt-pt","8":"first","9":"instock","10":"taxable","11":"shipping-taxable","12":"purchasable","13":"product-type-simple"},"_links":{"self":[{"href":"https:\/\/store.nox-xtreme.com\/pt-pt\/wp-json\/wp\/v2\/product\/16120","targetHints":{"allow":["GET"]}}],"collection":[{"href":"https:\/\/store.nox-xtreme.com\/pt-pt\/wp-json\/wp\/v2\/product"}],"about":[{"href":"https:\/\/store.nox-xtreme.com\/pt-pt\/wp-json\/wp\/v2\/types\/product"}],"replies":[{"embeddable":true,"href":"https:\/\/store.nox-xtreme.com\/pt-pt\/wp-json\/wp\/v2\/comments?post=16120"}],"wp:featuredmedia":[{"embeddable":true,"href":"https:\/\/store.nox-xtreme.com\/pt-pt\/wp-json\/wp\/v2\/media\/13856"}],"wp:attachment":[{"href":"https:\/\/store.nox-xtreme.com\/pt-pt\/wp-json\/wp\/v2\/media?parent=16120"}],"wp:term":[{"taxonomy":"product_brand","embeddable":true,"href":"https:\/\/store.nox-xtreme.com\/pt-pt\/wp-json\/wp\/v2\/product_brand?post=16120"},{"taxonomy":"product_cat","embeddable":true,"href":"https:\/\/store.nox-xtreme.com\/pt-pt\/wp-json\/wp\/v2\/product_cat?post=16120"},{"taxonomy":"product_tag","embeddable":true,"href":"https:\/\/store.nox-xtreme.com\/pt-pt\/wp-json\/wp\/v2\/product_tag?post=16120"}],"curies":[{"name":"wp","href":"https:\/\/api.w.org\/{rel}","templated":true}]}}