{"id":16119,"date":"2020-09-12T16:24:43","date_gmt":"2020-09-12T12:24:43","guid":{"rendered":"https:\/\/store.nox-xtreme.com\/producto\/hummer-gd750-80-plus-gold\/"},"modified":"2024-08-28T09:20:28","modified_gmt":"2024-08-28T07:20:28","slug":"hummer-gd750-80-plus-gold","status":"publish","type":"product","link":"https:\/\/store.nox-xtreme.com\/pt-pt\/producto\/hummer-gd750-80-plus-gold\/","title":{"rendered":"HUMMER GD 750W 80 PLUS Gold"},"content":{"rendered":"<h3>Hummer 750w GD <\/h3>\n<p>Hummer GD, s\u00e3o as fontes com certificado 80 PLUS Gold da Nox. S\u00e3o fontes que garantem 90% de efici\u00eancia, destinadas a quem precisa de energia est\u00e1vel e garantia de desempenho em equipamentos de alto desempenho.<\/p>\n<h3>Maior efici\u00eancia<\/h3>\n<p>As fontes Hummer GD t\u00eam certifica\u00e7\u00e3o 80 PLUS Gold, o que garante uma efici\u00eancia de 90%, portanto, o desempenho da fonte \u00e9 maior com custos menores. Por sua vez, as emiss\u00f5es de calor ser\u00e3o reduzidas com opera\u00e7\u00e3o eficiente, permitindo que a ventoinha trabalhe em uma velocidade menor e, consequentemente, o ru\u00eddo produzido pela fonte ser\u00e1 praticamente impercet\u00edvel.<\/p>\n<h3>M\u00e1xima pot\u00eancia, m\u00ednimo ruido<\/h3>\n<p>A Hummer GD possui uma ventoinha de 120 mm, termicamente controlada, ou seja, s\u00f3 funcionar\u00e1 na pot\u00eancia m\u00e1xima se necess\u00e1rio. Desta forma, a fonte estar\u00e1 sempre na temperatura ideal, garantindo baixo ru\u00eddo. O seu design \u00e9 funcional e din\u00e2mico, para obter a m\u00e1xima dissipa\u00e7\u00e3o de calor e desempenho perfeito.<\/p>\n<h3>Design elegante<\/h3>\n<p>Desenhadas inteiramente em preto, tanto por dentro quanto por fora, as fontes Hummer GD s\u00e3o apresentadas com um acabamento elegante. Os seus cabos s\u00e3o pretos e achatados, o que permitir\u00e1 que o cabeamento seja gerido de forma mais confort\u00e1vel e ordenada, garantindo um \u00f3timo fluxo de ar no interior do equipamento.<\/p>\n<h3>Conectores<\/h3>\n<p>Todas as fontes Hummer GD t\u00eam um conjunto completo de cabos para todos os tipos de dispositivos e conex\u00f5es.<\/p>\n","protected":false},"excerpt":{"rendered":"<ul>\n<li>Certificado 80 PLUS Gold<\/li>\n<li>Ventoinha ultrassilenciosa de 120 mm<\/li>\n<li>Compat\u00edvel com ATX12V v2.31<\/li>\n<li>Ultra-silenciosa<\/li>\n<\/ul>\n","protected":false},"featured_media":0,"comment_status":"closed","ping_status":"closed","template":"","meta":{"inline_featured_image":false},"product_brand":[],"product_cat":[177],"product_tag":[],"class_list":{"0":"post-16119","1":"product","2":"type-product","3":"status-publish","5":"product_cat-fuentes-pt-pt","7":"first","8":"outofstock","9":"taxable","10":"shipping-taxable","11":"purchasable","12":"product-type-simple"},"yoast_head":"<!-- This site is optimized with the Yoast SEO plugin v26.7 - https:\/\/yoast.com\/wordpress\/plugins\/seo\/ -->\n<title>HUMMER GD 750W 80 PLUS Gold - Nox-Xtreme<\/title>\n<meta name=\"robots\" content=\"index, follow, max-snippet:-1, max-image-preview:large, max-video-preview:-1\" \/>\n<link rel=\"canonical\" href=\"https:\/\/store.nox-xtreme.com\/pt-pt\/producto\/hummer-gd750-80-plus-gold\/\" \/>\n<meta property=\"og:locale\" content=\"pt_PT\" \/>\n<meta property=\"og:type\" content=\"article\" \/>\n<meta property=\"og:title\" content=\"HUMMER GD 750W 80 PLUS Gold - Nox-Xtreme\" \/>\n<meta property=\"og:description\" content=\"Certificado 80 PLUS GoldVentoinha ultrassilenciosa de 120 mmCompat\u00edvel com ATX12V v2.31Ultra-silenciosa\" \/>\n<meta property=\"og:url\" content=\"https:\/\/store.nox-xtreme.com\/pt-pt\/producto\/hummer-gd750-80-plus-gold\/\" \/>\n<meta property=\"og:site_name\" content=\"Nox-Xtreme\" \/>\n<meta property=\"article:modified_time\" content=\"2024-08-28T07:20:28+00:00\" \/>\n<meta property=\"og:image\" content=\"https:\/\/store.nox-xtreme.com\/wp-content\/uploads\/sites\/2\/2020\/09\/nox_hummer_gd_750w_1.jpg\" \/>\n\t<meta property=\"og:image:width\" content=\"1049\" \/>\n\t<meta property=\"og:image:height\" content=\"1300\" \/>\n\t<meta property=\"og:image:type\" content=\"image\/jpeg\" \/>\n<meta name=\"twitter:card\" content=\"summary_large_image\" \/>\n<meta name=\"twitter:label1\" content=\"Tempo estimado de leitura\" \/>\n\t<meta name=\"twitter:data1\" content=\"1 minuto\" \/>\n<script type=\"application\/ld+json\" class=\"yoast-schema-graph\">{\"@context\":\"https:\/\/schema.org\",\"@graph\":[{\"@type\":\"WebPage\",\"@id\":\"https:\/\/store.nox-xtreme.com\/pt-pt\/producto\/hummer-gd750-80-plus-gold\/\",\"url\":\"https:\/\/store.nox-xtreme.com\/pt-pt\/producto\/hummer-gd750-80-plus-gold\/\",\"name\":\"HUMMER GD 750W 80 PLUS Gold - Nox-Xtreme\",\"isPartOf\":{\"@id\":\"https:\/\/store.nox-xtreme.com\/#website\"},\"datePublished\":\"2020-09-12T12:24:43+00:00\",\"dateModified\":\"2024-08-28T07:20:28+00:00\",\"breadcrumb\":{\"@id\":\"https:\/\/store.nox-xtreme.com\/pt-pt\/producto\/hummer-gd750-80-plus-gold\/#breadcrumb\"},\"inLanguage\":\"pt-PT\",\"potentialAction\":[{\"@type\":\"ReadAction\",\"target\":[\"https:\/\/store.nox-xtreme.com\/pt-pt\/producto\/hummer-gd750-80-plus-gold\/\"]}]},{\"@type\":\"BreadcrumbList\",\"@id\":\"https:\/\/store.nox-xtreme.com\/pt-pt\/producto\/hummer-gd750-80-plus-gold\/#breadcrumb\",\"itemListElement\":[{\"@type\":\"ListItem\",\"position\":1,\"name\":\"Portada\",\"item\":\"https:\/\/store.nox-xtreme.com\/pt-pt\/\"},{\"@type\":\"ListItem\",\"position\":2,\"name\":\"Productos\",\"item\":\"https:\/\/store.nox-xtreme.com\/shop\/\"},{\"@type\":\"ListItem\",\"position\":3,\"name\":\"HUMMER GD 750W 80 PLUS Gold\"}]},{\"@type\":\"WebSite\",\"@id\":\"https:\/\/store.nox-xtreme.com\/#website\",\"url\":\"https:\/\/store.nox-xtreme.com\/\",\"name\":\"Nox-Xtreme\",\"description\":\"Boosting You Performance\",\"potentialAction\":[{\"@type\":\"SearchAction\",\"target\":{\"@type\":\"EntryPoint\",\"urlTemplate\":\"https:\/\/store.nox-xtreme.com\/?s={search_term_string}\"},\"query-input\":{\"@type\":\"PropertyValueSpecification\",\"valueRequired\":true,\"valueName\":\"search_term_string\"}}],\"inLanguage\":\"pt-PT\"}]}<\/script>\n<!-- \/ Yoast SEO plugin. -->","yoast_head_json":{"title":"HUMMER GD 750W 80 PLUS Gold - Nox-Xtreme","robots":{"index":"index","follow":"follow","max-snippet":"max-snippet:-1","max-image-preview":"max-image-preview:large","max-video-preview":"max-video-preview:-1"},"canonical":"https:\/\/store.nox-xtreme.com\/pt-pt\/producto\/hummer-gd750-80-plus-gold\/","og_locale":"pt_PT","og_type":"article","og_title":"HUMMER GD 750W 80 PLUS Gold - Nox-Xtreme","og_description":"Certificado 80 PLUS GoldVentoinha ultrassilenciosa de 120 mmCompat\u00edvel com ATX12V v2.31Ultra-silenciosa","og_url":"https:\/\/store.nox-xtreme.com\/pt-pt\/producto\/hummer-gd750-80-plus-gold\/","og_site_name":"Nox-Xtreme","article_modified_time":"2024-08-28T07:20:28+00:00","og_image":[{"width":1049,"height":1300,"url":"https:\/\/store.nox-xtreme.com\/wp-content\/uploads\/sites\/2\/2020\/09\/nox_hummer_gd_750w_1.jpg","type":"image\/jpeg"}],"twitter_card":"summary_large_image","twitter_misc":{"Tempo estimado de leitura":"1 minuto"},"schema":{"@context":"https:\/\/schema.org","@graph":[{"@type":"WebPage","@id":"https:\/\/store.nox-xtreme.com\/pt-pt\/producto\/hummer-gd750-80-plus-gold\/","url":"https:\/\/store.nox-xtreme.com\/pt-pt\/producto\/hummer-gd750-80-plus-gold\/","name":"HUMMER GD 750W 80 PLUS Gold - Nox-Xtreme","isPartOf":{"@id":"https:\/\/store.nox-xtreme.com\/#website"},"datePublished":"2020-09-12T12:24:43+00:00","dateModified":"2024-08-28T07:20:28+00:00","breadcrumb":{"@id":"https:\/\/store.nox-xtreme.com\/pt-pt\/producto\/hummer-gd750-80-plus-gold\/#breadcrumb"},"inLanguage":"pt-PT","potentialAction":[{"@type":"ReadAction","target":["https:\/\/store.nox-xtreme.com\/pt-pt\/producto\/hummer-gd750-80-plus-gold\/"]}]},{"@type":"BreadcrumbList","@id":"https:\/\/store.nox-xtreme.com\/pt-pt\/producto\/hummer-gd750-80-plus-gold\/#breadcrumb","itemListElement":[{"@type":"ListItem","position":1,"name":"Portada","item":"https:\/\/store.nox-xtreme.com\/pt-pt\/"},{"@type":"ListItem","position":2,"name":"Productos","item":"https:\/\/store.nox-xtreme.com\/shop\/"},{"@type":"ListItem","position":3,"name":"HUMMER GD 750W 80 PLUS Gold"}]},{"@type":"WebSite","@id":"https:\/\/store.nox-xtreme.com\/#website","url":"https:\/\/store.nox-xtreme.com\/","name":"Nox-Xtreme","description":"Boosting You Performance","potentialAction":[{"@type":"SearchAction","target":{"@type":"EntryPoint","urlTemplate":"https:\/\/store.nox-xtreme.com\/?s={search_term_string}"},"query-input":{"@type":"PropertyValueSpecification","valueRequired":true,"valueName":"search_term_string"}}],"inLanguage":"pt-PT"}]}},"_links":{"self":[{"href":"https:\/\/store.nox-xtreme.com\/pt-pt\/wp-json\/wp\/v2\/product\/16119","targetHints":{"allow":["GET"]}}],"collection":[{"href":"https:\/\/store.nox-xtreme.com\/pt-pt\/wp-json\/wp\/v2\/product"}],"about":[{"href":"https:\/\/store.nox-xtreme.com\/pt-pt\/wp-json\/wp\/v2\/types\/product"}],"replies":[{"embeddable":true,"href":"https:\/\/store.nox-xtreme.com\/pt-pt\/wp-json\/wp\/v2\/comments?post=16119"}],"wp:attachment":[{"href":"https:\/\/store.nox-xtreme.com\/pt-pt\/wp-json\/wp\/v2\/media?parent=16119"}],"wp:term":[{"taxonomy":"product_brand","embeddable":true,"href":"https:\/\/store.nox-xtreme.com\/pt-pt\/wp-json\/wp\/v2\/product_brand?post=16119"},{"taxonomy":"product_cat","embeddable":true,"href":"https:\/\/store.nox-xtreme.com\/pt-pt\/wp-json\/wp\/v2\/product_cat?post=16119"},{"taxonomy":"product_tag","embeddable":true,"href":"https:\/\/store.nox-xtreme.com\/pt-pt\/wp-json\/wp\/v2\/product_tag?post=16119"}],"curies":[{"name":"wp","href":"https:\/\/api.w.org\/{rel}","templated":true}]}}