{"id":16113,"date":"2020-09-11T16:24:52","date_gmt":"2020-09-11T12:24:52","guid":{"rendered":"https:\/\/store.nox-xtreme.com\/producto\/hummer-gd850-80-plus-gold\/"},"modified":"2024-08-28T09:18:29","modified_gmt":"2024-08-28T07:18:29","slug":"hummer-gd850-80-plus-gold","status":"publish","type":"product","link":"https:\/\/store.nox-xtreme.com\/pt-pt\/producto\/hummer-gd850-80-plus-gold\/","title":{"rendered":"HUMMER GD 850W 80 PLUS Gold"},"content":{"rendered":"<h3>Hummer 850w GD<\/h3>\n<p>Hummer GD, s\u00e3o as fontes com certificado 80 PLUS Gold dA Nox. S\u00e3o fontes que garantem uma efici\u00eancia de 90% , projetadas para quem precisa de energia est\u00e1vel e uma garantia de desempenho em equipamentos de alto desempenho.<\/p>\n<h3>Maior efici\u00eancia<\/h3>\n<p>As fontes Hummer GD  possuem certificado 80 PLUS Gold , o que garante uma efici\u00eancia de 90%, portanto, o desempenho da fonte \u00e9 maior com custos mais baixos. Por sua vez, as emiss\u00f5es de calor ser\u00e3o reduzidas com uma  opera\u00e7\u00e3o eficiente , permitindo que o ventilador trabalhe em velocidade mais baixa e, consequentemente, o ru\u00eddo produzido pela fonte ser\u00e1 praticamente impercept\u00edvel.<\/p>\n<h3>M\u00e1xima potencia, m\u00ednimo ruido<\/h3>\n<p>Hummer GD  est\u00e1 equipada com uma ventoinha de 120 mm , controlada termicamente, ou seja, que funcionar\u00e1 apenas com a pot\u00eancia m\u00e1xima, se necess\u00e1rio. Desta forma, a fonte estar\u00e1 sempre em temperatura ideal garantindo baixa intensidade. O seu design \u00e9 funcional e din\u00e2mico, para obter a m\u00e1xima dissipa\u00e7\u00e3o de calor e desempenho perfeito.<\/p>\n<h3>Design elegante<\/h3>\n<p>Desenhadas inteiramente em preto, por dentro e por fora, as fontes Hummer GD s\u00e3o apresentadas com um acabamento elegante.  Os seus cabos s\u00e3o pretos e planos, o que permitir\u00e1 gerir os cabos de maneira mais confort\u00e1vel e ordenada, garantindo um fluxo de ar ideal dentro do equipamento.<\/p>\n<h3>Conectores<\/h3>\n<p>Todas as fontes Hummer GD possuem um conjunto completo de cabos para todos os tipos de dispositivos e conex\u00f5es.<\/p>\n","protected":false},"excerpt":{"rendered":"<ul>\n<li>Certificado 80 PLUS Gold<\/li>\n<li>Ventilador de 120 mm ultra silencioso<\/li>\n<li>Compatible con ATX12V v2.31<\/li>\n<li>Ultrasilenciosa<\/li>\n<\/ul>\n","protected":false},"featured_media":0,"comment_status":"closed","ping_status":"closed","template":"","meta":{"inline_featured_image":false},"product_brand":[],"product_cat":[177],"product_tag":[],"class_list":{"0":"post-16113","1":"product","2":"type-product","3":"status-publish","5":"product_cat-fuentes-pt-pt","7":"first","8":"outofstock","9":"taxable","10":"shipping-taxable","11":"purchasable","12":"product-type-simple"},"_links":{"self":[{"href":"https:\/\/store.nox-xtreme.com\/pt-pt\/wp-json\/wp\/v2\/product\/16113","targetHints":{"allow":["GET"]}}],"collection":[{"href":"https:\/\/store.nox-xtreme.com\/pt-pt\/wp-json\/wp\/v2\/product"}],"about":[{"href":"https:\/\/store.nox-xtreme.com\/pt-pt\/wp-json\/wp\/v2\/types\/product"}],"replies":[{"embeddable":true,"href":"https:\/\/store.nox-xtreme.com\/pt-pt\/wp-json\/wp\/v2\/comments?post=16113"}],"wp:attachment":[{"href":"https:\/\/store.nox-xtreme.com\/pt-pt\/wp-json\/wp\/v2\/media?parent=16113"}],"wp:term":[{"taxonomy":"product_brand","embeddable":true,"href":"https:\/\/store.nox-xtreme.com\/pt-pt\/wp-json\/wp\/v2\/product_brand?post=16113"},{"taxonomy":"product_cat","embeddable":true,"href":"https:\/\/store.nox-xtreme.com\/pt-pt\/wp-json\/wp\/v2\/product_cat?post=16113"},{"taxonomy":"product_tag","embeddable":true,"href":"https:\/\/store.nox-xtreme.com\/pt-pt\/wp-json\/wp\/v2\/product_tag?post=16113"}],"curies":[{"name":"wp","href":"https:\/\/api.w.org\/{rel}","templated":true}]}}