{"id":16111,"date":"2020-09-10T14:37:42","date_gmt":"2020-09-10T14:37:42","guid":{"rendered":"https:\/\/store.nox-xtreme.com\/producto\/x-fan\/"},"modified":"2023-09-04T10:33:15","modified_gmt":"2023-09-04T08:33:15","slug":"x-fan","status":"publish","type":"product","link":"https:\/\/store.nox-xtreme.com\/pt-pt\/producto\/x-fan\/","title":{"rendered":"X-Fan"},"content":{"rendered":"<h3>X-FAN<\/h3>\n<p>Com uma ilumina\u00e7\u00e3o ARGB  e dimens\u00e3o de 120 mm, a ventoinha Hummer X-FAN foi desenhada para completar a sua configura\u00e7\u00e3o Nox (Infinity Omega, Infinity Alpha, Hummer TGM, Hummer Fusion S, Quantum e Nova )<\/p>\n<p>Decore o interior do seu PC personalizando a cor sem complica\u00e7\u00f5es, enquanto protege todos os seus componentes de altas temperaturas, garantindo um \u00f3timo arrefecimento sem ru\u00eddo, gra\u00e7as a um design dur\u00e1vel e ultrassilencioso.<\/p>\n<h3>T\u00e3o silencioso, que nem percebe<\/h3>\n<p>Com um design compacto e funcional de 120 x 120 x 25 mm , a Hummer X-FAN \u00e9 capaz de gerar um grande fluxo de ar .<\/p>\n<p>Suas 9 l\u00e2minas aerodin\u00e2micas  garantem refrigera\u00e7\u00e3o constante, reduzindo o ru\u00eddo ao m\u00ednimo gra\u00e7as \u00e0s suas  almofadas de borracha antivibra\u00e7\u00e3o que neutralizam o n\u00edvel de ru\u00eddo.<\/p>\n<p>Boa ventila\u00e7\u00e3o, com m\u00e1xima estabilidade e por muito mais tempo, pois gra\u00e7as ao  rolamento hidr\u00e1ulico desses suportes, a X-FAN possui uma  vida \u00fatil de 40.000 horas .<\/p>\n<h3>Grande experi\u00eancia visual<\/h3>\n<p>O seu anel duplo ARGB LED oferece um visual muito atraente, tornando-a o complemento ideal para criar diferentes ambientes de jogo .<\/p>\n<p>Ser\u00e1 capaz de personalizar as configura\u00e7\u00f5es e sincronizar o resto do equipamento , para que tudo na sua caixa funcione com as mesmas cores.<\/p>\n<h3>Um arco-\u00edris de possibilidades<\/h3>\n<p>Para poder conect\u00e1-la, a X-FAN possui um conector de alimenta\u00e7\u00e3o de 3 pinos. Al\u00e9m disso, incorpora um conector ARGB macho de 3 pinos para poder adicionar mais ventiladores em s\u00e9rie para multiplicar o fluxo de ar em cores.<\/p>\n","protected":false},"excerpt":{"rendered":"<ul>\n<li>Ventoinha de 120 mm<\/li>\n<li>Anel duplo LED ARGB rainbow<\/li>\n<li>Ultra silencioso com almofadas de borracha anti vibra\u00e7\u00e3o<\/li>\n<li>Grande fluxo de ar<\/li>\n<li>Compat\u00edvel com chassis Hummer e Infinity que possuem um controlador de conex\u00e3o de 3 pinos<\/li>\n<\/ul>\n","protected":false},"featured_media":14773,"comment_status":"closed","ping_status":"closed","template":"","meta":{"inline_featured_image":false},"product_brand":[],"product_cat":[178],"product_tag":[],"class_list":{"0":"post-16111","1":"product","2":"type-product","3":"status-publish","4":"has-post-thumbnail","6":"product_cat-refrigeracion-pt-pt","8":"first","9":"outofstock","10":"taxable","11":"shipping-taxable","12":"purchasable","13":"product-type-simple"},"yoast_head":"<!-- This site is optimized with the Yoast SEO plugin v26.7 - https:\/\/yoast.com\/wordpress\/plugins\/seo\/ -->\n<title>X-Fan - Nox-Xtreme<\/title>\n<meta name=\"robots\" content=\"index, follow, max-snippet:-1, max-image-preview:large, max-video-preview:-1\" \/>\n<link rel=\"canonical\" href=\"https:\/\/store.nox-xtreme.com\/pt-pt\/producto\/x-fan\/\" \/>\n<meta property=\"og:locale\" content=\"pt_PT\" \/>\n<meta property=\"og:type\" content=\"article\" \/>\n<meta property=\"og:title\" content=\"X-Fan - Nox-Xtreme\" \/>\n<meta property=\"og:description\" content=\"Ventoinha de 120 mmAnel duplo LED ARGB rainbowUltra silencioso com almofadas de borracha anti vibra\u00e7\u00e3oGrande fluxo de arCompat\u00edvel com chassis Hummer e Infinity que possuem um controlador de conex\u00e3o de 3 pinos\" \/>\n<meta property=\"og:url\" content=\"https:\/\/store.nox-xtreme.com\/pt-pt\/producto\/x-fan\/\" \/>\n<meta property=\"og:site_name\" content=\"Nox-Xtreme\" \/>\n<meta property=\"article:modified_time\" content=\"2023-09-04T08:33:15+00:00\" \/>\n<meta name=\"twitter:card\" content=\"summary_large_image\" \/>\n<meta name=\"twitter:label1\" content=\"Tempo estimado de leitura\" \/>\n\t<meta name=\"twitter:data1\" content=\"1 minuto\" \/>\n<script type=\"application\/ld+json\" class=\"yoast-schema-graph\">{\"@context\":\"https:\/\/schema.org\",\"@graph\":[{\"@type\":\"WebPage\",\"@id\":\"https:\/\/store.nox-xtreme.com\/pt-pt\/producto\/x-fan\/\",\"url\":\"https:\/\/store.nox-xtreme.com\/pt-pt\/producto\/x-fan\/\",\"name\":\"X-Fan - Nox-Xtreme\",\"isPartOf\":{\"@id\":\"https:\/\/store.nox-xtreme.com\/#website\"},\"primaryImageOfPage\":{\"@id\":\"https:\/\/store.nox-xtreme.com\/pt-pt\/producto\/x-fan\/#primaryimage\"},\"image\":{\"@id\":\"https:\/\/store.nox-xtreme.com\/pt-pt\/producto\/x-fan\/#primaryimage\"},\"thumbnailUrl\":\"https:\/\/store.nox-xtreme.com\/wp-content\/uploads\/sites\/2\/2020\/09\/nox_hummer_x-fan_2.jpg\",\"datePublished\":\"2020-09-10T14:37:42+00:00\",\"dateModified\":\"2023-09-04T08:33:15+00:00\",\"breadcrumb\":{\"@id\":\"https:\/\/store.nox-xtreme.com\/pt-pt\/producto\/x-fan\/#breadcrumb\"},\"inLanguage\":\"pt-PT\",\"potentialAction\":[{\"@type\":\"ReadAction\",\"target\":[\"https:\/\/store.nox-xtreme.com\/pt-pt\/producto\/x-fan\/\"]}]},{\"@type\":\"ImageObject\",\"inLanguage\":\"pt-PT\",\"@id\":\"https:\/\/store.nox-xtreme.com\/pt-pt\/producto\/x-fan\/#primaryimage\",\"url\":\"https:\/\/store.nox-xtreme.com\/wp-content\/uploads\/sites\/2\/2020\/09\/nox_hummer_x-fan_2.jpg\",\"contentUrl\":\"https:\/\/store.nox-xtreme.com\/wp-content\/uploads\/sites\/2\/2020\/09\/nox_hummer_x-fan_2.jpg\",\"width\":1049,\"height\":1300},{\"@type\":\"BreadcrumbList\",\"@id\":\"https:\/\/store.nox-xtreme.com\/pt-pt\/producto\/x-fan\/#breadcrumb\",\"itemListElement\":[{\"@type\":\"ListItem\",\"position\":1,\"name\":\"Portada\",\"item\":\"https:\/\/store.nox-xtreme.com\/pt-pt\/\"},{\"@type\":\"ListItem\",\"position\":2,\"name\":\"Productos\",\"item\":\"https:\/\/store.nox-xtreme.com\/shop\/\"},{\"@type\":\"ListItem\",\"position\":3,\"name\":\"X-Fan\"}]},{\"@type\":\"WebSite\",\"@id\":\"https:\/\/store.nox-xtreme.com\/#website\",\"url\":\"https:\/\/store.nox-xtreme.com\/\",\"name\":\"Nox-Xtreme\",\"description\":\"Boosting You Performance\",\"potentialAction\":[{\"@type\":\"SearchAction\",\"target\":{\"@type\":\"EntryPoint\",\"urlTemplate\":\"https:\/\/store.nox-xtreme.com\/?s={search_term_string}\"},\"query-input\":{\"@type\":\"PropertyValueSpecification\",\"valueRequired\":true,\"valueName\":\"search_term_string\"}}],\"inLanguage\":\"pt-PT\"}]}<\/script>\n<!-- \/ Yoast SEO plugin. -->","yoast_head_json":{"title":"X-Fan - Nox-Xtreme","robots":{"index":"index","follow":"follow","max-snippet":"max-snippet:-1","max-image-preview":"max-image-preview:large","max-video-preview":"max-video-preview:-1"},"canonical":"https:\/\/store.nox-xtreme.com\/pt-pt\/producto\/x-fan\/","og_locale":"pt_PT","og_type":"article","og_title":"X-Fan - Nox-Xtreme","og_description":"Ventoinha de 120 mmAnel duplo LED ARGB rainbowUltra silencioso com almofadas de borracha anti vibra\u00e7\u00e3oGrande fluxo de arCompat\u00edvel com chassis Hummer e Infinity que possuem um controlador de conex\u00e3o de 3 pinos","og_url":"https:\/\/store.nox-xtreme.com\/pt-pt\/producto\/x-fan\/","og_site_name":"Nox-Xtreme","article_modified_time":"2023-09-04T08:33:15+00:00","twitter_card":"summary_large_image","twitter_misc":{"Tempo estimado de leitura":"1 minuto"},"schema":{"@context":"https:\/\/schema.org","@graph":[{"@type":"WebPage","@id":"https:\/\/store.nox-xtreme.com\/pt-pt\/producto\/x-fan\/","url":"https:\/\/store.nox-xtreme.com\/pt-pt\/producto\/x-fan\/","name":"X-Fan - Nox-Xtreme","isPartOf":{"@id":"https:\/\/store.nox-xtreme.com\/#website"},"primaryImageOfPage":{"@id":"https:\/\/store.nox-xtreme.com\/pt-pt\/producto\/x-fan\/#primaryimage"},"image":{"@id":"https:\/\/store.nox-xtreme.com\/pt-pt\/producto\/x-fan\/#primaryimage"},"thumbnailUrl":"https:\/\/store.nox-xtreme.com\/wp-content\/uploads\/sites\/2\/2020\/09\/nox_hummer_x-fan_2.jpg","datePublished":"2020-09-10T14:37:42+00:00","dateModified":"2023-09-04T08:33:15+00:00","breadcrumb":{"@id":"https:\/\/store.nox-xtreme.com\/pt-pt\/producto\/x-fan\/#breadcrumb"},"inLanguage":"pt-PT","potentialAction":[{"@type":"ReadAction","target":["https:\/\/store.nox-xtreme.com\/pt-pt\/producto\/x-fan\/"]}]},{"@type":"ImageObject","inLanguage":"pt-PT","@id":"https:\/\/store.nox-xtreme.com\/pt-pt\/producto\/x-fan\/#primaryimage","url":"https:\/\/store.nox-xtreme.com\/wp-content\/uploads\/sites\/2\/2020\/09\/nox_hummer_x-fan_2.jpg","contentUrl":"https:\/\/store.nox-xtreme.com\/wp-content\/uploads\/sites\/2\/2020\/09\/nox_hummer_x-fan_2.jpg","width":1049,"height":1300},{"@type":"BreadcrumbList","@id":"https:\/\/store.nox-xtreme.com\/pt-pt\/producto\/x-fan\/#breadcrumb","itemListElement":[{"@type":"ListItem","position":1,"name":"Portada","item":"https:\/\/store.nox-xtreme.com\/pt-pt\/"},{"@type":"ListItem","position":2,"name":"Productos","item":"https:\/\/store.nox-xtreme.com\/shop\/"},{"@type":"ListItem","position":3,"name":"X-Fan"}]},{"@type":"WebSite","@id":"https:\/\/store.nox-xtreme.com\/#website","url":"https:\/\/store.nox-xtreme.com\/","name":"Nox-Xtreme","description":"Boosting You Performance","potentialAction":[{"@type":"SearchAction","target":{"@type":"EntryPoint","urlTemplate":"https:\/\/store.nox-xtreme.com\/?s={search_term_string}"},"query-input":{"@type":"PropertyValueSpecification","valueRequired":true,"valueName":"search_term_string"}}],"inLanguage":"pt-PT"}]}},"_links":{"self":[{"href":"https:\/\/store.nox-xtreme.com\/pt-pt\/wp-json\/wp\/v2\/product\/16111","targetHints":{"allow":["GET"]}}],"collection":[{"href":"https:\/\/store.nox-xtreme.com\/pt-pt\/wp-json\/wp\/v2\/product"}],"about":[{"href":"https:\/\/store.nox-xtreme.com\/pt-pt\/wp-json\/wp\/v2\/types\/product"}],"replies":[{"embeddable":true,"href":"https:\/\/store.nox-xtreme.com\/pt-pt\/wp-json\/wp\/v2\/comments?post=16111"}],"wp:featuredmedia":[{"embeddable":true,"href":"https:\/\/store.nox-xtreme.com\/pt-pt\/wp-json\/wp\/v2\/media\/14773"}],"wp:attachment":[{"href":"https:\/\/store.nox-xtreme.com\/pt-pt\/wp-json\/wp\/v2\/media?parent=16111"}],"wp:term":[{"taxonomy":"product_brand","embeddable":true,"href":"https:\/\/store.nox-xtreme.com\/pt-pt\/wp-json\/wp\/v2\/product_brand?post=16111"},{"taxonomy":"product_cat","embeddable":true,"href":"https:\/\/store.nox-xtreme.com\/pt-pt\/wp-json\/wp\/v2\/product_cat?post=16111"},{"taxonomy":"product_tag","embeddable":true,"href":"https:\/\/store.nox-xtreme.com\/pt-pt\/wp-json\/wp\/v2\/product_tag?post=16111"}],"curies":[{"name":"wp","href":"https:\/\/api.w.org\/{rel}","templated":true}]}}