{"id":16110,"date":"2020-09-10T14:36:51","date_gmt":"2020-09-10T12:36:51","guid":{"rendered":"https:\/\/store.nox-xtreme.com\/producto\/h-240-argb\/"},"modified":"2023-09-04T10:33:17","modified_gmt":"2023-09-04T08:33:17","slug":"h-240-argb","status":"publish","type":"product","link":"https:\/\/store.nox-xtreme.com\/pt-pt\/producto\/h-240-argb\/","title":{"rendered":"H-240 ARGB"},"content":{"rendered":"<h3>H-240 ARGB<\/h3>\n<p>O H-240 ARGB \u00e9 um kit de refrigera\u00e7\u00e3o l\u00edquida f\u00e1cil de instalar, com um alto desempenho e com baixo n\u00edvel de ru\u00eddo, gra\u00e7as ao seu radiador duplo (277 x 120 x 27 mm) e \u00e0s suas ventoinhas com fun\u00e7\u00e3o PWM que reduzem efetivamente a temperatura do equipamento.<\/p>\n<h3>Ventila\u00e7\u00e3o eficaz<\/h3>\n<p>O radiador de 240 mm e suas aletas aerodin\u00e2micas (que reduzem a turbul\u00eancia entre a ventoinha e o radiador) proporcionam ao H-240 ARGB alta efici\u00eancia na troca de calor e refrigera\u00e7\u00e3o de todos o seu equipamento.<\/p>\n<p>Al\u00e9m disso, gra\u00e7as \u00e0 fun\u00e7\u00e3o PWM as ventoinhas ajustam automaticamente a sua velocidade \u00e0s necessidades do microprocessador , garantindo sempre um excelente desempenho at\u00e9 1500 RPM.<\/p>\n<h3>Desenho e ilumina\u00e7\u00e3o RGB<\/h3>\n<p>Hummer H-240 ARGB tem um sistema de ilumina\u00e7\u00e3o LED RGB de 16,8 milh\u00f5es de cores . Gra\u00e7as \u00e0 sua compatibilidade com as tecnologias de sincroniza\u00e7\u00e3o dos principais fabricantes de motherboards, poder\u00e1 n\u00e3o s\u00f3 customizar a sua ilumina\u00e7\u00e3o como tamb\u00e9m sincronizar as suas cores com as restantes do seu equipamento.<\/p>\n<p>O seu design  foi pensado para se adaptar \u00e0 configura\u00e7\u00e3o do seu equipamento gra\u00e7as aos seus tubos de rede , que n\u00e3o comprimem nem obstruem se tiver pouco espa\u00e7o para os colocar.<\/p>\n<p>Al\u00e9m disso, para m\u00e1xima estabilidade, cada ventoinha possui 4 almofadas de borracha anti vibra\u00e7\u00e3o que evitam vibra\u00e7\u00f5es e ru\u00eddos inc\u00f3modos.<\/p>\n<h3>Desempenho e benef\u00edcios<\/h3>\n<p>Hummer H-240 ARGB tem uma bomba com base de cobre (para alta condutividade ) capaz de mover um grande fluxo de l\u00edquido de refrigera\u00e7\u00e3o (2100 RPM) e ser assim capaz de reduzir instantaneamente a temperatura do processador.<\/p>\n<p>Isso, junto com a elevada dissipa\u00e7\u00e3o de calor que permite a alta densidade das aletas do radiador , permite um fluxo de ar cont\u00ednuo dentro do seu computador.<\/p>\n<p>Al\u00e9m disso, o sistema de montagem sem ferramentas do ARGB H-240 \u00e9 compat\u00edvel, e muito f\u00e1cil de instalar, com Intel e AMD.<\/p>\n","protected":false},"excerpt":{"rendered":"<ul>\n<li>Compat\u00edvel com Intel e AMD<\/li>\n<li>Duas ventoinhas de 120 mm com controlo PWM<\/li>\n<li>Ilumina\u00e7\u00e3o ARGB<\/li>\n<li>Radiador duplo com base de alum\u00ednio<\/li>\n<li>Bomba com base de cobre<\/li>\n<li>F\u00e1cil montagem e instala\u00e7\u00e3o<\/li>\n<\/ul>\n","protected":false},"featured_media":0,"comment_status":"closed","ping_status":"closed","template":"","meta":{"inline_featured_image":false},"product_brand":[],"product_cat":[178],"product_tag":[],"class_list":{"0":"post-16110","1":"product","2":"type-product","3":"status-publish","5":"product_cat-refrigeracion-pt-pt","7":"first","8":"outofstock","9":"taxable","10":"shipping-taxable","11":"purchasable","12":"product-type-simple"},"_links":{"self":[{"href":"https:\/\/store.nox-xtreme.com\/pt-pt\/wp-json\/wp\/v2\/product\/16110","targetHints":{"allow":["GET"]}}],"collection":[{"href":"https:\/\/store.nox-xtreme.com\/pt-pt\/wp-json\/wp\/v2\/product"}],"about":[{"href":"https:\/\/store.nox-xtreme.com\/pt-pt\/wp-json\/wp\/v2\/types\/product"}],"replies":[{"embeddable":true,"href":"https:\/\/store.nox-xtreme.com\/pt-pt\/wp-json\/wp\/v2\/comments?post=16110"}],"wp:attachment":[{"href":"https:\/\/store.nox-xtreme.com\/pt-pt\/wp-json\/wp\/v2\/media?parent=16110"}],"wp:term":[{"taxonomy":"product_brand","embeddable":true,"href":"https:\/\/store.nox-xtreme.com\/pt-pt\/wp-json\/wp\/v2\/product_brand?post=16110"},{"taxonomy":"product_cat","embeddable":true,"href":"https:\/\/store.nox-xtreme.com\/pt-pt\/wp-json\/wp\/v2\/product_cat?post=16110"},{"taxonomy":"product_tag","embeddable":true,"href":"https:\/\/store.nox-xtreme.com\/pt-pt\/wp-json\/wp\/v2\/product_tag?post=16110"}],"curies":[{"name":"wp","href":"https:\/\/api.w.org\/{rel}","templated":true}]}}