{"id":16109,"date":"2020-09-10T16:36:42","date_gmt":"2020-09-10T12:36:42","guid":{"rendered":"https:\/\/store.nox-xtreme.com\/producto\/h-224-argb\/"},"modified":"2023-10-10T09:59:39","modified_gmt":"2023-10-10T07:59:39","slug":"h-224-argb","status":"publish","type":"product","link":"https:\/\/store.nox-xtreme.com\/pt-pt\/producto\/h-224-argb\/","title":{"rendered":"H-224 ARGB"},"content":{"rendered":"<h3>H-224 ARGB<\/h3>\n<p>O Hummer H-224 ARGB \u00e9 um cooler com 4 heatpipes de cobre de 6 mm e um enorme dissipador de calor de alum\u00ednio que, junto com a  fun\u00e7\u00e3o PWM da sua ventoinha de 120 mm, oferece uma refrigera\u00e7\u00e3o eficiente e poderosa do CPU do seu computador.<\/p>\n<h3>GRANDE CAPACIDADE DE REFRIGERA\u00c7\u00c3O<\/h3>\n<p>A coluna central de alum\u00ednio  do H-224 ARGB foi projetada para garantir a m\u00e1xima dissipa\u00e7\u00e3o de calor: o formato curvo das suas 46 aletas reduz a resist\u00eancia do ar e aumenta o fluxo entre elas, permitindo a expuls\u00e3o do calor mais facilmente.<\/p>\n<h3>REFRIGERA\u00c7\u00c3O \u00d3TIMA<\/h3>\n<p>Para garantir um arrefecimento r\u00e1pido e ideal, o H-224 ARGB possui uma ventoinha de 120 mm com design c\u00f4nico (que concentra o fluxo de ar) e uma velocidade de at\u00e9 1.500 RPM que ajusta-se automaticamente \u00e0s necessidades do CPU gra\u00e7as \u00e0 fun\u00e7\u00e3o PWM.<\/p>\n<h3>BASE DE ALUMINIO E COBRE<\/h3>\n<p>Atrav\u00e9s de sua base de alum\u00ednio e os seus 4 heatpipes de cobre em contato direto, o H-224 ARGB garante arrefecimento constante e a perfeita dissipa\u00e7\u00e3o do calor do CPU,  do seu computador.<\/p>\n<h3>DIMENS\u00d5ES COMPACTAS<\/h3>\n<p>A pot\u00eancia do H-224 ARGB n\u00e3o \u00e9 proporcional ao seu tamanho. Com dimens\u00f5es de  apenas 127 mm de altura x 77 mm de largura x 156 mm de profundidade,  permite que aproveite ao m\u00e1ximo o espa\u00e7o interior do seu equipamento.<\/p>\n<h3>INSTALA\u00c7\u00c3O SIMPLES EM INTEL E AMD<\/h3>\n<p>A instala\u00e7\u00e3o do H-224 ARGB \u00e9 simples : escolha o socket dependendo do sistema (Intel ou AMD), aplique a massa t\u00e9rmica (para melhorar o contato entre a base do dissipador de calor e a superf\u00edcie do microprocessador), prenda o suporte de montagem H-224 ARGB e  fixe o cooler nele .<\/p>\n<h3>ILUMINA\u00c7\u00c3O E DESIGN RGB<\/h3>\n<p>O Hummer H-224 ARGB possui um sistema de ilumina\u00e7\u00e3o LED RGB de 16,8 milh\u00f5es de cores . A sua compatibilidade com as tecnologias de sincroniza\u00e7\u00e3o dos principais fabricantes de placas-m\u00e3e permite n\u00e3o s\u00f3 personalizar a sua ilumina\u00e7\u00e3o , mas tamb\u00e9m sincronizar as suas cores com as do seu equipamento .<\/p>\n","protected":false},"excerpt":{"rendered":"<ul>\n<li>Compat\u00edvel com Intel e AMD<\/li>\n<li>Ventoinha de 120 mm com PWM<\/li>\n<li>Ilumina\u00e7\u00e3o ARGB<\/li>\n<li>4 heatpipes. Alum\u00ednio e base de cobre<\/li>\n<li>Instala\u00e7\u00e3o f\u00e1cil<\/li>\n<\/ul>\n","protected":false},"featured_media":0,"comment_status":"closed","ping_status":"closed","template":"","meta":{"inline_featured_image":false},"product_brand":[],"product_cat":[178],"product_tag":[],"class_list":{"0":"post-16109","1":"product","2":"type-product","3":"status-publish","5":"product_cat-refrigeracion-pt-pt","7":"first","8":"outofstock","9":"taxable","10":"shipping-taxable","11":"purchasable","12":"product-type-simple"},"_links":{"self":[{"href":"https:\/\/store.nox-xtreme.com\/pt-pt\/wp-json\/wp\/v2\/product\/16109","targetHints":{"allow":["GET"]}}],"collection":[{"href":"https:\/\/store.nox-xtreme.com\/pt-pt\/wp-json\/wp\/v2\/product"}],"about":[{"href":"https:\/\/store.nox-xtreme.com\/pt-pt\/wp-json\/wp\/v2\/types\/product"}],"replies":[{"embeddable":true,"href":"https:\/\/store.nox-xtreme.com\/pt-pt\/wp-json\/wp\/v2\/comments?post=16109"}],"wp:attachment":[{"href":"https:\/\/store.nox-xtreme.com\/pt-pt\/wp-json\/wp\/v2\/media?parent=16109"}],"wp:term":[{"taxonomy":"product_brand","embeddable":true,"href":"https:\/\/store.nox-xtreme.com\/pt-pt\/wp-json\/wp\/v2\/product_brand?post=16109"},{"taxonomy":"product_cat","embeddable":true,"href":"https:\/\/store.nox-xtreme.com\/pt-pt\/wp-json\/wp\/v2\/product_cat?post=16109"},{"taxonomy":"product_tag","embeddable":true,"href":"https:\/\/store.nox-xtreme.com\/pt-pt\/wp-json\/wp\/v2\/product_tag?post=16109"}],"curies":[{"name":"wp","href":"https:\/\/api.w.org\/{rel}","templated":true}]}}