{"id":16108,"date":"2020-09-10T14:36:24","date_gmt":"2020-09-10T12:36:24","guid":{"rendered":"https:\/\/store.nox-xtreme.com\/producto\/s-fan\/"},"modified":"2026-01-14T22:46:16","modified_gmt":"2026-01-14T21:46:16","slug":"s-fan","status":"publish","type":"product","link":"https:\/\/store.nox-xtreme.com\/pt-pt\/producto\/s-fan\/","title":{"rendered":"S-Fan"},"content":{"rendered":"<h3>S-FAN<\/h3>\n<p>Hummer S-FAN \u00e9 uma ventoinha de 120 mm com ilumina\u00e7\u00e3o ARGB que foi concebida para completar a sua configura\u00e7\u00e3o Nox (compat\u00edvel com chassis Hummer e Infinity que possuem um controlador de conex\u00e3o de 3 pinos) e personaliz\u00e1-la com um espet\u00e1culo de cores enquanto mant\u00e9m uma temperatura ideal.<\/p>\n<h3>Um arco-\u00edris no seu anel duplo<\/h3>\n<p>Um design compacto e funcional de 120 mm e 3 pins, com anel duplo ARGB Rainbow para personalizar a sua configura\u00e7\u00e3o gra\u00e7as a todas as possibilidades que S-FAN oferece ao criar ambientes diferentes e sincroniz\u00e1-los com as cores do resto do equipamento.<\/p>\n<h3>Compat\u00edvel com configura\u00e7\u00f5es ARGB<\/h3>\n<p>Hummer S-FAN foi projetada como o complemento perfeito para configura\u00e7\u00f5es compat\u00edveis com ARGB, onde pode sincronizar um espet\u00e1culo de cores inteiro e ao mesmo tempo manter uma temperatura ideal dentro do seu equipamento.<\/p>\n<h3>Est\u00e1vel e silencioso<\/h3>\n<p>Hummer S-FAN combina tecnologia e funcionalidade na refrigera\u00e7\u00e3o de seus equipamentos.<\/p>\n<p>Tem 4 almofadas de borracha antivibra\u00e7\u00e3o que absorvem o ru\u00eddo , o que a torna uma ventoinha silenciosa, mesmo quando o PC est\u00e1 na pot\u00eancia m\u00e1xima por muitas horas.<br \/>\nAl\u00e9m disso, esses suportes proporcionam uma opera\u00e7\u00e3o est\u00e1vel e segura \u00e0 sua configura\u00e7\u00e3o, garantindo uma vida \u00fatil de at\u00e9 40.000 horas.<\/p>\n","protected":false},"excerpt":{"rendered":"<ul>\n<li>Ventoinha de 120 mm<\/li>\n<li>Anel de LED duplo ARGB Rainbow<\/li>\n<li>Almofadas de borracha antivibra\u00e7\u00e3o<\/li>\n<li>Grande fluxo de ar<\/li>\n<li>Compat\u00edvel com chassis Hummer e Infinity que possuem um controlador de conex\u00e3o de 3 pinos<\/li>\n<\/ul>\n","protected":false},"featured_media":14758,"comment_status":"closed","ping_status":"closed","template":"","meta":{"inline_featured_image":false},"product_brand":[],"product_cat":[178],"product_tag":[],"class_list":{"0":"post-16108","1":"product","2":"type-product","3":"status-publish","4":"has-post-thumbnail","6":"product_cat-refrigeracion-pt-pt","8":"first","9":"instock","10":"taxable","11":"shipping-taxable","12":"purchasable","13":"product-type-simple"},"yoast_head":"<!-- This site is optimized with the Yoast SEO plugin v26.7 - https:\/\/yoast.com\/wordpress\/plugins\/seo\/ -->\n<title>S-Fan - Nox-Xtreme<\/title>\n<meta name=\"robots\" content=\"index, follow, max-snippet:-1, max-image-preview:large, max-video-preview:-1\" \/>\n<link rel=\"canonical\" href=\"https:\/\/store.nox-xtreme.com\/pt-pt\/producto\/s-fan\/\" \/>\n<meta property=\"og:locale\" content=\"pt_PT\" \/>\n<meta property=\"og:type\" content=\"article\" \/>\n<meta property=\"og:title\" content=\"S-Fan - Nox-Xtreme\" \/>\n<meta property=\"og:description\" content=\"Ventoinha de 120 mmAnel de LED duplo ARGB RainbowAlmofadas de borracha antivibra\u00e7\u00e3oGrande fluxo de arCompat\u00edvel com chassis Hummer e Infinity que possuem um controlador de conex\u00e3o de 3 pinos\" \/>\n<meta property=\"og:url\" content=\"https:\/\/store.nox-xtreme.com\/pt-pt\/producto\/s-fan\/\" \/>\n<meta property=\"og:site_name\" content=\"Nox-Xtreme\" \/>\n<meta property=\"article:modified_time\" content=\"2026-01-14T21:46:16+00:00\" \/>\n<meta name=\"twitter:card\" content=\"summary_large_image\" \/>\n<meta name=\"twitter:label1\" content=\"Tempo estimado de leitura\" \/>\n\t<meta name=\"twitter:data1\" content=\"1 minuto\" \/>\n<script type=\"application\/ld+json\" class=\"yoast-schema-graph\">{\"@context\":\"https:\/\/schema.org\",\"@graph\":[{\"@type\":\"WebPage\",\"@id\":\"https:\/\/store.nox-xtreme.com\/pt-pt\/producto\/s-fan\/\",\"url\":\"https:\/\/store.nox-xtreme.com\/pt-pt\/producto\/s-fan\/\",\"name\":\"S-Fan - Nox-Xtreme\",\"isPartOf\":{\"@id\":\"https:\/\/store.nox-xtreme.com\/#website\"},\"primaryImageOfPage\":{\"@id\":\"https:\/\/store.nox-xtreme.com\/pt-pt\/producto\/s-fan\/#primaryimage\"},\"image\":{\"@id\":\"https:\/\/store.nox-xtreme.com\/pt-pt\/producto\/s-fan\/#primaryimage\"},\"thumbnailUrl\":\"https:\/\/store.nox-xtreme.com\/wp-content\/uploads\/sites\/2\/2020\/09\/nox_hummer_s-fan_2.jpg\",\"datePublished\":\"2020-09-10T12:36:24+00:00\",\"dateModified\":\"2026-01-14T21:46:16+00:00\",\"breadcrumb\":{\"@id\":\"https:\/\/store.nox-xtreme.com\/pt-pt\/producto\/s-fan\/#breadcrumb\"},\"inLanguage\":\"pt-PT\",\"potentialAction\":[{\"@type\":\"ReadAction\",\"target\":[\"https:\/\/store.nox-xtreme.com\/pt-pt\/producto\/s-fan\/\"]}]},{\"@type\":\"ImageObject\",\"inLanguage\":\"pt-PT\",\"@id\":\"https:\/\/store.nox-xtreme.com\/pt-pt\/producto\/s-fan\/#primaryimage\",\"url\":\"https:\/\/store.nox-xtreme.com\/wp-content\/uploads\/sites\/2\/2020\/09\/nox_hummer_s-fan_2.jpg\",\"contentUrl\":\"https:\/\/store.nox-xtreme.com\/wp-content\/uploads\/sites\/2\/2020\/09\/nox_hummer_s-fan_2.jpg\",\"width\":1049,\"height\":1300},{\"@type\":\"BreadcrumbList\",\"@id\":\"https:\/\/store.nox-xtreme.com\/pt-pt\/producto\/s-fan\/#breadcrumb\",\"itemListElement\":[{\"@type\":\"ListItem\",\"position\":1,\"name\":\"Portada\",\"item\":\"https:\/\/store.nox-xtreme.com\/pt-pt\/\"},{\"@type\":\"ListItem\",\"position\":2,\"name\":\"Productos\",\"item\":\"https:\/\/store.nox-xtreme.com\/shop\/\"},{\"@type\":\"ListItem\",\"position\":3,\"name\":\"S-Fan\"}]},{\"@type\":\"WebSite\",\"@id\":\"https:\/\/store.nox-xtreme.com\/#website\",\"url\":\"https:\/\/store.nox-xtreme.com\/\",\"name\":\"Nox-Xtreme\",\"description\":\"Boosting You Performance\",\"potentialAction\":[{\"@type\":\"SearchAction\",\"target\":{\"@type\":\"EntryPoint\",\"urlTemplate\":\"https:\/\/store.nox-xtreme.com\/?s={search_term_string}\"},\"query-input\":{\"@type\":\"PropertyValueSpecification\",\"valueRequired\":true,\"valueName\":\"search_term_string\"}}],\"inLanguage\":\"pt-PT\"}]}<\/script>\n<!-- \/ Yoast SEO plugin. -->","yoast_head_json":{"title":"S-Fan - Nox-Xtreme","robots":{"index":"index","follow":"follow","max-snippet":"max-snippet:-1","max-image-preview":"max-image-preview:large","max-video-preview":"max-video-preview:-1"},"canonical":"https:\/\/store.nox-xtreme.com\/pt-pt\/producto\/s-fan\/","og_locale":"pt_PT","og_type":"article","og_title":"S-Fan - Nox-Xtreme","og_description":"Ventoinha de 120 mmAnel de LED duplo ARGB RainbowAlmofadas de borracha antivibra\u00e7\u00e3oGrande fluxo de arCompat\u00edvel com chassis Hummer e Infinity que possuem um controlador de conex\u00e3o de 3 pinos","og_url":"https:\/\/store.nox-xtreme.com\/pt-pt\/producto\/s-fan\/","og_site_name":"Nox-Xtreme","article_modified_time":"2026-01-14T21:46:16+00:00","twitter_card":"summary_large_image","twitter_misc":{"Tempo estimado de leitura":"1 minuto"},"schema":{"@context":"https:\/\/schema.org","@graph":[{"@type":"WebPage","@id":"https:\/\/store.nox-xtreme.com\/pt-pt\/producto\/s-fan\/","url":"https:\/\/store.nox-xtreme.com\/pt-pt\/producto\/s-fan\/","name":"S-Fan - Nox-Xtreme","isPartOf":{"@id":"https:\/\/store.nox-xtreme.com\/#website"},"primaryImageOfPage":{"@id":"https:\/\/store.nox-xtreme.com\/pt-pt\/producto\/s-fan\/#primaryimage"},"image":{"@id":"https:\/\/store.nox-xtreme.com\/pt-pt\/producto\/s-fan\/#primaryimage"},"thumbnailUrl":"https:\/\/store.nox-xtreme.com\/wp-content\/uploads\/sites\/2\/2020\/09\/nox_hummer_s-fan_2.jpg","datePublished":"2020-09-10T12:36:24+00:00","dateModified":"2026-01-14T21:46:16+00:00","breadcrumb":{"@id":"https:\/\/store.nox-xtreme.com\/pt-pt\/producto\/s-fan\/#breadcrumb"},"inLanguage":"pt-PT","potentialAction":[{"@type":"ReadAction","target":["https:\/\/store.nox-xtreme.com\/pt-pt\/producto\/s-fan\/"]}]},{"@type":"ImageObject","inLanguage":"pt-PT","@id":"https:\/\/store.nox-xtreme.com\/pt-pt\/producto\/s-fan\/#primaryimage","url":"https:\/\/store.nox-xtreme.com\/wp-content\/uploads\/sites\/2\/2020\/09\/nox_hummer_s-fan_2.jpg","contentUrl":"https:\/\/store.nox-xtreme.com\/wp-content\/uploads\/sites\/2\/2020\/09\/nox_hummer_s-fan_2.jpg","width":1049,"height":1300},{"@type":"BreadcrumbList","@id":"https:\/\/store.nox-xtreme.com\/pt-pt\/producto\/s-fan\/#breadcrumb","itemListElement":[{"@type":"ListItem","position":1,"name":"Portada","item":"https:\/\/store.nox-xtreme.com\/pt-pt\/"},{"@type":"ListItem","position":2,"name":"Productos","item":"https:\/\/store.nox-xtreme.com\/shop\/"},{"@type":"ListItem","position":3,"name":"S-Fan"}]},{"@type":"WebSite","@id":"https:\/\/store.nox-xtreme.com\/#website","url":"https:\/\/store.nox-xtreme.com\/","name":"Nox-Xtreme","description":"Boosting You Performance","potentialAction":[{"@type":"SearchAction","target":{"@type":"EntryPoint","urlTemplate":"https:\/\/store.nox-xtreme.com\/?s={search_term_string}"},"query-input":{"@type":"PropertyValueSpecification","valueRequired":true,"valueName":"search_term_string"}}],"inLanguage":"pt-PT"}]}},"_links":{"self":[{"href":"https:\/\/store.nox-xtreme.com\/pt-pt\/wp-json\/wp\/v2\/product\/16108","targetHints":{"allow":["GET"]}}],"collection":[{"href":"https:\/\/store.nox-xtreme.com\/pt-pt\/wp-json\/wp\/v2\/product"}],"about":[{"href":"https:\/\/store.nox-xtreme.com\/pt-pt\/wp-json\/wp\/v2\/types\/product"}],"replies":[{"embeddable":true,"href":"https:\/\/store.nox-xtreme.com\/pt-pt\/wp-json\/wp\/v2\/comments?post=16108"}],"wp:featuredmedia":[{"embeddable":true,"href":"https:\/\/store.nox-xtreme.com\/pt-pt\/wp-json\/wp\/v2\/media\/14758"}],"wp:attachment":[{"href":"https:\/\/store.nox-xtreme.com\/pt-pt\/wp-json\/wp\/v2\/media?parent=16108"}],"wp:term":[{"taxonomy":"product_brand","embeddable":true,"href":"https:\/\/store.nox-xtreme.com\/pt-pt\/wp-json\/wp\/v2\/product_brand?post=16108"},{"taxonomy":"product_cat","embeddable":true,"href":"https:\/\/store.nox-xtreme.com\/pt-pt\/wp-json\/wp\/v2\/product_cat?post=16108"},{"taxonomy":"product_tag","embeddable":true,"href":"https:\/\/store.nox-xtreme.com\/pt-pt\/wp-json\/wp\/v2\/product_tag?post=16108"}],"curies":[{"name":"wp","href":"https:\/\/api.w.org\/{rel}","templated":true}]}}