{"id":16107,"date":"2020-09-10T14:35:07","date_gmt":"2020-09-10T12:35:07","guid":{"rendered":"https:\/\/store.nox-xtreme.com\/producto\/thermal-880\/"},"modified":"2022-04-07T16:43:44","modified_gmt":"2022-04-07T14:43:44","slug":"thermal-880","status":"publish","type":"product","link":"https:\/\/store.nox-xtreme.com\/pt-pt\/producto\/thermal-880\/","title":{"rendered":"Thermal 880"},"content":{"rendered":"<h3>Hummer Thermal 880<\/h3>\n<p>Hummer Thermal 880 \u00e9 um composto t\u00e9rmico premium que permite \u00f3tima condutividade t\u00e9rmica, para que possa desfrutar de todo o desempenho do seu equipamento por horas.Gra\u00e7as ao seu aplicador de precis\u00e3o, pode estender ou remover a pasta de maneira simples e concisa para garantir que o calor gerado pela CPU ou GPU se dissipe de forma r\u00e1pida e eficiente. Al\u00e9m disso, o Hummer Thermal 880 suporta uma ampla faixa de temperatura (-50 ~ 340\u00baC) e \u00e9 diel\u00e9trico, evitando poss\u00edveis curtos-circuitos causados por condutividade el\u00e9trica inadequada, tornando-o o aliado perfeito para overclockers.<\/p>\n","protected":false},"excerpt":{"rendered":"<ul>\n<li>Condutividade el\u00e9trica zero<\/li>\n<li>Inclui aplicador de precis\u00e3o e esp\u00e1tula<\/li>\n<li>Valores de condutividade \u2265 5,15 W \/ m * K<\/li>\n<li>Resist\u00eancia t\u00e9rmica: &lt;0.004 C-in \/ W<\/li>\n<li>Temperatura suportada: -50 ~ 340\u00baC<\/li>\n<\/ul>\n","protected":false},"featured_media":14806,"comment_status":"closed","ping_status":"closed","template":"","meta":{"inline_featured_image":false},"product_brand":[],"product_cat":[178],"product_tag":[],"class_list":{"0":"post-16107","1":"product","2":"type-product","3":"status-publish","4":"has-post-thumbnail","6":"product_cat-refrigeracion-pt-pt","8":"first","9":"instock","10":"taxable","11":"shipping-taxable","12":"purchasable","13":"product-type-simple"},"_links":{"self":[{"href":"https:\/\/store.nox-xtreme.com\/pt-pt\/wp-json\/wp\/v2\/product\/16107","targetHints":{"allow":["GET"]}}],"collection":[{"href":"https:\/\/store.nox-xtreme.com\/pt-pt\/wp-json\/wp\/v2\/product"}],"about":[{"href":"https:\/\/store.nox-xtreme.com\/pt-pt\/wp-json\/wp\/v2\/types\/product"}],"replies":[{"embeddable":true,"href":"https:\/\/store.nox-xtreme.com\/pt-pt\/wp-json\/wp\/v2\/comments?post=16107"}],"wp:featuredmedia":[{"embeddable":true,"href":"https:\/\/store.nox-xtreme.com\/pt-pt\/wp-json\/wp\/v2\/media\/14806"}],"wp:attachment":[{"href":"https:\/\/store.nox-xtreme.com\/pt-pt\/wp-json\/wp\/v2\/media?parent=16107"}],"wp:term":[{"taxonomy":"product_brand","embeddable":true,"href":"https:\/\/store.nox-xtreme.com\/pt-pt\/wp-json\/wp\/v2\/product_brand?post=16107"},{"taxonomy":"product_cat","embeddable":true,"href":"https:\/\/store.nox-xtreme.com\/pt-pt\/wp-json\/wp\/v2\/product_cat?post=16107"},{"taxonomy":"product_tag","embeddable":true,"href":"https:\/\/store.nox-xtreme.com\/pt-pt\/wp-json\/wp\/v2\/product_tag?post=16107"}],"curies":[{"name":"wp","href":"https:\/\/api.w.org\/{rel}","templated":true}]}}