{"id":16106,"date":"2020-09-10T14:34:59","date_gmt":"2020-09-10T14:34:59","guid":{"rendered":"https:\/\/store.nox-xtreme.com\/producto\/thermal-t1\/"},"modified":"2022-04-07T16:41:28","modified_gmt":"2022-04-07T14:41:28","slug":"thermal-t1","status":"publish","type":"product","link":"https:\/\/store.nox-xtreme.com\/pt-pt\/producto\/thermal-t1\/","title":{"rendered":"Thermal T1"},"content":{"rendered":"<h3>Hummer Thermal T1<\/h3>\n<p>A pasta t\u00e9rmica Hummer Thermal T1 \u00e9 composta por micropart\u00edculas de carbono que garantem alta condutividade e baixa imped\u00e2ncia t\u00e9rmica para as m\u00e1quinas que exigem alto desempenho por v\u00e1rias horas.<br \/>\nGra\u00e7as ao seu aplicador e esp\u00e1tula de precis\u00e3o, poder\u00e1 aplicar ou remover a pasta de maneira simples e precisa para garantir que o calor gerado pelo CPU ou GPU se dissipe de forma r\u00e1pida e eficiente. Al\u00e9m disso, a Hummer T1 suporta uma ampla faixa de temperaturas (-50 ~ 280\u00baC) e \u00e9 diel\u00e9trico, o que evita poss\u00edveis curtos-circuitos causados por uma condutividade el\u00e9trica indevida, tornando-a a aliada perfeita para overclockers.<\/p>\n","protected":false},"excerpt":{"rendered":"<ul>\n<li>Sem condutividade el\u00e9trica<\/li>\n<li>Alta condutividade t\u00e9rmica<\/li>\n<li>Inclui aplicador de precis\u00e3o e esp\u00e1tula<\/li>\n<li>Valores de condutividade \u2265 8,3 W \/ m * K<\/li>\n<li>Resist\u00eancia t\u00e9rmica: &lt;0,0014 C-in \/ W<\/li>\n<li>Faixa de temperatura: -50 ~ 280\u00baC<\/li>\n<\/ul>\n","protected":false},"featured_media":14815,"comment_status":"closed","ping_status":"closed","template":"","meta":{"inline_featured_image":false},"product_brand":[],"product_cat":[178],"product_tag":[],"class_list":{"0":"post-16106","1":"product","2":"type-product","3":"status-publish","4":"has-post-thumbnail","6":"product_cat-refrigeracion-pt-pt","8":"first","9":"instock","10":"taxable","11":"shipping-taxable","12":"purchasable","13":"product-type-simple"},"_links":{"self":[{"href":"https:\/\/store.nox-xtreme.com\/pt-pt\/wp-json\/wp\/v2\/product\/16106","targetHints":{"allow":["GET"]}}],"collection":[{"href":"https:\/\/store.nox-xtreme.com\/pt-pt\/wp-json\/wp\/v2\/product"}],"about":[{"href":"https:\/\/store.nox-xtreme.com\/pt-pt\/wp-json\/wp\/v2\/types\/product"}],"replies":[{"embeddable":true,"href":"https:\/\/store.nox-xtreme.com\/pt-pt\/wp-json\/wp\/v2\/comments?post=16106"}],"wp:featuredmedia":[{"embeddable":true,"href":"https:\/\/store.nox-xtreme.com\/pt-pt\/wp-json\/wp\/v2\/media\/14815"}],"wp:attachment":[{"href":"https:\/\/store.nox-xtreme.com\/pt-pt\/wp-json\/wp\/v2\/media?parent=16106"}],"wp:term":[{"taxonomy":"product_brand","embeddable":true,"href":"https:\/\/store.nox-xtreme.com\/pt-pt\/wp-json\/wp\/v2\/product_brand?post=16106"},{"taxonomy":"product_cat","embeddable":true,"href":"https:\/\/store.nox-xtreme.com\/pt-pt\/wp-json\/wp\/v2\/product_cat?post=16106"},{"taxonomy":"product_tag","embeddable":true,"href":"https:\/\/store.nox-xtreme.com\/pt-pt\/wp-json\/wp\/v2\/product_tag?post=16106"}],"curies":[{"name":"wp","href":"https:\/\/api.w.org\/{rel}","templated":true}]}}